{"id":17070,"date":"2018-08-27T14:41:29","date_gmt":"2018-08-27T17:41:29","guid":{"rendered":"http:\/\/35.194.95.18\/wp-admin\/?post_type=product&#038;p=17070"},"modified":"2025-02-07T16:00:27","modified_gmt":"2025-02-07T19:00:27","slug":"botu-turbo","status":"publish","type":"product","link":"https:\/\/vetsul.com\/index.php\/product\/botu-turbo\/","title":{"rendered":"Botu Turbo"},"content":{"rendered":"<div id=\"cmsms_row_5b84374cec82b\" class=\"cmsms_row cmsms_color_scheme_default\" style=\"background-image: initial;background-position: initial;background-size: initial;background-attachment: initial;border: 0px;margin: 0px;padding: 0px;vertical-align: baseline;width: 872px;, sans-serif\">\n<div class=\"cmsms_row_outer_parent\" style=\"background: transparent;border: 0px;margin: 0px;padding: 0.1px 0px;vertical-align: baseline;width: 872px\">\n<div class=\"cmsms_row_outer\" style=\"background: transparent;border: 0px;margin: 0px;padding: 0px;vertical-align: baseline;width: 872px\">\n<div class=\"cmsms_row_inner\" style=\"background: transparent;border: 0px;margin: 0px auto;padding: 0px;vertical-align: baseline;width: 872px\">\n<div class=\"cmsms_row_margin cmsms_11\" style=\"background: transparent;border: 0px;margin: 0px -18.0469px;padding: 0px;vertical-align: baseline\">\n<div class=\"cmsms_column one_first\" style=\"background: transparent;border: 0px;margin: 0px 18.1563px;padding: 0px;vertical-align: baseline;min-height: 1px;float: none;width: 871.766px;clear: both\">\n<div class=\"cmsms_text\" style=\"background: transparent;border: 0px;margin: 0px;padding: 0px;vertical-align: baseline\">\n<p style=\"background: transparent;border: 0px;margin-bottom: 0px;padding: 0px 0px 18px;vertical-align: baseline\"><span style=\"background: transparent;border: 0px;margin: 0px;padding: 0px;vertical-align: baseline\">COMPOSI\u00c7\u00c3O<\/span><br \/>Leite em p\u00f3, a\u00e7\u00facares, antioxidantes, conservantes e excipientes.<\/p>\n<p style=\"background: transparent;border: 0px;margin-bottom: 0px;padding: 0px 0px 18px;vertical-align: baseline\"><span style=\"background: transparent;border: 0px;margin: 0px;padding: 0px;vertical-align: baseline\">MODO DE USAR:<\/span><br \/>Adicione todo o conte\u00fado deste envelope no frasco contendo l\u00edquido. Agite antes de usar.<\/p>\n<p style=\"background: transparent;border: 0px;margin-bottom: 0px;padding: 0px 0px 18px;vertical-align: baseline\"><span style=\"background: transparent;border: 0px;margin: 0px;padding: 0px;vertical-align: baseline\">RECOMENDA\u00c7\u00d5ES:<\/span><br \/>Utilizado para insemina\u00e7\u00e3o a fresco na dilui\u00e7\u00e3o de 1:1 (diluente: s\u00eamen). Ap\u00f3s a dilui\u00e7\u00e3o, aguardar 15 minutos antes da I.A. Para transporte de s\u00eamen refrigerado utilize a dilui\u00e7\u00e3o de 2 ou 3:1 ( diluente: s\u00eamen) em sistemas com temperatura internas de 5\u00baC. O BotuTurbo \u00e9 indicado para garanh\u00f5es de baixa motilidade esperm\u00e1tica. Para melhores resultados no transporte de s\u00eamen refrigerado utilize a BotuFlex, BotuTainer ou BotuBox.<\/p>\n<p style=\"background: transparent;border: 0px;margin-bottom: 0px;padding: 0px 0px 18px;vertical-align: baseline\"><span style=\"background: transparent;border: 0px;margin: 0px;padding: 0px;vertical-align: baseline\">OBSERVA\u00c7\u00c3O:<\/span><br \/>Ap\u00f3s a reconstitui\u00e7\u00e3o do produto armazenar \u00e0 temperatura de 2\u00baC a 8\u00baC por no m\u00e1ximo 3 dias.<\/p>\n<\/div>\n<\/div>\n<\/div>\n<\/div>\n<\/div>\n<\/div>\n<\/div>\n<div id=\"cmsms_row_5b84374ced8c2\" class=\"cmsms_row cmsms_color_scheme_default\" style=\"background-image: initial;background-position: initial;background-size: initial;background-attachment: initial;border: 0px;margin: 0px;padding: 0px;vertical-align: baseline;width: 872px;, sans-serif\">\n<div class=\"cmsms_row_outer_parent\" style=\"background: transparent;border: 0px;margin: 0px;padding: 0px 0px 50px;vertical-align: baseline;width: 872px\">\n<div class=\"cmsms_row_outer\" style=\"background: transparent;border: 0px;margin: 0px;padding: 0px;vertical-align: baseline;width: 872px\">\n<div class=\"cmsms_row_inner\" style=\"background: transparent;border: 0px;margin: 0px auto;padding: 0px;vertical-align: baseline;width: 872px\">\n<div class=\"cmsms_row_margin cmsms_11\" style=\"background: transparent;border: 0px;margin: 0px -18.0469px;padding: 0px;vertical-align: baseline\">\n<div class=\"cmsms_column one_first\" style=\"background: transparent;border: 0px;margin: 0px 18.1563px;padding: 0px;vertical-align: baseline;min-height: 1px;float: none;width: 871.766px;clear: both\">\n<div class=\"aligncenter\" style=\"background: transparent;border: 0px;margin: 0px;padding: 0px;vertical-align: baseline;text-align: center\">\n<div class=\"cmsms_img  cmsms_image_c\" style=\"background: transparent;border: 0px;margin: 0px;padding: 0px;vertical-align: baseline;text-align: left;border-radius: 5px\"><img decoding=\"async\" src=\"http:\/\/botupharma.com.br\/wp-content\/uploads\/2016\/10\/semne2-800x800.jpg\" alt=\"\" style=\"color: transparent;height: auto;font-size: 0px\"><\/div>\n<\/div>\n<\/div>\n<\/div>\n<\/div>\n<\/div>\n<\/div>\n<\/div>\n","protected":false},"excerpt":{"rendered":"<p>COMPOSI\u00c7\u00c3OLeite em p\u00f3, a\u00e7\u00facares, antioxidantes, conservantes e excipientes. MODO DE USAR:Adicione todo o conte\u00fado deste envelope no frasco contendo l\u00edquido. Agite antes<\/p>\n","protected":false},"featured_media":17071,"template":"","meta":{"_acf_changed":false},"product_brand":[953],"product_cat":[163,177,178,194],"product_tag":[986],"class_list":{"0":"post-17070","1":"product","2":"type-product","3":"status-publish","4":"has-post-thumbnail","6":"product_brand-botupharma","7":"product_cat-equinos","8":"product_cat-reproducao-2","9":"product_cat-suplementos-e-vitaminas-2","10":"product_cat-todos-os-produtos","11":"product_tag-botupharma","13":"first","14":"instock","15":"purchasable","16":"product-type-simple"},"acf":[],"_links":{"self":[{"href":"https:\/\/vetsul.com\/index.php\/wp-json\/wp\/v2\/product\/17070","targetHints":{"allow":["GET"]}}],"collection":[{"href":"https:\/\/vetsul.com\/index.php\/wp-json\/wp\/v2\/product"}],"about":[{"href":"https:\/\/vetsul.com\/index.php\/wp-json\/wp\/v2\/types\/product"}],"wp:featuredmedia":[{"embeddable":true,"href":"https:\/\/vetsul.com\/index.php\/wp-json\/wp\/v2\/media\/17071"}],"wp:attachment":[{"href":"https:\/\/vetsul.com\/index.php\/wp-json\/wp\/v2\/media?parent=17070"}],"wp:term":[{"taxonomy":"product_brand","embeddable":true,"href":"https:\/\/vetsul.com\/index.php\/wp-json\/wp\/v2\/product_brand?post=17070"},{"taxonomy":"product_cat","embeddable":true,"href":"https:\/\/vetsul.com\/index.php\/wp-json\/wp\/v2\/product_cat?post=17070"},{"taxonomy":"product_tag","embeddable":true,"href":"https:\/\/vetsul.com\/index.php\/wp-json\/wp\/v2\/product_tag?post=17070"}],"curies":[{"name":"wp","href":"https:\/\/api.w.org\/{rel}","templated":true}]}}