{"id":17058,"date":"2018-07-18T11:04:22","date_gmt":"2018-07-18T14:04:22","guid":{"rendered":"http:\/\/35.194.95.18\/wp-admin\/?post_type=product&#038;p=17058"},"modified":"2025-02-07T16:00:27","modified_gmt":"2025-02-07T19:00:27","slug":"creme-condicionador-equinos-andiroba-copaiba-e-mentruz-frasco-01lt","status":"publish","type":"product","link":"https:\/\/vetsul.com\/index.php\/product\/creme-condicionador-equinos-andiroba-copaiba-e-mentruz-frasco-01lt\/","title":{"rendered":"Creme Condicionador  Equinos- Andiroba, Copa\u00edba E Mentruz Frasco 01lt"},"content":{"rendered":"<p class=\"font_7\" style=\"margin-bottom: 0px; padding: 0px; border: 0px; outline: 0px; vertical-align: baseline; background: 0px 0px; font-variant-numeric: normal; font-variant-east-asian: normal; font-stretch: normal; font-size: 20px; line-height: normal; font-family: 'open sans', sans-serif; color: #666666; pointer-events: auto; text-align: justify;\"><span style=\"margin: 0px; padding: 0px; border: 0px; outline: 0px; vertical-align: baseline; background: 0px 0px; font-size: 23px;\"><span style=\"margin: 0px; padding: 0px; border: 0px; outline: 0px; vertical-align: baseline; background: 0px 0px; font-weight: bold;\">CREME CONDICIONADOR<\/span><\/span><\/p>\n<p class=\"font_7\" style=\"margin-bottom: 0px; padding: 0px; border: 0px; outline: 0px; vertical-align: baseline; background: 0px 0px; font-variant-numeric: normal; font-variant-east-asian: normal; font-stretch: normal; font-size: 20px; line-height: normal; font-family: 'open sans', sans-serif; color: #666666; pointer-events: auto; text-align: justify;\">\n<span style=\"margin: 0px; padding: 0px; border: 0px; outline: 0px; vertical-align: baseline; background: 0px 0px;\">Creme condicionador concentrado de silicones, queratina, \u00f3leos vegetais de andiroba e copa\u00edba e Pr\u00f3-Vitamina B5 que proporcionam facilidade na escova\u00e7\u00e3o e brilho intenso. Para todos os tipos de pelagens, crina e cauda.\u00a0<\/span><\/p>\n<p class=\"font_7\" style=\"margin-bottom: 0px; padding: 0px; border: 0px; outline: 0px; vertical-align: baseline; background: 0px 0px; font-variant-numeric: normal; font-variant-east-asian: normal; font-stretch: normal; font-size: 20px; line-height: normal; font-family: 'open sans', sans-serif; color: #666666; pointer-events: auto; text-align: justify;\"><span style=\"margin: 0px; padding: 0px; border: 0px; outline: 0px; vertical-align: baseline; background: 0px 0px;\">\u00a0<\/span><\/p>\n","protected":false},"excerpt":{"rendered":"<p>CREME CONDICIONADOR Creme condicionador concentrado de silicones, queratina, \u00f3leos vegetais de andiroba e copa\u00edba e Pr\u00f3-Vitamina B5 que proporcionam facilidade na escova\u00e7\u00e3o<\/p>\n","protected":false},"featured_media":17888,"template":"","meta":{"_acf_changed":false},"product_brand":[],"product_cat":[163,194],"product_tag":[],"class_list":{"0":"post-17058","1":"product","2":"type-product","3":"status-publish","4":"has-post-thumbnail","6":"product_cat-equinos","7":"product_cat-todos-os-produtos","9":"first","10":"outofstock","11":"purchasable","12":"product-type-simple"},"acf":[],"_links":{"self":[{"href":"https:\/\/vetsul.com\/index.php\/wp-json\/wp\/v2\/product\/17058","targetHints":{"allow":["GET"]}}],"collection":[{"href":"https:\/\/vetsul.com\/index.php\/wp-json\/wp\/v2\/product"}],"about":[{"href":"https:\/\/vetsul.com\/index.php\/wp-json\/wp\/v2\/types\/product"}],"wp:featuredmedia":[{"embeddable":true,"href":"https:\/\/vetsul.com\/index.php\/wp-json\/wp\/v2\/media\/17888"}],"wp:attachment":[{"href":"https:\/\/vetsul.com\/index.php\/wp-json\/wp\/v2\/media?parent=17058"}],"wp:term":[{"taxonomy":"product_brand","embeddable":true,"href":"https:\/\/vetsul.com\/index.php\/wp-json\/wp\/v2\/product_brand?post=17058"},{"taxonomy":"product_cat","embeddable":true,"href":"https:\/\/vetsul.com\/index.php\/wp-json\/wp\/v2\/product_cat?post=17058"},{"taxonomy":"product_tag","embeddable":true,"href":"https:\/\/vetsul.com\/index.php\/wp-json\/wp\/v2\/product_tag?post=17058"}],"curies":[{"name":"wp","href":"https:\/\/api.w.org\/{rel}","templated":true}]}}