{"id":17042,"date":"2018-07-18T10:37:01","date_gmt":"2018-07-18T13:37:01","guid":{"rendered":"http:\/\/35.194.95.18\/wp-admin\/?post_type=product&#038;p=17042"},"modified":"2025-02-07T16:00:27","modified_gmt":"2025-02-07T19:00:27","slug":"tackzuron-fluazuron-2-5-pour-on-1-litro","status":"publish","type":"product","link":"https:\/\/vetsul.com\/index.php\/product\/tackzuron-fluazuron-2-5-pour-on-1-litro\/","title":{"rendered":"TACKZURON FLUAZURON 2,5% POUR ON  1 LITRO"},"content":{"rendered":"<p style=\"margin-bottom: 15px; padding: 0px; border: 0px; outline: none; list-style: none; color: rgb(83, 83, 83); font-size: 12px; text-align: justify;\"><strong style=\"margin: 0px; padding: 0px; border: 0px; outline: none; list-style: none;\"><font face=\"Arial\">Formula do produto&nbsp;TackZuron&nbsp;Pour&nbsp;On:<\/font><\/strong><\/p>\n<p style=\"margin-bottom: 15px; padding: 0px; border: 0px; outline: none; list-style: none; color: rgb(83, 83, 83); font-size: 12px; text-align: justify;\"><font face=\"Arial\">&nbsp;<\/font><\/p>\n<p style=\"margin-bottom: 15px; padding: 0px; border: 0px; outline: none; list-style: none; color: rgb(83, 83, 83); font-size: 12px; text-align: justify;\"><font face=\"Arial\">Cada 100&nbsp;mL&nbsp;cont\u00e9m:<br style=\"margin: 0px; padding: 0px; border: 0px; outline: none; list-style: none;\">Fluazuron&#8230;&#8230;&#8230;&#8230;&#8230;&#8230;&#8230;&#8230;&#8230;.2,5 g<br style=\"margin: 0px; padding: 0px; border: 0px; outline: none; list-style: none;\">Ve\u00edculo q.s.p. &#8230;&#8230;&#8230;&#8230;&#8230;..100,0&nbsp;mL<\/font><\/p>\n<p style=\"margin-bottom: 15px; padding: 0px; border: 0px; outline: none; list-style: none; color: rgb(83, 83, 83); font-size: 12px; text-align: justify;\"><font face=\"Arial\"><br style=\"margin: 0px; padding: 0px; border: 0px; outline: none; list-style: none;\"><strong style=\"margin: 0px; padding: 0px; border: 0px; outline: none; list-style: none;\">Indica\u00e7\u00f5es:&nbsp;TackZuron&nbsp;Pour&nbsp;On&nbsp;<\/strong>\u00e9 indicado para o controle estrat\u00e9gico do carrapato dos bovinos,&nbsp;boophilus&nbsp;microplus.&nbsp;<strong style=\"margin: 0px; padding: 0px; border: 0px; outline: none; list-style: none;\">TackZuron&nbsp;Pour&nbsp;On&nbsp;<\/strong>atua diretamente na forma\u00e7\u00e3o da quitina dos carrapatos inibindo o desenvolvimento de formas jovens (Larvas) do carrapato. O tratamento deve ser repetido quando come\u00e7arem a aparecer formas adultas de carrapatos ou de acordo com o prescri\u00e7\u00e3o do M\u00e9dico Veterin\u00e1rio.<\/font><\/p>\n<p style=\"margin-bottom: 15px; padding: 0px; border: 0px; outline: none; list-style: none; color: rgb(83, 83, 83); font-size: 12px; text-align: justify;\"><font face=\"Arial\"><br style=\"margin: 0px; padding: 0px; border: 0px; outline: none; list-style: none;\"><br style=\"margin: 0px; padding: 0px; border: 0px; outline: none; list-style: none;\"><strong style=\"margin: 0px; padding: 0px; border: 0px; outline: none; list-style: none;\">Via de Administra\u00e7\u00e3o:&nbsp;<\/strong>Uso T\u00f3pico.<\/font><\/p>\n<p style=\"margin-bottom: 15px; padding: 0px; border: 0px; outline: none; list-style: none; color: rgb(83, 83, 83); font-size: 12px; text-align: justify;\"><font face=\"Arial\"><br style=\"margin: 0px; padding: 0px; border: 0px; outline: none; list-style: none;\"><br style=\"margin: 0px; padding: 0px; border: 0px; outline: none; list-style: none;\"><strong style=\"margin: 0px; padding: 0px; border: 0px; outline: none; list-style: none;\">Posologia do produto&nbsp;TackZuron&nbsp;Pour&nbsp;On:<\/strong><\/font><\/p>\n<p style=\"margin-bottom: 15px; padding: 0px; border: 0px; outline: none; list-style: none; color: rgb(83, 83, 83); font-size: 12px; text-align: justify;\"><font face=\"Arial\"><br style=\"margin: 0px; padding: 0px; border: 0px; outline: none; list-style: none;\"><strong style=\"margin: 0px; padding: 0px; border: 0px; outline: none; list-style: none;\">TackZuron&nbsp;Pour&nbsp;On&nbsp;<\/strong>apresenta-se pronto para uso.<br style=\"margin: 0px; padding: 0px; border: 0px; outline: none; list-style: none;\">Administrar na dose de 1&nbsp;mL\/10 Kg de peso vivo, o que corresponde a uma concentra\u00e7\u00e3o de 2.5 mg\/Kg de peso vivo de&nbsp;Fluazuron, preferencialmente com os animais livres de infesta\u00e7\u00f5es de formas adultas do carrapato&nbsp;Boophilus&nbsp;Microplus&nbsp;ou quando essas formas estiverem surgindo. No caso de alta infesta\u00e7\u00e3o, recomenda-se um tratamento pr\u00e9vio com produtos carrapaticidas adulticidas antes de iniciar o tratamento com&nbsp;<strong style=\"margin: 0px; padding: 0px; border: 0px; outline: none; list-style: none;\">TackZuron&nbsp;Pour&nbsp;On.<br style=\"margin: 0px; padding: 0px; border: 0px; outline: none; list-style: none;\"><br style=\"margin: 0px; padding: 0px; border: 0px; outline: none; list-style: none;\">Modo de usar&nbsp;TackZuron&nbsp;Pour&nbsp;On:<\/strong><\/font><\/p>\n<p style=\"margin-bottom: 15px; padding: 0px; border: 0px; outline: none; list-style: none; color: rgb(83, 83, 83); font-size: 12px; text-align: justify;\"><font face=\"Arial\"><br style=\"margin: 0px; padding: 0px; border: 0px; outline: none; list-style: none;\">Administrar&nbsp;<strong style=\"margin: 0px; padding: 0px; border: 0px; outline: none; list-style: none;\">TackZuron&nbsp;Pour&nbsp;On<\/strong>&nbsp;com aux\u00edlio de aplicador&nbsp;pour-on&nbsp;ou um frasco dosador, em duas faixas&nbsp;apriximadamente&nbsp;8 cm de largura, em ambos lados da linha mediana dorsal desde a regi\u00e3o da esc\u00e1pula (Paleta) at\u00e9 a garupa.<br style=\"margin: 0px; padding: 0px; border: 0px; outline: none; list-style: none;\"><br style=\"margin: 0px; padding: 0px; border: 0px; outline: none; list-style: none;\"><strong style=\"margin: 0px; padding: 0px; border: 0px; outline: none; list-style: none;\">1<\/strong>&nbsp;&#8211; Retire a tampa do dosador do produto;<br style=\"margin: 0px; padding: 0px; border: 0px; outline: none; list-style: none;\"><strong style=\"margin: 0px; padding: 0px; border: 0px; outline: none; list-style: none;\">2<\/strong>&nbsp;&#8211; Segure o frasco de forma a facilitar a visualiza\u00e7\u00e3o da escala graduada;<br style=\"margin: 0px; padding: 0px; border: 0px; outline: none; list-style: none;\"><strong style=\"margin: 0px; padding: 0px; border: 0px; outline: none; list-style: none;\">3<\/strong>&nbsp;&#8211; Pressione com firmeza o frasco de forma a fazer o conte\u00fado l\u00edquido subir at\u00e9 o dosador;<br style=\"margin: 0px; padding: 0px; border: 0px; outline: none; list-style: none;\"><strong style=\"margin: 0px; padding: 0px; border: 0px; outline: none; list-style: none;\">4<\/strong>&nbsp;&#8211; Com o recipiente dosador cheio at\u00e9 a dosagem recomendada, incline o frasco de forma a derramar o conte\u00fado do dosador sobre o dorso do animal, desde o lombo at\u00e9 a inser\u00e7\u00e3o da cauda;<br style=\"margin: 0px; padding: 0px; border: 0px; outline: none; list-style: none;\"><strong style=\"margin: 0px; padding: 0px; border: 0px; outline: none; list-style: none;\">5<\/strong>&nbsp;&#8211; Ap\u00f3s a utiliza\u00e7\u00e3o manter a tampa do dosador do produto sempre fechada.<br style=\"margin: 0px; padding: 0px; border: 0px; outline: none; list-style: none;\"><br style=\"margin: 0px; padding: 0px; border: 0px; outline: none; list-style: none;\"><strong style=\"margin: 0px; padding: 0px; border: 0px; outline: none; list-style: none;\">Recomenda\u00e7\u00f5es do produto TackZuron Pour On:<br style=\"margin: 0px; padding: 0px; border: 0px; outline: none; list-style: none;\">&#8211;<\/strong>&nbsp;Conservar o produto&nbsp;<strong style=\"margin: 0px; padding: 0px; border: 0px; outline: none; list-style: none;\">TackZuron Pour On<\/strong>&nbsp;longe do alcance de crian\u00e7as e animais dom\u00e9sticos.<br style=\"margin: 0px; padding: 0px; border: 0px; outline: none; list-style: none;\"><strong style=\"margin: 0px; padding: 0px; border: 0px; outline: none; list-style: none;\">&#8211;<\/strong>&nbsp;Progeter a pele e os olhos, utilizando equipamentos de prote\u00e7\u00e3o individual durante o manuseio e aplica\u00e7\u00e3o do produto&nbsp;<strong style=\"margin: 0px; padding: 0px; border: 0px; outline: none; list-style: none;\">TackZuron Pour On.<br style=\"margin: 0px; padding: 0px; border: 0px; outline: none; list-style: none;\">&#8211;<\/strong>&nbsp;Em caso de acidentes, tirar a roupa atingida pelo produto e lavar as partes do corpo atingidas com bastante \u00e1gua corrente e sab\u00e3o e procurar assist\u00eancia m\u00e9dica, levando consigo a embalagem do produto.<br style=\"margin: 0px; padding: 0px; border: 0px; outline: none; list-style: none;\"><strong style=\"margin: 0px; padding: 0px; border: 0px; outline: none; list-style: none;\">&#8211;<\/strong>&nbsp;N\u00e3o guardar ou aplicar o produto&nbsp;<strong style=\"margin: 0px; padding: 0px; border: 0px; outline: none; list-style: none;\">TackZuron Pour On&nbsp;<\/strong>junto com alimentos, medicamentos, produtos de higiene, bebidas e utensilios dom\u00e9sticos.<br style=\"margin: 0px; padding: 0px; border: 0px; outline: none; list-style: none;\"><strong style=\"margin: 0px; padding: 0px; border: 0px; outline: none; list-style: none;\">&#8211;<\/strong>&nbsp;Inutilizar e enterrar profundamente as embalagems vazias, longe de rios e lagos.<br style=\"margin: 0px; padding: 0px; border: 0px; outline: none; list-style: none;\"><strong style=\"margin: 0px; padding: 0px; border: 0px; outline: none; list-style: none;\">&#8211;<\/strong>&nbsp;Lavar bem as m\u00e3os ap\u00f3s o manuseio do produto.<br style=\"margin: 0px; padding: 0px; border: 0px; outline: none; list-style: none;\"><strong style=\"margin: 0px; padding: 0px; border: 0px; outline: none; list-style: none;\">&#8211;<\/strong>&nbsp;N\u00e3o beber, comer ou fumar durante o manuseio e aplica\u00e7\u00e3o do produto.<br style=\"margin: 0px; padding: 0px; border: 0px; outline: none; list-style: none;\"><br style=\"margin: 0px; padding: 0px; border: 0px; outline: none; list-style: none;\"><strong style=\"margin: 0px; padding: 0px; border: 0px; outline: none; list-style: none;\">Contraindica\u00e7\u00f5es do produto TackZuron Pour On:<br style=\"margin: 0px; padding: 0px; border: 0px; outline: none; list-style: none;\"><br style=\"margin: 0px; padding: 0px; border: 0px; outline: none; list-style: none;\">&#8211;&nbsp;<\/strong>N\u00e3o administrar o produto&nbsp;<strong style=\"margin: 0px; padding: 0px; border: 0px; outline: none; list-style: none;\">TackZuron Pour On<\/strong>&nbsp;em vacas leiteiras cujo leite seja descinado ao consumo humano.<br style=\"margin: 0px; padding: 0px; border: 0px; outline: none; list-style: none;\">&#8211; N\u00e3o tratar os animais se estiverem molhados ou quando estiver prestes a chover.<br style=\"margin: 0px; padding: 0px; border: 0px; outline: none; list-style: none;\">&#8211; Este produto \u00e9 indicado exclusivamente para aplica\u00e7\u00e3o pour-on, n\u00e3o aplicar em nenhuma hip\u00f3tese por via oral ou injet\u00e1vel, bem como utiliz\u00e1-lo em outras esp\u00e9cies animais.<br style=\"margin: 0px; padding: 0px; border: 0px; outline: none; list-style: none;\">&#8211; N\u00e3o aplicar o produto&nbsp;<strong style=\"margin: 0px; padding: 0px; border: 0px; outline: none; list-style: none;\">TackZuron Pour On<\/strong>&nbsp;em \u00e1reas onde haja les\u00f5es na pele como: traumatismos, escaras e desmatoses.<br style=\"margin: 0px; padding: 0px; border: 0px; outline: none; list-style: none;\">&#8211; N\u00e3o aplicar o produto&nbsp;<strong style=\"margin: 0px; padding: 0px; border: 0px; outline: none; list-style: none;\">TackZuron Pour On<\/strong>&nbsp;em regi\u00f5es sujas de estrume ou lama.<br style=\"margin: 0px; padding: 0px; border: 0px; outline: none; list-style: none;\">&#8211; Nunca aplicar o produto&nbsp;<strong style=\"margin: 0px; padding: 0px; border: 0px; outline: none; list-style: none;\">TackZuron Pour On<\/strong>&nbsp;concomitantemente com inseticidas \u00e0 base de organofosforados, principalmente no mesmo ponto de aplica\u00e7\u00e3o.<br style=\"margin: 0px; padding: 0px; border: 0px; outline: none; list-style: none;\"><br style=\"margin: 0px; padding: 0px; border: 0px; outline: none; list-style: none;\"><strong style=\"margin: 0px; padding: 0px; border: 0px; outline: none; list-style: none;\">Efeitos Adversos do produto TackZuron Pour On:<\/strong><br style=\"margin: 0px; padding: 0px; border: 0px; outline: none; list-style: none;\">O produto&nbsp;<strong style=\"margin: 0px; padding: 0px; border: 0px; outline: none; list-style: none;\">TackZuron Pour On&nbsp;<\/strong>\u00e9 considerado levemente irritante quando aplicado por via desmal (Pour-on) em bovinos.<br style=\"margin: 0px; padding: 0px; border: 0px; outline: none; list-style: none;\"><br style=\"margin: 0px; padding: 0px; border: 0px; outline: none; list-style: none;\"><strong style=\"margin: 0px; padding: 0px; border: 0px; outline: none; list-style: none;\">Conserva\u00e7\u00e3o do produto TackZuron Pour On:<\/strong><br style=\"margin: 0px; padding: 0px; border: 0px; outline: none; list-style: none;\">O produto deve ser armazenado em sua embalagem original, em local arejado, ao abrigo da luz e calor, em temperatura ambiente variando de 15 a 30\u00baC. Uma vez aberto o frasco e obedecidas as recomenda\u00e7\u00f5es de conserva\u00e7\u00e3o, o produto poder\u00e1 ser utilizado por at\u00e9 3 meses.<br style=\"margin: 0px; padding: 0px; border: 0px; outline: none; list-style: none;\"><br style=\"margin: 0px; padding: 0px; border: 0px; outline: none; list-style: none;\"><strong style=\"margin: 0px; padding: 0px; border: 0px; outline: none; list-style: none;\">Grupo Qu\u00edmico do componente ativo do produto TackZuron Pour On:<\/strong><br style=\"margin: 0px; padding: 0px; border: 0px; outline: none; list-style: none;\">Benzoilfenilur\u00e9ia<br style=\"margin: 0px; padding: 0px; border: 0px; outline: none; list-style: none;\"><br style=\"margin: 0px; padding: 0px; border: 0px; outline: none; list-style: none;\"><strong style=\"margin: 0px; padding: 0px; border: 0px; outline: none; list-style: none;\">Aten\u00e7\u00e3o:<\/strong><br style=\"margin: 0px; padding: 0px; border: 0px; outline: none; list-style: none;\">Este medicamento n\u00e3o \u00e9 para uso humano.<br style=\"margin: 0px; padding: 0px; border: 0px; outline: none; list-style: none;\"><br style=\"margin: 0px; padding: 0px; border: 0px; outline: none; list-style: none;\"><strong style=\"margin: 0px; padding: 0px; border: 0px; outline: none; list-style: none;\">Respons\u00e1vel t\u00e9cnico do produto:<\/strong><br style=\"margin: 0px; padding: 0px; border: 0px; outline: none; list-style: none;\">Dr. Renato Beneduzzi Ferreira. CRMV\/SP n\u00ba 1695<br style=\"margin: 0px; padding: 0px; border: 0px; outline: none; list-style: none;\"><br style=\"margin: 0px; padding: 0px; border: 0px; outline: none; list-style: none;\">Produto Licenciado no Minist\u00e9rio da Agricultura sob \u00ba 9449 em 23\/01\/2009.<\/font><\/p>\n","protected":false},"excerpt":{"rendered":"<p>Formula do produto&nbsp;TackZuron&nbsp;Pour&nbsp;On: &nbsp; Cada 100&nbsp;mL&nbsp;cont\u00e9m:Fluazuron&#8230;&#8230;&#8230;&#8230;&#8230;&#8230;&#8230;&#8230;&#8230;.2,5 gVe\u00edculo q.s.p. &#8230;&#8230;&#8230;&#8230;&#8230;..100,0&nbsp;mL Indica\u00e7\u00f5es:&nbsp;TackZuron&nbsp;Pour&nbsp;On&nbsp;\u00e9 indicado para o controle estrat\u00e9gico do carrapato dos bovinos,&nbsp;boophilus&nbsp;microplus.&nbsp;TackZuron&nbsp;Pour&nbsp;On&nbsp;atua diretamente na forma\u00e7\u00e3o<\/p>\n","protected":false},"featured_media":17043,"template":"","meta":{"_acf_changed":false},"product_brand":[1002],"product_cat":[164,194,167],"product_tag":[819,501,1003],"class_list":{"0":"post-17042","1":"product","2":"type-product","3":"status-publish","4":"has-post-thumbnail","6":"product_brand-vallee","7":"product_cat-bovinos-e-ovinos","8":"product_cat-todos-os-produtos","9":"product_cat-vermifugos-e-carrapaticidas","10":"product_tag-anti-parasit-rios","11":"product_tag-carrapaticida","12":"product_tag-vallee","14":"first","15":"instock","16":"purchasable","17":"product-type-simple"},"acf":[],"_links":{"self":[{"href":"https:\/\/vetsul.com\/index.php\/wp-json\/wp\/v2\/product\/17042","targetHints":{"allow":["GET"]}}],"collection":[{"href":"https:\/\/vetsul.com\/index.php\/wp-json\/wp\/v2\/product"}],"about":[{"href":"https:\/\/vetsul.com\/index.php\/wp-json\/wp\/v2\/types\/product"}],"wp:featuredmedia":[{"embeddable":true,"href":"https:\/\/vetsul.com\/index.php\/wp-json\/wp\/v2\/media\/17043"}],"wp:attachment":[{"href":"https:\/\/vetsul.com\/index.php\/wp-json\/wp\/v2\/media?parent=17042"}],"wp:term":[{"taxonomy":"product_brand","embeddable":true,"href":"https:\/\/vetsul.com\/index.php\/wp-json\/wp\/v2\/product_brand?post=17042"},{"taxonomy":"product_cat","embeddable":true,"href":"https:\/\/vetsul.com\/index.php\/wp-json\/wp\/v2\/product_cat?post=17042"},{"taxonomy":"product_tag","embeddable":true,"href":"https:\/\/vetsul.com\/index.php\/wp-json\/wp\/v2\/product_tag?post=17042"}],"curies":[{"name":"wp","href":"https:\/\/api.w.org\/{rel}","templated":true}]}}