{"id":17040,"date":"2018-07-17T15:59:48","date_gmt":"2018-07-17T18:59:48","guid":{"rendered":"http:\/\/35.194.95.18\/wp-admin\/?post_type=product&#038;p=17040"},"modified":"2025-08-08T14:17:11","modified_gmt":"2025-08-08T17:17:11","slug":"agulhas-para-seringa-hoppner","status":"publish","type":"product","link":"https:\/\/vetsul.com\/index.php\/product\/agulhas-para-seringa-hoppner\/","title":{"rendered":"Agulhas para seringa Hoppner"},"content":{"rendered":"<p>Agulhas para seringa Hoppner<\/p>\n<p>ATEN\u00c7\u00c3O&nbsp;<\/p>\n<h3><span style=\"background-color: rgb(255, 255, 0);\">Destacar no campo observa\u00e7\u00e3o do Pedido o Tamanho da Agulha.<\/span><\/h3>\n<h4><span style=\"background-color: rgb(255, 255, 0);\">Tamanhos Disponiveis:<\/span><\/h4>\n<p>10&#215;10, 10&#215;12, 10&#215;15, 10&#215;18, 10&#215;20, 15&#215;10, 15&#215;12, 15&#215;15, 15&#215;18, 15&#215;20, 20&#215;10, 20&#215;12, 20&#215;15, 20&#215;18, 20&#215;20,&nbsp; 25&#215;10, 25&#215;12, 25&#215;15, 25&#215;18, 25&#215;20,&nbsp;<\/p>\n<p>&nbsp;30&#215;10, 30&#215;12, 30&#215;15, 30&#215;18, 30&#215;20, 40&#215;10, 40&#215;12, 40&#215;15, 40&#215;18, 40&#215;20.<\/p>\n<p><\/p>\n","protected":false},"excerpt":{"rendered":"<p>Agulhas para seringa Hoppner ATEN\u00c7\u00c3O&nbsp; Destacar no campo observa\u00e7\u00e3o do Pedido o Tamanho da Agulha. Tamanhos Disponiveis: 10&#215;10, 10&#215;12, 10&#215;15, 10&#215;18, 10&#215;20,<\/p>\n","protected":false},"featured_media":17041,"template":"","meta":{"_acf_changed":false},"product_brand":[],"product_cat":[166,194],"product_tag":[769],"class_list":{"0":"post-17040","1":"product","2":"type-product","3":"status-publish","4":"has-post-thumbnail","6":"product_cat-equipamentos-utensilios-e-materiais-hospitalares","7":"product_cat-todos-os-produtos","8":"product_tag-agulhas-para-seringa-hoppner","10":"first","11":"instock","12":"purchasable","13":"product-type-simple"},"acf":[],"_links":{"self":[{"href":"https:\/\/vetsul.com\/index.php\/wp-json\/wp\/v2\/product\/17040","targetHints":{"allow":["GET"]}}],"collection":[{"href":"https:\/\/vetsul.com\/index.php\/wp-json\/wp\/v2\/product"}],"about":[{"href":"https:\/\/vetsul.com\/index.php\/wp-json\/wp\/v2\/types\/product"}],"wp:featuredmedia":[{"embeddable":true,"href":"https:\/\/vetsul.com\/index.php\/wp-json\/wp\/v2\/media\/17041"}],"wp:attachment":[{"href":"https:\/\/vetsul.com\/index.php\/wp-json\/wp\/v2\/media?parent=17040"}],"wp:term":[{"taxonomy":"product_brand","embeddable":true,"href":"https:\/\/vetsul.com\/index.php\/wp-json\/wp\/v2\/product_brand?post=17040"},{"taxonomy":"product_cat","embeddable":true,"href":"https:\/\/vetsul.com\/index.php\/wp-json\/wp\/v2\/product_cat?post=17040"},{"taxonomy":"product_tag","embeddable":true,"href":"https:\/\/vetsul.com\/index.php\/wp-json\/wp\/v2\/product_tag?post=17040"}],"curies":[{"name":"wp","href":"https:\/\/api.w.org\/{rel}","templated":true}]}}