{"id":17036,"date":"2018-06-06T14:07:02","date_gmt":"2018-06-06T17:07:02","guid":{"rendered":"http:\/\/35.194.95.18\/wp-admin\/?post_type=product&#038;p=17036"},"modified":"2025-04-03T16:12:48","modified_gmt":"2025-04-03T19:12:48","slug":"clenbuterol-lavizoo-500ml-venda-somente-com-receituario","status":"publish","type":"product","link":"https:\/\/vetsul.com\/index.php\/product\/clenbuterol-lavizoo-500ml-venda-somente-com-receituario\/","title":{"rendered":"Clenbuterol Lavizoo 500ml &#8212;- Venda Somente Com Receitu\u00e1rio."},"content":{"rendered":"<p style=\"margin-bottom: 10px; line-height: 1.6em;\"><span style=\"color: #ff0000;\"><span style=\"font-size: 24px;\">ATEN\u00c7\u00c3O:<\/span><br \/>\n<span style=\"font-size: 24px;\">PRODUTO DE USO<\/span><br \/>\n<span style=\"font-size: 24px;\">EXCLUSIVO VETERIN\u00c1RIO<\/span><\/span><\/p>\n<p style=\"margin-bottom: 10px; line-height: 1.6em;\"><span style=\"font-size: 24px;\"><span style=\"color: #ff0000;\">VENDA APENAS COM APRESENTA\u00c7\u00c3O DE RECEITU\u00c1RIO ESPECIAL<\/span><\/span><\/p>\n<p style=\"margin-bottom: 10px; line-height: 1.6em;\"><span style=\"font-weight: bold;\">\u00a0<\/span><\/p>\n<p style=\"margin-bottom: 10px; line-height: 1.6em;\"><span style=\"font-weight: bold;\">Clenbuterol Lavizoo<\/span><\/p>\n<p style=\"margin-bottom: 10px; line-height: 1.6em;\">Indicado em geral para a desobstru\u00e7\u00e3o das vias a\u00e9reas, causadas por constri\u00e7\u00e3o, ac\u00famulo de muco e redu\u00e7\u00e3o da atividade do epit\u00e9lio ciliado. Preventivo das manifesta\u00e7\u00f5es respirat\u00f3rias de origem al\u00e9rgica nos eq\u00fcinos sens\u00edveis a al\u00e9rgenos ambientais (p\u00f3 das baias, da cama de palha, de serragem, de feno velho, de p\u00f3len, etc.).<\/p>\n<p style=\"margin-bottom: 10px; line-height: 1.6em;\">F\u00d3RMULA: CADA 100 ML CONT\u00c9M:<br \/>\nCloridrato de Clenbuterol 0,0025 g<br \/>\nVe\u00edculo q. s. p. 100 mL<\/p>\n<p style=\"margin-bottom: 10px; line-height: 1.6em;\">VIA DE ADMINISTRA\u00c7\u00c3O:<br \/>\nProduto de administra\u00e7\u00e3o<br \/>\nEXCLUSIVAMENTE ORAL.<\/p>\n<p style=\"margin-bottom: 10px; line-height: 1.6em;\">DOSES:<br \/>\nA dose b\u00e1sica \u00e9 de 0,8 \u00b5g de cloridrato de Clenbuterol para cada kg de peso corp\u00f3reo do equino, administrada em intervalos de 12 horas, durante um per\u00edodo de 10 dias.<br \/>\nA dose pr\u00e1tica \u00e9 4 ml do produto para cada 125 kg de peso corp\u00f3reo do animal a ser tratado.<\/p>\n<p style=\"margin-bottom: 10px; line-height: 1.6em;\">MODO DE USO:<br \/>\nAvaliar o peso do animal. Definir a quantidade necess\u00e1ria de medicamento, na dose de 4 mL para cada 125 kg de peso corporal. Depositar a dose na boca do animal ou sobre a ra\u00e7\u00e3o a ser oferecida. Administrar, de prefer\u00eancia, sobre a ra\u00e7\u00e3o da manh\u00e3 e da tarde.<\/p>\n<p style=\"margin-bottom: 10px; line-height: 1.6em;\">CONTRA-INDICA\u00c7\u00c3O E LIMITA\u00c7\u00c3O DE USO:<br \/>\nO Clenbuterol \u00e9 antagonista das prostaglandinas e da ocitocina, apresentando atividade tocol\u00edtica. O uso deste medicamento em \u00e9guas prenhes deve ser prescrito e acompanhado por um m\u00e9dico veterin\u00e1rio e deve ser encerrado, no m\u00ednimo, uma semana antes da data prevista para o parto.<br \/>\nEste produto n\u00e3o deve ser administrado em conjunto com cortic\u00f3ides, pelo risco da ocorr\u00eancia de uma vasodilata\u00e7\u00e3o perif\u00e9rica exacerbada, causada pela intera\u00e7\u00e3o das drogas.<br \/>\nEste produto \u00e9 indicado para o tratamento de equinos de competi\u00e7\u00e3o, de trabalho e de estima. N\u00e3o administre este produto em animais destinados \u00e0 alimenta\u00e7\u00e3o humana ou cujos produtos sejam destinados para fins aliment\u00edcios.<br \/>\nAp\u00f3s a administra\u00e7\u00e3o deste medicamento \u00e9 poss\u00edvel a ocorr\u00eancia de uma sudorese na regi\u00e3o do pesco\u00e7o e dos flancos. Este fen\u00f4meno \u00e9 passageiro e origina-se na vaso dilata\u00e7\u00e3o perif\u00e9rica causada pelo Clenbuterol.<\/p>\n<p style=\"margin-bottom: 10px; line-height: 1.6em;\"><span style=\"color: #ff0000;\">ATEN\u00c7\u00c3O:<br \/>\nPRODUTO DE USO<br \/>\nEXCLUSIVO VETERIN\u00c1RIO<\/span><\/p>\n<p style=\"margin-bottom: 10px; line-height: 1.6em;\"><span style=\"color: #ff0000;\">VENDA APENAS COM APRESENTA\u00c7\u00c3O DE RECEITU\u00c1RIO ESPECIAL<\/span><\/p>\n","protected":false},"excerpt":{"rendered":"<p>ATEN\u00c7\u00c3O: PRODUTO DE USO EXCLUSIVO VETERIN\u00c1RIO VENDA APENAS COM APRESENTA\u00c7\u00c3O DE RECEITU\u00c1RIO ESPECIAL \u00a0 Clenbuterol Lavizoo Indicado em geral para a desobstru\u00e7\u00e3o<\/p>\n","protected":false},"featured_media":17812,"template":"","meta":{"_acf_changed":false},"product_brand":[952],"product_cat":[163],"product_tag":[983],"class_list":{"0":"post-17036","1":"product","2":"type-product","3":"status-publish","4":"has-post-thumbnail","6":"product_brand-lavizoo","7":"product_cat-equinos","8":"product_tag-lavizoo","10":"first","11":"outofstock","12":"purchasable","13":"product-type-simple"},"acf":[],"_links":{"self":[{"href":"https:\/\/vetsul.com\/index.php\/wp-json\/wp\/v2\/product\/17036","targetHints":{"allow":["GET"]}}],"collection":[{"href":"https:\/\/vetsul.com\/index.php\/wp-json\/wp\/v2\/product"}],"about":[{"href":"https:\/\/vetsul.com\/index.php\/wp-json\/wp\/v2\/types\/product"}],"wp:featuredmedia":[{"embeddable":true,"href":"https:\/\/vetsul.com\/index.php\/wp-json\/wp\/v2\/media\/17812"}],"wp:attachment":[{"href":"https:\/\/vetsul.com\/index.php\/wp-json\/wp\/v2\/media?parent=17036"}],"wp:term":[{"taxonomy":"product_brand","embeddable":true,"href":"https:\/\/vetsul.com\/index.php\/wp-json\/wp\/v2\/product_brand?post=17036"},{"taxonomy":"product_cat","embeddable":true,"href":"https:\/\/vetsul.com\/index.php\/wp-json\/wp\/v2\/product_cat?post=17036"},{"taxonomy":"product_tag","embeddable":true,"href":"https:\/\/vetsul.com\/index.php\/wp-json\/wp\/v2\/product_tag?post=17036"}],"curies":[{"name":"wp","href":"https:\/\/api.w.org\/{rel}","templated":true}]}}