{"id":17032,"date":"2018-06-04T10:07:02","date_gmt":"2018-06-04T13:07:02","guid":{"rendered":"http:\/\/35.194.95.18\/wp-admin\/?post_type=product&#038;p=17032"},"modified":"2025-02-07T16:00:27","modified_gmt":"2025-02-07T19:00:27","slug":"amox-j-a-100ml","status":"publish","type":"product","link":"https:\/\/vetsul.com\/index.php\/product\/amox-j-a-100ml\/","title":{"rendered":"Amox J.A 100ml"},"content":{"rendered":"<p style=\"margin-bottom: 10px; padding: 0px; color: #666666; font-family: Arial, Helvetica, sans-serif; font-size: 12px; text-align: justify;\"><strong style=\"margin: 0px; padding: 0px;\">F\u00d3RMULA<\/strong><\/p>\n<p style=\"margin-bottom: 10px; padding: 0px; color: #666666; font-family: Arial, Helvetica, sans-serif; font-size: 12px; text-align: justify;\">Cada 100 mL do produto cont\u00e9m:<\/p>\n<p style=\"margin-bottom: 10px; padding: 0px; color: #666666; font-family: Arial, Helvetica, sans-serif; font-size: 12px; text-align: justify;\">Amoxicilina Tri-hidratada &#8230;&#8230;&#8230;&#8230;&#8230;&#8230;&#8230;&#8230;&#8230;&#8230;&#8230;&#8230;&#8230;&#8230;&#8230;&#8230;&#8230;&#8230;&#8230;&#8230;&#8230;&#8230;&#8230;&#8230;&#8230;&#8230;&#8230;&#8230;&#8230;&#8230;&#8230;&#8230;&#8230;&#8230;&#8230;&#8230;&#8230;&#8230;&#8230;&#8230;&#8230;&#8230;&#8230;&#8230;&#8230;&#8230;&#8230;&#8230;&#8230;&#8230;&#8230;&#8230;&#8230;&#8230;&#8230;&#8230;&#8230;&#8230;&#8230;&#8230;&#8230;&#8230;&#8230;&#8230;&#8230;&#8230;&#8230;&#8230;&#8230;. 17,22 g*<\/p>\n<p style=\"margin-bottom: 10px; padding: 0px; color: #666666; font-family: Arial, Helvetica, sans-serif; font-size: 12px; text-align: justify;\">Ve\u00edculo q.s.p. &#8230;&#8230;&#8230;&#8230;&#8230;&#8230;&#8230;&#8230;&#8230;&#8230;&#8230;&#8230;&#8230;&#8230;&#8230;&#8230;&#8230;&#8230;&#8230;&#8230;&#8230;&#8230;&#8230;&#8230;&#8230;&#8230;&#8230;&#8230;&#8230;&#8230;&#8230;&#8230;&#8230;&#8230;&#8230;&#8230;&#8230;&#8230;&#8230;&#8230;&#8230;&#8230;&#8230;&#8230;&#8230;&#8230;&#8230;&#8230;&#8230;&#8230;&#8230;&#8230;&#8230;&#8230;&#8230;&#8230;&#8230;&#8230;&#8230;&#8230;&#8230;&#8230;&#8230;&#8230;&#8230;&#8230;&#8230;&#8230;&#8230;&#8230;&#8230;&#8230;&#8230;&#8230;.100,00 mL<\/p>\n<p style=\"margin-bottom: 10px; padding: 0px; color: #666666; font-family: Arial, Helvetica, sans-serif; font-size: 12px; text-align: justify;\">* Equivalente a 15,00 g de Amoxicilina base.<\/p>\n<p style=\"margin-bottom: 10px; padding: 0px; color: #666666; font-family: Arial, Helvetica, sans-serif; font-size: 12px; text-align: justify;\">\n<p style=\"margin-bottom: 10px; padding: 0px; color: #666666; font-family: Arial, Helvetica, sans-serif; font-size: 12px; text-align: justify;\"><strong style=\"margin: 0px; padding: 0px;\">FARMACOLOGIA<\/strong><\/p>\n<p style=\"margin-bottom: 10px; padding: 0px; color: #666666; font-family: Arial, Helvetica, sans-serif; font-size: 12px; text-align: justify;\">AMOX J.A \u00e9 um antimicrobiano bactericida que atua contra Cocos Gram-positivos, atrav\u00e9s da inibi\u00e7\u00e3o da bioss\u00edntese da parede celular das bact\u00e9rias sens\u00edveis. Apresenta alta estabilidade em meio \u00e1cido, sendo inativado pela penicilinase. Ap\u00f3s a aplica\u00e7\u00e3o do produto AMOX J.A, a Amoxicilina \u00e9 absorvida e distribu\u00edda por todos os tecidos. Atinge altas concentra\u00e7\u00f5es, sobretudo nos rins, f\u00edgado e bile. Uma \u00fanica aplica\u00e7\u00e3o acarreta n\u00edveis sangu\u00edneos bactericidas por at\u00e9 24 horas, uma vez que a Amoxicilina \u00e9 liberada lentamente na circula\u00e7\u00e3o sangu\u00ednea. A Amoxicilina \u00e9 eliminada, principalmente, pela via urin\u00e1ria e por secre\u00e7\u00e3o tubular. Cerca de 5{bad89740ab836af8afd78adf22d5854117f226b234e4f8ee83a0ac8d28f68ffc} \u00e9 eliminada na bile sob a forma ativa. Em pacientes com insufici\u00eancia renal, \u00e9 recomendada aten\u00e7\u00e3o especial.<\/p>\n<p style=\"margin-bottom: 10px; padding: 0px; color: #666666; font-family: Arial, Helvetica, sans-serif; font-size: 12px; text-align: justify;\">\n<p style=\"margin-bottom: 10px; padding: 0px; color: #666666; font-family: Arial, Helvetica, sans-serif; font-size: 12px; text-align: justify;\"><strong style=\"margin: 0px; padding: 0px;\">INDICA\u00c7\u00d5ES<\/strong><\/p>\n<p style=\"margin-bottom: 10px; padding: 0px; color: #666666; font-family: Arial, Helvetica, sans-serif; font-size: 12px; text-align: justify;\">AMOX J.A \u00e9 indicado para su\u00ednos, no tratamento de infec\u00e7\u00f5es causadas por\u00a0<em style=\"margin: 0px; padding: 0px;\">Staphylococcus aureus<\/em>,\u00a0<em style=\"margin: 0px; padding: 0px;\">Streptococcus pyogenes<\/em>\u00a0e\u00a0<em style=\"margin: 0px; padding: 0px;\">Streptococcus bovis<\/em>.<\/p>\n<p style=\"margin-bottom: 10px; padding: 0px; color: #666666; font-family: Arial, Helvetica, sans-serif; font-size: 12px; text-align: justify;\">\n<p style=\"margin-bottom: 10px; padding: 0px; color: #666666; font-family: Arial, Helvetica, sans-serif; font-size: 12px; text-align: justify;\"><strong style=\"margin: 0px; padding: 0px;\">MODO DE USO E DOSAGEM<\/strong><\/p>\n<p style=\"margin-bottom: 10px; padding: 0px; color: #666666; font-family: Arial, Helvetica, sans-serif; font-size: 12px; text-align: justify;\">SU\u00cdNOS: aplicar por via intramuscular, 15 mg\/kg, ou seja, 1 mL para cada 10 kg de peso vivo, a cada 24 horas, durante tr\u00eas dias ou a crit\u00e9rio do M\u00e9dico Veterin\u00e1rio. AMOX J.A \u00e9 exclusivamente de administra\u00e7\u00e3o injet\u00e1vel e deve ser aplicado pela via intramuscular, utilizando agulhas hipod\u00e9rmicas est\u00e9reis (1,60&#215;40). Procedimentos ass\u00e9pticos devem ser adotados na aplica\u00e7\u00e3o. Ap\u00f3s a administra\u00e7\u00e3o, massagear o local para facilitar a dispers\u00e3o do produto.<\/p>\n<p style=\"margin-bottom: 10px; padding: 0px; color: #666666; font-family: Arial, Helvetica, sans-serif; font-size: 12px; text-align: justify;\">\n<p style=\"margin-bottom: 10px; padding: 0px; color: #666666; font-family: Arial, Helvetica, sans-serif; font-size: 12px; text-align: justify;\"><strong style=\"margin: 0px; padding: 0px;\">PRECAU\u00c7\u00d5ES E ADVERT\u00caNCIAS<\/strong><\/p>\n<p style=\"margin-bottom: 10px; padding: 0px; color: #666666; font-family: Arial, Helvetica, sans-serif; font-size: 12px; text-align: justify;\">Suspens\u00e3o pronta para o uso. Agitar, vigorosamente, antes da aplica\u00e7\u00e3o para uma boa homogeneiza\u00e7\u00e3o e melhor aproveitamento do produto. N\u00e3o administrar em animais que apresentarem intoler\u00e2ncia a penicilinas. O medicamento deve ser aplicado, exclusivamente, por via intramuscular. Obedecer \u00e0s dosagens indicadas para a aplica\u00e7\u00e3o do produto. Quando a dose for maior que 20 mL, recomenda-se dividi-la em dois locais diferentes. Fazer antissepsia pr\u00e9via no local da administra\u00e7\u00e3o antes da aplica\u00e7\u00e3o. No momento da aplica\u00e7\u00e3o, certificar-se da profundidade da agulha, observando se n\u00e3o houve les\u00e3o vascular. Caso ocorra rea\u00e7\u00e3o al\u00e9rgica, suspender a administra\u00e7\u00e3o do produto imediatamente e adotar a terap\u00eautica apropriada. As embalagens vazias devem ser enterradas ou queimadas. N\u00e3o jogar em rios ou lagos. Produto t\u00f3xico para peixes e alguns organismos aqu\u00e1ticos.<\/p>\n<p style=\"margin-bottom: 10px; padding: 0px; color: #666666; font-family: Arial, Helvetica, sans-serif; font-size: 12px; text-align: justify;\">\n<p style=\"margin-bottom: 10px; padding: 0px; color: #666666; font-family: Arial, Helvetica, sans-serif; font-size: 12px; text-align: justify;\"><strong style=\"margin: 0px; padding: 0px;\">EFEITOS COLATERAIS<\/strong><\/p>\n<p style=\"margin-bottom: 10px; padding: 0px; color: #666666; font-family: Arial, Helvetica, sans-serif; font-size: 12px; text-align: justify;\">O produto AMOX J.A \u00e9 considerado seguro, quando administrado de acordo com as recomenda\u00e7\u00f5es do fabricante. A intoxica\u00e7\u00e3o ocorre em doses extremamente altas. Eventualmente, pode-se observar rea\u00e7\u00f5es de hipersensibilidade. Exantema maculopapular, prurido, febre e eosinofilia, s\u00e3o as manifesta\u00e7\u00f5es mais frequentes. A diarreia \u00e9 menos frequente. N\u00e3o foram relatados efeitos nocivos para o feto, quando utilizado em gestantes. Eventualmente, pode-se observar desconforto e forma\u00e7\u00e3o de edemas no local da aplica\u00e7\u00e3o. Tais rea\u00e7\u00f5es desaparecem sem nenhum tratamento. Em caso de rea\u00e7\u00f5es al\u00e9rgicas, suspender imediatamente a administra\u00e7\u00e3o do produto e medicar com Epinefrina e\/ou cortic\u00f3ides.<\/p>\n<p style=\"margin-bottom: 10px; padding: 0px; color: #666666; font-family: Arial, Helvetica, sans-serif; font-size: 12px; text-align: justify;\">\n<p style=\"margin-bottom: 10px; padding: 0px; color: #666666; font-family: Arial, Helvetica, sans-serif; font-size: 12px; text-align: justify;\"><strong style=\"margin: 0px; padding: 0px;\">CONTRAINDICA\u00c7\u00d5ES<\/strong><\/p>\n<p style=\"margin-bottom: 10px; padding: 0px; color: #666666; font-family: Arial, Helvetica, sans-serif; font-size: 12px; text-align: justify;\">N\u00e3o administrar o produto por via intravenosa. O produto n\u00e3o deve ser usado por pacientes com hipersensibilidade aos componentes da f\u00f3rmula. Deve ser usado com cautela em pacientes com hist\u00f3rico de rea\u00e7\u00f5es al\u00e9rgicas e hipersensibilidade as penicilinas. N\u00e3o destinar ao consumo humano a carne dos animais tratados, antes do t\u00e9rmino do per\u00edodo de car\u00eancia.<\/p>\n<p style=\"margin-bottom: 10px; padding: 0px; color: #666666; font-family: Arial, Helvetica, sans-serif; font-size: 12px; text-align: justify;\">\n<p style=\"margin-bottom: 10px; padding: 0px; color: #666666; font-family: Arial, Helvetica, sans-serif; font-size: 12px; text-align: justify;\"><strong style=\"margin: 0px; padding: 0px;\">INTERA\u00c7\u00d5ES MEDICAMENTOSAS<\/strong><\/p>\n<p style=\"margin-bottom: 10px; padding: 0px; color: #666666; font-family: Arial, Helvetica, sans-serif; font-size: 12px; text-align: justify;\">Outros antibi\u00f3ticos, quando administrados concomitantemente com o produto AMOX J.A, podem agir como agentes sinerg\u00e9ticos ou antagonistas, devido a presen\u00e7a do ativo Amoxicilina. Podem causar antagonismo, caso haja associa\u00e7\u00e3o das penicilinas com antibi\u00f3ticos bacteriost\u00e1ticos, que inibem a s\u00edntese proteica das bact\u00e9rias, como Cloranfenicol, tetraciclinas, lincosamidas e os macrol\u00eddeos. A Amoxicilina pode, tamb\u00e9m, interagir com Probenicida, Alopurinol e Digoxina. A Probenicida diminui a taxa de elimina\u00e7\u00e3o do antibi\u00f3tico, aumentando seus n\u00edveis no sangue. O Alopurinol pode aumentar a probabilidade de ocorr\u00eancia de rea\u00e7\u00f5es al\u00e9rgicas na pele.<\/p>\n<p style=\"margin-bottom: 10px; padding: 0px; color: #666666; font-family: Arial, Helvetica, sans-serif; font-size: 12px; text-align: justify;\">\n<p style=\"margin-bottom: 10px; padding: 0px; color: #666666; font-family: Arial, Helvetica, sans-serif; font-size: 12px; text-align: justify;\"><strong style=\"margin: 0px; padding: 0px;\">CONDI\u00c7\u00d5ES DE ARMAZENAMENTO<\/strong><\/p>\n<p style=\"margin-bottom: 10px; padding: 0px; color: #666666; font-family: Arial, Helvetica, sans-serif; font-size: 12px; text-align: justify;\">Conservar em local seco e fresco, \u00e0 temperatura ambiente entre 15 \u00baC e 30 \u00baC, ao abrigo da luz solar, fora do alcance de crian\u00e7as e animais dom\u00e9sticos. Utilizar o produto at\u00e9 12 meses ap\u00f3s a primeira aplica\u00e7\u00e3o.<\/p>\n<p style=\"margin-bottom: 10px; padding: 0px; color: #666666; font-family: Arial, Helvetica, sans-serif; font-size: 12px; text-align: justify;\">\n<p style=\"margin-bottom: 10px; padding: 0px; color: #666666; font-family: Arial, Helvetica, sans-serif; font-size: 12px; text-align: justify;\"><strong style=\"margin: 0px; padding: 0px;\">\u201cATEN\u00c7\u00c3O: OBEDECER AO SEGUINTE PER\u00cdODO DE CAR\u00caNCIA\u201d<\/strong><\/p>\n<p style=\"margin-bottom: 10px; padding: 0px; color: #666666; font-family: Arial, Helvetica, sans-serif; font-size: 12px; text-align: justify;\">\n<p style=\"margin-bottom: 10px; padding: 0px; color: #666666; font-family: Arial, Helvetica, sans-serif; font-size: 12px; text-align: justify;\"><strong style=\"margin: 0px; padding: 0px;\">SU\u00cdNOS:<\/strong><\/p>\n<p style=\"margin-bottom: 10px; padding: 0px; color: #666666; font-family: Arial, Helvetica, sans-serif; font-size: 12px; text-align: justify;\"><strong style=\"margin: 0px; padding: 0px;\">ABATE: O ABATE DOS ANIMAIS TRATADOS COM ESTE PRODUTO SOMENTE DEVE SER REALIZADO 15 DIAS AP\u00d3S A \u00daLTIMA APLICA\u00c7\u00c3O.<\/strong><\/p>\n<p style=\"margin-bottom: 10px; padding: 0px; color: #666666; font-family: Arial, Helvetica, sans-serif; font-size: 12px; text-align: justify;\">\n<p style=\"margin-bottom: 10px; padding: 0px; color: #666666; font-family: Arial, Helvetica, sans-serif; font-size: 12px; text-align: justify;\"><strong style=\"margin: 0px; padding: 0px;\">A UTILIZA\u00c7\u00c3O DO PRODUTO EM CONDI\u00c7\u00d5ES DIFERENTES DAS INDICADAS NESTA BULA PODE CAUSAR A PRESEN\u00c7A DE RES\u00cdDUOS DO PRODUTO ACIMA DOS LIMITES APROVADOS, TORNANDO O ALIMENTO DE ORIGEM ANIMAL IMPR\u00d3PRIO PARA O CONSUMO.<\/strong><\/p>\n<p style=\"margin-bottom: 10px; padding: 0px; color: #666666; font-family: Arial, Helvetica, sans-serif; font-size: 12px; text-align: justify;\">\n<p style=\"margin-bottom: 10px; padding: 0px; color: #666666; font-family: Arial, Helvetica, sans-serif; font-size: 12px; text-align: justify;\"><strong style=\"margin: 0px; padding: 0px;\">VENDA SOB PRESCRI\u00c7\u00c3O E APLICA\u00c7\u00c3O SOB ORIENTA\u00c7\u00c3O DO M\u00c9DICO VETERIN\u00c1RIO.<\/strong><\/p>\n<p style=\"margin-bottom: 10px; padding: 0px; color: #666666; font-family: Arial, Helvetica, sans-serif; font-size: 12px; text-align: justify;\">\n<p style=\"margin-bottom: 10px; padding: 0px; color: #666666; font-family: Arial, Helvetica, sans-serif; font-size: 12px; text-align: justify;\">Licenciado no Minist\u00e9rio da Agricultura, Pecu\u00e1ria e Abastecimento sob n\u00b0 9.596 em 27\/04\/2011.<\/p>\n<p style=\"margin-bottom: 10px; padding: 0px; color: #666666; font-family: Arial, Helvetica, sans-serif; font-size: 12px; text-align: justify;\">\n<p style=\"margin-bottom: 10px; padding: 0px; color: #666666; font-family: Arial, Helvetica, sans-serif; font-size: 12px; text-align: justify;\">Respons\u00e1vel T\u00e9cnico: Dr. Jos\u00e9 Abdo de Andrade Hell\u00fa<\/p>\n<p style=\"margin-bottom: 10px; padding: 0px; color: #666666; font-family: Arial, Helvetica, sans-serif; font-size: 12px; text-align: justify;\">\u00a0\u00a0\u00a0\u00a0\u00a0\u00a0\u00a0\u00a0\u00a0\u00a0\u00a0\u00a0\u00a0\u00a0\u00a0\u00a0\u00a0\u00a0\u00a0\u00a0\u00a0\u00a0\u00a0\u00a0\u00a0\u00a0 \u00a0\u00a0\u00a0\u00a0\u00a0\u00a0\u00a0\u00a0\u00a0\u00a0\u00a0\u00a0\u00a0\u00a0\u00a0\u00a0\u00a0\u00a0\u00a0\u00a0\u00a0\u00a0\u00a0\u00a0\u00a0\u00a0\u00a0\u00a0CRMV-SP 1.938<\/p>\n<p style=\"margin-bottom: 10px; padding: 0px; color: #666666; font-family: Arial, Helvetica, sans-serif; font-size: 12px; text-align: justify;\">\n<p style=\"margin-bottom: 10px; padding: 0px; color: #666666; font-family: Arial, Helvetica, sans-serif; font-size: 12px; text-align: justify;\"><strong style=\"margin: 0px; padding: 0px;\">APRESENTA\u00c7\u00c3O<\/strong><\/p>\n<p style=\"margin-bottom: 10px; padding: 0px; color: #666666; font-family: Arial, Helvetica, sans-serif; font-size: 12px; text-align: justify;\">Frasco-ampola contendo 50 mL, 100 mL e 200 mL do produto.<\/p>\n","protected":false},"excerpt":{"rendered":"<p>F\u00d3RMULA Cada 100 mL do produto cont\u00e9m: Amoxicilina Tri-hidratada &#8230;&#8230;&#8230;&#8230;&#8230;&#8230;&#8230;&#8230;&#8230;&#8230;&#8230;&#8230;&#8230;&#8230;&#8230;&#8230;&#8230;&#8230;&#8230;&#8230;&#8230;&#8230;&#8230;&#8230;&#8230;&#8230;&#8230;&#8230;&#8230;&#8230;&#8230;&#8230;&#8230;&#8230;&#8230;&#8230;&#8230;&#8230;&#8230;&#8230;&#8230;&#8230;&#8230;&#8230;&#8230;&#8230;&#8230;&#8230;&#8230;&#8230;&#8230;&#8230;&#8230;&#8230;&#8230;&#8230;&#8230;&#8230;&#8230;&#8230;&#8230;&#8230;&#8230;&#8230;&#8230;&#8230;&#8230;&#8230;&#8230;. 17,22 g* Ve\u00edculo q.s.p. &#8230;&#8230;&#8230;&#8230;&#8230;&#8230;&#8230;&#8230;&#8230;&#8230;&#8230;&#8230;&#8230;&#8230;&#8230;&#8230;&#8230;&#8230;&#8230;&#8230;&#8230;&#8230;&#8230;&#8230;&#8230;&#8230;&#8230;&#8230;&#8230;&#8230;&#8230;&#8230;&#8230;&#8230;&#8230;&#8230;&#8230;&#8230;&#8230;&#8230;&#8230;&#8230;&#8230;&#8230;&#8230;&#8230;&#8230;&#8230;&#8230;&#8230;&#8230;&#8230;&#8230;&#8230;&#8230;&#8230;&#8230;&#8230;&#8230;&#8230;&#8230;&#8230;&#8230;&#8230;&#8230;&#8230;&#8230;&#8230;&#8230;&#8230;&#8230;&#8230;&#8230;&#8230;.100,00 mL * Equivalente a 15,00 g de<\/p>\n","protected":false},"featured_media":17033,"template":"","meta":{"_acf_changed":false},"product_brand":[957],"product_cat":[170],"product_tag":[758,797],"class_list":{"0":"post-17032","1":"product","2":"type-product","3":"status-publish","4":"has-post-thumbnail","6":"product_brand-j-a-saude-animal","7":"product_cat-anti-microbianos","8":"product_tag-antibiotico","9":"product_tag-ja-saude-animal","11":"first","12":"outofstock","13":"purchasable","14":"product-type-simple"},"acf":[],"_links":{"self":[{"href":"https:\/\/vetsul.com\/index.php\/wp-json\/wp\/v2\/product\/17032","targetHints":{"allow":["GET"]}}],"collection":[{"href":"https:\/\/vetsul.com\/index.php\/wp-json\/wp\/v2\/product"}],"about":[{"href":"https:\/\/vetsul.com\/index.php\/wp-json\/wp\/v2\/types\/product"}],"wp:featuredmedia":[{"embeddable":true,"href":"https:\/\/vetsul.com\/index.php\/wp-json\/wp\/v2\/media\/17033"}],"wp:attachment":[{"href":"https:\/\/vetsul.com\/index.php\/wp-json\/wp\/v2\/media?parent=17032"}],"wp:term":[{"taxonomy":"product_brand","embeddable":true,"href":"https:\/\/vetsul.com\/index.php\/wp-json\/wp\/v2\/product_brand?post=17032"},{"taxonomy":"product_cat","embeddable":true,"href":"https:\/\/vetsul.com\/index.php\/wp-json\/wp\/v2\/product_cat?post=17032"},{"taxonomy":"product_tag","embeddable":true,"href":"https:\/\/vetsul.com\/index.php\/wp-json\/wp\/v2\/product_tag?post=17032"}],"curies":[{"name":"wp","href":"https:\/\/api.w.org\/{rel}","templated":true}]}}