{"id":17030,"date":"2018-06-04T09:56:10","date_gmt":"2018-06-04T12:56:10","guid":{"rendered":"http:\/\/35.194.95.18\/wp-admin\/?post_type=product&#038;p=17030"},"modified":"2025-02-07T16:00:27","modified_gmt":"2025-02-07T19:00:27","slug":"aminopan-pro-5kg","status":"publish","type":"product","link":"https:\/\/vetsul.com\/index.php\/product\/aminopan-pro-5kg\/","title":{"rendered":"Aminopan Pro 5kg"},"content":{"rendered":"<p>Adequada combina\u00e7\u00e3o de amino\u00e1cidos de origem vegetal, minerais, vitaminas e probi\u00f3ticos, especialmente desenvolvida para ser incorporada \u00e0 alimenta\u00e7\u00e3o, atendendo de forma equilibrada e completa todas as necessidades nutricionais dos animais. Os ingredientes prontamente assimil\u00e1veis em sua f\u00f3rmula proporcionam uma melhora do estado geral dos animais para um perfeito desempenho de suas fun\u00e7\u00f5es nas diferentes fases de desenvolvimento, atingindo o m\u00e1ximo do potencial gen\u00e9tico. A presen\u00e7a de probi\u00f3tico garante melhor digestibilidade dos alimentos, aumentando o aproveitamento dos amino\u00e1cidos e energia da dieta, melhorando a convers\u00e3o alimentar. Indicado para a fase de crescimento, est\u00edmulo do apetite, ganho de massa muscular, exposi\u00e7\u00f5es e competi\u00e7\u00f5es (animais de alta performance).<\/p>\n<p>Modo de Uso<\/p>\n<p>Equinos, muares e asininos adultos: manuten\u00e7\u00e3o: 50 g\/dia, treinamento: 60 g\/dia, potros e p\u00f4neis: 60 g\/dia; \u00e9guas prenhas ou em lacta\u00e7\u00e3o e reprodutores: 60 g\/dia.<\/p>\n<p>Adicionar o produto na ra\u00e7\u00e3o.<\/p>\n<p>Apresenta\u00e7\u00e3o:<\/p>\n<p>Pote contendo 1 Kg, com medidor.<\/p>\n<p>Balde contendo 5 Kg e 20 Kg, com medidor.<\/p>\n<p>Saco contendo 25 Kg, com medidor.<\/p>\n<p>N\u00edveis de garantia por Kg do produto:<\/p>\n<p>Garantia Valor Unidade<\/p>\n<p>\u00c1cido Asp\u00e1rtico (M\u00ednimo) 6.025 mg<\/p>\n<p>\u00c1cido F\u00f3lico (M\u00ednimo) 6 mg<\/p>\n<p>\u00c1cido Glut\u00e2mico (M\u00ednimo) 8.502 mg<\/p>\n<p>\u00c1cido Nicot\u00ednico (M\u00ednimo) 600 mg<\/p>\n<p>A\u00e7\u00facares totais (M\u00e1ximo) 20 g<\/p>\n<p>Alanina (M\u00ednimo) 8.787 mg<\/p>\n<p>Arginina (M\u00ednimo) 6.029 mg<\/p>\n<p>Bacillus cereus (M\u00ednimo) 1.200&#215;109 ufc<\/p>\n<p>Bacillus Subtilis (M\u00ednimo) 1.200&#215;109 ufc<\/p>\n<p>Biotina (M\u00ednimo) 18 mg<\/p>\n<p>C\u00e1lcio (M\u00edn\/M\u00e1x) 235\/265 g<\/p>\n<p>Cistina (M\u00ednimo) 298 mg<\/p>\n<p>Cobalto (M\u00ednimo) 126 mg<\/p>\n<p>Cobre (M\u00ednimo) 637,5 mg<\/p>\n<p>Colina (M\u00ednimo) 5.520 mg<\/p>\n<p>Cromo (M\u00ednimo) 51,6 mg<\/p>\n<p>DL-Metionina (M\u00ednimo) 4.950 mg<\/p>\n<p>Enxofre (M\u00ednimo) 7.920 mg<\/p>\n<p>Fenilalanina (M\u00ednimo) 2.058 mg<\/p>\n<p>Ferro (M\u00ednimo) 1.344 mg<\/p>\n<p>Fl\u00faor (M\u00e1ximo) 670 mg<\/p>\n<p>F\u00f3sforo (M\u00ednimo) 78 g<\/p>\n<p>Glicina (M\u00ednimo) 10,85 g<\/p>\n<p>Hidroxiprolina (M\u00ednimo) 10,72 g<\/p>\n<p>Histidina (M\u00ednimo) 876 mg<\/p>\n<p>Iodo (M\u00ednimo) 162,5 mg<\/p>\n<p>Isoleucina (M\u00ednimo) 2.022 mg<\/p>\n<p>L-Carnitina (M\u00ednimo) 1.237 mg<\/p>\n<p>L-Lisina (M\u00ednimo) 5.040 mg<\/p>\n<p>Leucina (M\u00ednimo) 3.364 mg<\/p>\n<p>Lisina (M\u00ednimo) 2.878 mg<\/p>\n<p>Magn\u00e9sio (M\u00ednimo) 1.998 mg<\/p>\n<p>Mangan\u00eas (M\u00ednimo) 502,2 mg<\/p>\n<p>Metionina (M\u00ednimo)<\/p>\n","protected":false},"excerpt":{"rendered":"<p>Adequada combina\u00e7\u00e3o de amino\u00e1cidos de origem vegetal, minerais, vitaminas e probi\u00f3ticos, especialmente desenvolvida para ser incorporada \u00e0 alimenta\u00e7\u00e3o, atendendo de forma equilibrada<\/p>\n","protected":false},"featured_media":17811,"template":"","meta":{"_acf_changed":false},"product_brand":[952],"product_cat":[163,178],"product_tag":[1077,983],"class_list":{"0":"post-17030","1":"product","2":"type-product","3":"status-publish","4":"has-post-thumbnail","6":"product_brand-lavizoo","7":"product_cat-equinos","8":"product_cat-suplementos-e-vitaminas-2","9":"product_tag-aminomix","10":"product_tag-lavizoo","12":"first","13":"instock","14":"purchasable","15":"product-type-simple"},"acf":[],"_links":{"self":[{"href":"https:\/\/vetsul.com\/index.php\/wp-json\/wp\/v2\/product\/17030","targetHints":{"allow":["GET"]}}],"collection":[{"href":"https:\/\/vetsul.com\/index.php\/wp-json\/wp\/v2\/product"}],"about":[{"href":"https:\/\/vetsul.com\/index.php\/wp-json\/wp\/v2\/types\/product"}],"wp:featuredmedia":[{"embeddable":true,"href":"https:\/\/vetsul.com\/index.php\/wp-json\/wp\/v2\/media\/17811"}],"wp:attachment":[{"href":"https:\/\/vetsul.com\/index.php\/wp-json\/wp\/v2\/media?parent=17030"}],"wp:term":[{"taxonomy":"product_brand","embeddable":true,"href":"https:\/\/vetsul.com\/index.php\/wp-json\/wp\/v2\/product_brand?post=17030"},{"taxonomy":"product_cat","embeddable":true,"href":"https:\/\/vetsul.com\/index.php\/wp-json\/wp\/v2\/product_cat?post=17030"},{"taxonomy":"product_tag","embeddable":true,"href":"https:\/\/vetsul.com\/index.php\/wp-json\/wp\/v2\/product_tag?post=17030"}],"curies":[{"name":"wp","href":"https:\/\/api.w.org\/{rel}","templated":true}]}}