{"id":17028,"date":"2018-06-04T08:51:29","date_gmt":"2018-06-04T11:51:29","guid":{"rendered":"http:\/\/35.194.95.18\/wp-admin\/?post_type=product&#038;p=17028"},"modified":"2025-02-07T16:00:26","modified_gmt":"2025-02-07T19:00:26","slug":"agrosil-5-mega-50ml","status":"publish","type":"product","link":"https:\/\/vetsul.com\/index.php\/product\/agrosil-5-mega-50ml\/","title":{"rendered":"Agrosil PPU 50ml"},"content":{"rendered":"<div class=\"row\"><main id=\"main\" class=\"site-main\"><\/p>\n<div id=\"product-320\" class=\"post-320 product type-product status-publish has-post-thumbnail product_cat-animais-de-producao product_cat-bovinos product_cat-equinos product_cat-ovinos product_cat-suinos first instock shipping-taxable product-type-simple\">\n<div class=\"summary entry-summary\">\n<h1 class=\"product_title entry-title\">Agrosil PPU<\/h1>\n<p><strong>Agrosil PPU\u00a0<\/strong>\u00e9<strong>\u00a0<\/strong>a op\u00e7\u00e3o de antibi\u00f3tico \u00e0 base de penicilina e estreptomicina.<\/p>\n<\/div>\n<\/div>\n<div class=\"container\">\n<div class=\"row espaco-linha\">\n<div class=\"col-md-6 col-12 col-sm-6\">\n<div class=\"produto-single-titulo\">\n<h3>DESCRI\u00c7\u00c3O<\/h3>\n<\/div>\n<div class=\"produto-single-conteudo\">\n<p><strong>Agrosil PPU\u00a0<\/strong>\u00e9<strong>\u00a0<\/strong>a op\u00e7\u00e3o de antibi\u00f3tico \u00e0 base de penicilina e estreptomicina.<\/p>\n<\/div>\n<\/div>\n<div class=\"col-md-6 col-12 col-sm-6\">\n<div class=\"produto-single-titulo\">\n<h3>F\u00d3RMULA<\/h3>\n<\/div>\n<div class=\"produto-single-conteudo\">\n<div class=\"formula\">Cada frasco-ampola de 100 ml cont\u00e9m:<\/p>\n<table width=\"370\">\n<tbody>\n<tr>\n<td width=\"219\">Benzilpenicilina Proca\u00edna<\/td>\n<td width=\"151\">15.000.000 UI<\/td>\n<\/tr>\n<tr>\n<td width=\"219\">Benzilpenicilina Benzatina<\/td>\n<td width=\"151\">10.000.000 UI<\/td>\n<\/tr>\n<tr>\n<td width=\"219\">Diidroestreptomicina<\/td>\n<td width=\"151\">34,12 g<\/td>\n<\/tr>\n<tr>\n<td width=\"219\">Ve\u00edculo q.s.p.<\/td>\n<td width=\"151\">100 ml<\/td>\n<\/tr>\n<\/tbody>\n<\/table>\n<p><strong>Apresenta\u00e7\u00e3o:<\/strong>\u00a0Frascos de 50 ml e 100 ml.<\/div>\n<\/div>\n<\/div>\n<\/div>\n<\/div>\n<p><\/main><\/div>\n<div class=\"row espaco-linha\">\n<div class=\"col-md-6 col-12 col-sm-6\">\n<div class=\"produto-single-titulo\">\n<h3>INDICA\u00c7\u00d5ES<\/h3>\n<\/div>\n<div class=\"produto-single-conteudo\">\n<div class=\"indicacoes\">\u00c9 indicado para o tratamento de infec\u00e7\u00f5es bacterianas que acometem os animais, causados por:\u00a0<u>Bovinos:<\/u>\u00a0<em>Staphylococcus<\/em>\u00a0sp (Abscessos e Mastite),\u00a0<em>Corynebacterium pyogenes<\/em>\u00a0(Mastite),\u00a0<em>Escherichia coli<\/em>\u00a0(Disenterias e Diarr\u00e9ias),\u00a0<em>Salmonella<\/em>\u00a0sp (Salmonelose),\u00a0<em>Bacillus anthracis<\/em>\u00a0(Carb\u00fanculo Hem\u00e1tico),\u00a0<em>Clostridium chauvei\u00a0<\/em>(Carb\u00fanculo Sintom\u00e1tico),\u00a0<em>Clostridium tetani<\/em>\u00a0(T\u00e9tano),\u00a0<em>Lysteria monocytogenes<\/em>\u00a0(Listeriose),\u00a0<em>Leptospira<\/em>\u00a0sp (Leptospirose).\u00a0<u>Equinos<\/u>:\u00a0<em>Streptococcus<\/em>\u00a0sp (Abcessos, Garrotilho e Mastite),\u00a0<em>Staphylococcus<\/em>\u00a0sp (Abscessos e Mastite),\u00a0<em>Escherichia coli<\/em>\u00a0(Disenteria e Diarr\u00e9ias)\u00a0<em>Salmonella<\/em>\u00a0sp (Salmonelose),\u00a0<em>Klebsiela pneumoniae<\/em>\u00a0(Aborto e Mastite),\u00a0<em>Bacillus anthracis<\/em>\u00a0(Carb\u00fanculo Hem\u00e1tico),\u00a0<em>Clostridium tetani<\/em>\u00a0(T\u00e9tano) e\u00a0<em>Leptospira\u00a0<\/em>sp (Leptospirose).\u00a0<u>Su\u00ednos<\/u>:\u00a0<em>Streptococcus<\/em>\u00a0sp (Abcessos),\u00a0<em>Staphylococcus<\/em>\u00a0sp (Abscessos),\u00a0<em>Pasteurella multocida<\/em>\u00a0(Pasteurelose),\u00a0<em>Corynebacterium pyogenes<\/em>\u00a0(Mastite),\u00a0<em>Escherichia coli<\/em>\u00a0(Disenterias e Diarr\u00e9ias),\u00a0<em>Salmonella<\/em>\u00a0sp (Salmonelose),\u00a0<em>Klebsiela pneumoniae<\/em>\u00a0(Aborto e Mastite),\u00a0<em>Bacillus anthracis<\/em>\u00a0(Carbunculo Hem\u00e1tico),\u00a0<em>Clostridium tetani<\/em>\u00a0(T\u00e9tano),\u00a0<em>Listeria monocytogenes<\/em>\u00a0(Listeriose) e\u00a0<em>Leptospira<\/em>\u00a0sp (Leptospirose).\u00a0<u>Ovinos<\/u>:\u00a0<em>Streptococcus<\/em>\u00a0sp (Abscessos e Mastite),\u00a0<em>Staphylococcus<\/em>\u00a0sp (Abscessos e Mastite),\u00a0<em>Pasteurella multocida\u00a0<\/em>(Pasteurelose),\u00a0<em>Escherichia coli<\/em>\u00a0(Disenterias e Diarr\u00e9ias),\u00a0<em>Salmonella<\/em>\u00a0sp (Salmonelose),\u00a0<em>Bacillus anthracis<\/em>(Carbunculo Hem\u00e1tico),\u00a0<em>Clostridium tetani<\/em>\u00a0(T\u00e9tano),\u00a0<em>Listeria monocytogenes<\/em>\u00a0(Listeriose) e\u00a0<em>Leptospira<\/em>\u00a0sp (Leptospirose). Como profil\u00e1tico nas castra\u00e7\u00f5es, no pr\u00e9 e p\u00f3s-operat\u00f3rio em outras interven\u00e7\u00f5es cir\u00fargicas.<\/div>\n<\/div>\n<\/div>\n<div class=\"col-md-6 col-12 col-sm-6\">\n<div class=\"produto-single-titulo\">\n<h3>MODO DE USAR<\/h3>\n<\/div>\n<div class=\"produto-single-conteudo\">\n<div class=\"mododeusar\">Via de administra\u00e7\u00e3o: Intramuscular. Agitar a suspens\u00e3o antes da administra\u00e7\u00e3o do medicamento e aplicar o volume por via intramuscular conforme a esp\u00e9cie e peso do animal nas seguintes doses: Bovinos, equinos, su\u00ednos e ovinos \u2013 1 mL para cada 20 kg de peso. Normalmente uma dose \u00e9 suficiente para controlar a infec\u00e7\u00e3o. Nova aplica\u00e7\u00e3o do produto e o uso profil\u00e1tico de antimicrobianos s\u00f3 poder\u00e3o ser feitos a crit\u00e9rio do M\u00e9dico Veterin\u00e1rio.<\/div>\n<\/div>\n<\/div>\n<\/div>\n","protected":false},"excerpt":{"rendered":"<p>Agrosil PPU Agrosil PPU\u00a0\u00e9\u00a0a op\u00e7\u00e3o de antibi\u00f3tico \u00e0 base de penicilina e estreptomicina. DESCRI\u00c7\u00c3O Agrosil PPU\u00a0\u00e9\u00a0a op\u00e7\u00e3o de antibi\u00f3tico \u00e0 base de<\/p>\n","protected":false},"featured_media":18328,"template":"","meta":{"_acf_changed":false},"product_brand":[],"product_cat":[170,175],"product_tag":[758,761,760,762,1056],"class_list":{"0":"post-17028","1":"product","2":"type-product","3":"status-publish","4":"has-post-thumbnail","6":"product_cat-anti-microbianos","7":"product_cat-antimicrobianos-2","8":"product_tag-antibiotico","9":"product_tag-bovinos","10":"product_tag-equinos-3","11":"product_tag-ovinos","12":"product_tag-vansil","14":"first","15":"instock","16":"purchasable","17":"product-type-simple"},"acf":[],"_links":{"self":[{"href":"https:\/\/vetsul.com\/index.php\/wp-json\/wp\/v2\/product\/17028","targetHints":{"allow":["GET"]}}],"collection":[{"href":"https:\/\/vetsul.com\/index.php\/wp-json\/wp\/v2\/product"}],"about":[{"href":"https:\/\/vetsul.com\/index.php\/wp-json\/wp\/v2\/types\/product"}],"wp:featuredmedia":[{"embeddable":true,"href":"https:\/\/vetsul.com\/index.php\/wp-json\/wp\/v2\/media\/18328"}],"wp:attachment":[{"href":"https:\/\/vetsul.com\/index.php\/wp-json\/wp\/v2\/media?parent=17028"}],"wp:term":[{"taxonomy":"product_brand","embeddable":true,"href":"https:\/\/vetsul.com\/index.php\/wp-json\/wp\/v2\/product_brand?post=17028"},{"taxonomy":"product_cat","embeddable":true,"href":"https:\/\/vetsul.com\/index.php\/wp-json\/wp\/v2\/product_cat?post=17028"},{"taxonomy":"product_tag","embeddable":true,"href":"https:\/\/vetsul.com\/index.php\/wp-json\/wp\/v2\/product_tag?post=17028"}],"curies":[{"name":"wp","href":"https:\/\/api.w.org\/{rel}","templated":true}]}}