{"id":17026,"date":"2018-01-10T15:23:50","date_gmt":"2018-01-10T17:23:50","guid":{"rendered":"http:\/\/35.194.95.18\/wp-admin\/?post_type=product&#038;p=17026"},"modified":"2025-02-07T16:00:26","modified_gmt":"2025-02-07T19:00:26","slug":"zuletel-closantel-10-oral-01lt","status":"publish","type":"product","link":"https:\/\/vetsul.com\/index.php\/product\/zuletel-closantel-10-oral-01lt\/","title":{"rendered":"ZULETEL (CLOSANTEL) 10% ORAL &#8211; 01lt"},"content":{"rendered":"<p><span style=\"font-family: tahoma;\"><span style=\"font-size: 12px;\">Antiparasit\u00e1rio Interno e Externo \u00e0 base de Closantel, para bovinos e ovinos.<\/span><\/span><\/p>\n<p><span style=\"font-family: tahoma;\"><span style=\"font-size: 12px;\">F\u00d3RMULA:\u00a0<\/span><\/span><\/p>\n<p><span style=\"font-family: tahoma;\"><span style=\"font-size: 12px;\">Cada 100 ml cont\u00e9m:\u00a0<\/span><\/span><\/p>\n<p><span style=\"font-family: tahoma;\"><span style=\"font-size: 12px;\">Closantel&#8230;&#8230;&#8230;&#8230;&#8230;&#8230;&#8230;&#8230;&#8230;&#8230;&#8230;&#8230;&#8230;&#8230;&#8230;&#8230;&#8230;&#8230;&#8230;&#8230;&#8230;10 gr\u00a0<\/span><\/span><\/p>\n<p><span style=\"font-family: tahoma;\"><span style=\"font-size: 12px;\">Excipientes q.s.p&#8230;&#8230;&#8230;&#8230;&#8230;&#8230;&#8230;&#8230;&#8230;&#8230;&#8230;&#8230;&#8230;&#8230;&#8230;&#8230;..100 ml\u00a0<\/span><\/span><\/p>\n<p><span style=\"font-family: tahoma;\"><span style=\"font-size: 12px;\">\u00a0<\/span><\/span><\/p>\n<p><span style=\"font-family: tahoma;\"><span style=\"font-size: 12px;\">INDICA\u00c7\u00d5ES:\u00a0<\/span><\/span><\/p>\n<p><span style=\"font-family: tahoma;\"><span style=\"font-size: 12px;\">FASCIOLICIDA: Fasc\u00edola hep\u00e1tica e Fasc\u00edola gig\u00e1ntica.\u00a0<\/span><\/span><\/p>\n<p><span style=\"font-family: tahoma;\"><span style=\"font-size: 12px;\">LUMBRICIDA: Haemonchus, Bunostomum, Oesophagostomum, Chabertia e Gaiger\u00eda.\u00a0<\/span><\/span><\/p>\n<p><span style=\"font-family: tahoma;\"><span style=\"font-size: 12px;\">ECTOPARASITAS: Oestrus ovis, Dermatobia hominis e mi\u00edase por Cochliomyia hominivorax.\u00a0<\/span><\/span><\/p>\n<p><span style=\"font-family: tahoma;\"><span style=\"font-size: 12px;\">PREVENTIVO CONTRA SARNA OVINA (Psoroptes ovis)\u00a0<\/span><\/span><\/p>\n<p><span style=\"font-family: tahoma;\"><span style=\"font-size: 12px;\">\u00a0<\/span><\/span><\/p>\n<p><span style=\"font-family: tahoma;\"><span style=\"font-size: 12px;\">VIA DE ADMINISTRA\u00c7\u00c3O:\u00a0<\/span><\/span><\/p>\n<p><span style=\"font-family: tahoma;\"><span style=\"font-size: 12px;\">Oral com qualquer dosificadora.\u00a0<\/span><\/span><\/p>\n<p><span style=\"font-family: tahoma;\"><span style=\"font-size: 12px;\">\u00a0<\/span><\/span><\/p>\n<p><span style=\"font-family: tahoma;\"><span style=\"font-size: 12px;\">DOSES:\u00a0<\/span><\/span><\/p>\n<p><span style=\"font-family: tahoma;\"><span style=\"font-size: 12px;\">Ovinos:\u00a0<\/span><\/span><\/p>\n<p><span style=\"font-family: tahoma;\"><span style=\"font-size: 12px;\">&#8211; 1 ml cada 20 kg de peso contra Oestrus ovis.\u00a0<\/span><\/span><\/p>\n<p><span style=\"font-family: tahoma;\"><span style=\"font-size: 12px;\">&#8211; 1 ml cada 10 kg de peso contra Fasc\u00edola hep\u00e1tica (imaturos a partir da 4\u00b0 semana e adultos), Fasciola gigantica e nemat\u00f3deos.\u00a0<\/span><\/span><\/p>\n<p><span style=\"font-family: tahoma;\"><span style=\"font-size: 12px;\">&#8211; 1 ml cada 5 kg de peso (equivalente a 20 mg \/ kg p.v.) como preventivo contra sarna ovina.\u00a0<\/span><\/span><\/p>\n<p><span style=\"font-family: tahoma;\"><span style=\"font-size: 12px;\">\u00a0<\/span><\/span><\/p>\n<p><span style=\"font-family: tahoma;\"><span style=\"font-size: 12px;\">Bovinos:\u00a0<\/span><\/span><\/p>\n<p><span style=\"font-family: tahoma;\"><span style=\"font-size: 12px;\">&#8211; 1 ml cada 10 kg de peso contra endoparasitas.\u00a0<\/span><\/span><\/p>\n<p><span style=\"font-family: tahoma;\"><span style=\"font-size: 12px;\">&#8211; 1 ml cada 5 kg de peso contra ectoparasitas.\u00a0<\/span><\/span><\/p>\n<p><span style=\"font-family: tahoma;\"><span style=\"font-size: 12px;\">\u00a0<\/span><\/span><\/p>\n<p><span style=\"font-family: tahoma;\"><span style=\"font-size: 12px;\">PER\u00cdODO DE CAR\u00caNCIA:\u00a0<\/span><\/span><\/p>\n<p><span style=\"font-family: tahoma;\"><span style=\"font-size: 12px;\">N\u00e3o enviar para abate para consumo nem destinar o leite para ind\u00fastria ou consumo humano at\u00e9 transcorridos 30 dias da dosagem dos animais.\u00a0<\/span><\/span><\/p>\n<p><span style=\"font-family: tahoma;\"><span style=\"font-size: 12px;\">Seu uso n\u00e3o est\u00e1 autorizado para o sarado de focos de Sarna Ovina<\/span><\/span><\/p>\n<p>&nbsp;<\/p>\n","protected":false},"excerpt":{"rendered":"<p>Antiparasit\u00e1rio Interno e Externo \u00e0 base de Closantel, para bovinos e ovinos. F\u00d3RMULA:\u00a0 Cada 100 ml cont\u00e9m:\u00a0 Closantel&#8230;&#8230;&#8230;&#8230;&#8230;&#8230;&#8230;&#8230;&#8230;&#8230;&#8230;&#8230;&#8230;&#8230;&#8230;&#8230;&#8230;&#8230;&#8230;&#8230;&#8230;10 gr\u00a0 Excipientes q.s.p&#8230;&#8230;&#8230;&#8230;&#8230;&#8230;&#8230;&#8230;&#8230;&#8230;&#8230;&#8230;&#8230;&#8230;&#8230;&#8230;..100 ml\u00a0<\/p>\n","protected":false},"featured_media":17027,"template":"","meta":{"_acf_changed":false},"product_brand":[962],"product_cat":[167],"product_tag":[992],"class_list":{"0":"post-17026","1":"product","2":"type-product","3":"status-publish","4":"has-post-thumbnail","6":"product_brand-microsules","7":"product_cat-vermifugos-e-carrapaticidas","8":"product_tag-microsules","10":"first","11":"instock","12":"shipping-taxable","13":"purchasable","14":"product-type-simple"},"acf":[],"_links":{"self":[{"href":"https:\/\/vetsul.com\/index.php\/wp-json\/wp\/v2\/product\/17026","targetHints":{"allow":["GET"]}}],"collection":[{"href":"https:\/\/vetsul.com\/index.php\/wp-json\/wp\/v2\/product"}],"about":[{"href":"https:\/\/vetsul.com\/index.php\/wp-json\/wp\/v2\/types\/product"}],"wp:featuredmedia":[{"embeddable":true,"href":"https:\/\/vetsul.com\/index.php\/wp-json\/wp\/v2\/media\/17027"}],"wp:attachment":[{"href":"https:\/\/vetsul.com\/index.php\/wp-json\/wp\/v2\/media?parent=17026"}],"wp:term":[{"taxonomy":"product_brand","embeddable":true,"href":"https:\/\/vetsul.com\/index.php\/wp-json\/wp\/v2\/product_brand?post=17026"},{"taxonomy":"product_cat","embeddable":true,"href":"https:\/\/vetsul.com\/index.php\/wp-json\/wp\/v2\/product_cat?post=17026"},{"taxonomy":"product_tag","embeddable":true,"href":"https:\/\/vetsul.com\/index.php\/wp-json\/wp\/v2\/product_tag?post=17026"}],"curies":[{"name":"wp","href":"https:\/\/api.w.org\/{rel}","templated":true}]}}