{"id":17012,"date":"2018-01-10T15:01:02","date_gmt":"2018-01-10T17:01:02","guid":{"rendered":"http:\/\/35.194.95.18\/wp-admin\/?post_type=product&#038;p=17012"},"modified":"2025-02-07T16:00:26","modified_gmt":"2025-02-07T19:00:26","slug":"zalix-10ml","status":"publish","type":"product","link":"https:\/\/vetsul.com\/index.php\/product\/zalix-10ml\/","title":{"rendered":"Zalix 10ml"},"content":{"rendered":"<p>ZALIX\u00ae<\/p>\n<p>Diur\u00e9tico, com uma boa margem de controle da diurese, em que a mesma pode ser controlada de acordo com a necessidade, desde uma diurese moderada, at\u00e9 uma r\u00e1pida e imediata, em bovinos, equ\u00ednos, ovinos, caprinos, su\u00ednos, c\u00e3es e gatos.<\/p>\n<p>Composi\u00e7\u00e3o<\/p>\n<p>&nbsp;<\/p>\n<p>Cada 10 ml cont\u00e9m:<\/p>\n<p>Furosemida &#8230;&#8230;&#8230;&#8230;&#8230;&#8230;&#8230;&#8230;&#8230;&#8230;&#8230;&#8230;.. 530 mg<\/p>\n<p>Ve\u00edculo q.s.p. &#8230;&#8230;&#8230;&#8230;&#8230;&#8230;&#8230;&#8230;&#8230;&#8230;&#8230;&#8230;. 10 ml<\/p>\n<p>&nbsp;<\/p>\n<p>Indica\u00e7\u00f5es<\/p>\n<p>&nbsp;<\/p>\n<p>Diur\u00e9tico, indicado para todas as esp\u00e9cies animais, nos seguintes casos:<\/p>\n<p>&nbsp;<\/p>\n<p>No edema pulmonar (congest\u00e3o pulmonar, ascite), em que uma inje\u00e7\u00e3o intravenosa alivia quase imediatamente os sintomas de edema por influ\u00eancia card\u00edaca e no edema pulmonar por intoxica\u00e7\u00e3o aguda, por\u00e9m em alguns casos \u00e9 necess\u00e1rio duplicar ou triplicar as doses<\/p>\n<p>No edema renal, em que esta enfermidade responde corretamente ao tratamento com ZALIX\u00ae, que exerce um efeito diur\u00e9tico, embora com uma filtra\u00e7\u00e3o glomerular muito restrita, mostrando efic\u00e1cia correta no caso de gromerulonefrite cr\u00f4nica<\/p>\n<p>No edema da gesta\u00e7\u00e3o, quando houver necessidade de uma diurese mais efetiva, em que ZALIX\u00ae atua sem nenhum efeito patol\u00f3gico e sem nenhuma contra-indica\u00e7\u00e3o nos animais em gesta\u00e7\u00e3o<\/p>\n<p>Recomenda-se especialmente sua aplica\u00e7\u00e3o durante os 3 \u00faltimos meses da gesta\u00e7\u00e3o, a fim de eliminar os l\u00edquidos em excesso, acumulados no organismo<\/p>\n<p>No edema card\u00edaco, sem contra-indica\u00e7\u00f5es e \u00e9 recomend\u00e1vel o uso combinado de ZALIX\u00ae com gluc\u00f3sides card\u00edacos<\/p>\n<p>No Edema hep\u00e1tico, n\u00e3o havendo nenhuma influ\u00eancia negativa do ZALIX\u00ae sobre o f\u00edgado, face o que se recomenda na ascite resistente<\/p>\n<p>Nas intoxica\u00e7\u00f5es alimentares de diversas origens (alimentares, por drogas estimulantes, auto-intoxica\u00e7\u00f5es intestinais ou mi\u00f3genas)<\/p>\n<p>Dosagem<\/p>\n<p>&nbsp;<\/p>\n<p>Bovinos e eq\u00fcinos &#8211; de 5 a 10 ml (265 a 530 mg)<\/p>\n<p>Bezerros, su\u00ednos, ovinos, caprinos e potros &#8211; de 1 a 2,5 ml (53 a 132,5 mg)C\u00e3es e gatos &#8211; de \u00bc a \u00bd ml (12,5 a 25 mg), por 20 Kg de peso<\/p>\n<p>&nbsp;<\/p>\n<p>Vias de aplica\u00e7\u00e3o<\/p>\n<p>&nbsp;<\/p>\n<p>Uso interno, pela via intramuscular e intravenosa, uma a duas vezes por dia, com intervalos de 6 a 8 horas, at\u00e9 a obten\u00e7\u00e3o dos resultados requeridos.<\/p>\n<p>A posologia pode ser alterada de acordo com a prescri\u00e7\u00e3o do M\u00e9dico Veterin\u00e1rio.<\/p>\n<p>&nbsp;<\/p>\n<p>Cuidados e precau\u00e7\u00f5es<\/p>\n<p>&nbsp;<\/p>\n<p>Quando utilizar Digoxina em c\u00e3es, n\u00e3o utilizar o ZALIX\u00ae<\/p>\n<p>N\u00e3o utilizar o produto em casos de coma hep\u00e1tico, insufici\u00eancia renal e nas defici\u00eancias eletrol\u00edticas<\/p>\n<p>Apresenta\u00e7\u00e3o<\/p>\n<p>&nbsp;<\/p>\n<p>Frasco-ampola de 10 ml<\/p>\n","protected":false},"excerpt":{"rendered":"<p>ZALIX\u00ae Diur\u00e9tico, com uma boa margem de controle da diurese, em que a mesma pode ser controlada de acordo com a necessidade,<\/p>\n","protected":false},"featured_media":17013,"template":"","meta":{"_acf_changed":false},"product_brand":[961],"product_cat":[168,174,179],"product_tag":[996],"class_list":{"0":"post-17012","1":"product","2":"type-product","3":"status-publish","4":"has-post-thumbnail","6":"product_brand-msd","7":"product_cat-anti-inflamatorios","8":"product_cat-anti-inflamatorios-3","9":"product_cat-anti-inflamatorio","10":"product_tag-msd","12":"first","13":"outofstock","14":"purchasable","15":"product-type-simple"},"acf":[],"_links":{"self":[{"href":"https:\/\/vetsul.com\/index.php\/wp-json\/wp\/v2\/product\/17012","targetHints":{"allow":["GET"]}}],"collection":[{"href":"https:\/\/vetsul.com\/index.php\/wp-json\/wp\/v2\/product"}],"about":[{"href":"https:\/\/vetsul.com\/index.php\/wp-json\/wp\/v2\/types\/product"}],"wp:featuredmedia":[{"embeddable":true,"href":"https:\/\/vetsul.com\/index.php\/wp-json\/wp\/v2\/media\/17013"}],"wp:attachment":[{"href":"https:\/\/vetsul.com\/index.php\/wp-json\/wp\/v2\/media?parent=17012"}],"wp:term":[{"taxonomy":"product_brand","embeddable":true,"href":"https:\/\/vetsul.com\/index.php\/wp-json\/wp\/v2\/product_brand?post=17012"},{"taxonomy":"product_cat","embeddable":true,"href":"https:\/\/vetsul.com\/index.php\/wp-json\/wp\/v2\/product_cat?post=17012"},{"taxonomy":"product_tag","embeddable":true,"href":"https:\/\/vetsul.com\/index.php\/wp-json\/wp\/v2\/product_tag?post=17012"}],"curies":[{"name":"wp","href":"https:\/\/api.w.org\/{rel}","templated":true}]}}