{"id":17002,"date":"2018-01-10T14:43:30","date_gmt":"2018-01-10T16:43:30","guid":{"rendered":"http:\/\/35.194.95.18\/wp-admin\/?post_type=product&#038;p=17002"},"modified":"2025-04-08T14:59:21","modified_gmt":"2025-04-08T17:59:21","slug":"vitagold-potenciado-50ml","status":"publish","type":"product","link":"https:\/\/vetsul.com\/index.php\/product\/vitagold-potenciado-50ml\/","title":{"rendered":"VITAGOLD POTENCIADO  50ml"},"content":{"rendered":"<p>VITAGOLD POTENCIADO&nbsp;&nbsp;&nbsp;&nbsp;&nbsp;&nbsp;<\/p>\n<p><\/p>\n<p>Indica\u00e7\u00e3o do produto:&nbsp;<\/p>\n<p>Indicado para suplementar vitaminas lipossol\u00faveis e hidrossol\u00faveis em animais de produ\u00e7\u00e3o e de companhia.&nbsp;<\/p>\n<p><\/p>\n<p>Composi\u00e7\u00e3o b\u00e1sica do produto:&nbsp;<\/p>\n<p>Nicotinamida; Hidr\u00f3xido de tolueno butilado (BHT); Vitamina A; Vitamina B1; Vitamina B2; Vitamina B6; Vitamina B12; Vitamina D3; Vitamina E.<\/p>\n<p>F\u00f3rmula:<\/p>\n<p>Cada 1L cont\u00e9m:<\/p>\n<p>Vitamina A&#8230;&#8230;&#8230;&#8230;&#8230;&#8230;&#8230;&#8230;&#8230;&#8230;&#8230;&#8230;.15.000.000 UI<\/p>\n<p>Vitamina D3&#8230;&#8230;&#8230;&#8230;&#8230;&#8230;&#8230;&#8230;&#8230;&#8230;&#8230;&#8230;.4.000.000 UI<\/p>\n<p>Vitamina E&#8230;&#8230;&#8230;&#8230;&#8230;&#8230;&#8230;&#8230;&#8230;&#8230;&#8230;&#8230;&#8230;&#8230;&#8230;1.000 mg<\/p>\n<p>Vitamina B1&#8230;&#8230;&#8230;&#8230;&#8230;&#8230;&#8230;&#8230;&#8230;&#8230;&#8230;&#8230;&#8230;&#8230;.4.000 mg<\/p>\n<p>Vitamina B2&#8230;&#8230;&#8230;&#8230;&#8230;&#8230;&#8230;&#8230;&#8230;&#8230;&#8230;&#8230;&#8230;&#8230;.1.500 mg<\/p>\n<p>Vitamina B6&#8230;&#8230;&#8230;&#8230;&#8230;&#8230;&#8230;&#8230;&#8230;&#8230;&#8230;&#8230;&#8230;&#8230;.2.000 mg<\/p>\n<p>Vitamina B12&#8230;&#8230;&#8230;&#8230;&#8230;&#8230;&#8230;&#8230;&#8230;&#8230;&#8230;&#8230;&#8230;.4.800 mcg<\/p>\n<p>Nicotinamida&#8230;&#8230;&#8230;&#8230;&#8230;&#8230;&#8230;&#8230;&#8230;&#8230;&#8230;&#8230;&#8230;..10.000 mg<\/p>\n<p><\/p>\n<p>Indica\u00e7\u00f5es:<\/p>\n<p>Em todos os casos em que se necessite a mudan\u00e7a na alimenta\u00e7\u00e3o, alojamento e transporte, ambiente n\u00e3o favor\u00e1vel devido ao frio, vento, calor excessivo, vacina\u00e7\u00f5es e esgotamento.<\/p>\n<p><\/p>\n<p>Dosagem:<\/p>\n<p>Com o auxilio de uma colher ou conta gotas, misturado a \u00e1gua ou leite. Doses di\u00e1rias.<\/p>\n<p>Bovinos &#8211; Bezerros 3 a 5 mL; Touros 5 a 10 mL; Vacas 5 a 10 mL em meses alternados da lacta\u00e7\u00e3o.<\/p>\n<p>Su\u00ednos &#8211; 0,5 a 1 mL; Porcas e Cachacos 5 mL<\/p>\n<p>Equinos &#8211; Potros 3 a 5 mL; Garanh\u00f5es e \u00e9guas 5 mL; Cavalos submetidos a esfor\u00e7o de corrida 10 mL<\/p>\n<p>Ovinos e Caprinos &#8211; 1 a 3 mL;&nbsp;<\/p>\n<p>Aves &#8211; Pintos at\u00e9 30 dias 2 litros por mil; Pintos de 30 a 90 dias 1 litro por mil; Adultos 0,5 litors por mil.<\/p>\n<p>C\u00e3es &#8211; Grande porte e cadelas amamentando 40 gotas (2 mL); M\u00e9dio porte 20 gotas (1 mL); pequeno porte e filhotes 10 gotas (0,5 mL); C\u00e3es idosos 20 gotas (1 mL)<\/p>\n<p>Gatos 10 gotas (0,5 mL) a 20 gotas (1 mL)<\/p>\n<p>Coelhos &#8211; Reprodu\u00e7\u00e3o e Crescimento 40 gotas (2mL) por litro.<\/p>\n<p>P\u00e1ssaros &#8211; nas \u00e9pocas de mudas e reprodu\u00e7\u00e3o, troca de viveiros etc 3 a 6 gotas por 100 mL.<\/p>\n<p><\/p>\n<p>Administra\u00e7\u00e3o:<\/p>\n<p>Via Oral<\/p>\n<p><\/p>\n<p>Precau\u00e7\u00f5es:<\/p>\n<p>Conservar o frasco em local seco e fresco, ao abrigo da luz solar, fora do alcance de crina\u00e7as e de animais dom\u00e9sticos.<\/p>\n<p><\/p>\n<p>Apresenta\u00e7\u00e3o:<\/p>\n<p>Frasco de vidro \u00e2mbar de 50 e 250 mL<\/p>\n<p><\/p>\n<p>Classe Terap\u00eautica:<\/p>\n<p>VITAMINAS (FORMULA\u00c7\u00d5ES PURAS E COMPLEXOS)<\/p>\n<p><\/p>\n<p>Princ\u00edpio(s) Ativo(s):<\/p>\n<p>VITAMINA A<\/p>\n<p>VITAMINAS DO COMPLEXO B<\/p>\n<p>VITAMINA B12 (CIANOCOBALAMINA)<\/p>\n<p>VITAMINA D<\/p>\n<p>VITAMINA E<\/p>\n<p>NICOTINAMIDA (VITAMINA PP)<\/p>\n<p><\/p>\n<p>Registro no Minist\u00e9rio da Agricultura, Pecu\u00e1ria e Abastecimento:<\/p>\n<p>SP-00403-00018<\/p>\n<p><\/p>\n<p>Respons\u00e1vel T\u00e9cnico:<\/p>\n<p>Ricardo Leandro Cazes &#8211; CRMV: SP\/5102<\/p>\n<p><\/p>\n<p>Servi\u00e7o de Atendimento ao Consumidor:<\/p>\n<p>0800-116262<\/p>\n<div><\/div>\n","protected":false},"excerpt":{"rendered":"<p>VITAGOLD POTENCIADO&nbsp;&nbsp;&nbsp;&nbsp;&nbsp;&nbsp; Indica\u00e7\u00e3o do produto:&nbsp; Indicado para suplementar vitaminas lipossol\u00faveis e hidrossol\u00faveis em animais de produ\u00e7\u00e3o e de companhia.&nbsp; Composi\u00e7\u00e3o b\u00e1sica do<\/p>\n","protected":false},"featured_media":17003,"template":"","meta":{"_acf_changed":false},"product_brand":[],"product_cat":[173,178,182],"product_tag":[],"class_list":{"0":"post-17002","1":"product","2":"type-product","3":"status-publish","4":"has-post-thumbnail","6":"product_cat-suplementos-e-vitaminas","7":"product_cat-suplementos-e-vitaminas-2","8":"product_cat-suplementos-e-vitaminas-3","10":"first","11":"instock","12":"purchasable","13":"product-type-simple"},"acf":[],"_links":{"self":[{"href":"https:\/\/vetsul.com\/index.php\/wp-json\/wp\/v2\/product\/17002","targetHints":{"allow":["GET"]}}],"collection":[{"href":"https:\/\/vetsul.com\/index.php\/wp-json\/wp\/v2\/product"}],"about":[{"href":"https:\/\/vetsul.com\/index.php\/wp-json\/wp\/v2\/types\/product"}],"wp:featuredmedia":[{"embeddable":true,"href":"https:\/\/vetsul.com\/index.php\/wp-json\/wp\/v2\/media\/17003"}],"wp:attachment":[{"href":"https:\/\/vetsul.com\/index.php\/wp-json\/wp\/v2\/media?parent=17002"}],"wp:term":[{"taxonomy":"product_brand","embeddable":true,"href":"https:\/\/vetsul.com\/index.php\/wp-json\/wp\/v2\/product_brand?post=17002"},{"taxonomy":"product_cat","embeddable":true,"href":"https:\/\/vetsul.com\/index.php\/wp-json\/wp\/v2\/product_cat?post=17002"},{"taxonomy":"product_tag","embeddable":true,"href":"https:\/\/vetsul.com\/index.php\/wp-json\/wp\/v2\/product_tag?post=17002"}],"curies":[{"name":"wp","href":"https:\/\/api.w.org\/{rel}","templated":true}]}}