{"id":16994,"date":"2018-01-10T14:29:35","date_gmt":"2018-01-10T16:29:35","guid":{"rendered":"http:\/\/35.194.95.18\/wp-admin\/?post_type=product&#038;p=16994"},"modified":"2025-04-08T14:59:21","modified_gmt":"2025-04-08T17:59:21","slug":"vetaglos-pomada-50ml","status":"publish","type":"product","link":"https:\/\/vetsul.com\/index.php\/product\/vetaglos-pomada-50ml\/","title":{"rendered":"Vetagl\u00f3s Pomada 50ml"},"content":{"rendered":"<p>Vetagl\u00f3s Pomada<\/p>\n<p>Anti-infecciosa, epitelizante e cicatrizante<\/p>\n<p><\/p>\n<p>A f\u00f3rmula de Vetagl\u00f3s Pomada cont\u00e9m agentes antimicrobianos altamente eficazes no combate aos diversos micro-organismos que podem estar presentes nas infec\u00e7\u00f5es dermatol\u00f3gicas.<\/p>\n<p><\/p>\n<p>A Gentamicina \u00e9 ativa contra Enterobacter aerogenes, Escherichia coli, Klebsiella pneumoniae, esp\u00e9cies de Proteus indol-positivas e indol-negativas, Pseudomonas aeruginosa, algumas esp\u00e9cies de Serratia n\u00e3o pigmentada e muitas esp\u00e9cies de Salmonella e Shigella.<\/p>\n<p><\/p>\n<p>A Sulfanilamida e Sulfadiazina s\u00e3o ativas contra esp\u00e9cies de Streptococcus, Proteus, Pasteurella e Salmonella, al\u00e9m do Staphylococcus aureus e E. coli. Tamb\u00e9m t\u00eam alta efic\u00e1cia contra Clostridium perfringens e contra g\u00eaneros Bacteroides e Fusobacterium. A atividade antibacteriana das sulfas \u00e9 aumentada pela ureia presente na f\u00f3rmula de Vetagl\u00f3s Pomada.<\/p>\n<p><\/p>\n<p>Vetagl\u00f3s Pomada possui tamb\u00e9m em sua f\u00f3rmula a Vitamina A que tem extraordin\u00e1ria a\u00e7\u00e3o sobre o epit\u00e9lio, auxiliando na manuten\u00e7\u00e3o e regenera\u00e7\u00e3o do mesmo.<\/p>\n<p><\/p>\n<p>INDICA\u00c7\u00c3O DO PRODUTO<\/p>\n<p><\/p>\n<p>Nos ferimentos superficiais de pele ou de dif\u00edcil cicatriza\u00e7\u00e3o;<\/p>\n<p>Nos ferimentos infectados das regi\u00f5es de articula\u00e7\u00f5es muito m\u00f3veis;<\/p>\n<p>Nas feridas e pisaduras infectadas, provocadas por selas e arreios;<\/p>\n<p>Nas feridas ou escaras de dec\u00fabito infectadas, perdas epiteliais, les\u00f5es de escoria\u00e7\u00f5es, de coceiras do casco e da pele;<\/p>\n<p>Nas \u00falceras infectadas e purulentas, fur\u00fanculos e abscessos;<\/p>\n<p>Nas queimaduras e erup\u00e7\u00f5es vesiculosas e varioliformes;<\/p>\n<p>Nas dermatites (inflama\u00e7\u00e3o da pele) e rachaduras da pele;<\/p>\n<p>Nas pododermatites necrosantes (necrobacilose dos cascos), como coadjuvante;<\/p>\n<p>Na prote\u00e7\u00e3o das feridas cir\u00fargicas.<\/p>\n<p><\/p>\n<p>N\u00cdVEL DE GARANTIA DO PRODUTO<\/p>\n<p><\/p>\n<p>Cada 100 g cont\u00e9m:<\/p>\n<p>Gentamicina (Sulfato)\u2026\u2026\u2026\u2026\u2026\u2026\u2026\u2026\u2026\u2026\u2026\u2026\u2026\u2026\u2026\u2026\u2026\u2026\u20260,5 g<\/p>\n<p>Sulfanilamida\u2026\u2026\u2026\u2026\u2026\u2026\u2026\u2026\u2026\u2026\u2026\u2026\u2026\u2026\u2026\u2026\u2026\u2026\u2026\u2026\u2026\u2026..5,0 g<\/p>\n<p>Sulfadiazina\u2026\u2026\u2026\u2026\u2026\u2026\u2026\u2026\u2026\u2026\u2026\u2026\u2026\u2026\u2026\u2026\u2026\u2026\u2026\u2026\u2026\u2026\u2026.5,0 g<\/p>\n<p>Ur\u00e9ia\u2026\u2026\u2026\u2026\u2026\u2026\u2026\u2026\u2026\u2026\u2026\u2026\u2026\u2026\u2026\u2026\u2026\u2026\u2026\u2026\u2026\u2026\u2026\u2026\u2026\u2026.5,0 g<\/p>\n<p>Vitamina A\u2026\u2026\u2026\u2026\u2026\u2026\u2026\u2026\u2026\u2026\u2026\u2026\u2026\u2026\u2026\u2026\u2026\u2026\u2026\u2026\u2026.120.000 UI<\/p>\n<p>Excipiente q.s.p\u2026\u2026\u2026\u2026\u2026\u2026\u2026\u2026\u2026\u2026\u2026\u2026\u2026\u2026\u2026\u2026\u2026\u2026\u2026\u2026.100,0 g<\/p>\n<p><\/p>\n<p>MODO DE USAR<\/p>\n<p><\/p>\n<p>Aplicar uma fina camada, 1 a 2 vezes ao dia, ap\u00f3s pr\u00e9via limpeza das \u00e1reas afetadas.<\/p>\n<p><\/p>\n<p>O tratamento dever\u00e1 ter continuidade por 48 horas ap\u00f3s o desaparecimento dos sintomas.<\/p>\n","protected":false},"excerpt":{"rendered":"<p>Vetagl\u00f3s Pomada Anti-infecciosa, epitelizante e cicatrizante A f\u00f3rmula de Vetagl\u00f3s Pomada cont\u00e9m agentes antimicrobianos altamente eficazes no combate aos diversos micro-organismos que<\/p>\n","protected":false},"featured_media":16995,"template":"","meta":{"_acf_changed":false},"product_brand":[954],"product_cat":[170,175],"product_tag":[991],"class_list":{"0":"post-16994","1":"product","2":"type-product","3":"status-publish","4":"has-post-thumbnail","6":"product_brand-vetnil","7":"product_cat-anti-microbianos","8":"product_cat-antimicrobianos-2","9":"product_tag-vetnil","11":"first","12":"instock","13":"purchasable","14":"product-type-simple"},"acf":[],"_links":{"self":[{"href":"https:\/\/vetsul.com\/index.php\/wp-json\/wp\/v2\/product\/16994","targetHints":{"allow":["GET"]}}],"collection":[{"href":"https:\/\/vetsul.com\/index.php\/wp-json\/wp\/v2\/product"}],"about":[{"href":"https:\/\/vetsul.com\/index.php\/wp-json\/wp\/v2\/types\/product"}],"wp:featuredmedia":[{"embeddable":true,"href":"https:\/\/vetsul.com\/index.php\/wp-json\/wp\/v2\/media\/16995"}],"wp:attachment":[{"href":"https:\/\/vetsul.com\/index.php\/wp-json\/wp\/v2\/media?parent=16994"}],"wp:term":[{"taxonomy":"product_brand","embeddable":true,"href":"https:\/\/vetsul.com\/index.php\/wp-json\/wp\/v2\/product_brand?post=16994"},{"taxonomy":"product_cat","embeddable":true,"href":"https:\/\/vetsul.com\/index.php\/wp-json\/wp\/v2\/product_cat?post=16994"},{"taxonomy":"product_tag","embeddable":true,"href":"https:\/\/vetsul.com\/index.php\/wp-json\/wp\/v2\/product_tag?post=16994"}],"curies":[{"name":"wp","href":"https:\/\/api.w.org\/{rel}","templated":true}]}}