{"id":16992,"date":"2018-01-10T14:26:37","date_gmt":"2018-01-10T16:26:37","guid":{"rendered":"http:\/\/35.194.95.18\/wp-admin\/?post_type=product&#038;p=16992"},"modified":"2025-08-12T10:05:13","modified_gmt":"2025-08-12T13:05:13","slug":"verrutrat-clorobutanol-20ml","status":"publish","type":"product","link":"https:\/\/vetsul.com\/index.php\/product\/verrutrat-clorobutanol-20ml\/","title":{"rendered":"VERRUTRAT (CLOROBUTANOL) &#8211; 20ml"},"content":{"rendered":"<p>VERRUTRAT \u00e9 indicado no tratamento de papilomatose (verruga) ou figueira dos animais de grande ou pequeno porte.<\/p>\n<p>F\u00f3rmula:<\/p>\n<p>Cada frasco ampola de 20mL cont\u00e9m:<\/p>\n<p>Clorobutanol . . . . . . . . . . . . . . . . . . . . 5,0g<\/p>\n<p>Ve\u00edculo oleoso q.s.p.. . . . . . . . . . . . . . 20,0mL<\/p>\n<p><\/p>\n<p>Indica\u00e7\u00f5es:<\/p>\n<p>Animais de Grande Porte<\/p>\n<p>No tratamento da papilomatose (verrugas) ou figueiras dos animais de grande porte.<\/p>\n<p><\/p>\n<p>Propriedades<\/p>\n<p>O Clorobutanol provavelmente age no metabolismo do v\u00edrus causador da papilomatose, impedindo o seu crescimento, al\u00e9m do seu alto poder antiss\u00e9ptico e anest\u00e9sico local, fazendo com a aplica\u00e7\u00e3o do produto seja indolor.<\/p>\n<p>As verrugas desaparecer\u00e3o num espa\u00e7o de tempo que varia entre 15 a 60 dias, sem deixar cicatrizes e sem o aparecimento de recidivas.&nbsp;<\/p>\n<p><\/p>\n<p>Dosagem:<\/p>\n<p>-Aplicar VERRUTRAT no local do papiloma ( verruga ) ou em qualquer outro local, usar preferencialmente agulha grossa ( calibre 8 ) por um comprimento de 10 mm.<\/p>\n<p>-A dose a ser aplicada \u00e9 de 1 mL para cada 20 Kg de peso corp\u00f3reo do animal, nas verrugas gigantes a dosagem deve ser repetida ap\u00f3s 10 dias da primeira aplica\u00e7\u00e3o.<\/p>\n<p>-Nas verrugas pequenas, o uso local di\u00e1ria produz bons resultados.<\/p>\n<p>-Modifica\u00e7\u00f5es na posologia e modo de usar poder\u00e3o ser feitas seguindo o crit\u00e9rio do M\u00e9dico Veterin\u00e1rio.<\/p>\n<p><\/p>\n<p>Administra\u00e7\u00e3o:<\/p>\n<p>Administrar por via subcut\u00e2nea.<\/p>\n<p><\/p>\n<p>Precau\u00e7\u00f5es:<\/p>\n<p>Manter a embalagem fechada em local fresco e seco, ao abrigo da luz solar e fora do alcance de crian\u00e7as e animais dom\u00e9sticos.<\/p>\n<p><\/p>\n<p>Apresenta\u00e7\u00e3o:<\/p>\n<p>Caixa com 12 frascos &#8211; ampola de 20mL.<\/p>\n<p><\/p>\n<p>Classe Terap\u00eautica:<\/p>\n<p>OUTROS<\/p>\n<p><\/p>\n<p>Princ\u00edpio(s) Ativo(s):<\/p>\n<p>CLOROBUTANOL<\/p>\n<p><\/p>\n<p>Registro no Minist\u00e9rio da Agricultura, Pecu\u00e1ria e Abastecimento:<\/p>\n<p>2.176\/1.985<\/p>\n<div><\/div>\n","protected":false},"excerpt":{"rendered":"<p>VERRUTRAT \u00e9 indicado no tratamento de papilomatose (verruga) ou figueira dos animais de grande ou pequeno porte. F\u00f3rmula: Cada frasco ampola de<\/p>\n","protected":false},"featured_media":16993,"template":"","meta":{"_acf_changed":false},"product_brand":[977],"product_cat":[168,174,164,163],"product_tag":[1001],"class_list":{"0":"post-16992","1":"product","2":"type-product","3":"status-publish","4":"has-post-thumbnail","6":"product_brand-ucb","7":"product_cat-anti-inflamatorios","8":"product_cat-anti-inflamatorios-3","9":"product_cat-bovinos-e-ovinos","10":"product_cat-equinos","11":"product_tag-ucb","13":"first","14":"instock","15":"purchasable","16":"product-type-simple"},"acf":[],"_links":{"self":[{"href":"https:\/\/vetsul.com\/index.php\/wp-json\/wp\/v2\/product\/16992","targetHints":{"allow":["GET"]}}],"collection":[{"href":"https:\/\/vetsul.com\/index.php\/wp-json\/wp\/v2\/product"}],"about":[{"href":"https:\/\/vetsul.com\/index.php\/wp-json\/wp\/v2\/types\/product"}],"wp:featuredmedia":[{"embeddable":true,"href":"https:\/\/vetsul.com\/index.php\/wp-json\/wp\/v2\/media\/16993"}],"wp:attachment":[{"href":"https:\/\/vetsul.com\/index.php\/wp-json\/wp\/v2\/media?parent=16992"}],"wp:term":[{"taxonomy":"product_brand","embeddable":true,"href":"https:\/\/vetsul.com\/index.php\/wp-json\/wp\/v2\/product_brand?post=16992"},{"taxonomy":"product_cat","embeddable":true,"href":"https:\/\/vetsul.com\/index.php\/wp-json\/wp\/v2\/product_cat?post=16992"},{"taxonomy":"product_tag","embeddable":true,"href":"https:\/\/vetsul.com\/index.php\/wp-json\/wp\/v2\/product_tag?post=16992"}],"curies":[{"name":"wp","href":"https:\/\/api.w.org\/{rel}","templated":true}]}}