{"id":16990,"date":"2018-01-10T14:23:56","date_gmt":"2018-01-10T16:23:56","guid":{"rendered":"http:\/\/35.194.95.18\/wp-admin\/?post_type=product&#038;p=16990"},"modified":"2025-08-12T10:05:13","modified_gmt":"2025-08-12T13:05:13","slug":"vampiricid-50-g","status":"publish","type":"product","link":"https:\/\/vetsul.com\/index.php\/product\/vampiricid-50-g\/","title":{"rendered":"VAMPIRICID &#8211; 50 G"},"content":{"rendered":"<p>Vampiricid<\/p>\n<p>&nbsp;<\/p>\n<p>Indica\u00e7\u00f5es:<\/p>\n<p>Vampiricid \u00e9 um produto a base de Warfarina, subst\u00e2ncia de a\u00e7\u00e3o anticoagulante, que ap\u00f3s ingerida pelos morcegos hemat\u00f3fagos produz hemorragias internas e generalizadas, levando-os \u00e0 morte. Indicado para controle de morcegos hemat\u00f3fagos, com aplica\u00e7\u00e3o t\u00f3pica nas feridas de bovinos, bubalinos, equinos, asininos, muares, caprinos, su\u00ednos e ovinos.<\/p>\n<p>&nbsp;<\/p>\n<p>F\u00f3rmula:<\/p>\n<p>Cada 100g de Vampiricid cont\u00e9m:<\/p>\n<p>Warfarina t\u00e9cnica&#8230;&#8230;&#8230;&#8230;&#8230;&#8230;&#8230;&#8230;&#8230;&#8230;&#8230;&#8230;&#8230;&#8230;&#8230;&#8230;2g<\/p>\n<p>Excipiente q.s.p. &#8230;&#8230;&#8230;&#8230;&#8230;&#8230;&#8230;&#8230;&#8230;&#8230;&#8230;&#8230;&#8230;&#8230;&#8230;&#8230;100g<\/p>\n<p>&nbsp;<\/p>\n<p>Dosagem do produto Vampiricid:<\/p>\n<p>Aplicar a pasta com o bico da bisnaga ao redor das mordeduras recentes produzidas por morcegos hemat\u00f3fagos, procurando fazer um c\u00edrculo de 3 cm de di\u00e2metro em torno do ferimento. A aplica\u00e7\u00e3o deve ser feita ao entardecer. Repetir o tratamento quantas vezes se fizer necess\u00e1rio. N\u00e3o aplicar o produto em feridas localizadas nas tetas das f\u00eameas em lacta\u00e7\u00e3o.<\/p>\n<p>&nbsp;<\/p>\n<p>Para mais informa\u00e7\u00f5es, consulte a bula dispon\u00edvel on-line. Siga sempre a orienta\u00e7\u00e3o de um M\u00e9dico Veterin\u00e1rio.<\/p>\n<p>&nbsp;<\/p>\n<p>Apresenta\u00e7\u00e3o do produto Vampiricid:<\/p>\n<p>Embalado em bisnaga de 50g.<\/p>\n","protected":false},"excerpt":{"rendered":"<p>Vampiricid &nbsp; Indica\u00e7\u00f5es: Vampiricid \u00e9 um produto a base de Warfarina, subst\u00e2ncia de a\u00e7\u00e3o anticoagulante, que ap\u00f3s ingerida pelos morcegos hemat\u00f3fagos produz<\/p>\n","protected":false},"featured_media":16991,"template":"","meta":{"_acf_changed":false},"product_brand":[1002],"product_cat":[194],"product_tag":[1003],"class_list":{"0":"post-16990","1":"product","2":"type-product","3":"status-publish","4":"has-post-thumbnail","6":"product_brand-vallee","7":"product_cat-todos-os-produtos","8":"product_tag-vallee","10":"first","11":"outofstock","12":"purchasable","13":"product-type-simple"},"acf":[],"_links":{"self":[{"href":"https:\/\/vetsul.com\/index.php\/wp-json\/wp\/v2\/product\/16990","targetHints":{"allow":["GET"]}}],"collection":[{"href":"https:\/\/vetsul.com\/index.php\/wp-json\/wp\/v2\/product"}],"about":[{"href":"https:\/\/vetsul.com\/index.php\/wp-json\/wp\/v2\/types\/product"}],"wp:featuredmedia":[{"embeddable":true,"href":"https:\/\/vetsul.com\/index.php\/wp-json\/wp\/v2\/media\/16991"}],"wp:attachment":[{"href":"https:\/\/vetsul.com\/index.php\/wp-json\/wp\/v2\/media?parent=16990"}],"wp:term":[{"taxonomy":"product_brand","embeddable":true,"href":"https:\/\/vetsul.com\/index.php\/wp-json\/wp\/v2\/product_brand?post=16990"},{"taxonomy":"product_cat","embeddable":true,"href":"https:\/\/vetsul.com\/index.php\/wp-json\/wp\/v2\/product_cat?post=16990"},{"taxonomy":"product_tag","embeddable":true,"href":"https:\/\/vetsul.com\/index.php\/wp-json\/wp\/v2\/product_tag?post=16990"}],"curies":[{"name":"wp","href":"https:\/\/api.w.org\/{rel}","templated":true}]}}