{"id":16988,"date":"2018-01-10T14:21:08","date_gmt":"2018-01-10T16:21:08","guid":{"rendered":"http:\/\/35.194.95.18\/wp-admin\/?post_type=product&#038;p=16988"},"modified":"2025-02-07T16:00:26","modified_gmt":"2025-02-07T19:00:26","slug":"valleefer-50ml","status":"publish","type":"product","link":"https:\/\/vetsul.com\/index.php\/product\/valleefer-50ml\/","title":{"rendered":"VALLEEFER &#8211; 50ml"},"content":{"rendered":"<p>\u00c9 indicado na preven\u00e7\u00e3o e tratamento das anemias por defici\u00eancia de ferro e como coadjuvante no tratamento de doen\u00e7as parasit\u00e1rias.<\/p>\n<p>F\u00f3rmula:<\/p>\n<p>Cada mL cont\u00e9m:&nbsp;<\/p>\n<p>Ferro Elementar (Sob a forma de ferro dextrano)&#8230;&#8230;&#8230;&#8230;&#8230;&#8230;&#8230;&#8230;&#8230;&#8230;&#8230;.100,0 mg<\/p>\n<p>Vitamina B12 &#8230;&#8230;&#8230;&#8230;&#8230;&#8230;&#8230;&#8230;&#8230;&#8230;&#8230;&#8230;&#8230;&#8230;&#8230;&#8230;&#8230;&#8230;&#8230;&#8230;&#8230;&#8230;&#8230;&#8230;&#8230;&#8230;&#8230;100,0 mcg<\/p>\n<p>Gluconato de Cobre &#8230;&#8230;&#8230;&#8230;&#8230;&#8230;&#8230;&#8230;&#8230;&#8230;&#8230;&#8230;&#8230;&#8230;&#8230;&#8230;&#8230;&#8230;&#8230;&#8230;&#8230;&#8230;&#8230;&#8230;&#8230;0,22 mg<\/p>\n<p>Ve\u00edculo q.s.p. &#8230;&#8230;&#8230;&#8230;&#8230;&#8230;&#8230;&#8230;&#8230;&#8230;&#8230;&#8230;&#8230;&#8230;&#8230;&#8230;&#8230;&#8230;&#8230;&#8230;&#8230;&#8230;&#8230;&#8230;&#8230;&#8230;&#8230;&#8230;..1,0 mL<\/p>\n<p><\/p>\n<p>Indica\u00e7\u00f5es:<\/p>\n<p>Indicado na preven\u00e7\u00e3o e tratamento das anemias por defici\u00eancias de ferro, principalmente nos leit\u00f5es rec\u00e9m-nascidos e como coadjuvante no tratamento da anaplasmose, piroplasmose, verminoses, leptospiroses, tripanossom\u00edases.<\/p>\n<p><\/p>\n<p>Dosagem:<\/p>\n<p>&#8211; Leit\u00f5es (tratamento preventivo): 2ml entre o terceiro e s\u00e9timo dia de vida.<\/p>\n<p>&#8211; Bezerros e Potros (tratamento preventivo): 2ml na primeira semana de vida. Repetir o tratamento na sexta semana.&nbsp;<\/p>\n<p>&#8211; C\u00e3es e Gatos Jovens (tratamento preventivo): 0,5 ml na primeira semana de vida.<\/p>\n<p>&#8211; Su\u00ednos, Ovinos e Caprinos Adultos (tratamento curativo): 6ml\/ animal.<\/p>\n<p>&#8211; Bovinos e Eq\u00fcinos Adultos (tratamento curativo): 10ml\/ animal.<\/p>\n<p>&#8211; C\u00e3es e Gatos Adultos (tratamento curativo): 1ml\/ animal.<\/p>\n<p>Outras posologias poder\u00e3o ser adotadas a crit\u00e9rio do M\u00e9dico Veterin\u00e1rio.<\/p>\n<p><\/p>\n<p>Administra\u00e7\u00e3o:<\/p>\n<p>Inje\u00e7\u00e3o intramuscular profunda;<\/p>\n<p>Usar seringas e agulhas est\u00e9reis;<\/p>\n<p>Desinfetar o local da aplica\u00e7\u00e3o.<\/p>\n<p><\/p>\n<p>Precau\u00e7\u00f5es:<\/p>\n<p>N\u00c3O H\u00c1 CONTRA-INDICA\u00c7\u00d5ES.<\/p>\n<p><\/p>\n<p>Apresenta\u00e7\u00e3o:<\/p>\n<p>Frascos de vidro \u00e2mbar de 10, 20, 50, 100 e 250 mL.<\/p>\n<p><\/p>\n<p>Classe Terap\u00eautica:<\/p>\n<p>COMPLEXOS<\/p>\n<p><\/p>\n<p>Princ\u00edpio(s) Ativo(s):<\/p>\n<p>FERRO<\/p>\n<p>VITAMINA B12 (CIANOCOBALAMINA)<\/p>\n<p>COBRE<\/p>\n<p><\/p>\n<p>Registro no Minist\u00e9rio da Agricultura, Pecu\u00e1ria e Abastecimento:<\/p>\n<p>769<\/p>\n<p><\/p>\n<p>Respons\u00e1vel T\u00e9cnico:<\/p>\n<p>Gabriel Andrade Pereira Filho &#8211; CRMV: 0510<\/p>\n","protected":false},"excerpt":{"rendered":"<p>\u00c9 indicado na preven\u00e7\u00e3o e tratamento das anemias por defici\u00eancia de ferro e como coadjuvante no tratamento de doen\u00e7as parasit\u00e1rias. F\u00f3rmula: Cada<\/p>\n","protected":false},"featured_media":16989,"template":"","meta":{"_acf_changed":false},"product_brand":[1002],"product_cat":[173,178],"product_tag":[],"class_list":{"0":"post-16988","1":"product","2":"type-product","3":"status-publish","4":"has-post-thumbnail","6":"product_brand-vallee","7":"product_cat-suplementos-e-vitaminas","8":"product_cat-suplementos-e-vitaminas-2","10":"first","11":"outofstock","12":"purchasable","13":"product-type-simple"},"acf":[],"_links":{"self":[{"href":"https:\/\/vetsul.com\/index.php\/wp-json\/wp\/v2\/product\/16988","targetHints":{"allow":["GET"]}}],"collection":[{"href":"https:\/\/vetsul.com\/index.php\/wp-json\/wp\/v2\/product"}],"about":[{"href":"https:\/\/vetsul.com\/index.php\/wp-json\/wp\/v2\/types\/product"}],"wp:featuredmedia":[{"embeddable":true,"href":"https:\/\/vetsul.com\/index.php\/wp-json\/wp\/v2\/media\/16989"}],"wp:attachment":[{"href":"https:\/\/vetsul.com\/index.php\/wp-json\/wp\/v2\/media?parent=16988"}],"wp:term":[{"taxonomy":"product_brand","embeddable":true,"href":"https:\/\/vetsul.com\/index.php\/wp-json\/wp\/v2\/product_brand?post=16988"},{"taxonomy":"product_cat","embeddable":true,"href":"https:\/\/vetsul.com\/index.php\/wp-json\/wp\/v2\/product_cat?post=16988"},{"taxonomy":"product_tag","embeddable":true,"href":"https:\/\/vetsul.com\/index.php\/wp-json\/wp\/v2\/product_tag?post=16988"}],"curies":[{"name":"wp","href":"https:\/\/api.w.org\/{rel}","templated":true}]}}