{"id":16984,"date":"2018-01-10T14:15:11","date_gmt":"2018-01-10T16:15:11","guid":{"rendered":"http:\/\/35.194.95.18\/wp-admin\/?post_type=product&#038;p=16984"},"modified":"2025-02-07T16:00:26","modified_gmt":"2025-02-07T19:00:26","slug":"valleecalcio-500ml","status":"publish","type":"product","link":"https:\/\/vetsul.com\/index.php\/product\/valleecalcio-500ml\/","title":{"rendered":"Valle\u00e9calcio  500ml"},"content":{"rendered":"<p>Vall\u00e9ec\u00e1lcio<\/p>\n<p>&nbsp;<\/p>\n<p>Indica\u00e7\u00e3o do produto Vall\u00e9ec\u00e1lcio:<\/p>\n<p>O Vall\u00e9eC\u00e1lcio \u00e9 indicado para bovinos, equinos e caprinos que estiverem apresentando sintomatologia cl\u00ednica de:<\/p>\n<p>Defici\u00eancias de c\u00e1lcio, f\u00f3sforo e magn\u00e9sio.<\/p>\n<p>Hipocalcemia P\u00f3s-Parto (Paresia da Parturiente, Febre Vitular ou Febre do Leite).<\/p>\n<p>S\u00edndrome da Vaca Ca\u00edda.<\/p>\n<p>Tetania das Pastagens (Hipomagnesemia).<\/p>\n<p>&nbsp;<\/p>\n<p>Composi\u00e7\u00e3o:<\/p>\n<p>Cada 100ml de Vall\u00e9eC\u00e1lcio cont\u00e9m:&nbsp;<\/p>\n<p>Gluconato de c\u00e1lcio monoidratado&#8230;&#8230;&#8230;&#8230;&#8230;&#8230;&#8230;&#8230;&#8230;&#8230;&#8230;.(22,83g)<\/p>\n<p>D-sacarato de c\u00e1lcio tetraidratado&#8230;&#8230;&#8230;&#8230;&#8230;&#8230;&#8230;&#8230;&#8230;&#8230;.. (0,0387g)<\/p>\n<p>Lactato de c\u00e1lcio pentaidratado&#8230;&#8230;&#8230;&#8230;&#8230;&#8230;&#8230;&#8230;&#8230;&#8230;&#8230;&#8230;&#8230;..(3,03g)<\/p>\n<p>Hipofosfito de magn\u00e9sio hexaidratado&#8230;&#8230;&#8230;&#8230;&#8230;&#8230;&#8230;&#8230;&#8230;&#8230;&#8230;..(2g)<\/p>\n<p>Dextrose anidra&#8230;&#8230;&#8230;&#8230;&#8230;&#8230;&#8230;&#8230;&#8230;&#8230;&#8230;&#8230;&#8230;&#8230;&#8230;&#8230;&#8230;&#8230;&#8230;&#8230;&#8230;&#8230;&#8230;&#8230;.(5g)&nbsp;<\/p>\n<p>Ve\u00edculo q.s.p&#8230;&#8230;&#8230;&#8230;&#8230;&#8230;&#8230;&#8230;&#8230;&#8230;&#8230;&#8230;&#8230;&#8230;&#8230;&#8230;&#8230;&#8230;&#8230;&#8230;&#8230;&#8230;&#8230;&#8230;&#8230;.100ml<\/p>\n<p>Equivalente a 2,44 g de c\u00e1lcio total, 0,472 g de f\u00f3sforo e 0,185 g de magn\u00e9sio.<\/p>\n<p>&nbsp;<\/p>\n<p>Posologia e modo de usar Vall\u00e9eC\u00e1lcio:<\/p>\n<p>A dosagem indicada para bovinos, equinos e caprinos \u00e9 de 1ml\/kg de peso. As vias de administra\u00e7\u00e3o recomendadas por esp\u00e9cie animal s\u00e3o:<\/p>\n<p>Bovinos e caprinos: via endovenosa ou subcut\u00e2nea.<\/p>\n<p>Equinos: via endovenosa.<\/p>\n<p>Em caso de administra\u00e7\u00e3o subcut\u00e2nea o volume m\u00e1ximo por local de aplica\u00e7\u00e3o \u00e9 de 20ml para bovinos e 5ml para caprinos. Interrompa a aplica\u00e7\u00e3o do produto assim que houver revers\u00e3o no quadro de Hipocalcemia e\/ou dec\u00fabito do animal. Altera\u00e7\u00f5es na dosagem e modo de usar ficam a crit\u00e9rio do M\u00e9dico Veterin\u00e1rio.<\/p>\n","protected":false},"excerpt":{"rendered":"<p>Vall\u00e9ec\u00e1lcio &nbsp; Indica\u00e7\u00e3o do produto Vall\u00e9ec\u00e1lcio: O Vall\u00e9eC\u00e1lcio \u00e9 indicado para bovinos, equinos e caprinos que estiverem apresentando sintomatologia cl\u00ednica de: Defici\u00eancias<\/p>\n","protected":false},"featured_media":16985,"template":"","meta":{"_acf_changed":false},"product_brand":[1002],"product_cat":[173,178],"product_tag":[1003],"class_list":{"0":"post-16984","1":"product","2":"type-product","3":"status-publish","4":"has-post-thumbnail","6":"product_brand-vallee","7":"product_cat-suplementos-e-vitaminas","8":"product_cat-suplementos-e-vitaminas-2","9":"product_tag-vallee","11":"first","12":"instock","13":"purchasable","14":"product-type-simple"},"acf":[],"_links":{"self":[{"href":"https:\/\/vetsul.com\/index.php\/wp-json\/wp\/v2\/product\/16984","targetHints":{"allow":["GET"]}}],"collection":[{"href":"https:\/\/vetsul.com\/index.php\/wp-json\/wp\/v2\/product"}],"about":[{"href":"https:\/\/vetsul.com\/index.php\/wp-json\/wp\/v2\/types\/product"}],"wp:featuredmedia":[{"embeddable":true,"href":"https:\/\/vetsul.com\/index.php\/wp-json\/wp\/v2\/media\/16985"}],"wp:attachment":[{"href":"https:\/\/vetsul.com\/index.php\/wp-json\/wp\/v2\/media?parent=16984"}],"wp:term":[{"taxonomy":"product_brand","embeddable":true,"href":"https:\/\/vetsul.com\/index.php\/wp-json\/wp\/v2\/product_brand?post=16984"},{"taxonomy":"product_cat","embeddable":true,"href":"https:\/\/vetsul.com\/index.php\/wp-json\/wp\/v2\/product_cat?post=16984"},{"taxonomy":"product_tag","embeddable":true,"href":"https:\/\/vetsul.com\/index.php\/wp-json\/wp\/v2\/product_tag?post=16984"}],"curies":[{"name":"wp","href":"https:\/\/api.w.org\/{rel}","templated":true}]}}