{"id":16980,"date":"2018-01-10T14:05:03","date_gmt":"2018-01-10T16:05:03","guid":{"rendered":"http:\/\/35.194.95.18\/wp-admin\/?post_type=product&#038;p=16980"},"modified":"2025-04-08T14:59:15","modified_gmt":"2025-04-08T17:59:15","slug":"vacina-raivacel-50-ml-25-doses","status":"publish","type":"product","link":"https:\/\/vetsul.com\/index.php\/product\/vacina-raivacel-50-ml-25-doses\/","title":{"rendered":"Vacina Raivacel 50 Ml (25 doses)"},"content":{"rendered":"<p>Vacina<\/p>\n<p>&nbsp;<\/p>\n<p>Profilaxia da raiva dos bovinos, ovinos, caprinos e equinos.<\/p>\n<p>&nbsp;<\/p>\n<p>Composi\u00e7\u00e3o<\/p>\n<p>&nbsp;<\/p>\n<p>V\u00edrus fixo Pasteur inativado pelo BEI e produzido em cultivo celular.<\/p>\n<p>&nbsp;<\/p>\n<p>Indica\u00e7\u00e3o<\/p>\n<p>&nbsp;<\/p>\n<p>Profilaxia da raiva dos bovinos, ovinos, caprinos e equinos.<\/p>\n<p>&nbsp;<\/p>\n<p>Posologia e Modo de usar<\/p>\n<p>&nbsp;<\/p>\n<p>Dose \u2013 2 mL<\/p>\n<p>&nbsp;<\/p>\n<p>Administrar por via subcut\u00e2nea. Para a vacina\u00e7\u00e3o de equinos, recomenda-se a aplica\u00e7\u00e3o pela via intramuscular profunda.<\/p>\n<p>&nbsp;<\/p>\n<p>Apresenta\u00e7\u00f5es<\/p>\n<p>&nbsp;<\/p>\n<p>50 mL (25 doses)<\/p>\n<p><span style=\"background-color: #ff0000;\"><span style=\"color: #ffff00;\">CONSULTAR DISPONIBILIDADE DE ENVIO!!<\/span><\/span><\/p>\n<p><span style=\"background-color: #ff0000;\"><span style=\"color: #ffff00;\">TODAS AS VACINAS S\u00c3O ENVIADAS EM CAIXAS DE ISOPOR. O CUSTO DA CAIXA SER\u00c1 ADICIONADO AO VALOR TOTAL DO PEDIDO!<\/span><\/span><\/p>\n","protected":false},"excerpt":{"rendered":"<p>Vacina &nbsp; Profilaxia da raiva dos bovinos, ovinos, caprinos e equinos. &nbsp; Composi\u00e7\u00e3o &nbsp; V\u00edrus fixo Pasteur inativado pelo BEI e produzido<\/p>\n","protected":false},"featured_media":16981,"template":"","meta":{"_acf_changed":false},"product_brand":[1002],"product_cat":[171,176],"product_tag":[1003],"class_list":{"0":"post-16980","1":"product","2":"type-product","3":"status-publish","4":"has-post-thumbnail","6":"product_brand-vallee","7":"product_cat-vacinas","8":"product_cat-vacinas-3","9":"product_tag-vallee","11":"first","12":"outofstock","13":"purchasable","14":"product-type-simple"},"acf":[],"_links":{"self":[{"href":"https:\/\/vetsul.com\/index.php\/wp-json\/wp\/v2\/product\/16980","targetHints":{"allow":["GET"]}}],"collection":[{"href":"https:\/\/vetsul.com\/index.php\/wp-json\/wp\/v2\/product"}],"about":[{"href":"https:\/\/vetsul.com\/index.php\/wp-json\/wp\/v2\/types\/product"}],"wp:featuredmedia":[{"embeddable":true,"href":"https:\/\/vetsul.com\/index.php\/wp-json\/wp\/v2\/media\/16981"}],"wp:attachment":[{"href":"https:\/\/vetsul.com\/index.php\/wp-json\/wp\/v2\/media?parent=16980"}],"wp:term":[{"taxonomy":"product_brand","embeddable":true,"href":"https:\/\/vetsul.com\/index.php\/wp-json\/wp\/v2\/product_brand?post=16980"},{"taxonomy":"product_cat","embeddable":true,"href":"https:\/\/vetsul.com\/index.php\/wp-json\/wp\/v2\/product_cat?post=16980"},{"taxonomy":"product_tag","embeddable":true,"href":"https:\/\/vetsul.com\/index.php\/wp-json\/wp\/v2\/product_tag?post=16980"}],"curies":[{"name":"wp","href":"https:\/\/api.w.org\/{rel}","templated":true}]}}