{"id":16978,"date":"2018-01-10T13:45:11","date_gmt":"2018-01-10T15:45:11","guid":{"rendered":"http:\/\/35.194.95.18\/wp-admin\/?post_type=product&#038;p=16978"},"modified":"2025-04-08T10:41:21","modified_gmt":"2025-04-08T13:41:21","slug":"raiva-i-vacina-antirr-bica-lemadose","status":"publish","type":"product","link":"https:\/\/vetsul.com\/index.php\/product\/raiva-i-vacina-antirr-bica-lemadose\/","title":{"rendered":"RAIVA I &#8211; VACINA ANTIRR\u00c1BICA DOSE"},"content":{"rendered":"<p>Vacina antirr\u00e1bica indicada para preven\u00e7\u00e3o de Raiva em c\u00e3es e gatos.<\/p>\n<p>F\u00f3rmula:<\/p>\n<p>Cont\u00e9m suspens\u00e3o de v\u00edrus r\u00e1bico, amostra PV-12 v\u00edrus fixo, propagada em c\u00e9lula de Hamsters ? BHK21, inativada pela Etilenimina (BEI) e adsorvida em hidr\u00f3xido de alum\u00ednio, com t\u00edtulo m\u00ednimo de 1 UI, ou 104 DL50.<\/p>\n<p><\/p>\n<p>Indica\u00e7\u00f5es:<\/p>\n<p>O produto \u00e9 indicado na preven\u00e7\u00e3o da raiva em c\u00e3es e gatos.<\/p>\n<p><\/p>\n<p>Dosagem:<\/p>\n<p>Aplicar uma dose de 1 mL por animal, independente da esp\u00e9cie, sexo ou tamanho.<\/p>\n<p>A imunidade se desenvolve durante os 10 dias seguintes \u00e0 vacina\u00e7\u00e3o sendo que os n\u00edveis m\u00e1ximos de anticorpos s\u00e3o obtidos em torno de tr\u00eas semanas, permanecendo relativamente constantes, conferindo prote\u00e7\u00e3o necess\u00e1ria por 12 meses.<\/p>\n<p>Revacinar anualmente.<\/p>\n<p><\/p>\n<p>Administra\u00e7\u00e3o:<\/p>\n<p>Injetar o produto via subcut\u00e2nea ou intramuscular, tomando-se os cuidados de assepsia no momento da aplica\u00e7\u00e3o.<\/p>\n<p>Animais primovacinados dever\u00e3o ser revacinados ap\u00f3s 30 (trinta) dias.<\/p>\n<p><\/p>\n<p>Precau\u00e7\u00f5es:<\/p>\n<p>-Agitar o frasco ou seringa de vacina antes e durante a aplica\u00e7\u00e3o.<\/p>\n<p>-Utilizar todo o conte\u00fado do frasco ou seringa.&nbsp;<\/p>\n<p>-Utilizar seringas e agulhas est\u00e9reis e individuais. N\u00e3o utilizar desinfec\u00e7\u00e3o qu\u00edmica.&nbsp;<\/p>\n<p>-Somente animais sadios devem ser vacinados, ap\u00f3s um exame cl\u00ednico por um m\u00e9dico veterin\u00e1rio.<\/p>\n<p>-Desinfetar o local de aplica\u00e7\u00e3o com cuidados de assepsia normalmente utilizados para essas vias de aplica\u00e7\u00e3o.<\/p>\n<p><\/p>\n<p>CONTRA-INDICA\u00c7\u00d5ES:<\/p>\n<p>-Ap\u00f3s administra\u00e7\u00e3o via subcut\u00e2nea, poder\u00e1 ocorrer a forma\u00e7\u00e3o de um n\u00f3dulo palp\u00e1vel no local da aplica\u00e7\u00e3o, sendo de caracter\u00edstica transit\u00f3ria, desaparecendo em poucos dias.<\/p>\n<p>-N\u00e3o vacinar animais doentes, debilitados e\/ou f\u00eameas gestantes.<\/p>\n<p>-Como todo produto biol\u00f3gico, poder\u00e3o ocorrer casos de anafilaxia. Nesses casos, aplicar epinefrina ou equivalente.<\/p>\n<p><\/p>\n<p>RECOMENDA\u00c7\u00d5ES:<\/p>\n<p>-N\u00e3o vacinar animais doentes e\/ou debilitados.<\/p>\n<p>-Manter os animais ao abrigo de infec\u00e7\u00f5es durante o per\u00edodo de estabelecimento da imunidade.&nbsp;<\/p>\n<p>-O uso, constante e concomitante, ou nos dias que antecedem ou sucedem a vacina\u00e7\u00e3o, de subst\u00e2ncias antimicrobianas e antiinflamat\u00f3rias, poder\u00e1 interferir no desenvolvimento e manuten\u00e7\u00e3o da resposta imune ap\u00f3s a vacina\u00e7\u00e3o.<\/p>\n<p>-Casos de falhas vacinais poder\u00e3o ocorrer se os animais estiverem subnutridos, parasitados, estressados, com doen\u00e7as infecciosas no per\u00edodo de incuba\u00e7\u00e3o ou em tratamento prolongado com drogas imunossupressoras.<\/p>\n<p>-Recolher os frasco, agulhas e\/ou seringas j\u00e1 manipulados, para destina\u00e7\u00e3o ecologicamente correta.<\/p>\n<p>-A vacina inativada n\u00e3o oferece riscos ao operador, entretanto, uma rea\u00e7\u00e3o inflamat\u00f3ria local transit\u00f3ria poder\u00e1 acontecer em uma auto-inocula\u00e7\u00e3o acidental.<\/p>\n<p>-Venda sob prescri\u00e7\u00e3o e aplica\u00e7\u00e3o sob orienta\u00e7\u00e3o do medico veterin\u00e1rio.<\/p>\n<p>-Manter fora do alcance de crian\u00e7as e animais dom\u00e9sticos.<\/p>\n<p><\/p>\n<p><\/p>\n<p>CONSERVA\u00c7\u00c3O:<\/p>\n<p>-Conservar o produto entre 2\u00baC a 8\u00baC e ao abrigo da luz solar. N\u00e3o congelar.<\/p>\n<p><\/p>\n<p>Classe Terap\u00eautica:<\/p>\n<p>VACINAS, CORANTES E DILUENTES (BIOL\u00d3GICOS)<\/p>\n<p><\/p>\n<p>Princ\u00edpio(s) Ativo(s):<\/p>\n<p>VAC. RAIVA<\/p>\n<p><\/p>\n<p>Registro no Minist\u00e9rio da Agricultura, Pecu\u00e1ria e Abastecimento:<\/p>\n<p>8454 em 23 \/01 \/2003.<\/p>\n<p><\/p>\n<p>Respons\u00e1vel T\u00e9cnico:<\/p>\n<p>Dr. Marcelo Avelar de Mello &#8211; CRMV: MG 4911<\/p>\n<p style=\"margin-top:0cm;margin-right:0cm;margin-bottom:6.75pt;margin-left:\n0cm\"><span style=\"font-size: 10pt; color: yellow; background: red;\">CONSULTAR DISPONIBILIDADE DE ENVIO!!<\/span><\/p>\n<p style=\"margin-top:0cm;margin-right:0cm;margin-bottom:6.75pt;margin-left:\n0cm\"><span style=\"font-size: 10pt; color: yellow; background: red;\">N\u00c3O ENVIAMOS PARA FORA DO ESTADO DO RIO GRANDE DO SUL!!!<\/span><\/p>\n<\/p>\n<p style=\"margin: 0cm 0cm 6.75pt;\"><span style=\"font-size: 10pt; color: yellow; background: red;\">TODAS AS<br \/>\nVACINAS S\u00c3O ENVIADAS EM CAIXAS DE ISOPOR. O CUSTO DA CAIXA SER\u00c1 ADICIONADO AO<br \/>\nVALOR TOTAL DO PEDIDO!<\/span><span style=\"font-size: 10pt;\"><o:p><\/o:p><\/span><\/p>\n","protected":false},"excerpt":{"rendered":"<p>Vacina antirr\u00e1bica indicada para preven\u00e7\u00e3o de Raiva em c\u00e3es e gatos. F\u00f3rmula: Cont\u00e9m suspens\u00e3o de v\u00edrus r\u00e1bico, amostra PV-12 v\u00edrus fixo, propagada<\/p>\n","protected":false},"featured_media":16979,"template":"","meta":{"_acf_changed":false},"product_brand":[],"product_cat":[165,181],"product_tag":[1040,1039],"class_list":{"0":"post-16978","1":"product","2":"type-product","3":"status-publish","4":"has-post-thumbnail","6":"product_cat-pet","7":"product_cat-vacinas-4","8":"product_tag-raiva","9":"product_tag-vacina","11":"first","12":"outofstock","13":"purchasable","14":"product-type-simple"},"acf":[],"_links":{"self":[{"href":"https:\/\/vetsul.com\/index.php\/wp-json\/wp\/v2\/product\/16978","targetHints":{"allow":["GET"]}}],"collection":[{"href":"https:\/\/vetsul.com\/index.php\/wp-json\/wp\/v2\/product"}],"about":[{"href":"https:\/\/vetsul.com\/index.php\/wp-json\/wp\/v2\/types\/product"}],"wp:featuredmedia":[{"embeddable":true,"href":"https:\/\/vetsul.com\/index.php\/wp-json\/wp\/v2\/media\/16979"}],"wp:attachment":[{"href":"https:\/\/vetsul.com\/index.php\/wp-json\/wp\/v2\/media?parent=16978"}],"wp:term":[{"taxonomy":"product_brand","embeddable":true,"href":"https:\/\/vetsul.com\/index.php\/wp-json\/wp\/v2\/product_brand?post=16978"},{"taxonomy":"product_cat","embeddable":true,"href":"https:\/\/vetsul.com\/index.php\/wp-json\/wp\/v2\/product_cat?post=16978"},{"taxonomy":"product_tag","embeddable":true,"href":"https:\/\/vetsul.com\/index.php\/wp-json\/wp\/v2\/product_tag?post=16978"}],"curies":[{"name":"wp","href":"https:\/\/api.w.org\/{rel}","templated":true}]}}