{"id":16976,"date":"2018-01-10T13:24:54","date_gmt":"2018-01-10T15:24:54","guid":{"rendered":"http:\/\/35.194.95.18\/wp-admin\/?post_type=product&#038;p=16976"},"modified":"2025-08-11T14:41:18","modified_gmt":"2025-08-11T17:41:18","slug":"vacina-v8-multidog-cinomose-minimo-10-doses","status":"publish","type":"product","link":"https:\/\/vetsul.com\/index.php\/product\/vacina-v8-multidog-cinomose-minimo-10-doses\/","title":{"rendered":"Poly 10 (V10) (VACINA CONTRA CINOMOSE, PARVOVIROSE, CORONAVIROSE, HEPATITE, ADENOVIROSE, PARAINFLUENZA E QUATRO SOROVARES DA LEPTOSPIRAS CANINA.)"},"content":{"rendered":"<p><span style=\"background-color: #ff0000;\"><span style=\"color: #ffff00;\">CONSULTAR DISPONIBILIDADE DE ENVIO!!<\/span><\/span><\/p>\n<p><span style=\"background-color: #ff0000;\"><span style=\"color: #ffff00;\">TODAS AS VACINAS S\u00c3O ENVIADAS EM CAIXAS DE ISOPOR. O CUSTO DA CAIXA SER\u00c1 ADICIONADO AO VALOR TOTAL DO PEDIDO!<\/span><\/span><\/p>\n<h3>VACINA CONTRA CINOMOSE, PARVOVIROSE, CORONAVIROSE, HEPATITE, ADENOVIROSE, PARAINFLUENZA E QUATRO SOROVARES DA LEPTOSPIRAS CANINA.<\/h3>\n<h3>Composi\u00e7\u00e3o:<\/h3>\n<p>Fra\u00e7\u00e3o liofilizada (V\u00edrus vivos modificados):<br \/>\nCoronav\u00edrus&#8230;&#8230;&#8230;&#8230;&#8230;&#8230;&#8230;&#8230;&#8230;&#8230;&#8230;&#8230; T\u00edtulo m\u00ednimo 10<sup>4<\/sup>\u00a0TCID<sub>50<\/sub><br \/>\nV\u00edrus da cinomose&#8230;&#8230;&#8230;&#8230;&#8230;&#8230;&#8230;. T\u00edtulo m\u00ednimo 10<sup>4<\/sup>\u00a0TCID<sub>50<\/sub><br \/>\nV\u00edrus da hepatite&#8230;&#8230;&#8230;&#8230;&#8230;&#8230;&#8230;&#8230;. T\u00edtulo m\u00ednimo 10<sup>3<\/sup>\u00a0TCID<sub>50<\/sub><br \/>\nV\u00edrus da parainfluenza&#8230;&#8230;&#8230;&#8230;.. T\u00edtulo m\u00ednimo 10<sup>3<\/sup>\u00a0TCID<sub>50<\/sub><br \/>\nParvov\u00edrus&#8230;&#8230;&#8230;&#8230;&#8230;&#8230;&#8230;&#8230;&#8230;&#8230;&#8230;&#8230;&#8230;. T\u00edtulo m\u00ednimo 10<sup>5<\/sup>\u00a0TCID<sub>50<\/sub><\/p>\n<p>Fra\u00e7\u00e3o l\u00edquida:<br \/>\nSuspens\u00e3o de Leptospira canicola 2,5 X 10<sup>8<\/sup>\u00a0UFC<br \/>\nSuspens\u00e3o de Leptospira copenhageni 2,0 X 10<sup>8<\/sup>\u00a0UFC<br \/>\nSuspens\u00e3o de Leptospira grippotyphosa 2,0 X 10<sup>8<\/sup>\u00a0UFC<br \/>\nSuspens\u00e3o de Leptospira icterohaemorrhagiae 2,0 X 10<sup>8<\/sup>\u00a0UFC<\/p>\n<h3>Apresenta\u00e7\u00e3o:<\/h3>\n<p>Rasg &amp; Aplik, e b\u00e1sica contendo 10 frascos da fra\u00e7\u00e3o liofilizada e 10 frascos de diluentes contendo 2 mL.<\/p>\n<p><span style=\"background-color: #ff0000;\"><span style=\"color: #ffff00;\">CONSULTAR DISPONIBILIDADE DE ENVIO!!<\/span><\/span><\/p>\n<p><span style=\"background-color: #ff0000;\"><span style=\"color: #ffff00;\">TODAS AS VACINAS S\u00c3O ENVIADAS EM CAIXAS DE ISOPOR. O CUSTO DA CAIXA SER\u00c1 ADICIONADO AO VALOR TOTAL DO PEDIDO!<\/span><\/span><\/p>\n","protected":false},"excerpt":{"rendered":"<p>CONSULTAR DISPONIBILIDADE DE ENVIO!! TODAS AS VACINAS S\u00c3O ENVIADAS EM CAIXAS DE ISOPOR. O CUSTO DA CAIXA SER\u00c1 ADICIONADO AO VALOR TOTAL<\/p>\n","protected":false},"featured_media":17834,"template":"","meta":{"_acf_changed":false},"product_brand":[],"product_cat":[181],"product_tag":[],"class_list":{"0":"post-16976","1":"product","2":"type-product","3":"status-publish","4":"has-post-thumbnail","6":"product_cat-vacinas-4","8":"first","9":"outofstock","10":"purchasable","11":"product-type-simple"},"acf":[],"_links":{"self":[{"href":"https:\/\/vetsul.com\/index.php\/wp-json\/wp\/v2\/product\/16976","targetHints":{"allow":["GET"]}}],"collection":[{"href":"https:\/\/vetsul.com\/index.php\/wp-json\/wp\/v2\/product"}],"about":[{"href":"https:\/\/vetsul.com\/index.php\/wp-json\/wp\/v2\/types\/product"}],"wp:featuredmedia":[{"embeddable":true,"href":"https:\/\/vetsul.com\/index.php\/wp-json\/wp\/v2\/media\/17834"}],"wp:attachment":[{"href":"https:\/\/vetsul.com\/index.php\/wp-json\/wp\/v2\/media?parent=16976"}],"wp:term":[{"taxonomy":"product_brand","embeddable":true,"href":"https:\/\/vetsul.com\/index.php\/wp-json\/wp\/v2\/product_brand?post=16976"},{"taxonomy":"product_cat","embeddable":true,"href":"https:\/\/vetsul.com\/index.php\/wp-json\/wp\/v2\/product_cat?post=16976"},{"taxonomy":"product_tag","embeddable":true,"href":"https:\/\/vetsul.com\/index.php\/wp-json\/wp\/v2\/product_tag?post=16976"}],"curies":[{"name":"wp","href":"https:\/\/api.w.org\/{rel}","templated":true}]}}