{"id":16974,"date":"2018-01-10T11:47:51","date_gmt":"2018-01-10T13:47:51","guid":{"rendered":"http:\/\/35.194.95.18\/wp-admin\/?post_type=product&#038;p=16974"},"modified":"2025-04-08T14:59:15","modified_gmt":"2025-04-08T17:59:15","slug":"vacina-lexington-8-3ml","status":"publish","type":"product","link":"https:\/\/vetsul.com\/index.php\/product\/vacina-lexington-8-3ml\/","title":{"rendered":"Vacina Lexington Gold"},"content":{"rendered":"<p>Lexington-8<\/p>\n<p>COMPOSI\u00c7\u00c3O:<\/p>\n<p>\u00c9 uma suspens\u00e3o contendo v\u00edrus inativados por betapropilactona de ENCEFALOMIELITE EQUINA leste e oeste, INFLUENZA EQUINA cepa A\/equine1\/Praga\/1\/56, A\/equine\/2\/Kentucky\/94, Influenza eq\/2\/South Africa 04\/03 e HERPES V\u00cdRUS EQUINO tipo 1 e 4, adicionado de TOXOIDE TET\u00c2NICO e adsorvidos por gel de hidr\u00f3xido de alum\u00ednio.<\/p>\n<p>INDICA\u00c7\u00d5ES:<\/p>\n<p>Preven\u00e7\u00e3o da encefalomielite, rinopneumonite, influenza e t\u00e9tano dos equinos e equ\u00eddeos.<\/p>\n<p>DOSAGEM:<\/p>\n<p>A dose indicada \u00e9 3 mL, qualquer que seja a idade e o peso do equino ou equ\u00eddeo.<\/p>\n<p>MODO DE USAR:<\/p>\n<p>Via intramuscular profunda, independente de ra\u00e7a e peso.Animais adultos n\u00e3o vacinados: 1 dose inicial e refor\u00e7o 30 dias ap\u00f3s.Potros: 3 doses com intervalo de 2 a 4 semanas entre as aplica\u00e7\u00f5es, a partir dos 3 meses de idade.Animal adulto j\u00e1 vacinado: Revacina\u00e7\u00e3o semestral.F\u00eameas reprodutoras: Animais j\u00e1 com esquema completo de vacina\u00e7\u00e3o devem receber uma dose ao 5\u00ba, 7\u00ba e 9\u00ba m\u00eas de gesta\u00e7\u00e3o.Revacina\u00e7\u00e3o semestral, a crit\u00e9rio do M\u00e9dico Veterin\u00e1rio, levando em considera\u00e7\u00e3o probabilidade de exposi\u00e7\u00e3o aos agentes, condi\u00e7\u00f5es epid\u00eamicas e estresse do animal.<\/p>\n<p>PRECAU\u00c7\u00d5ES DE USO:N\u00e3o vacinar animais doentes, debilitados, convalescentes, com defici\u00eancias nutricionais, submetidos a estresse ou com uma alta carga parasit\u00e1ria, pois esses fatores comprometem o estabelecimento de uma imunidade s\u00f3lida e duradoura. Esta vacina \u00e9 preventiva e n\u00e3o curativa. A vacina\u00e7\u00e3o n\u00e3o protege contra infec\u00e7\u00f5es j\u00e1 existentes, pois \u00e9 necess\u00e1rio um prazo de 21 dias ap\u00f3s a administra\u00e7\u00e3o da \u00faltima dose para a forma\u00e7\u00e3o da imunidade. O uso concomitante com subst\u00e2ncias anti-inflamat\u00f3rias ou antimicrobianas, poder\u00e1 interferir no desenvolvimento e manuten\u00e7\u00e3o da resposta imune ap\u00f3s a vacina\u00e7\u00e3o. O uso de qualquer produto biol\u00f3gico pode produzir rea\u00e7\u00f5es anafil\u00e1ticas. Em caso de rea\u00e7\u00f5es al\u00e9rgicas, aplicar anti-histam\u00ednicos e corticosteroides. Para rea\u00e7\u00f5es graves do tipo anafil\u00e1tica, utilizar sulfato de epinefrina. O produto deve ser conservado \u00e0 temperatura de 2 \u00baC a 8 \u00baC. N\u00e3o utilizar vacinas que tenham a data de validade vencida. Os frascos de vidro ou pl\u00e1stico devem ser descartados de acordo com a Legisla\u00e7\u00e3o Ambiental Vigente na regi\u00e3o. N\u00e3o armazenar a vacina ap\u00f3s ter sido aberta. Agitar vigorosamente o frasco antes e durante a utiliza\u00e7\u00e3o da vacina. ATEN\u00c7\u00c3O:<\/p>\n<p>\u2018Manter este ou qualquer outro medicamento fora do alcance de crian\u00e7as e animais dom\u00e9sticos\u2019<\/p>\n<p>\u2018Venda sob prescri\u00e7\u00e3o e aplica\u00e7\u00e3o sob orienta\u00e7\u00e3o do M\u00e9dico Veterin\u00e1rio\u2019 APRESENTA\u00c7\u00c3O:<\/p>\n<p>Em frasco ampola de 3 mL (1 dose)<\/p>\n<p><span style=\"background-color: #ff0000;\"><span style=\"color: #ffff00;\">CONSULTAR DISPONIBILIDADE DE ENVIO!!<\/span><\/span><\/p>\n<p><span style=\"background-color: #ff0000;\"><span style=\"color: #ffff00;\">TODAS AS VACINAS S\u00c3O ENVIADAS EM CAIXAS DE ISOPOR. O CUSTO DA CAIXA SER\u00c1 ADICIONADO AO VALOR TOTAL DO PEDIDO!<\/span><\/span><\/p>\n","protected":false},"excerpt":{"rendered":"<p>Lexington-8 COMPOSI\u00c7\u00c3O: \u00c9 uma suspens\u00e3o contendo v\u00edrus inativados por betapropilactona de ENCEFALOMIELITE EQUINA leste e oeste, INFLUENZA EQUINA cepa A\/equine1\/Praga\/1\/56, A\/equine\/2\/Kentucky\/94, Influenza<\/p>\n","protected":false},"featured_media":16975,"template":"","meta":{"_acf_changed":false},"product_brand":[972],"product_cat":[176],"product_tag":[729],"class_list":{"0":"post-16974","1":"product","2":"type-product","3":"status-publish","4":"has-post-thumbnail","6":"product_brand-dechra","7":"product_cat-vacinas-3","8":"product_tag-vac-equinos","10":"first","11":"outofstock","12":"purchasable","13":"product-type-simple"},"acf":[],"_links":{"self":[{"href":"https:\/\/vetsul.com\/index.php\/wp-json\/wp\/v2\/product\/16974","targetHints":{"allow":["GET"]}}],"collection":[{"href":"https:\/\/vetsul.com\/index.php\/wp-json\/wp\/v2\/product"}],"about":[{"href":"https:\/\/vetsul.com\/index.php\/wp-json\/wp\/v2\/types\/product"}],"wp:featuredmedia":[{"embeddable":true,"href":"https:\/\/vetsul.com\/index.php\/wp-json\/wp\/v2\/media\/16975"}],"wp:attachment":[{"href":"https:\/\/vetsul.com\/index.php\/wp-json\/wp\/v2\/media?parent=16974"}],"wp:term":[{"taxonomy":"product_brand","embeddable":true,"href":"https:\/\/vetsul.com\/index.php\/wp-json\/wp\/v2\/product_brand?post=16974"},{"taxonomy":"product_cat","embeddable":true,"href":"https:\/\/vetsul.com\/index.php\/wp-json\/wp\/v2\/product_cat?post=16974"},{"taxonomy":"product_tag","embeddable":true,"href":"https:\/\/vetsul.com\/index.php\/wp-json\/wp\/v2\/product_tag?post=16974"}],"curies":[{"name":"wp","href":"https:\/\/api.w.org\/{rel}","templated":true}]}}