{"id":16972,"date":"2018-01-10T11:45:42","date_gmt":"2018-01-10T13:45:42","guid":{"rendered":"http:\/\/35.194.95.18\/wp-admin\/?post_type=product&#038;p=16972"},"modified":"2025-02-07T16:00:25","modified_gmt":"2025-02-07T19:00:25","slug":"vacina-heptavalente-contra-leptospirose-biovet-60ml","status":"publish","type":"product","link":"https:\/\/vetsul.com\/index.php\/product\/vacina-heptavalente-contra-leptospirose-biovet-60ml\/","title":{"rendered":"Vacina heptavalente contra Leptospirose Biovet 60ml"},"content":{"rendered":"<p>Vacina heptavalente contra Leptospirose.<\/p>\n<p><\/p>\n<p>LEPTOVACIN \u00e9 utilizada na preven\u00e7\u00e3o dos principais agentes causadores da leptospirose em animais de produ\u00e7\u00e3o.<\/p>\n<p><\/p>\n<p>Tratamento: Biol\u00f3gicos<\/p>\n<p>Classifica\u00e7\u00e3o: Vacinas<\/p>\n<p>Composi\u00e7\u00e3o<\/p>\n<p>Apresentada na forma aquosa contendo um concentrado de lisados de:<\/p>\n<p><\/p>\n<p>L. hardjo<\/p>\n<p>L. icterohaemorrhagiae<\/p>\n<p>L. copenhageni<\/p>\n<p>L. pomona<\/p>\n<p>L. grippotyphosa<\/p>\n<p>L. bratislava<\/p>\n<p>L. can\u00edcola<\/p>\n<p>Foi demonstrada a prote\u00e7\u00e3o cruzada entre L. hardjo e L. wolffi. Tabata R. 2002. Disserta\u00e7\u00e3o de Mestrado em Epidemiologia Experimental e Aplicada \u00e0s Zoonoses. Faculdade de Medicina Veterin\u00e1ria e Zootecnia, USP, S\u00e3o Paulo. 70p.<\/p>\n<p><\/p>\n<p>Esp\u00e9cies<\/p>\n<p>Bovinos<\/p>\n<p>Eq\u00fcinos<\/p>\n<p>Ovinos<\/p>\n<p>Caprinos<\/p>\n<p>Su\u00ednos<\/p>\n<p>Modo de Usar<\/p>\n<p>Aplique o produto por via subcut\u00e2nea na dose de 3 ml.<\/p>\n<p>Vacina\u00e7\u00e3o inicial: a partir de 2 meses de idade devendo ser revacinados ap\u00f3s 30 dias.<\/p>\n<p>Animais adultos: revacinar anualmente<\/p>\n<p>Recomenda\u00e7\u00f5es<\/p>\n<p>Agitar antes e durante seu uso.<\/p>\n<p>Manter em temperatura de 2\u00baC a 8\u00baC.<\/p>\n<p>Os resultados satisfat\u00f3rios desta vacina dependem de sua conserva\u00e7\u00e3o, transporte, manejo e modo de administrar. Assim como, o estado sanit\u00e1rio dos animais.<\/p>\n<p>No caso de rea\u00e7\u00f5es anafil\u00e1ticas, administrar epinefrina ou sulfato de atropina e anti-histam\u00ednicos.<\/p>\n<p>Manter fora do alcance de crian\u00e7as e animais dom\u00e9sticos. Incinerar as embalagens ap\u00f3s o uso.<\/p>\n<p>Depois de aberto o frasco a vacina n\u00e3o se conserva.<\/p>\n<p>Apresenta\u00e7\u00e3o<\/p>\n<p>Frascos de 60 ml contendo 20 doses.<\/p>\n<p><span style=\"background-color: rgb(255, 0, 0);\"><font color=\"#ffff00\">CONSULTAR DISPONIBILIDADE DE ENVIO!!<\/font><\/span><\/p>\n<p><span style=\"background-color: rgb(255, 0, 0);\"><font color=\"#ffff00\">TODAS AS VACINAS S\u00c3O ENVIADAS EM CAIXAS DE ISOPOR. O CUSTO DA CAIXA SER\u00c1 ADICIONADO AO VALOR TOTAL DO PEDIDO!<\/font><\/span><\/p>\n","protected":false},"excerpt":{"rendered":"<p>Vacina heptavalente contra Leptospirose. LEPTOVACIN \u00e9 utilizada na preven\u00e7\u00e3o dos principais agentes causadores da leptospirose em animais de produ\u00e7\u00e3o. Tratamento: Biol\u00f3gicos Classifica\u00e7\u00e3o:<\/p>\n","protected":false},"featured_media":16973,"template":"","meta":{"_acf_changed":false},"product_brand":[],"product_cat":[171,176],"product_tag":[],"class_list":{"0":"post-16972","1":"product","2":"type-product","3":"status-publish","4":"has-post-thumbnail","6":"product_cat-vacinas","7":"product_cat-vacinas-3","9":"first","10":"outofstock","11":"purchasable","12":"product-type-simple"},"acf":[],"_links":{"self":[{"href":"https:\/\/vetsul.com\/index.php\/wp-json\/wp\/v2\/product\/16972","targetHints":{"allow":["GET"]}}],"collection":[{"href":"https:\/\/vetsul.com\/index.php\/wp-json\/wp\/v2\/product"}],"about":[{"href":"https:\/\/vetsul.com\/index.php\/wp-json\/wp\/v2\/types\/product"}],"wp:featuredmedia":[{"embeddable":true,"href":"https:\/\/vetsul.com\/index.php\/wp-json\/wp\/v2\/media\/16973"}],"wp:attachment":[{"href":"https:\/\/vetsul.com\/index.php\/wp-json\/wp\/v2\/media?parent=16972"}],"wp:term":[{"taxonomy":"product_brand","embeddable":true,"href":"https:\/\/vetsul.com\/index.php\/wp-json\/wp\/v2\/product_brand?post=16972"},{"taxonomy":"product_cat","embeddable":true,"href":"https:\/\/vetsul.com\/index.php\/wp-json\/wp\/v2\/product_cat?post=16972"},{"taxonomy":"product_tag","embeddable":true,"href":"https:\/\/vetsul.com\/index.php\/wp-json\/wp\/v2\/product_tag?post=16972"}],"curies":[{"name":"wp","href":"https:\/\/api.w.org\/{rel}","templated":true}]}}