{"id":16968,"date":"2018-01-10T11:38:30","date_gmt":"2018-01-10T13:38:30","guid":{"rendered":"http:\/\/35.194.95.18\/wp-admin\/?post_type=product&#038;p=16968"},"modified":"2025-02-07T16:00:25","modified_gmt":"2025-02-07T19:00:25","slug":"vacina-influenza-horse-2ml-venco","status":"publish","type":"product","link":"https:\/\/vetsul.com\/index.php\/product\/vacina-influenza-horse-2ml-venco\/","title":{"rendered":"Vacina Influenza horse 2ml Venco"},"content":{"rendered":"<p>Vacina contra a Influenza Equina<\/p>\n<p>&nbsp;<\/p>\n<p>COMPOSI\u00c7\u00c3O<\/p>\n<p>&nbsp;<\/p>\n<p>\u00c9 uma suspens\u00e3o contendo v\u00edrus da INFLUENZA EQUINA cepa A\/equine1\/Praga\/1\/56, A\/equine\/2\/Kentucky\/94, A\/equine2\/South \u00c1frica 4\/03 inativados por betapropilactona e adsorvidos por gel de hidr\u00f3xido de alum\u00ednio.<\/p>\n<p>&nbsp;<\/p>\n<p>INDICA\u00c7\u00d5ES<\/p>\n<p>&nbsp;<\/p>\n<p>Preven\u00e7\u00e3o da influenza dos equ\u00eddeos.<\/p>\n<p>&nbsp;<\/p>\n<p>DOSAGEM<\/p>\n<p>&nbsp;<\/p>\n<p>A dose indicada \u00e9 2 mL, qualquer que seja a idade e o peso do equ\u00eddeo.<\/p>\n<p>&nbsp;<\/p>\n<p>MODO DE USAR<\/p>\n<p>&nbsp;<\/p>\n<p>O produto deve ser aplicado via intramuscular profunda na t\u00e1boa do pesco\u00e7o, observando-se os cuidados de assepsia no local da inje\u00e7\u00e3o.Animal adulto n\u00e3o vacinado:1 dose inicial e refor\u00e7o 30 dias ap\u00f3s.Potros: Aplicar a partir dos 3 meses de idade. Utilizar 3 doses com intervalo de 2 a 4 semanas entre elas.Animal adulto j\u00e1 vacinado: Revacina\u00e7\u00e3o semestralRevacina\u00e7\u00e3o semestral ou a crit\u00e9rio do M\u00e9dico Veterin\u00e1rio, levando em considera\u00e7\u00e3o probabilidade de exposi\u00e7\u00e3o aos agentes, condi\u00e7\u00f5es epid\u00eamicas e estresse do animal.\u00c9guas prenhes: Vacinar segundo recomenda\u00e7\u00e3o e acompanhamento do M\u00e9dico veterin\u00e1rio.<\/p>\n<p>&nbsp;<\/p>\n<p>PRECAU\u00c7\u00d5ES DE USO<\/p>\n<p>&nbsp;<\/p>\n<p>&#8211; N\u00e3o vacinar animais doentes, debilitados, convalescentes, comdefici\u00eancias nutricionais, submetidos a estresse ou com uma alta carga parasitaria, pois esses fatores comprometem o estabelecimento de uma imunidade s\u00f3lida e duradoura.<\/p>\n<p>&nbsp;<\/p>\n<p>&#8211; Esta vacina \u00e9 preventiva e n\u00e3o curativa. A vacina\u00e7\u00e3o n\u00e3o protege contra infec\u00e7\u00f5es j\u00e1 existentes, pois \u00e9 necess\u00e1rio um prazo de 21 dias ap\u00f3s a administra\u00e7\u00e3o da \u00faltima dose para a forma\u00e7\u00e3o da imunidade.<\/p>\n<p>&nbsp;<\/p>\n<p>&#8211; O uso concomitante com subst\u00e2ncias antiinflamat\u00f3rias ou antimicrobianas, poder\u00e1 interferir no desenvolvimento e manuten\u00e7\u00e3o da resposta imune ap\u00f3s a vacina\u00e7\u00e3o.<\/p>\n<p>&nbsp;<\/p>\n<p>&#8211; O uso de qualquer produto biol\u00f3gico pode produzir rea\u00e7\u00f5es anafil\u00e1ticas. Neste caso administrar o sulfato de epinefrina ou de atropina.<\/p>\n<p>&nbsp;<\/p>\n<p>&#8211; O produto deve ser conservado \u00e0 temperatura de 2 \u00baC a 8 \u00baC.<\/p>\n<p>&nbsp;<\/p>\n<p>&#8211; N\u00e3o utilizar vacinas que tenham a data de validade vencida.<\/p>\n<p>&nbsp;<\/p>\n<p>&#8211; Os frascos vazios devem ser incinerados ap\u00f3s o uso.<\/p>\n<p>&nbsp;<\/p>\n<p>&#8211; N\u00e3o armazenar a vacina ap\u00f3s ter sido aberta.<\/p>\n<p>&nbsp;<\/p>\n<p>&#8211; Agitar vigorosamente o frasco antes e durante a utiliza\u00e7\u00e3o da vacina.<\/p>\n<p>&nbsp;<\/p>\n<p>&#8211; Validade: 24 meses ap\u00f3s a data da fabrica\u00e7\u00e3o.<\/p>\n<p>&nbsp;<\/p>\n<p>APRESENTA\u00c7\u00c3O<\/p>\n<p>&nbsp;<\/p>\n<p>Frasco ampola de 2 mL (1 dose)<\/p>\n<p><span style=\"background-color: #ff0000;\"><span style=\"color: #ffff00;\">CONSULTAR DISPONIBILIDADE DE ENVIO!!<\/span><\/span><\/p>\n<p><span style=\"background-color: #ff0000;\"><span style=\"color: #ffff00;\">TODAS AS VACINAS S\u00c3O ENVIADAS EM CAIXAS DE ISOPOR. O CUSTO DA CAIXA SER\u00c1 ADICIONADO AO VALOR TOTAL DO PEDIDO!<\/span><\/span><\/p>\n","protected":false},"excerpt":{"rendered":"<p>Vacina contra a Influenza Equina &nbsp; COMPOSI\u00c7\u00c3O &nbsp; \u00c9 uma suspens\u00e3o contendo v\u00edrus da INFLUENZA EQUINA cepa A\/equine1\/Praga\/1\/56, A\/equine\/2\/Kentucky\/94, A\/equine2\/South \u00c1frica 4\/03<\/p>\n","protected":false},"featured_media":16969,"template":"","meta":{"_acf_changed":false},"product_brand":[972],"product_cat":[176],"product_tag":[729],"class_list":{"0":"post-16968","1":"product","2":"type-product","3":"status-publish","4":"has-post-thumbnail","6":"product_brand-dechra","7":"product_cat-vacinas-3","8":"product_tag-vac-equinos","10":"first","11":"outofstock","12":"purchasable","13":"product-type-simple"},"acf":[],"_links":{"self":[{"href":"https:\/\/vetsul.com\/index.php\/wp-json\/wp\/v2\/product\/16968","targetHints":{"allow":["GET"]}}],"collection":[{"href":"https:\/\/vetsul.com\/index.php\/wp-json\/wp\/v2\/product"}],"about":[{"href":"https:\/\/vetsul.com\/index.php\/wp-json\/wp\/v2\/types\/product"}],"wp:featuredmedia":[{"embeddable":true,"href":"https:\/\/vetsul.com\/index.php\/wp-json\/wp\/v2\/media\/16969"}],"wp:attachment":[{"href":"https:\/\/vetsul.com\/index.php\/wp-json\/wp\/v2\/media?parent=16968"}],"wp:term":[{"taxonomy":"product_brand","embeddable":true,"href":"https:\/\/vetsul.com\/index.php\/wp-json\/wp\/v2\/product_brand?post=16968"},{"taxonomy":"product_cat","embeddable":true,"href":"https:\/\/vetsul.com\/index.php\/wp-json\/wp\/v2\/product_cat?post=16968"},{"taxonomy":"product_tag","embeddable":true,"href":"https:\/\/vetsul.com\/index.php\/wp-json\/wp\/v2\/product_tag?post=16968"}],"curies":[{"name":"wp","href":"https:\/\/api.w.org\/{rel}","templated":true}]}}