{"id":16964,"date":"2018-01-10T11:33:41","date_gmt":"2018-01-10T13:33:41","guid":{"rendered":"http:\/\/35.194.95.18\/wp-admin\/?post_type=product&#038;p=16964"},"modified":"2025-02-07T16:00:25","modified_gmt":"2025-02-07T19:00:25","slug":"vacina-ibr-poliguard-100ml","status":"publish","type":"product","link":"https:\/\/vetsul.com\/index.php\/product\/vacina-ibr-poliguard-100ml\/","title":{"rendered":"Vacina IBR Poliguard 100ml"},"content":{"rendered":"<p>Vacina contra Rinotraque\u00edte Infecciosa Bovina (IBR), Diarreia Viral Bovina (BVD) e Leptospirose Bovina.<\/p>\n<p>F\u00f3rmula<\/p>\n<p>Suspens\u00e3o inativada de ant\u00edgenos da Rinotraque\u00edte Infecciosa Bovina (IBR), Diarreia Viral Bovina (BVD) e bacterinas de Leptospira pomona, L. wolfii, L. hardjo, L. icterohaemorrhagiae, L. canicola e L. Grippotyphosa adsorvidos em Hidr\u00f3xido de Alum\u00ednio. Cont\u00e9m Selenato de S\u00f3dio 4,8 mg\/mL e Timerosal.<\/p>\n<p>&nbsp;<\/p>\n<p>&nbsp;<\/p>\n<p>Indica\u00e7\u00e3o<\/p>\n<p>Poliguard \u00e9 indicada para vacina\u00e7\u00e3o de bovinos sadios como auxiliar na preven\u00e7\u00e3o da Rinotraque\u00edte Infecciosa Bovina (IBR), Diarreia Viral Bovina (BVD) e Leptospirose Bovina.<\/p>\n<p>Posologia e modo de usar<\/p>\n<p>Aplicar 5 mL por via subcut\u00e2nea.&nbsp;<\/p>\n<p>Agitar bem antes de usar.<\/p>\n<p>Animais n\u00e3o vacinados (primovacina\u00e7\u00e3o) devem receber duas doses com intervalo de 21 a 30 dias.<\/p>\n<p>Recomenda-se a aplica\u00e7\u00e3o de dose de refor\u00e7o de 5 ml a cada 12 meses.&nbsp;<\/p>\n<p>Bezerros filhos de m\u00e3es vacinadas devem receber a primeira dose ap\u00f3s 4 meses de idade.<\/p>\n<p>Vacas prenhes podem ser vacinadas.<\/p>\n<p>&nbsp;<\/p>\n<p>Para mais informa\u00e7\u00f5es, consulte a bula dispon\u00edvel on-line. Siga sempre a orienta\u00e7\u00e3o de um M\u00e9dico Veterin\u00e1rio.<\/p>\n<p><span style=\"background-color: rgb(255, 0, 0);\"><font color=\"#ffff00\">CONSULTAR DISPONIBILIDADE DE ENVIO!!<\/font><\/span><\/p>\n<p><span style=\"background-color: rgb(255, 0, 0);\"><font color=\"#ffff00\">TODAS AS VACINAS S\u00c3O ENVIADAS EM CAIXAS DE ISOPOR. O CUSTO DA CAIXA SER\u00c1 ADICIONADO AO VALOR TOTAL DO PEDIDO!<\/font><\/span><\/p>\n","protected":false},"excerpt":{"rendered":"<p>Vacina contra Rinotraque\u00edte Infecciosa Bovina (IBR), Diarreia Viral Bovina (BVD) e Leptospirose Bovina. F\u00f3rmula Suspens\u00e3o inativada de ant\u00edgenos da Rinotraque\u00edte Infecciosa Bovina<\/p>\n","protected":false},"featured_media":16965,"template":"","meta":{"_acf_changed":false},"product_brand":[],"product_cat":[171],"product_tag":[],"class_list":{"0":"post-16964","1":"product","2":"type-product","3":"status-publish","4":"has-post-thumbnail","6":"product_cat-vacinas","8":"first","9":"outofstock","10":"purchasable","11":"product-type-simple"},"acf":[],"_links":{"self":[{"href":"https:\/\/vetsul.com\/index.php\/wp-json\/wp\/v2\/product\/16964","targetHints":{"allow":["GET"]}}],"collection":[{"href":"https:\/\/vetsul.com\/index.php\/wp-json\/wp\/v2\/product"}],"about":[{"href":"https:\/\/vetsul.com\/index.php\/wp-json\/wp\/v2\/types\/product"}],"wp:featuredmedia":[{"embeddable":true,"href":"https:\/\/vetsul.com\/index.php\/wp-json\/wp\/v2\/media\/16965"}],"wp:attachment":[{"href":"https:\/\/vetsul.com\/index.php\/wp-json\/wp\/v2\/media?parent=16964"}],"wp:term":[{"taxonomy":"product_brand","embeddable":true,"href":"https:\/\/vetsul.com\/index.php\/wp-json\/wp\/v2\/product_brand?post=16964"},{"taxonomy":"product_cat","embeddable":true,"href":"https:\/\/vetsul.com\/index.php\/wp-json\/wp\/v2\/product_cat?post=16964"},{"taxonomy":"product_tag","embeddable":true,"href":"https:\/\/vetsul.com\/index.php\/wp-json\/wp\/v2\/product_tag?post=16964"}],"curies":[{"name":"wp","href":"https:\/\/api.w.org\/{rel}","templated":true}]}}