{"id":16960,"date":"2018-01-10T11:25:18","date_gmt":"2018-01-10T13:25:18","guid":{"rendered":"http:\/\/35.194.95.18\/wp-admin\/?post_type=product&#038;p=16960"},"modified":"2025-02-07T16:00:25","modified_gmt":"2025-02-07T19:00:25","slug":"vacina-hertape-contra-o-garrotilho-20ml","status":"publish","type":"product","link":"https:\/\/vetsul.com\/index.php\/product\/vacina-hertape-contra-o-garrotilho-20ml\/","title":{"rendered":"VACINA HERTAPE CONTRA O GARROTILHO 20ml"},"content":{"rendered":"<p>COMPOSI\u00c7\u00c3O<\/p>\n<p>&nbsp;<\/p>\n<p>&nbsp;<\/p>\n<p>&nbsp;<\/p>\n<p>Suspens\u00e3o de Streptococcus equi em soro fisiol\u00f3gico, inativada pelo formol.<\/p>\n<p>&nbsp;<\/p>\n<p>&nbsp;<\/p>\n<p>&nbsp;<\/p>\n<p>FORMA FARMAC\u00caUTICA<\/p>\n<p>&nbsp;<\/p>\n<p>Suspens\u00e3o aquosa.<\/p>\n<p>&nbsp;<\/p>\n<p>INDICA\u00c7\u00c3O<\/p>\n<p>&nbsp;<\/p>\n<p>Preven\u00e7\u00e3o do garrotilho (adenite infecciosa) dos equinos.<\/p>\n<p>&nbsp;<\/p>\n<p>VIA DE ADMINISTRAR E MODO DE USAR<\/p>\n<p>&nbsp;<\/p>\n<p>Deve ser administrada por via intramuscular, na regi\u00e3o gl\u00fatea, ap\u00f3s assepsia local. Animais sadios n\u00e3o vacinados previamente devem receber tr\u00eas doses de 2 mL da vacina, intervaladas de 2 a 4 semanas. A revacina\u00e7\u00e3o com uma dose deve ser realizada anualmente.<\/p>\n<p>&nbsp;<\/p>\n<p>IMPORTANTE<\/p>\n<p>&nbsp;<\/p>\n<p>A vacina n\u00e3o \u00e9 recomendada para animais em per\u00edodo de incuba\u00e7\u00e3o, nem para tratamento de doen\u00e7a. Usar todo o conte\u00fado no momento em que o frasco for aberto. No caso de rea\u00e7\u00f5es anafil\u00e1ticas, aplicar adrenalina.<\/p>\n<p>&nbsp;<\/p>\n<p>APRESENTA\u00c7\u00d5ES<\/p>\n<p>&nbsp;<\/p>\n<p>Frasco pl\u00e1stico contendo 20 mL, correspondendo a 10 doses de vacina e em caixas contendo 20 frascos de vidro com 2mL<\/p>\n<p>&nbsp;<\/p>\n<p>PRAZO DE VALIDADE<\/p>\n<p>&nbsp;<\/p>\n<p>A validade \u00e9 de 18 meses ap\u00f3s a data de fabrica\u00e7\u00e3o.<\/p>\n<p>&nbsp;<\/p>\n<p>CONSERVA\u00c7\u00c3O<\/p>\n<p>&nbsp;<\/p>\n<p>Conservar entre 2\u00baC e 8\u00baC. Manter fora do alcance de crian\u00e7as e animais dom\u00e9sticos.<\/p>\n<p>&nbsp;<\/p>\n<p>RECOMENDA\u00c7\u00c3O<\/p>\n<p>&nbsp;<\/p>\n<p>Venda sob prescri\u00e7\u00e3o e aplica\u00e7\u00e3o sob orienta\u00e7\u00e3o do M\u00e9dico-Veterin\u00e1rio.<\/p>\n<p>&nbsp;<\/p>\n<p>Agite antes de usar.<\/p>\n<p>&nbsp;<\/p>\n<p>N\u00daMERO DA LICEN\u00c7A<\/p>\n<p>&nbsp;<\/p>\n<p>Licenciado no Minist\u00e9rio da Agricultura sob n\u00ba 2683 em 23\/03\/1987.<\/p>\n<p><span style=\"background-color: #ff0000;\"><span style=\"color: #ffff00;\">CONSULTAR DISPONIBILIDADE DE ENVIO!!<\/span><\/span><\/p>\n<p><span style=\"background-color: #ff0000;\"><span style=\"color: #ffff00;\">TODAS AS VACINAS S\u00c3O ENVIADAS EM CAIXAS DE ISOPOR. O CUSTO DA CAIXA SER\u00c1 ADICIONADO AO VALOR TOTAL DO PEDIDO!<\/span><\/span><\/p>\n","protected":false},"excerpt":{"rendered":"<p>COMPOSI\u00c7\u00c3O &nbsp; &nbsp; &nbsp; Suspens\u00e3o de Streptococcus equi em soro fisiol\u00f3gico, inativada pelo formol. &nbsp; &nbsp; &nbsp; FORMA FARMAC\u00caUTICA &nbsp; Suspens\u00e3o aquosa.<\/p>\n","protected":false},"featured_media":16961,"template":"","meta":{"_acf_changed":false},"product_brand":[960],"product_cat":[176],"product_tag":[1000],"class_list":{"0":"post-16960","1":"product","2":"type-product","3":"status-publish","4":"has-post-thumbnail","6":"product_brand-hertape","7":"product_cat-vacinas-3","8":"product_tag-hertape","10":"first","11":"outofstock","12":"purchasable","13":"product-type-simple"},"acf":[],"_links":{"self":[{"href":"https:\/\/vetsul.com\/index.php\/wp-json\/wp\/v2\/product\/16960","targetHints":{"allow":["GET"]}}],"collection":[{"href":"https:\/\/vetsul.com\/index.php\/wp-json\/wp\/v2\/product"}],"about":[{"href":"https:\/\/vetsul.com\/index.php\/wp-json\/wp\/v2\/types\/product"}],"wp:featuredmedia":[{"embeddable":true,"href":"https:\/\/vetsul.com\/index.php\/wp-json\/wp\/v2\/media\/16961"}],"wp:attachment":[{"href":"https:\/\/vetsul.com\/index.php\/wp-json\/wp\/v2\/media?parent=16960"}],"wp:term":[{"taxonomy":"product_brand","embeddable":true,"href":"https:\/\/vetsul.com\/index.php\/wp-json\/wp\/v2\/product_brand?post=16960"},{"taxonomy":"product_cat","embeddable":true,"href":"https:\/\/vetsul.com\/index.php\/wp-json\/wp\/v2\/product_cat?post=16960"},{"taxonomy":"product_tag","embeddable":true,"href":"https:\/\/vetsul.com\/index.php\/wp-json\/wp\/v2\/product_tag?post=16960"}],"curies":[{"name":"wp","href":"https:\/\/api.w.org\/{rel}","templated":true}]}}