{"id":16956,"date":"2018-01-10T11:19:42","date_gmt":"2018-01-10T13:19:42","guid":{"rendered":"http:\/\/35.194.95.18\/wp-admin\/?post_type=product&#038;p=16956"},"modified":"2025-02-07T16:00:25","modified_gmt":"2025-02-07T19:00:25","slug":"vacina-anticarbunculo-hematico-venco-100ml","status":"publish","type":"product","link":"https:\/\/vetsul.com\/index.php\/product\/vacina-anticarbunculo-hematico-venco-100ml\/","title":{"rendered":"Vacina Anticarbunculo Hematico Venco 100ml"},"content":{"rendered":"<p>Anticarbunculosa <\/p>\n<p>COMPOSI\u00c7\u00c3O:\u00c9 uma suspens\u00e3o de esporos vi\u00e1veis da amostra Sterne do Bacillus anthracis em solu\u00e7\u00e3o salina. INDICA\u00c7\u00c3O:Profilaxia do Carb\u00fanculo Hem\u00e1tico (Carb\u00fanculo verdadeiro \u2013 Antrax)&nbsp; DOSE E MODO DE USAR:Bovinos: 2 mLOvinos, caprinos e su\u00ednos: 1 mL Aplicar pela via subcut\u00e2nea.Vacinar anualmente todos os animais, observando-se os cuidados de assepsia.&nbsp; &nbsp;CUIDADOS A SEREM OBSERVADOS:N\u00e3o vacinar animais doentes e debilitados. A vacina\u00e7\u00e3o de animais enfermos, subnutridos, com alta carga parasit\u00e1ria ou sob condi\u00e7\u00f5es de estresse comprometem o desenvolvimento de uma resposta imunol\u00f3gica s\u00f3lida e duradoura. N\u00e3o vacinar animais antes dos 4 meses de idade. N\u00e3o vacinar f\u00eameas prenhes. Conservar a vacina em temperatura entre 2 \u00b0C e 8 \u00b0C at\u00e9 o momento da aplica\u00e7\u00e3o. N\u00e3o congelar o produto. Verificar o prazo de validade do produto. Agitar vigorosamente o frasco antes e durante a aplica\u00e7\u00e3o da vacina. Desinfetar o local da aplica\u00e7\u00e3o da vacina e usar agulhas e seringas est\u00e9reis. O uso concomitante ou nos dias que antecedem e sucedem a vacina\u00e7\u00e3o com subst\u00e2ncias antimicrobianas e anti-inflamat\u00f3rias poder\u00e1 interferir no desenvolvimento e manuten\u00e7\u00e3o da resposta imune ap\u00f3s a vacina\u00e7\u00e3o. Em caso de rea\u00e7\u00f5es al\u00e9rgicas, aplicar anti-histam\u00ednicos e corticosteroides. Para rea\u00e7\u00f5es graves do tipo anafil\u00e1tica, utilizar sulfato de epinefrina.<\/p>\n<p><span style=\"background-color: rgb(255, 0, 0);\"><font color=\"#ffff00\">CONSULTAR DISPONIBILIDADE DE ENVIO!!<\/font><\/span><\/p>\n<p><span style=\"background-color: rgb(255, 0, 0);\"><font color=\"#ffff00\">TODAS AS VACINAS S\u00c3O ENVIADAS EM CAIXAS DE ISOPOR. O CUSTO DA CAIXA SER\u00c1 ADICIONADO AO VALOR TOTAL DO PEDIDO!<\/font><\/span><\/p>\n","protected":false},"excerpt":{"rendered":"<p>Anticarbunculosa COMPOSI\u00c7\u00c3O:\u00c9 uma suspens\u00e3o de esporos vi\u00e1veis da amostra Sterne do Bacillus anthracis em solu\u00e7\u00e3o salina. INDICA\u00c7\u00c3O:Profilaxia do Carb\u00fanculo Hem\u00e1tico (Carb\u00fanculo verdadeiro<\/p>\n","protected":false},"featured_media":16957,"template":"","meta":{"_acf_changed":false},"product_brand":[],"product_cat":[171],"product_tag":[],"class_list":{"0":"post-16956","1":"product","2":"type-product","3":"status-publish","4":"has-post-thumbnail","6":"product_cat-vacinas","8":"first","9":"outofstock","10":"purchasable","11":"product-type-simple"},"acf":[],"_links":{"self":[{"href":"https:\/\/vetsul.com\/index.php\/wp-json\/wp\/v2\/product\/16956","targetHints":{"allow":["GET"]}}],"collection":[{"href":"https:\/\/vetsul.com\/index.php\/wp-json\/wp\/v2\/product"}],"about":[{"href":"https:\/\/vetsul.com\/index.php\/wp-json\/wp\/v2\/types\/product"}],"wp:featuredmedia":[{"embeddable":true,"href":"https:\/\/vetsul.com\/index.php\/wp-json\/wp\/v2\/media\/16957"}],"wp:attachment":[{"href":"https:\/\/vetsul.com\/index.php\/wp-json\/wp\/v2\/media?parent=16956"}],"wp:term":[{"taxonomy":"product_brand","embeddable":true,"href":"https:\/\/vetsul.com\/index.php\/wp-json\/wp\/v2\/product_brand?post=16956"},{"taxonomy":"product_cat","embeddable":true,"href":"https:\/\/vetsul.com\/index.php\/wp-json\/wp\/v2\/product_cat?post=16956"},{"taxonomy":"product_tag","embeddable":true,"href":"https:\/\/vetsul.com\/index.php\/wp-json\/wp\/v2\/product_tag?post=16956"}],"curies":[{"name":"wp","href":"https:\/\/api.w.org\/{rel}","templated":true}]}}