{"id":16946,"date":"2018-01-10T10:25:34","date_gmt":"2018-01-10T12:25:34","guid":{"rendered":"http:\/\/35.194.95.18\/wp-admin\/?post_type=product&#038;p=16946"},"modified":"2025-08-12T10:05:13","modified_gmt":"2025-08-12T13:05:13","slug":"unguento-pearson-250-gramas-eurofarma","status":"publish","type":"product","link":"https:\/\/vetsul.com\/index.php\/product\/unguento-pearson-250-gramas-eurofarma\/","title":{"rendered":"UNGUENTO PEARSON 250 GRAMAS &#8211; EUROFARMA"},"content":{"rendered":"<p>F\u00f3rmula:<\/p>\n<p>Cada 100 g cont\u00e9m:<\/p>\n<p><\/p>\n<p>\u00d3xido de Zinco&#8230;&#8230;&#8230;&#8230;&#8230;&#8230;&#8230;&#8230;&#8230;&#8230;&#8230;&#8230;&#8230;&#8230;&#8230;&#8230;&#8230;20 g<\/p>\n<p>\u00d3leo de Pinho&#8230;&#8230;&#8230;&#8230;&#8230;&#8230;&#8230;&#8230;&#8230;&#8230;&#8230;&#8230;&#8230;&#8230;&#8230;&#8230;&#8230;.5,0 g<\/p>\n<p>Caulim&#8230;&#8230;&#8230;&#8230;&#8230;&#8230;&#8230;&#8230;&#8230;&#8230;&#8230;&#8230;&#8230;&#8230;&#8230;&#8230;&#8230;&#8230;&#8230;&#8230;..32,0 g<\/p>\n<p>Xilol&#8230;&#8230;&#8230;&#8230;&#8230;&#8230;&#8230;&#8230;&#8230;&#8230;&#8230;&#8230;&#8230;&#8230;&#8230;&#8230;&#8230;&#8230;&#8230;&#8230;&#8230;&#8230;..6,0 g<\/p>\n<p>Excipiente especial contendo subst\u00e2ncias<\/p>\n<p>estabilizantes e solventes q.s.p&#8230;&#8230;&#8230;&#8230;&#8230;&#8230;&#8230;.100,0 g<\/p>\n<p><\/p>\n<p>Indica\u00e7\u00f5es:<\/p>\n<p>UNGUENTO PEARSON possui a\u00e7\u00e3o cicatrizante e repelente.<\/p>\n<p>\u00c9 indicado no tratamento do umbigo dos rec\u00e9m-nascidos, eczemas, \u00falceras varicosas, pruridos e nos pequenos ferimentos causados por pequenas opera\u00e7\u00f5es cir\u00fargicas, tosquias, descornas, marca\u00e7\u00f5es, arranhaduras, pisaduras e castra\u00e7\u00e3o. \u00c9 indicado ainda como repelente para as moscas causadoras das mi\u00edases (bicheiras) e bernes.<\/p>\n<p><\/p>\n<p>Dosagem:<\/p>\n<p>Secar a ferida com um pano limpo ou gaze e aplicar o UNGUENTO PEARSON, utilizando uma esp\u00e1tula ou um bast\u00e3o. Repetir a aplica\u00e7\u00e3o diariamente at\u00e9 completa cicatriza\u00e7\u00e3o.<\/p>\n<p>&nbsp;<\/p>\n<p><\/p>\n<p>Administra\u00e7\u00e3o:<\/p>\n<p>Uso t\u00f3pico.<\/p>\n<p><\/p>\n<p>Precau\u00e7\u00f5es:<\/p>\n<p>Conservar o UNGUENTO PEARSON em local fresco, seco e ao abrigo da luz solar.<\/p>\n<p>Manter a embalagem bem fechada.<\/p>\n<p>Conservar fora do alcance das crian\u00e7as e animais dom\u00e9sticos.<\/p>\n<p>N\u00e3o usar a embalagem vazia.<\/p>\n<p>N\u00e3o guardar ou aplicar junto de alimentos, bebidas, produtos de higiene e cosm\u00e9ticos.<\/p>\n<p><\/p>\n<p>Data do Vencimento: 2 (dois) anos ap\u00f3s a data de fabrica\u00e7\u00e3o.<\/p>\n<p><\/p>\n<p>Venda sob prescri\u00e7\u00e3o e aplica\u00e7\u00e3o sob orienta\u00e7\u00e3o do M\u00e9dico Veterin\u00e1rio.<\/p>\n<p><\/p>\n<p>Apresenta\u00e7\u00e3o:<\/p>\n<p>Potes de 250 e 700 g.<\/p>\n<p><\/p>\n<p>Classe Terap\u00eautica:<\/p>\n<p>OUTROS<\/p>\n<p><\/p>\n<p>Princ\u00edpio(s) Ativo(s):<\/p>\n<p>\u00d3LEO DE PINHO<\/p>\n<p>\u00d3XIDO DE ZINCO<\/p>\n<p><\/p>\n<p>Registro no Minist\u00e9rio da Agricultura, Pecu\u00e1ria e Abastecimento:<\/p>\n<p>1.081 09\/55<\/p>\n<p><\/p>\n<p>Respons\u00e1vel T\u00e9cnico:<\/p>\n<p>Maria do Socorro Barbosa Gil &#8211; CRMV: CRF\/RJ 2800<\/p>\n","protected":false},"excerpt":{"rendered":"<p>F\u00f3rmula: Cada 100 g cont\u00e9m: \u00d3xido de Zinco&#8230;&#8230;&#8230;&#8230;&#8230;&#8230;&#8230;&#8230;&#8230;&#8230;&#8230;&#8230;&#8230;&#8230;&#8230;&#8230;&#8230;20 g \u00d3leo de Pinho&#8230;&#8230;&#8230;&#8230;&#8230;&#8230;&#8230;&#8230;&#8230;&#8230;&#8230;&#8230;&#8230;&#8230;&#8230;&#8230;&#8230;.5,0 g Caulim&#8230;&#8230;&#8230;&#8230;&#8230;&#8230;&#8230;&#8230;&#8230;&#8230;&#8230;&#8230;&#8230;&#8230;&#8230;&#8230;&#8230;&#8230;&#8230;&#8230;..32,0 g Xilol&#8230;&#8230;&#8230;&#8230;&#8230;&#8230;&#8230;&#8230;&#8230;&#8230;&#8230;&#8230;&#8230;&#8230;&#8230;&#8230;&#8230;&#8230;&#8230;&#8230;&#8230;&#8230;..6,0 g Excipiente especial contendo subst\u00e2ncias estabilizantes<\/p>\n","protected":false},"featured_media":16947,"template":"","meta":{"_acf_changed":false},"product_brand":[979],"product_cat":[185,188],"product_tag":[1005,1006,1004],"class_list":{"0":"post-16946","1":"product","2":"type-product","3":"status-publish","4":"has-post-thumbnail","6":"product_brand-pearson-eurofarma","7":"product_cat-cicatrizantes-e-mata-bicheiras","8":"product_cat-cicatrizantes-e-mata-bicheiras-3","9":"product_tag-eurofarma","10":"product_tag-pearson","11":"product_tag-unguento","13":"first","14":"instock","15":"purchasable","16":"product-type-simple"},"acf":[],"_links":{"self":[{"href":"https:\/\/vetsul.com\/index.php\/wp-json\/wp\/v2\/product\/16946","targetHints":{"allow":["GET"]}}],"collection":[{"href":"https:\/\/vetsul.com\/index.php\/wp-json\/wp\/v2\/product"}],"about":[{"href":"https:\/\/vetsul.com\/index.php\/wp-json\/wp\/v2\/types\/product"}],"wp:featuredmedia":[{"embeddable":true,"href":"https:\/\/vetsul.com\/index.php\/wp-json\/wp\/v2\/media\/16947"}],"wp:attachment":[{"href":"https:\/\/vetsul.com\/index.php\/wp-json\/wp\/v2\/media?parent=16946"}],"wp:term":[{"taxonomy":"product_brand","embeddable":true,"href":"https:\/\/vetsul.com\/index.php\/wp-json\/wp\/v2\/product_brand?post=16946"},{"taxonomy":"product_cat","embeddable":true,"href":"https:\/\/vetsul.com\/index.php\/wp-json\/wp\/v2\/product_cat?post=16946"},{"taxonomy":"product_tag","embeddable":true,"href":"https:\/\/vetsul.com\/index.php\/wp-json\/wp\/v2\/product_tag?post=16946"}],"curies":[{"name":"wp","href":"https:\/\/api.w.org\/{rel}","templated":true}]}}