{"id":16930,"date":"2018-01-10T09:27:24","date_gmt":"2018-01-10T11:27:24","guid":{"rendered":"http:\/\/35.194.95.18\/wp-admin\/?post_type=product&#038;p=16930"},"modified":"2025-02-07T16:00:24","modified_gmt":"2025-02-07T19:00:24","slug":"topline-5-litros-merial","status":"publish","type":"product","link":"https:\/\/vetsul.com\/index.php\/product\/topline-5-litros-merial\/","title":{"rendered":"TOPLINE 5 LITROS &#8211; MERIAL"},"content":{"rendered":"<p>O TOPLINE Red \u00e9 um ectoparasiticida Antiparasit\u00e1rio fabricado pela Merial Brasil indicado para controle do carrapato, berne, mosca-dos-chifres e mi\u00edase de bovinos. O produto apresenta uma colora\u00e7\u00e3o exclusiva para deixar a pelagem do animal avermelhada ap\u00f3s a aplica\u00e7\u00e3o do produto, o que facilita a identifica\u00e7\u00e3o de qual animal j\u00e1 foi realizada a aplica\u00e7\u00e3o.<\/p>\n<p>O princ\u00edpio ativo e concentra\u00e7\u00e3o do produto continuam os mesmos do TOPLINE, ou seja, sua fun\u00e7\u00e3o e princ\u00edpio ativo s\u00e3o as mesmas do produto tradicional com dose recomendada de 1ml para cada 10 kg de peso vivo. Por ser um produto pronto para uso e de aplica\u00e7\u00e3o Pour On (aplica\u00e7\u00e3o no dorso do animal, indo do cupim e o rabo), TOPLINE Red evita o estresse para os animais e traz menor risco de sub-dosagens. O produto pode ser encontrado em embalagens de um a cinco litros.<\/p>\n<p>O Top Line \u00e9 um produto que possui seguran\u00e7a e efic\u00e1cia comprovadas em mais de 60 milh\u00f5es de doses utilizadas no Brasil e o selo de qualidade Merial, uma das empresas l\u00edderes em sa\u00fade animal em todo o mundo.<\/p>\n<p>&nbsp;<\/p>\n<p>Como usar: o TOPLINE \u00e9 formulado para uso t\u00f3pico, e deve ser aplicado na dose de 1mL do produto para cada 10Kg de peso (10 mL\/100Kg) sobre a linha m\u00e9dia superior (dorso-lombo) dos animais, no espa\u00e7o compreendido entre a cernelha (cruzes) at\u00e9 a articula\u00e7\u00e3o lombo-sacral. A a\u00e7\u00e3o mosquicida de Topline se prolonga por at\u00e9 35 dias ap\u00f3s o tratamento, prevenindo ainda a bicheira instalada no corpo dos animais.<\/p>\n<p>F\u00f3rmula:<\/p>\n<p>O Fipronil, \u00e9 uma mol\u00e9cula nova e a primeira de uma nova classe de inseticidas-acaricidas, os Fenilpiraz\u00f3is.\u00e2Topline<\/p>\n<p>&nbsp;<\/p>\n<p>Indica\u00e7\u00f5es:<\/p>\n<p>A efic\u00e1cia de Topline tende a se manifestar de forma r\u00e1pida, atingindo sua culmin\u00e2ncia, no controle do Boophilus mucroplus, dentro da primeira semana ap\u00f3s a aplica\u00e7\u00e3o. Estudos de registro indicam um controle da Dermatobia hominis pr\u00f3ximo a 100{bad89740ab836af8afd78adf22d5854117f226b234e4f8ee83a0ac8d28f68ffc} de efic\u00e1cia, por aproximadamente 3 semanas da aplica\u00e7\u00e3o.<\/p>\n<p>Infesta\u00e7\u00f5es pela Mosca-dos-Chifres (Haematobia irritans) freq\u00fcentemente cedem em cerca de 100{bad89740ab836af8afd78adf22d5854117f226b234e4f8ee83a0ac8d28f68ffc} dos casos, durante a primeira semana da aplica\u00e7\u00e3o, e o tratamento resulta num controle satisfat\u00f3rio por aproximadamente 35 dias. Topline \u00e9 tamb\u00e9m bastante efetivo no controle das mi\u00edases causadas por larvas da Cochliomyia hominivorax(bicheira).<\/p>\n<p>Topline possui formula\u00e7\u00e3o hidrof\u00f3bica demonstrando boa resist\u00eancia \u00e0 chuva.<\/p>\n<p>O Fipronil mata os parasitos sens\u00edveis por contato, bloqueando os canais de Cloro controlados pelo GABA (\u00c1cido Gama-aminobut\u00edrico), determinando paralisia esp\u00e1stica, morte e elimina\u00e7\u00e3o dos ectoparasitos sens\u00edveis. O Fipronil pode controlar eficazmente aqueles ectoparasitos resistentes \u00e0s outras mol\u00e9culas ectoparasiticidas convencionais, como piretr\u00f3ides e organofosforados<\/p>\n<p>&nbsp;<\/p>\n<p>&nbsp;<\/p>\n<p>Dosagem:<\/p>\n<p>est\u00e1 formulado para uso t\u00f3pico, e deve ser aplicado na dose de 1mL do produto para cada 10Kg de peso (10 mL\/100Kg) sobre a linha m\u00e9dia superior (dorso-lombo) dos animais, no espa\u00e7o compreendido entre a cernelha (cruzes) at\u00e9 a articula\u00e7\u00e3o lombo-sacral.\u00e2Topline<\/p>\n<p>&nbsp;<\/p>\n<p>Per\u00edodo de car\u00eancia<\/p>\n<p>Abate: bovinos tratados n\u00e3o dever\u00e3o ser abatidos dentro do per\u00edodo de 100 dias ap\u00f3s o \u00faltimo tratamento, quando a carne se destinar ao consumo humano.<\/p>\n<p>&nbsp;<\/p>\n<p>&nbsp;<\/p>\n<p>Administra\u00e7\u00e3o:<\/p>\n<p>Benef\u00edcios<\/p>\n<p>\u2022 Economia de manejos e m\u00e3o-de-obra.<\/p>\n<p>\u2022 Menos estresse e maior ganho de peso para os animais tratados.<\/p>\n<p>\u2022 Melhor rela\u00e7\u00e3o Custo\/Benef\u00edcio.<\/p>\n<p>\u2022 Menor risco de acidentes.<\/p>\n<p>\u2022 Evita as perdas decorrentes da espolia\u00e7\u00e3o causada pelas diferentes fases da vida dos ectoparasitos.<\/p>\n<p>\u2022 Limpeza das pastagens.<\/p>\n<p>\u2022 Interrompe o efeito do parasito em qualquer fase do ciclo parasit\u00e1rio.<\/p>\n<p>\u2022 Maior seguran\u00e7a no aproveitamento da aplica\u00e7\u00e3o.<\/p>\n<p>\u2022 Solu\u00e7\u00e3o definitiva dos problemas causados pelos ectoparasitos em \u00e1reas de insucesso com outros produtos.<\/p>\n<p>&nbsp;<\/p>\n<p>Nota<\/p>\n<p>os ectoparasitos estariam controlados com um n\u00famero menor de aplica\u00e7\u00f5es quando comparados \u00e0s 9 a 11 aplica\u00e7\u00f5es dos produtos convencionais. Essa diminui\u00e7\u00e3o do n\u00famero de manejos implica num ganho real de 6 kg a 9 kg\/animal\/ano. Devemos ainda considerar os outros benef\u00edcios, tais como: possibilidade de controle de cepas resistentes aos piretr\u00f3ides, limpeza das pastagens, menor risco de acidentes etc.\u00e2\u00c9 de consenso nacional que os animais sofrem, a cada movimenta\u00e7\u00e3o, uma perda de peso como conseq\u00fc\u00eancia direta do estresse. Na pecu\u00e1ria de corte os animais perdem em m\u00e9dia 1,5 kg\/animal\/manejo. Utilizando Topline<\/p>\n<p>&nbsp;<\/p>\n<p>&nbsp;<\/p>\n<p>Precau\u00e7\u00f5es:<\/p>\n<p>Prazo de validade<\/p>\n<p>3 anos ap\u00f3s a data de fabrica\u00e7\u00e3o.<\/p>\n<p>&nbsp;<\/p>\n<p>Advert\u00eancias<\/p>\n<p>\u00e9 somente indicado para uso em gado de corte.\u00e2\u2022 Topline<\/p>\n<p>\u2022 N\u00e3o reutilizar o produto num intervalo inferior a 60 dias.<\/p>\n<p>da superf\u00edcie do corpo dos animais tratados, diminuindo o per\u00edodo de prote\u00e7\u00e3o proporcionado pelo produto no controle das ectoparasitoses.\u00e2\u2022 Apesar de sua formula\u00e7\u00e3o hidrof\u00f3bica, chuvas torrenciais podem remover o Topline<\/p>\n<p>&nbsp;<\/p>\n<p>Caracter\u00edsticas<\/p>\n<p>\u2022 A\u00e7\u00e3o mosquicida prolongada por at\u00e9 35 dias ap\u00f3s o tratamento.<\/p>\n<p>\u2022 Maior intervalo entre aplica\u00e7\u00f5es.<\/p>\n<p>\u2022 Amplo espectro com controle das 4 principais ectoparasitoses.<\/p>\n<p>\u2022 Controle da popula\u00e7\u00e3o dos ectoparasitos por sua a\u00e7\u00e3o larvicida e adulticida.<\/p>\n<p>\u2022 Facilidade de manejo e aplica\u00e7\u00e3o na formula\u00e7\u00e3o Pour-on.<\/p>\n<p>\u2022 Produto n\u00e3o hidrossol\u00favel com maior resist\u00eancia \u00e0 chuva.<\/p>\n<p>\u2022 Novo princ\u00edpio ativo, controla cepas resistentes aos outros produtos do mercado.<\/p>\n","protected":false},"excerpt":{"rendered":"<p>O TOPLINE Red \u00e9 um ectoparasiticida Antiparasit\u00e1rio fabricado pela Merial Brasil indicado para controle do carrapato, berne, mosca-dos-chifres e mi\u00edase de bovinos.<\/p>\n","protected":false},"featured_media":16931,"template":"","meta":{"_acf_changed":false},"product_brand":[980],"product_cat":[167],"product_tag":[],"class_list":{"0":"post-16930","1":"product","2":"type-product","3":"status-publish","4":"has-post-thumbnail","6":"product_brand-merial","7":"product_cat-vermifugos-e-carrapaticidas","9":"first","10":"instock","11":"purchasable","12":"product-type-simple"},"acf":[],"_links":{"self":[{"href":"https:\/\/vetsul.com\/index.php\/wp-json\/wp\/v2\/product\/16930","targetHints":{"allow":["GET"]}}],"collection":[{"href":"https:\/\/vetsul.com\/index.php\/wp-json\/wp\/v2\/product"}],"about":[{"href":"https:\/\/vetsul.com\/index.php\/wp-json\/wp\/v2\/types\/product"}],"wp:featuredmedia":[{"embeddable":true,"href":"https:\/\/vetsul.com\/index.php\/wp-json\/wp\/v2\/media\/16931"}],"wp:attachment":[{"href":"https:\/\/vetsul.com\/index.php\/wp-json\/wp\/v2\/media?parent=16930"}],"wp:term":[{"taxonomy":"product_brand","embeddable":true,"href":"https:\/\/vetsul.com\/index.php\/wp-json\/wp\/v2\/product_brand?post=16930"},{"taxonomy":"product_cat","embeddable":true,"href":"https:\/\/vetsul.com\/index.php\/wp-json\/wp\/v2\/product_cat?post=16930"},{"taxonomy":"product_tag","embeddable":true,"href":"https:\/\/vetsul.com\/index.php\/wp-json\/wp\/v2\/product_tag?post=16930"}],"curies":[{"name":"wp","href":"https:\/\/api.w.org\/{rel}","templated":true}]}}