{"id":16926,"date":"2018-01-10T09:22:16","date_gmt":"2018-01-10T11:22:16","guid":{"rendered":"http:\/\/35.194.95.18\/wp-admin\/?post_type=product&#038;p=16926"},"modified":"2025-02-07T16:00:24","modified_gmt":"2025-02-07T19:00:24","slug":"topcef-1-gr-1g-de-ceftiofur-diluente-20-ml","status":"publish","type":"product","link":"https:\/\/vetsul.com\/index.php\/product\/topcef-1-gr-1g-de-ceftiofur-diluente-20-ml\/","title":{"rendered":"TOPCEF 1 GR &#8211; 1G DE CEFTIOFUR + DILUENTE 20 ML"},"content":{"rendered":"<p>ANTIMICROBIANO INJET\u00c1VEL<\/p>\n<p><\/p>\n<p>&nbsp;<\/p>\n<p><\/p>\n<p>F\u00f3rmula:<\/p>\n<p><\/p>\n<p>Frasco de 1g com diluente de 20mL &#8211; Cada 20mL cont\u00e9m:<\/p>\n<p><\/p>\n<p>Ceftiofur s\u00f3dico &#8230;&#8230;&#8230;&#8230;&#8230;&#8230;&#8230;&#8230;&#8230;&#8230;&#8230;&#8230;&#8230;&#8230;&#8230;&#8230;&#8230;&#8230;&#8230;&#8230;&#8230;&#8230;&#8230;&#8230;&#8230;&#8230;&#8230;&#8230;&#8230;&#8230;&#8230;&#8230;&#8230;&#8230;&#8230;&#8230;&#8230;&#8230;&#8230;&#8230;&#8230;1g<\/p>\n<p><\/p>\n<p>Diluente est\u00e9ril&#8230;&#8230;&#8230;&#8230;&#8230;&#8230;&#8230;&#8230;&#8230;&#8230;&#8230;&#8230;&#8230;&#8230;&#8230;&#8230;&#8230;&#8230;&#8230;&#8230;&#8230;&#8230;&#8230;&#8230;&#8230;&#8230;&#8230;&#8230;&#8230;&#8230;&#8230;&#8230;&#8230;&#8230;&#8230;&#8230;&#8230;&#8230;&#8230;&#8230;20mL<\/p>\n<p><\/p>\n<p>Frasco de 4g com diluente de 80mL &#8211; Cada 80mL cont\u00e9m:<\/p>\n<p><\/p>\n<p>Ceftiofur s\u00f3dico &#8230;&#8230;&#8230;&#8230;&#8230;&#8230;&#8230;&#8230;&#8230;&#8230;&#8230;&#8230;&#8230;&#8230;&#8230;&#8230;&#8230;&#8230;&#8230;&#8230;&#8230;&#8230;&#8230;&#8230;&#8230;&#8230;&#8230;&#8230;&#8230;&#8230;&#8230;&#8230;&#8230;&#8230;&#8230;&#8230;&#8230;&#8230;&#8230;&#8230;&#8230;4g<\/p>\n<p><\/p>\n<p>Diluente est\u00e9ril&#8230;&#8230;&#8230;&#8230;&#8230;&#8230;&#8230;&#8230;&#8230;&#8230;&#8230;&#8230;&#8230;&#8230;&#8230;&#8230;&#8230;&#8230;&#8230;&#8230;&#8230;&#8230;&#8230;&#8230;&#8230;&#8230;&#8230;&#8230;&#8230;&#8230;&#8230;&#8230;&#8230;&#8230;&#8230;&#8230;&#8230;&#8230;&#8230;&#8230;80mL<\/p>\n<p><\/p>\n<p>&nbsp;<\/p>\n<p><\/p>\n<p>INDICA\u00c7\u00d5ES:<\/p>\n<p><\/p>\n<p>&nbsp;<\/p>\n<p><\/p>\n<p>Infec\u00e7\u00f5es causadas por germes sens\u00edveis ao Ceftiofur, que age contra: Streptococcus sp<\/p>\n<p><\/p>\n<p>(abscessos, garrotilho, mastite), Staphylococcus sp (mastite, abscessos), Pasteurella multocida<\/p>\n<p><\/p>\n<p>(Doen\u00e7a Respirat\u00f3ria dos Bovinos &#8211; DRB), Pasteurella haemolitica (DRB), Corynebacterium<\/p>\n<p><\/p>\n<p>pyogenes (mastite), Escherichia coli (complica\u00e7\u00f5es de enfermidades virais de eq\u00fcinos, disenteria, diarr\u00e9ias), Salmonella sp (salmonelose), Actinobacillus pleuropneumoniae(Haemophilus) (DRB, Broncopneumonia, Pneumonia), Haemophilus somnus (DRB),Fusobacterium necrophorus (Difteria dos bezerros, Rinite necr\u00f3tica dos porcos), entre outros.<\/p>\n<p><\/p>\n<p>&nbsp;<\/p>\n<p><\/p>\n<p>Bovinos: tratamento de BRD ( Doen\u00e7a Respirat\u00f3ria Bovina ), febre do transporte, enterites,<\/p>\n<p><\/p>\n<p>podrid\u00e3o do casco, infec\u00e7\u00f5es genitourin\u00e1rias, metrites.<\/p>\n<p><\/p>\n<p>Su\u00ednos: tratamento da pleuropneumonia, pneumonias bacterianas, enterites, infec\u00e7\u00f5es<\/p>\n<p><\/p>\n<p>genitourin\u00e1rias, meningoencefatlite bacteriana.<\/p>\n<p><\/p>\n<p>Equinos: tratamento de infec\u00e7\u00f5es respirat\u00f3rias e genitourin\u00e1rias.<\/p>\n<p><\/p>\n<p>&nbsp;<\/p>\n<p><\/p>\n<p>DOSES E MODO DE USAR:<\/p>\n<p><\/p>\n<p>&nbsp;<\/p>\n<p><\/p>\n<p>Preparar a suspens\u00e3o no momento da aplica\u00e7\u00e3o, adicionando-se o conte\u00fado do diluente com<\/p>\n<p><\/p>\n<p>seringa est\u00e9ril ao frasco-ampola com o p\u00f3, agitando-se at\u00e9 a completa dissolu\u00e7\u00e3o.<\/p>\n<p><\/p>\n<p>&nbsp;<\/p>\n<p><\/p>\n<p>Bovinos ( 1mg de Ceftiofur \/ Kg de peso corp\u00f3reo )<\/p>\n<p><\/p>\n<p>Frasco de 1g com 20mL ou frasco de 4g com 80mL : Aplicar 1mL da solu\u00e7\u00e3o reconstitu\u00edda<\/p>\n<p><\/p>\n<p>est\u00e9ril para cada 50Kg de peso corp\u00f3reo pela via intramuscular. Fazer uma aplica\u00e7\u00e3o di\u00e1ria por<\/p>\n<p><\/p>\n<p>3 dias consecutivos.<\/p>\n<p><\/p>\n<p>&nbsp;<\/p>\n<p><\/p>\n<p>Su\u00ednos p\u00f3s-desmame ( 1mg de Ceftiofur \/ Kg de peso corp\u00f3reo )<\/p>\n<p><\/p>\n<p>Frasco de 1g com 20mL ou frasco de 4g com 80mL : Aplicar 1mL da solu\u00e7\u00e3o reconstitu\u00edda<\/p>\n<p><\/p>\n<p>est\u00e9ril para cada 50Kg de peso corp\u00f3reo pela via intramuscular. Fazer uma aplica\u00e7\u00e3o di\u00e1ria por<\/p>\n<p><\/p>\n<p>3 dias consecutivos.<\/p>\n<p><\/p>\n<p>&nbsp;<\/p>\n<p><\/p>\n<p>Su\u00ednos em aleitamento ( 2mg de Ceftiofur \/ Kg de peso corp\u00f3reo )<\/p>\n<p><\/p>\n<p>Frasco de 1g com 20mL ou frasco de 4g com 80mL : Aplicar 0,2mL da solu\u00e7\u00e3o reconstitu\u00edda<\/p>\n<p><\/p>\n<p>est\u00e9ril para cada 5Kg de peso corp\u00f3reo pela via intramuscular. Programa de aplica\u00e7\u00e3o a crit\u00e9rio<\/p>\n<p><\/p>\n<p>do M\u00e9dico Veterin\u00e1rio.<\/p>\n<p><\/p>\n<p>&nbsp;<\/p>\n<p><\/p>\n<p>Equinos ( 2mg de Ceftiofur \/ Kg de peso corp\u00f3reo )<\/p>\n<p><\/p>\n<p>Frasco de 1g com 20mL ou frasco de 4g com 80mL : Aplicar 1mL da solu\u00e7\u00e3o reconstitu\u00edda est\u00e9ril para cada 25Kg de peso corp\u00f3reo pela via intramuscular. Fazer uma aplica\u00e7\u00e3o di\u00e1ria at\u00e9 48 horas ap\u00f3s o desaparecimento dos sintomas.<\/p>\n<p><\/p>\n<p>&nbsp;<\/p>\n<p><\/p>\n<p>A crit\u00e9rio do M\u00e9dico Veterin\u00e1rio, estas doses poder\u00e3o ser modificadas.<\/p>\n<p><\/p>\n<p>&nbsp;<\/p>\n<p><\/p>\n<p>O uso profil\u00e1tico de antimicrobianos poder\u00e1 ser feito, sempre a crit\u00e9rio do M\u00e9dico Veterin\u00e1rio.<\/p>\n<p><\/p>\n<p>&nbsp;<\/p>\n<p><\/p>\n<p>EFEITOS ADVERSOS:<\/p>\n<p><\/p>\n<p>&nbsp;<\/p>\n<p><\/p>\n<p>N\u00e3o ocorrem nas doses recomendadas.<\/p>\n<p><\/p>\n<p>&nbsp;<\/p>\n<p><\/p>\n<p>CONTRA-INDICA\u00c7\u00d5ES:<\/p>\n<p><\/p>\n<p>&nbsp;<\/p>\n<p><\/p>\n<p>O produto \u00e9 contra-indicado para animais com hist\u00f3rico de hipersensibilidade ao Ceftiofur.<\/p>\n<p><\/p>\n<p>&nbsp;<\/p>\n<p><\/p>\n<p>Conserva\u00e7\u00e3o do produto<\/p>\n<p><\/p>\n<p>&nbsp;<\/p>\n<p><\/p>\n<p>Antes de reconstitu\u00eddo o produto dever\u00e1 ser conservado \u00e0 temperatura ambiente controlada ( 25\u00baC),<\/p>\n<p><\/p>\n<p>em local seco e ao abrigo de luz.<\/p>\n<p><\/p>\n<p>Ap\u00f3s a reconstitui\u00e7\u00e3o a solu\u00e7\u00e3o dever\u00e1 ser mantida em refrigera\u00e7\u00e3o ( 2\u00ba a 8\u00ba C) por 7 dias ou \u00e0<\/p>\n<p><\/p>\n<p>temperatura ambiente controlada ( 25\u00baC) por 12 horas.<\/p>\n<p><\/p>\n<p>A solu\u00e7\u00e3o depois de reconstituida pode ser congelada por um per\u00edodo de 2 meses.<\/p>\n<p><\/p>\n<p>Deve ser descongelada em temperatura ambiente antes do uso.<\/p>\n<p><\/p>\n<p>Ap\u00f3s descongelamento a suspens\u00e3o n\u00e3o deve ser congelada novamente.<\/p>\n<p><\/p>\n<p>PER\u00cdODO DE CAR\u00caNCIA: Zero.<\/p>\n","protected":false},"excerpt":{"rendered":"<p>ANTIMICROBIANO INJET\u00c1VEL &nbsp; F\u00f3rmula: Frasco de 1g com diluente de 20mL &#8211; Cada 20mL cont\u00e9m: Ceftiofur s\u00f3dico &#8230;&#8230;&#8230;&#8230;&#8230;&#8230;&#8230;&#8230;&#8230;&#8230;&#8230;&#8230;&#8230;&#8230;&#8230;&#8230;&#8230;&#8230;&#8230;&#8230;&#8230;&#8230;&#8230;&#8230;&#8230;&#8230;&#8230;&#8230;&#8230;&#8230;&#8230;&#8230;&#8230;&#8230;&#8230;&#8230;&#8230;&#8230;&#8230;&#8230;&#8230;1g Diluente est\u00e9ril&#8230;&#8230;&#8230;&#8230;&#8230;&#8230;&#8230;&#8230;&#8230;&#8230;&#8230;&#8230;&#8230;&#8230;&#8230;&#8230;&#8230;&#8230;&#8230;&#8230;&#8230;&#8230;&#8230;&#8230;&#8230;&#8230;&#8230;&#8230;&#8230;&#8230;&#8230;&#8230;&#8230;&#8230;&#8230;&#8230;&#8230;&#8230;&#8230;&#8230;20mL Frasco de<\/p>\n","protected":false},"featured_media":16927,"template":"","meta":{"_acf_changed":false},"product_brand":[979],"product_cat":[170,175],"product_tag":[758,1018],"class_list":{"0":"post-16926","1":"product","2":"type-product","3":"status-publish","4":"has-post-thumbnail","6":"product_brand-pearson-eurofarma","7":"product_cat-anti-microbianos","8":"product_cat-antimicrobianos-2","9":"product_tag-antibiotico","10":"product_tag-ceftiofur","12":"first","13":"outofstock","14":"purchasable","15":"product-type-simple"},"acf":[],"_links":{"self":[{"href":"https:\/\/vetsul.com\/index.php\/wp-json\/wp\/v2\/product\/16926","targetHints":{"allow":["GET"]}}],"collection":[{"href":"https:\/\/vetsul.com\/index.php\/wp-json\/wp\/v2\/product"}],"about":[{"href":"https:\/\/vetsul.com\/index.php\/wp-json\/wp\/v2\/types\/product"}],"wp:featuredmedia":[{"embeddable":true,"href":"https:\/\/vetsul.com\/index.php\/wp-json\/wp\/v2\/media\/16927"}],"wp:attachment":[{"href":"https:\/\/vetsul.com\/index.php\/wp-json\/wp\/v2\/media?parent=16926"}],"wp:term":[{"taxonomy":"product_brand","embeddable":true,"href":"https:\/\/vetsul.com\/index.php\/wp-json\/wp\/v2\/product_brand?post=16926"},{"taxonomy":"product_cat","embeddable":true,"href":"https:\/\/vetsul.com\/index.php\/wp-json\/wp\/v2\/product_cat?post=16926"},{"taxonomy":"product_tag","embeddable":true,"href":"https:\/\/vetsul.com\/index.php\/wp-json\/wp\/v2\/product_tag?post=16926"}],"curies":[{"name":"wp","href":"https:\/\/api.w.org\/{rel}","templated":true}]}}