{"id":16924,"date":"2018-01-10T09:18:59","date_gmt":"2018-01-10T11:18:59","guid":{"rendered":"http:\/\/35.194.95.18\/wp-admin\/?post_type=product&#038;p=16924"},"modified":"2025-02-07T16:00:24","modified_gmt":"2025-02-07T19:00:24","slug":"tonoc-nfora-injet-vel-100ml","status":"publish","type":"product","link":"https:\/\/vetsul.com\/index.php\/product\/tonoc-nfora-injet-vel-100ml\/","title":{"rendered":"TONOC\u00c2NFORA INJET\u00c1VEL &#8211; 100ml"},"content":{"rendered":"<p>TONOC\u00c2NFORA cont\u00e9m em sua f\u00f3rmula subst\u00e2ncias com notada a\u00e7\u00e3o estimulante e antiss\u00e9ptica no tratamento das afec\u00e7\u00f5es bronco pulmonares<\/p>\n<p>Modo de Usar e Posologia&nbsp;<\/p>\n<p>TONOC\u00c2NFORA dever\u00e1 ser utilizado em inje\u00e7\u00f5es intramusculares, preferencialmente no m\u00fasculo da t\u00e1bua lateral do pesco\u00e7o na seguinte posologia ou a crit\u00e9rio do M\u00e9dico Veterin\u00e1rio.&nbsp;<\/p>\n<p><\/p>\n<p>GRANDES ANIMAIS- COMO: BOVINOS, EQ\u00dcINOS e outros animais do mesmo porte, 10 a 20 mL durante 5 dias.&nbsp;<\/p>\n<p>M\u00c9DIOS ANIMAIS &#8211; COMO: SU\u00cdNOS, CAPRINOS e outros animais do mesmo porte, 5 a 10 mL durante 5 dias.&nbsp;<\/p>\n<p>PEQUENOS ANIMAIS &#8211; COMO: CANINOS, FELINOS e outros animais do mesmo porte, 1 a 5 mL durante 5 dias.&nbsp;<\/p>\n<p><\/p>\n<p>Apresenta\u00e7\u00e3o&nbsp;<\/p>\n<p>Frasco ampola com 50ml<\/p>\n<p><\/p>\n<p>F\u00f3rmula&nbsp;<\/p>\n<p>C\u00e2nfora 1,0g Guaiacol 1,0 ml Mentol 0,8g Clorofila 0,5g Eucaliptol 0,8g \u00d3leo de amendoim q.s.p. 100,0ml<\/p>\n<div><\/div>\n","protected":false},"excerpt":{"rendered":"<p>TONOC\u00c2NFORA cont\u00e9m em sua f\u00f3rmula subst\u00e2ncias com notada a\u00e7\u00e3o estimulante e antiss\u00e9ptica no tratamento das afec\u00e7\u00f5es bronco pulmonares Modo de Usar e<\/p>\n","protected":false},"featured_media":16925,"template":"","meta":{"_acf_changed":false},"product_brand":[],"product_cat":[164,163,165],"product_tag":[],"class_list":{"0":"post-16924","1":"product","2":"type-product","3":"status-publish","4":"has-post-thumbnail","6":"product_cat-bovinos-e-ovinos","7":"product_cat-equinos","8":"product_cat-pet","10":"first","11":"instock","12":"shipping-taxable","13":"purchasable","14":"product-type-simple"},"acf":[],"_links":{"self":[{"href":"https:\/\/vetsul.com\/index.php\/wp-json\/wp\/v2\/product\/16924","targetHints":{"allow":["GET"]}}],"collection":[{"href":"https:\/\/vetsul.com\/index.php\/wp-json\/wp\/v2\/product"}],"about":[{"href":"https:\/\/vetsul.com\/index.php\/wp-json\/wp\/v2\/types\/product"}],"wp:featuredmedia":[{"embeddable":true,"href":"https:\/\/vetsul.com\/index.php\/wp-json\/wp\/v2\/media\/16925"}],"wp:attachment":[{"href":"https:\/\/vetsul.com\/index.php\/wp-json\/wp\/v2\/media?parent=16924"}],"wp:term":[{"taxonomy":"product_brand","embeddable":true,"href":"https:\/\/vetsul.com\/index.php\/wp-json\/wp\/v2\/product_brand?post=16924"},{"taxonomy":"product_cat","embeddable":true,"href":"https:\/\/vetsul.com\/index.php\/wp-json\/wp\/v2\/product_cat?post=16924"},{"taxonomy":"product_tag","embeddable":true,"href":"https:\/\/vetsul.com\/index.php\/wp-json\/wp\/v2\/product_tag?post=16924"}],"curies":[{"name":"wp","href":"https:\/\/api.w.org\/{rel}","templated":true}]}}