{"id":16919,"date":"2018-01-10T09:10:21","date_gmt":"2018-01-10T11:10:21","guid":{"rendered":"http:\/\/35.194.95.18\/wp-admin\/?post_type=product&#038;p=16919"},"modified":"2025-04-08T14:59:08","modified_gmt":"2025-04-08T17:59:08","slug":"tonnus-pasta-jcr-40g","status":"publish","type":"product","link":"https:\/\/vetsul.com\/index.php\/product\/tonnus-pasta-jcr-40g\/","title":{"rendered":"Tonnus Pasta JCR 40g"},"content":{"rendered":"<p>Tonnus Pasta JCR<\/p>\n<p>13 Componentes: Completo para a melhora da performance<\/p>\n<p><\/p>\n<p>Tonnus Pasta JCR cont\u00e9m 13 elementos para a melhora da performance f\u00edsica. Cont\u00e9m nutrientes envolvidos com o desempenho atl\u00e9tico, dentre eles destacam-se os BCAA\u2019s (Branched Chain Aminoacids \u2013 Amino\u00e1cidos de Cadeia Ramificada), Gama-Orizanol, HMB (Hidroxi-Metil-Butirato), Glutamina e Cromo que, associados aos outros componentes da f\u00f3rmula, configuram a combina\u00e7\u00e3o para o desempenho f\u00edsico e a performance nos exerc\u00edcios de curta, m\u00e9dia e longa dura\u00e7\u00e3o.<\/p>\n<p><\/p>\n<p>Tonnus Pasta JCR \u00e9 particularmente importante para a prepara\u00e7\u00e3o final de animais de elite, melhorando o aproveitamento de energia e, consequentemente, melhorando a resposta ao treinamento. O produto atua nas vias do metabolismo, auxiliando na produ\u00e7\u00e3o r\u00e1pida de energia, na recupera\u00e7\u00e3o f\u00edsica ap\u00f3s os exerc\u00edcios intensos e no ganho de massa corporal.<\/p>\n<p><\/p>\n<p>INDICA\u00c7\u00c3O<\/p>\n<p><\/p>\n<p>Indicado para equinos e c\u00e3es na melhora da performance e do vigor f\u00edsico e no aumento da massa corporal. Cont\u00e9m Gama-Orizanol, BCAA`s (Isoleucina, Leucina e Valina), HMB e Cromo, todos nutrientes envolvidos com a otimiza\u00e7\u00e3o do desempenho f\u00edsico. Atua como fonte de energia e auxilia no metabolismo energ\u00e9tico celular.<\/p>\n<p><\/p>\n<p>PRINCIPAIS VANTAGENS<\/p>\n<p><\/p>\n<p>\u2022 Melhora da performance na prepara\u00e7\u00e3o final;<\/p>\n<p>\u2022 Completo: 13 componentes envolvidos com desempenho atl\u00e9tico;<\/p>\n<p>\u2022 Facilidade de utiliza\u00e7\u00e3o.<\/p>\n<p><\/p>\n<p>N\u00cdVEIS DE GARANTIA POR KG DO PRODUTO<\/p>\n<p><\/p>\n<p>Beta hidroxi metil butirato (m\u00edn.)\u2026\u2026\u2026\u2026\u2026.33 g<\/p>\n<p>Beta\u00edna (m\u00edn.)\u2026\u2026\u2026\u2026\u2026\u2026\u2026\u2026\u2026\u2026\u2026\u2026\u202620 g<\/p>\n<p>Creatina (m\u00edn.)\u2026\u2026\u2026\u2026\u2026\u2026\u2026\u2026\u2026\u2026\u2026\u2026.140 g<\/p>\n<p>Cromo (m\u00edn.)\u2026\u2026\u2026\u2026\u2026\u2026\u2026\u2026\u2026\u2026\u2026\u2026.400 mg<\/p>\n<p>Gama-orizanol (m\u00edn.)\u2026\u2026\u2026\u2026\u2026\u2026\u2026\u2026..780 mg<\/p>\n<p>Glicina (m\u00edn.)\u2026\u2026\u2026\u2026\u2026\u2026\u2026\u2026\u2026\u2026\u2026\u2026\u2026..20 g<\/p>\n<p>Isoleucina (m\u00edn.)\u2026\u2026\u2026\u2026\u2026\u2026\u2026\u2026\u2026\u2026..31,66 g<\/p>\n<p>Glutamina (m\u00edn.)\u2026\u2026\u2026\u2026\u2026\u2026\u2026\u2026\u2026\u2026\u2026\u202620 g<\/p>\n<p>L-carnitina (m\u00edn.)\u2026\u2026\u2026\u2026\u2026\u2026\u2026\u2026\u2026\u2026\u2026\u202633 g<\/p>\n<p>Leucina (m\u00edn.)\u2026\u2026\u2026\u2026\u2026\u2026\u2026\u2026\u2026\u2026\u2026\u2026\u2026.60 g<\/p>\n<p>\u00d4mega 3 (m\u00edn.)\u2026\u2026\u2026\u2026\u2026\u2026\u2026\u2026\u2026\u2026.1.206 mg<\/p>\n<p>Valina (m\u00edn.)\u2026\u2026\u2026\u2026\u2026\u2026\u2026\u2026\u2026\u2026\u2026\u2026\u2026\u202635 g<\/p>\n<p>Vitamina E (m\u00edn.)\u2026\u2026\u2026\u2026\u2026\u2026\u2026\u2026\u2026\u2026\u202618,4 UI<\/p>\n<p><\/p>\n<p>MODO DE USAR<\/p>\n<p><\/p>\n<p>Equinos adultos:<\/p>\n<p><\/p>\n<p>Treinamento intenso: 10g\/dia \u2013 priorizar os 8 dias pr\u00e9-prova;<\/p>\n<p><\/p>\n<p>Treinamento muito intenso: 20g\/dia \u2013 priorizar os 10 dias pr\u00e9-prova.<\/p>\n<p><\/p>\n<p>Para animais submetidos a atividades f\u00edsicas extremamente intensas, poder\u00e1 ser utilizada a dose de 20g duas vezes ao dia, antes e ap\u00f3s o exerc\u00edcio.<\/p>\n<p><\/p>\n<p>Apresenta\u00e7\u00e3o<\/p>\n<p><\/p>\n<p>Seringa contendo 40g.<\/p>\n","protected":false},"excerpt":{"rendered":"<p>Tonnus Pasta JCR 13 Componentes: Completo para a melhora da performance Tonnus Pasta JCR cont\u00e9m 13 elementos para a melhora da performance<\/p>\n","protected":false},"featured_media":16920,"template":"","meta":{"_acf_changed":false},"product_brand":[954],"product_cat":[178],"product_tag":[991],"class_list":{"0":"post-16919","1":"product","2":"type-product","3":"status-publish","4":"has-post-thumbnail","6":"product_brand-vetnil","7":"product_cat-suplementos-e-vitaminas-2","8":"product_tag-vetnil","10":"first","11":"instock","12":"purchasable","13":"product-type-simple"},"acf":[],"_links":{"self":[{"href":"https:\/\/vetsul.com\/index.php\/wp-json\/wp\/v2\/product\/16919","targetHints":{"allow":["GET"]}}],"collection":[{"href":"https:\/\/vetsul.com\/index.php\/wp-json\/wp\/v2\/product"}],"about":[{"href":"https:\/\/vetsul.com\/index.php\/wp-json\/wp\/v2\/types\/product"}],"wp:featuredmedia":[{"embeddable":true,"href":"https:\/\/vetsul.com\/index.php\/wp-json\/wp\/v2\/media\/16920"}],"wp:attachment":[{"href":"https:\/\/vetsul.com\/index.php\/wp-json\/wp\/v2\/media?parent=16919"}],"wp:term":[{"taxonomy":"product_brand","embeddable":true,"href":"https:\/\/vetsul.com\/index.php\/wp-json\/wp\/v2\/product_brand?post=16919"},{"taxonomy":"product_cat","embeddable":true,"href":"https:\/\/vetsul.com\/index.php\/wp-json\/wp\/v2\/product_cat?post=16919"},{"taxonomy":"product_tag","embeddable":true,"href":"https:\/\/vetsul.com\/index.php\/wp-json\/wp\/v2\/product_tag?post=16919"}],"curies":[{"name":"wp","href":"https:\/\/api.w.org\/{rel}","templated":true}]}}