{"id":16909,"date":"2018-01-10T08:48:44","date_gmt":"2018-01-10T10:48:44","guid":{"rendered":"http:\/\/35.194.95.18\/wp-admin\/?post_type=product&#038;p=16909"},"modified":"2025-04-08T14:59:02","modified_gmt":"2025-04-08T17:59:02","slug":"tiguvon-spot-on-bayer-1-litro","status":"publish","type":"product","link":"https:\/\/vetsul.com\/index.php\/product\/tiguvon-spot-on-bayer-1-litro\/","title":{"rendered":"TIGUVON SPOT-ON BAYER 1 LITRO"},"content":{"rendered":"<p style=\"margin-bottom: 15px; padding: 0px; border: 0px; font-size: 12px; font-family: Roboto, sans-serif; text-align: justify;\">O\u00a0<strong style=\"margin: 0px; padding: 0px; border: 0px;\">Tiguvon da\u00a0<a style=\"margin: 0px; padding: 0px; border: 0px; cursor: pointer;\" href=\"http:\/\/www.agroline.com.br\/marcas\/bayer\/\">Bayer<\/a><\/strong>\u00a0\u00e9 um bernicida, mosquicida (mosca do chifre e mosca dos est\u00e1bulos), piolhicida (Damalinia bovis, Haematopinus spp., Linognatus spp. e Solenopotes capillatus) e larvicida. Por ser um produto spot on, ele \u00e9 aplicado numa pequena parte da pele e \u00e9 rapidamente absorvido atrav\u00e9s da camada de gordura e pelagem do animal, distribuindo-se atrav\u00e9s da corrente sangu\u00ednea por todo o corpo, eliminando os parasitas onde quer que eles estejam.<\/p>\n<p style=\"margin-bottom: 15px; padding: 0px; border: 0px; font-size: 12px; font-family: Roboto, sans-serif; text-align: justify;\">\n<p style=\"margin-bottom: 15px; padding: 0px; border: 0px; font-size: 12px; font-family: Roboto, sans-serif; text-align: justify;\">Por ser de f\u00e1cil aplica\u00e7\u00e3o, n\u00e3o \u00e9 necess\u00e1rio ser aplicado diretamente sobre a feriada, ele economiza tempo e m\u00e3o de obra na sua propriedade. Tiguvon transforma a tarefa de combate as bicheiras em algo pr\u00e1tico e r\u00e1pido e n\u00e3o estressa os animais.<\/p>\n<p style=\"margin-bottom: 15px; padding: 0px; border: 0px; font-size: 12px; font-family: Roboto, sans-serif; text-align: justify;\">\n<p style=\"margin-bottom: 15px; padding: 0px; border: 0px; font-size: 12px; font-family: Roboto, sans-serif; text-align: justify;\"><strong style=\"margin: 0px; padding: 0px; border: 0px;\">Indica\u00e7\u00e3o de uso<\/strong>: o Tiguvon \u00e9 indicado para uso em bovinos acima de seis meses e com peso superior a 100 kg, tanto gado de corte quanto leite, inclusive vacas prenhas.<\/p>\n<p style=\"margin-bottom: 15px; padding: 0px; border: 0px; font-size: 12px; font-family: Roboto, sans-serif; text-align: justify;\">\n<h4 style=\"margin-right: 0px; margin-bottom: 0px; margin-left: 0px; padding: 0px; border: 0px; font-family: Roboto, sans-serif; font-size: 12px; text-align: justify;\"><strong style=\"margin: 0px; padding: 0px; border: 0px;\">Modo de usar:<\/strong>\u00a0recomenda-se a aplica\u00e7\u00e3o de apenas com sua embalagem autodosadora, derramando-se a dose em um s\u00f3 ponto sobre a pele do animal, preferencialmente na regi\u00e3o da cruz. N\u00e3o se deve aplicar ao longo de todo o dorso do animal.<\/h4>\n<p style=\"margin-bottom: 15px; padding: 0px; border: 0px; font-size: 12px; font-family: Roboto, sans-serif; text-align: justify;\">\n<p style=\"margin-bottom: 15px; padding: 0px; border: 0px; font-size: 12px; font-family: Roboto, sans-serif; text-align: justify;\"><strong style=\"margin: 0px; padding: 0px; border: 0px;\">Seu uso contra bernes e bicheiras:\u00a0<\/strong>sua aplica\u00e7\u00e3o contra estes parasitas da-se da seguinte maneira.<\/p>\n<table style=\"margin: 0px; padding: 0px; border: 0px; font-family: Roboto, sans-serif; font-size: 12px; text-align: justify; width: 272px;\" border=\"1\" cellspacing=\"0\" cellpadding=\"0\">\n<tbody style=\"margin: 0px; padding: 0px; border: 0px;\">\n<tr style=\"margin: 0px; padding: 0px; border: 0px;\">\n<td style=\"margin: 0px; border: 0px;\">\n<p style=\"margin-bottom: 15px; padding: 0px; border: 0px; font-size: 12px;\"><strong style=\"margin: 0px; padding: 0px; border: 0px;\">Peso vivo (kg)<\/strong><\/p>\n<\/td>\n<td style=\"margin: 0px; border: 0px;\">\n<p style=\"margin-bottom: 15px; padding: 0px; border: 0px; font-size: 12px;\"><strong style=\"margin: 0px; padding: 0px; border: 0px;\">Volume dose (mL)<\/strong><\/p>\n<\/td>\n<\/tr>\n<tr style=\"margin: 0px; padding: 0px; border: 0px;\">\n<td style=\"margin: 0px; border: 0px;\">\n<p style=\"margin-bottom: 15px; padding: 0px; border: 0px; font-size: 12px;\">100<\/p>\n<\/td>\n<td style=\"margin: 0px; border: 0px;\">\n<p style=\"margin-bottom: 15px; padding: 0px; border: 0px; font-size: 12px;\">7<\/p>\n<\/td>\n<\/tr>\n<tr style=\"margin: 0px; padding: 0px; border: 0px;\">\n<td style=\"margin: 0px; border: 0px;\">\n<p style=\"margin-bottom: 15px; padding: 0px; border: 0px; font-size: 12px;\">101 &#8211; 150<\/p>\n<\/td>\n<td style=\"margin: 0px; border: 0px;\">\n<p style=\"margin-bottom: 15px; padding: 0px; border: 0px; font-size: 12px;\">10<\/p>\n<\/td>\n<\/tr>\n<tr style=\"margin: 0px; padding: 0px; border: 0px;\">\n<td style=\"margin: 0px; border: 0px;\">\n<p style=\"margin-bottom: 15px; padding: 0px; border: 0px; font-size: 12px;\">151 &#8211; 200<\/p>\n<\/td>\n<td style=\"margin: 0px; border: 0px;\">\n<p style=\"margin-bottom: 15px; padding: 0px; border: 0px; font-size: 12px;\">15<\/p>\n<\/td>\n<\/tr>\n<tr style=\"margin: 0px; padding: 0px; border: 0px;\">\n<td style=\"margin: 0px; border: 0px;\">\n<p style=\"margin-bottom: 15px; padding: 0px; border: 0px; font-size: 12px;\">201 &#8211; 250<\/p>\n<\/td>\n<td style=\"margin: 0px; border: 0px;\">\n<p style=\"margin-bottom: 15px; padding: 0px; border: 0px; font-size: 12px;\">20<\/p>\n<\/td>\n<\/tr>\n<tr style=\"margin: 0px; padding: 0px; border: 0px;\">\n<td style=\"margin: 0px; border: 0px;\">\n<p style=\"margin-bottom: 15px; padding: 0px; border: 0px; font-size: 12px;\">251 &#8211; 320<\/p>\n<\/td>\n<td style=\"margin: 0px; border: 0px;\">\n<p style=\"margin-bottom: 15px; padding: 0px; border: 0px; font-size: 12px;\">25<\/p>\n<\/td>\n<\/tr>\n<tr style=\"margin: 0px; padding: 0px; border: 0px;\">\n<td style=\"margin: 0px; border: 0px;\">\n<p style=\"margin-bottom: 15px; padding: 0px; border: 0px; font-size: 12px;\">321 &#8211; 400<\/p>\n<\/td>\n<td style=\"margin: 0px; border: 0px;\">\n<p style=\"margin-bottom: 15px; padding: 0px; border: 0px; font-size: 12px;\">32 (25 + 7)<\/p>\n<\/td>\n<\/tr>\n<tr style=\"margin: 0px; padding: 0px; border: 0px;\">\n<td style=\"margin: 0px; border: 0px;\">\n<p style=\"margin-bottom: 15px; padding: 0px; border: 0px; font-size: 12px;\">401 &#8211; 500<\/p>\n<\/td>\n<td style=\"margin: 0px; border: 0px;\">\n<p style=\"margin-bottom: 15px; padding: 0px; border: 0px; font-size: 12px;\">40<\/p>\n<\/td>\n<\/tr>\n<tr style=\"margin: 0px; padding: 0px; border: 0px;\">\n<td style=\"margin: 0px; border: 0px;\">\n<p style=\"margin-bottom: 15px; padding: 0px; border: 0px; font-size: 12px;\">Acima de 500<\/p>\n<\/td>\n<td style=\"margin: 0px; border: 0px;\">\n<p style=\"margin-bottom: 15px; padding: 0px; border: 0px; font-size: 12px;\">50<\/p>\n<\/td>\n<\/tr>\n<\/tbody>\n<\/table>\n<p style=\"margin-bottom: 15px; padding: 0px; border: 0px; font-size: 12px; font-family: Roboto, sans-serif; text-align: justify;\">\n<p style=\"margin-bottom: 15px; padding: 0px; border: 0px; font-size: 12px; font-family: Roboto, sans-serif; text-align: justify;\"><strong style=\"margin: 0px; padding: 0px; border: 0px;\">Contra moscas:\u00a0<\/strong>Mosca do chifre (<em style=\"margin: 0px; padding: 0px; border: 0px;\">Haematobia irritans<\/em>) e mosca dos est\u00e1bulos (<em style=\"margin: 0px; padding: 0px; border: 0px;\">Stomoxys calcitrans<\/em>), a dose \u00e9 de 7 mL para cada 100 kg de peso. Recomenda-se repetir o tratamento a cada 3-4 semanas, at\u00e9 se obter uma dr\u00e1stica diminui\u00e7\u00e3o na reinfesta\u00e7\u00e3o.<\/p>\n<p style=\"margin-bottom: 15px; padding: 0px; border: 0px; font-size: 12px; font-family: Roboto, sans-serif; text-align: justify;\">\n<p style=\"margin-bottom: 15px; padding: 0px; border: 0px; font-size: 12px; font-family: Roboto, sans-serif; text-align: justify;\"><strong style=\"margin: 0px; padding: 0px; border: 0px;\">Contra piolhos:\u00a0<\/strong>Damalinia bovis, Haematopinus spp., Linognatus spp. e Solenopotes capillatus, use metade da dose para bernes. Nas grandes infesta\u00e7\u00f5es, \u00e9 necess\u00e1ria a repeti\u00e7\u00e3o do tratamento 2 a 3 semanas ap\u00f3s.<\/p>\n<p style=\"margin-bottom: 6pt; padding: 0px; border: 0px; font-size: 12px; font-family: Roboto, sans-serif; text-align: justify; line-height: 18px;\"><strong style=\"margin: 0px; padding: 0px; border: 0px;\">Composi\u00e7\u00e3o:<\/strong><br style=\"margin: 0px; padding: 0px; border: 0px;\" \/><br style=\"margin: 0px; padding: 0px; border: 0px;\" \/>Fentione &#8230;&#8230;&#8230;&#8230;&#8230;&#8230;&#8230;&#8230;&#8230;&#8230;&#8230;&#8230;&#8230;&#8230;&#8230;&#8230;.. 15g<br style=\"margin: 0px; padding: 0px; border: 0px;\" \/>Ve\u00edculo q.s.p. &#8230;&#8230;&#8230;&#8230;&#8230;&#8230;&#8230;&#8230;&#8230;&#8230;&#8230;&#8230;&#8230;&#8230; 100mL<br style=\"margin: 0px; padding: 0px; border: 0px;\" \/><br style=\"margin: 0px; padding: 0px; border: 0px;\" \/><strong style=\"margin: 0px; padding: 0px; border: 0px;\">Indica\u00e7\u00f5es:<\/strong><br style=\"margin: 0px; padding: 0px; border: 0px;\" \/><br style=\"margin: 0px; padding: 0px; border: 0px;\" \/><strong style=\"margin: 0px; padding: 0px; border: 0px;\">Tiguvon<\/strong><strong style=\"margin: 0px; padding: 0px; border: 0px;\"><sup style=\"margin: 0px; padding: 0px; border: 0px;\">\u00ae<\/sup><\/strong>\u00a0<strong style=\"margin: 0px; padding: 0px; border: 0px;\">15 Spot-on<\/strong>\u00a0\u00e9 um bernicida, mosquicida, piolhicida e larvicida sist\u00eamico pronto para uso, especialmente indicado para grandes rebanhos. \u00c9 rapidamente absorvido pela pele, distribuindo-se por meio da corrente sangu\u00ednea por todo o corpo do animal, eliminando bernes, moscas, piolhos e bicheiras.<br style=\"margin: 0px; padding: 0px; border: 0px;\" \/><br style=\"margin: 0px; padding: 0px; border: 0px;\" \/><strong style=\"margin: 0px; padding: 0px; border: 0px;\">Modo de usar\/Dosagens:<\/strong><br style=\"margin: 0px; padding: 0px; border: 0px;\" \/><br style=\"margin: 0px; padding: 0px; border: 0px;\" \/>Recomenda-se a aplica\u00e7\u00e3o de\u00a0<strong style=\"margin: 0px; padding: 0px; border: 0px;\">Tiguvon<\/strong><strong style=\"margin: 0px; padding: 0px; border: 0px;\"><sup style=\"margin: 0px; padding: 0px; border: 0px;\">\u00ae<\/sup><\/strong>\u00a0<strong style=\"margin: 0px; padding: 0px; border: 0px;\">15 Spot-on<\/strong>\u00a0apenas com sua embalagem autodosadora, derramando-se a dose em um s\u00f3 ponto sobre a pele do animal, preferencialmente na regi\u00e3o da cruz. N\u00e3o se deve aplicar ao longo de todo o dorso do animal.<\/p>\n<ul style=\"margin-right: 0px; margin-bottom: 0px; margin-left: 0px; padding: 0px; border: 0px; font-family: Roboto, sans-serif; font-size: 12px; text-align: justify;\">\n<li style=\"margin: 0px; padding: 0px; border: 0px;\"><strong style=\"margin: 0px; padding: 0px; border: 0px;\">Contra bernes e bicheiras:<\/strong><\/li>\n<\/ul>\n<table style=\"margin: 0px; padding: 0px; border: 0px; font-family: Roboto, sans-serif; font-size: 12px; text-align: justify;\" border=\"1\" cellspacing=\"0\" cellpadding=\"0\">\n<tbody style=\"margin: 0px; padding: 0px; border: 0px;\">\n<tr style=\"margin: 0px; padding: 0px; border: 0px;\">\n<td style=\"margin: 0px; border: 0px;\"><strong style=\"margin: 0px; padding: 0px; border: 0px;\">Peso vivo(kg)<\/strong><\/td>\n<td style=\"margin: 0px; border: 0px;\"><strong style=\"margin: 0px; padding: 0px; border: 0px;\">Volume dose(mL)<\/strong><\/td>\n<\/tr>\n<tr style=\"margin: 0px; padding: 0px; border: 0px;\">\n<td style=\"margin: 0px; border: 0px;\">100<\/td>\n<td style=\"margin: 0px; border: 0px;\">7<\/td>\n<\/tr>\n<tr style=\"margin: 0px; padding: 0px; border: 0px;\">\n<td style=\"margin: 0px; border: 0px;\">101-150<\/td>\n<td style=\"margin: 0px; border: 0px;\">10<\/td>\n<\/tr>\n<tr style=\"margin: 0px; padding: 0px; border: 0px;\">\n<td style=\"margin: 0px; border: 0px;\">151-200<\/td>\n<td style=\"margin: 0px; border: 0px;\">15<\/td>\n<\/tr>\n<tr style=\"margin: 0px; padding: 0px; border: 0px;\">\n<td style=\"margin: 0px; border: 0px;\">201-250<\/td>\n<td style=\"margin: 0px; border: 0px;\">20<\/td>\n<\/tr>\n<tr style=\"margin: 0px; padding: 0px; border: 0px;\">\n<td style=\"margin: 0px; border: 0px;\">251-320<\/td>\n<td style=\"margin: 0px; border: 0px;\">25<\/td>\n<\/tr>\n<tr style=\"margin: 0px; padding: 0px; border: 0px;\">\n<td style=\"margin: 0px; border: 0px;\">321-400<\/td>\n<td style=\"margin: 0px; border: 0px;\">32(25+7)<\/td>\n<\/tr>\n<tr style=\"margin: 0px; padding: 0px; border: 0px;\">\n<td style=\"margin: 0px; border: 0px;\">401-500<\/td>\n<td style=\"margin: 0px; border: 0px;\">40<\/td>\n<\/tr>\n<tr style=\"margin: 0px; padding: 0px; border: 0px;\">\n<td style=\"margin: 0px; border: 0px;\">acima de 500<\/td>\n<td style=\"margin: 0px; border: 0px;\">50<\/td>\n<\/tr>\n<\/tbody>\n<\/table>\n<ul style=\"margin-right: 0px; margin-bottom: 0px; margin-left: 0px; padding: 0px; border: 0px; font-family: Roboto, sans-serif; font-size: 12px; text-align: justify;\">\n<li style=\"margin: 0px; padding: 0px; border: 0px;\"><strong style=\"margin: 0px; padding: 0px; border: 0px;\">Contra moscas:<\/strong>\u00a0Mosca do chifre (<em style=\"margin: 0px; padding: 0px; border: 0px;\">Haematobia irritans<\/em>) e mosca dos est\u00e1bulos (<em style=\"margin: 0px; padding: 0px; border: 0px;\">Stomoxys calcitrans<\/em>), a dose \u00e9 de 7mL\u00a0para cada 100kg de peso. Recomenda-se repetir o tratamento a cada 3-4 semanas, at\u00e9 se obter uma dr\u00e1stica diminui\u00e7\u00e3o na reinfesta\u00e7\u00e3o;<\/li>\n<li style=\"margin: 0px; padding: 0px; border: 0px;\"><strong style=\"margin: 0px; padding: 0px; border: 0px;\">Contra piolhos:<\/strong>\u00a0<em style=\"margin: 0px; padding: 0px; border: 0px;\">Damalinia bovis<\/em>,\u00a0<em style=\"margin: 0px; padding: 0px; border: 0px;\">Haematopinus spp<\/em>., Linognatus spp. e Solenopotes capillatus, use metade da dose para bernes. Nas grandes infesta\u00e7\u00f5es, \u00e9 necess\u00e1ria a repeti\u00e7\u00e3o do tratamento ap\u00f3s 2 a 3 semanas.<\/li>\n<\/ul>\n<p style=\"margin-bottom: 15px; padding: 0px; border: 0px; font-size: 12px; font-family: Roboto, sans-serif; text-align: justify;\"><strong style=\"margin: 0px; padding: 0px; border: 0px; font-size: 12px;\">Observa\u00e7\u00f5es:<\/strong><\/p>\n<ul style=\"margin-right: 0px; margin-bottom: 0px; margin-left: 0px; padding: 0px; border: 0px; font-family: Roboto, sans-serif; font-size: 12px; text-align: justify;\">\n<li style=\"margin: 0px; padding: 0px; border: 0px;\">N\u00e3o dosifique bezerros com idade inferior a 6 meses ou com menos de 100kg de peso;<\/li>\n<li style=\"margin: 0px; padding: 0px; border: 0px;\">Para prevenir erros, n\u00e3o dosifique as vacas amamentando e seus bezerros, ao mesmo tempo. Mantenha um intervalo de 3 dias, para esses casos;<\/li>\n<li style=\"margin: 0px; padding: 0px; border: 0px;\">A a\u00e7\u00e3o do produto sobre os bernes \u00e9 lenta. O resultado \u00e9 melhor visto entre o 4\u00ba e o 9\u00ba dia ap\u00f3s a aplica\u00e7\u00e3o;<\/li>\n<li style=\"margin: 0px; padding: 0px; border: 0px;\">N\u00e3o repita o tratamento em intervalos menores que 14 dias. Os bernes normalmente s\u00e3o controlados com tratamentos a cada 4 ou 7 semanas;<\/li>\n<li style=\"margin: 0px; padding: 0px; border: 0px;\">N\u00e3o aplique em animais molhados.<\/li>\n<\/ul>\n<p style=\"margin-bottom: 15px; padding: 0px; border: 0px; font-size: 12px; font-family: Roboto, sans-serif; text-align: justify;\"><strong style=\"margin: 0px; padding: 0px; border: 0px; font-size: 12px;\">Per\u00edodo de car\u00eancia:<\/strong><\/p>\n<ul style=\"margin-right: 0px; margin-bottom: 0px; margin-left: 0px; padding: 0px; border: 0px; font-family: Roboto, sans-serif; font-size: 12px; text-align: justify;\">\n<li style=\"margin: 0px; padding: 0px; border: 0px;\">Carne: 28 dias.<\/li>\n<li style=\"margin: 0px; padding: 0px; border: 0px;\">Leite: 5 dias.<\/li>\n<\/ul>\n","protected":false},"excerpt":{"rendered":"<p>O\u00a0Tiguvon da\u00a0Bayer\u00a0\u00e9 um bernicida, mosquicida (mosca do chifre e mosca dos est\u00e1bulos), piolhicida (Damalinia bovis, Haematopinus spp., Linognatus spp. e Solenopotes capillatus)<\/p>\n","protected":false},"featured_media":16910,"template":"","meta":{"_acf_changed":false},"product_brand":[964],"product_cat":[188],"product_tag":[1019],"class_list":{"0":"post-16909","1":"product","2":"type-product","3":"status-publish","4":"has-post-thumbnail","6":"product_brand-bayer","7":"product_cat-cicatrizantes-e-mata-bicheiras-3","8":"product_tag-bayer","10":"first","11":"outofstock","12":"purchasable","13":"product-type-simple"},"acf":[],"_links":{"self":[{"href":"https:\/\/vetsul.com\/index.php\/wp-json\/wp\/v2\/product\/16909","targetHints":{"allow":["GET"]}}],"collection":[{"href":"https:\/\/vetsul.com\/index.php\/wp-json\/wp\/v2\/product"}],"about":[{"href":"https:\/\/vetsul.com\/index.php\/wp-json\/wp\/v2\/types\/product"}],"wp:featuredmedia":[{"embeddable":true,"href":"https:\/\/vetsul.com\/index.php\/wp-json\/wp\/v2\/media\/16910"}],"wp:attachment":[{"href":"https:\/\/vetsul.com\/index.php\/wp-json\/wp\/v2\/media?parent=16909"}],"wp:term":[{"taxonomy":"product_brand","embeddable":true,"href":"https:\/\/vetsul.com\/index.php\/wp-json\/wp\/v2\/product_brand?post=16909"},{"taxonomy":"product_cat","embeddable":true,"href":"https:\/\/vetsul.com\/index.php\/wp-json\/wp\/v2\/product_cat?post=16909"},{"taxonomy":"product_tag","embeddable":true,"href":"https:\/\/vetsul.com\/index.php\/wp-json\/wp\/v2\/product_tag?post=16909"}],"curies":[{"name":"wp","href":"https:\/\/api.w.org\/{rel}","templated":true}]}}