{"id":16907,"date":"2018-01-09T16:58:18","date_gmt":"2018-01-09T18:58:18","guid":{"rendered":"http:\/\/35.194.95.18\/wp-admin\/?post_type=product&#038;p=16907"},"modified":"2025-04-08T14:59:02","modified_gmt":"2025-04-08T17:59:02","slug":"thuya-av-cola-100ml","status":"publish","type":"product","link":"https:\/\/vetsul.com\/index.php\/product\/thuya-av-cola-100ml\/","title":{"rendered":"THUYA AV\u00cdCOLA &#8211; 100ml"},"content":{"rendered":"<p>\u00c9 um produto indicado no tratamento de bouba (pipoca), verrugas e epitelioma contagioso das aves em geral (galinha, peru, pato, p\u00e1ssaros de gaiola e viveiro) em todas as fases da cria\u00e7\u00e3o, evitando as complica\u00e7\u00f5es que a doen\u00e7a produz, podendo ser aplicado diretamente ou dilu\u00eddo no bebedouro.<\/p>\n<p><\/p>\n<p>Pode ser feito os 2 tipos de tratamento:<\/p>\n<p>T\u00f3pica: Passar no local com aux\u00edlio de um cotonete.<\/p>\n<p><\/p>\n<p>Oral: Pingar 1 gota para cada 10 mL de \u00e1gua, 1 vez ao dia, at\u00e9 a cura completa<\/p>\n<p>F\u00f3rmula:<\/p>\n<p>Tintura de Thuya occidentalis \u00e0 20{bad89740ab836af8afd78adf22d5854117f226b234e4f8ee83a0ac8d28f68ffc}.<\/p>\n<p><\/p>\n<p>Indica\u00e7\u00f5es:<\/p>\n<p>Tratamento de bouba (pipocas), verrugas e epitelioma contagioso das aves.<\/p>\n<p><\/p>\n<p>Dosagem:<\/p>\n<p>Tratamento curativo: adicionar 5 mL diariamente, em cada litro de \u00e1gua do bebedouro, durante 2 semanas.<\/p>\n<p><\/p>\n<p>Administra\u00e7\u00e3o:<\/p>\n<p>Uso oral, dilu\u00eddo na \u00e1gua dos bebedouros.<\/p>\n<p><\/p>\n<p>Precau\u00e7\u00f5es:<\/p>\n<p>N\u00e3o atingir os olhos;<\/p>\n<p>CONSERVAR A EMBALAGEM BEM FECHADA EM LOCAL SECO, FRESCO E AO ABRIGO DA LUZ SOLAR. MANTENHA FORA DO ALCANCE DE CRIAN\u00c7AS E ANIMAIS DOM\u00c9STICOS.<\/p>\n<p><\/p>\n<p>Apresenta\u00e7\u00e3o:<\/p>\n<p>Frascos contendo 20, 90 e 500 mL.<\/p>\n<p><\/p>\n<p>Classe Terap\u00eautica:<\/p>\n<p>IMUNIZA\u00c7\u00c3O ATIVA<\/p>\n<p><\/p>\n<p>Princ\u00edpio(s) Ativo(s):<\/p>\n<p>OUTROS<\/p>\n<p><\/p>\n<p>Registro no Minist\u00e9rio da Agricultura, Pecu\u00e1ria e Abastecimento:<\/p>\n<p>2032 em 07\/08\/84.<\/p>\n<p><\/p>\n<p>Respons\u00e1vel T\u00e9cnico:<\/p>\n<p>Lilion Manh\u00e3es Pessanha &#8211; CRMV: CRF-RJ 3229<\/p>\n<div><\/div>\n","protected":false},"excerpt":{"rendered":"<p>\u00c9 um produto indicado no tratamento de bouba (pipoca), verrugas e epitelioma contagioso das aves em geral (galinha, peru, pato, p\u00e1ssaros de<\/p>\n","protected":false},"featured_media":16908,"template":"","meta":{"_acf_changed":false},"product_brand":[],"product_cat":[15],"product_tag":[],"class_list":{"0":"post-16907","1":"product","2":"type-product","3":"status-publish","4":"has-post-thumbnail","6":"product_cat-uncategorized","8":"first","9":"instock","10":"shipping-taxable","11":"purchasable","12":"product-type-simple"},"acf":[],"_links":{"self":[{"href":"https:\/\/vetsul.com\/index.php\/wp-json\/wp\/v2\/product\/16907","targetHints":{"allow":["GET"]}}],"collection":[{"href":"https:\/\/vetsul.com\/index.php\/wp-json\/wp\/v2\/product"}],"about":[{"href":"https:\/\/vetsul.com\/index.php\/wp-json\/wp\/v2\/types\/product"}],"wp:featuredmedia":[{"embeddable":true,"href":"https:\/\/vetsul.com\/index.php\/wp-json\/wp\/v2\/media\/16908"}],"wp:attachment":[{"href":"https:\/\/vetsul.com\/index.php\/wp-json\/wp\/v2\/media?parent=16907"}],"wp:term":[{"taxonomy":"product_brand","embeddable":true,"href":"https:\/\/vetsul.com\/index.php\/wp-json\/wp\/v2\/product_brand?post=16907"},{"taxonomy":"product_cat","embeddable":true,"href":"https:\/\/vetsul.com\/index.php\/wp-json\/wp\/v2\/product_cat?post=16907"},{"taxonomy":"product_tag","embeddable":true,"href":"https:\/\/vetsul.com\/index.php\/wp-json\/wp\/v2\/product_tag?post=16907"}],"curies":[{"name":"wp","href":"https:\/\/api.w.org\/{rel}","templated":true}]}}