{"id":16905,"date":"2018-01-09T16:56:04","date_gmt":"2018-01-09T18:56:04","guid":{"rendered":"http:\/\/35.194.95.18\/wp-admin\/?post_type=product&#038;p=16905"},"modified":"2025-04-08T14:59:02","modified_gmt":"2025-04-08T17:59:02","slug":"tormicina-la-oxitetraciclina-50ml","status":"publish","type":"product","link":"https:\/\/vetsul.com\/index.php\/product\/tormicina-la-oxitetraciclina-50ml\/","title":{"rendered":"TORMICINA LA (OXITETRACICLINA) &#8211; 50ml"},"content":{"rendered":"<p>TORMICINA LA \u00e9 uma solu\u00e7\u00e3o injet\u00e1vel de longa a\u00e7\u00e3o \u00e0 base de Oxitetraciclina.<\/p>\n<p>&nbsp;<\/p>\n<p>A Oxitetraciclina \u00e9 um antibi\u00f3tico de amplo espectro, altamente ativo contra um grande n\u00famero de microorganismos gram-positivos e gram-negativos.<\/p>\n<p>&nbsp;<\/p>\n<p>Em formula\u00e7\u00e3o LA permite, com uma \u00fanica aplica\u00e7\u00e3o, manter n\u00edveis terap\u00eauticos durante 3 a 5 dias, eliminando os problemas de manejo que ocorrem com a administra\u00e7\u00e3o de uma ou duas doses di\u00e1rias de formula\u00e7\u00f5es convencionais.<\/p>\n<p>&nbsp;<\/p>\n<p>A lidoca\u00edna adicionada \u00e0 formula\u00e7\u00e3o, por sua a\u00e7\u00e3o anest\u00e9sica, minimiza o desconforto local ocasionado por inje\u00e7\u00f5es contendo Oxitetraciclina.<\/p>\n<p><span style=\"font-family: tahoma; font-size: 12px;\">F\u00f3rmula:<\/span><br style=\"font-family: tahoma; font-size: 12px;\" \/><span style=\"font-family: tahoma; font-size: 12px;\">Cada 100 mL cont\u00e9m:<\/span><br style=\"font-family: tahoma; font-size: 12px;\" \/><span style=\"font-family: tahoma; font-size: 12px;\">Oxitetraciclina base&#8230;&#8230;&#8230;&#8230;&#8230;&#8230;&#8230;.. 20,0 g<\/span><br style=\"font-family: tahoma; font-size: 12px;\" \/><span style=\"font-family: tahoma; font-size: 12px;\">Lidoca\u00edna&#8230;&#8230;&#8230;&#8230;&#8230;&#8230;&#8230;&#8230;&#8230;&#8230;&#8230;&#8230;&#8230; 2,0 g<\/span><br style=\"font-family: tahoma; font-size: 12px;\" \/><span style=\"font-family: tahoma; font-size: 12px;\">Ve\u00edculo q.s.p&#8230;&#8230;&#8230;&#8230;&#8230;&#8230;&#8230;&#8230;&#8230;&#8230; 100,0 ml<\/span><br style=\"font-family: tahoma; font-size: 12px;\" \/><br style=\"font-family: tahoma; font-size: 12px;\" \/><span style=\"font-family: tahoma; font-size: 12px;\">Indica\u00e7\u00f5es:<\/span><br style=\"font-family: tahoma; font-size: 12px;\" \/><span style=\"font-family: tahoma; font-size: 12px;\">No tratamento da anaplasmose (Anaplasma marginale, Anaplasma centrale); actinobacilose (Actinobacillus lignieresii); actinomicose (Actinomyces bovis); metrites causadas por E. coli, cepas sens\u00edveis de estafilococus e estreptococus; mastites causadas por Corynebacterium pyogenes, E. coli, Pasteurella haemolytica e cepas sens\u00edveis de estreptococus; pielonefrite bovina causada por Corynebacterium renale; artrites e poliartrites causadas por Salmonella spp., Escherichia coli, Clostridium spp e cepas sens\u00edveis de estreptococus; foot rot (podrid\u00e3o dos cascos e difteria causados por Fusobacterium necrophorum; queratoconjuntivite bovina, causada por Moraxella bovis; leptospirose, causada por Leptospira spp; bronquites, broncopneumonias e pasteurelose causadas por Pasteurella spp., Mycoplasma pneumoniae, Haemophillus spp., e Salmonella spp.; pneumoenterites causadas por Salmonella spp, E. coli. e cepas sens\u00edveis de estreptococus.; bruceloses causadas por Brucella spp; enterites bacterianas causadas por EEscherichia coli, Salmonella spp; cistites causadas por Corynebacterium pyogenes; onfaloflebite causada por E. coli, Salmonella spp, Fusobacterium necrophorum e cepas sens\u00edveis de estreptococus; infec\u00e7\u00f5es causadas por Clostridium chauvoei (carb\u00fanculo sintom\u00e1tico); por Bacillus anthraci (carb\u00fanculo hem\u00e1tico); e Clostridium perfringens (enterotoxemia).<\/span><br style=\"font-family: tahoma; font-size: 12px;\" \/><span style=\"font-family: tahoma; font-size: 12px;\">Tormicina LA auxilia no controle e preven\u00e7\u00e3o das infec\u00e7\u00f5es p\u00f3s-operat\u00f3ria e p\u00f3s-parto ocasionadas por microorganismos sens\u00edveis \u00e0 oxitetraciclina.<\/span><br style=\"font-family: tahoma; font-size: 12px;\" \/><br style=\"font-family: tahoma; font-size: 12px;\" \/><span style=\"font-family: tahoma; font-size: 12px;\">SUINOS &#8211; No tratamento de pneumonias ocasionadas por Pasteurella multocida; metrites causadas por E. coli, cepas sens\u00edveis de estafilococus e estreptococus; leptospirose, causada por Leptospira spp.; erisipela (Erysipelothrix rhusiopathiae); mastites sist\u00eamicas, causadas por Corynebacterium pyogenes, E. coli, Pasteurella hemolytica e cepas sens\u00edveis de estreptococus e estafilococus; enterites bacterianas (diarr\u00e9ias, colibacilose), causados por E. coli, Lawsonia intracellularis; disenteria causada por Serpulina hyodysenteriae; artrites, causadas por Salmonella spp., E. coli, Clostridium spp.<\/span><br style=\"font-family: tahoma; font-size: 12px;\" \/><span style=\"font-family: tahoma; font-size: 12px;\">Feridas infectadas, causadas por cepas sens\u00edveis de estafilococus e estreptococus \u00e0 oxitetraciclina; pasteureloses (Pasteurella spp), s\u00edndrome MMA (metrite\/mastite\/agalactia) em porcas, causados por Mycoplasma spp, E. coli e cepas sens\u00edveis de estreptococus e estafilococus \u00e0 oxitetraciclina. Enterites (diarr\u00e9ias dos leit\u00f5ezinhos), ocasionadas por E. coli.\u00a0<\/span><br style=\"font-family: tahoma; font-size: 12px;\" \/><span style=\"font-family: tahoma; font-size: 12px;\">Tormicina LA auxilia na preven\u00e7\u00e3o e controle das infec\u00e7\u00f5es p\u00f3s-operat\u00f3rias e p\u00f3s-parto ocasionadas por microorganismos sens\u00edveis \u00e0 oxitetraciclina.<\/span><br style=\"font-family: tahoma; font-size: 12px;\" \/><br style=\"font-family: tahoma; font-size: 12px;\" \/><span style=\"font-family: tahoma; font-size: 12px;\">OVINOS &#8211; pneumonia, ocasionada por Pasteurella multocida; aborto enzo\u00f3tico, causado por Salmonella abortus-ovis; metrites causadas por E. coli, cepas sens\u00edveis de estafilococus e estreptococus; infec\u00e7\u00f5es causadas por Clostridium chauvoei (carb\u00fanculo sintom\u00e1tico); foot rot (podrid\u00e3o do casco), causado por Fusobacterium necrophorum. Mastites sist\u00eamicas, causadas por Corynebacterium pyogenes, E. coli, Pasteurella hemolytica e cepas sens\u00edveis de estafilococus e estreptococus \u00e0 oxitetraciclina. Artrite infecciosa , causada por E. coli, Salmonella spp, Clostridium spp e cepas sens\u00edveis de estreptococus e estafilococus \u00e0 oxitetraciclina; vibriose ovina (Vibrio fetus).<\/span><br style=\"font-family: tahoma; font-size: 12px;\" \/><span style=\"font-family: tahoma; font-size: 12px;\">Feridas infectadas, ocasionadas por cepas sens\u00edveis de estafilococus e estreptococus. Tormicina LA auxilia no controle e preven\u00e7\u00e3o das infec\u00e7\u00f5es p\u00f3s cir\u00fargicas e p\u00f3s-parto causadas por microorganismos sens\u00edveis \u00e0 oxitetraciclina.<\/span><br style=\"font-family: tahoma; font-size: 12px;\" \/><br style=\"font-family: tahoma; font-size: 12px;\" \/><span style=\"font-family: tahoma; font-size: 12px;\">Dosagem:<\/span><br style=\"font-family: tahoma; font-size: 12px;\" \/><span style=\"font-family: tahoma; font-size: 12px;\">Bovinos &#8211; Aplicar no m\u00fasculo da coxa, 1 mL de TORMICINA LA para cada 10 kg de peso corporal, (correspondendo a 20 mg de oxitetraciclina por kg de peso corporal). N\u00e3o aplicar mais de 10 ml no mesmo local.<\/span><br style=\"font-family: tahoma; font-size: 12px;\" \/><span style=\"font-family: tahoma; font-size: 12px;\">Suinos &#8211; Aplicar por via intramuscular profunda, 1 mL de TORMICINA LA para cada 10 kg de peso corporal (correspondendo a 20 mg de oxitetracilina .por kg de peso corporal). Para leit\u00f5es com menos de 10 kg, aplicar 1 mLde TORMICINA LA.<\/span><br style=\"font-family: tahoma; font-size: 12px;\" \/><span style=\"font-family: tahoma; font-size: 12px;\">Ovinos &#8211; Aplicar por via intramuscular profunda, 1 mL de TORMICINA LA para cada 10 kg de peso corporal (correspondendo a 20 mg de oxitetraciclina por kg de peso corporal). Recomenda-se dividir a dose em dois locais de aplica\u00e7\u00e3o, no caso de ovinos com mais de 50 kg.<\/span><br style=\"font-family: tahoma; font-size: 12px;\" \/><span style=\"font-family: tahoma; font-size: 12px;\">Uma dose mant\u00e9m n\u00edveis terap\u00eauticos por 3 a 5 dias. Em caso de infec\u00e7\u00e3o muito severa uma segunda dose poder\u00e1 ser aplicada 72 horas ap\u00f3s a primeira, ou conforme a orienta\u00e7\u00e3o do M\u00e9dico Veterin\u00e1rio.<\/span><br style=\"font-family: tahoma; font-size: 12px;\" \/><br style=\"font-family: tahoma; font-size: 12px;\" \/><span style=\"font-family: tahoma; font-size: 12px;\">Administra\u00e7\u00e3o:<\/span><br style=\"font-family: tahoma; font-size: 12px;\" \/><span style=\"font-family: tahoma; font-size: 12px;\">TORMICINA LA deve ser administrada por via intramuscular profunda.<\/span><br style=\"font-family: tahoma; font-size: 12px;\" \/><br style=\"font-family: tahoma; font-size: 12px;\" \/><span style=\"font-family: tahoma; font-size: 12px;\">Precau\u00e7\u00f5es:<\/span><br style=\"font-family: tahoma; font-size: 12px;\" \/><span style=\"font-family: tahoma; font-size: 12px;\">-Usar equipamento est\u00e9ril e obedecer as normas de assepsia.<\/span><br style=\"font-family: tahoma; font-size: 12px;\" \/><span style=\"font-family: tahoma; font-size: 12px;\">-Todo medicamento deve ser mantido fora do alcance de crian\u00e7as e animais dom\u00e9sticos;<\/span><br style=\"font-family: tahoma; font-size: 12px;\" \/><span style=\"font-family: tahoma; font-size: 12px;\">-Guardar as embalagens em local seco e fresco (aprox. 25\u00baC), ao abrigo dos raios solares.<\/span><br style=\"font-family: tahoma; font-size: 12px;\" \/><span style=\"font-family: tahoma; font-size: 12px;\">-TORMICINA LA \u00e9 bem tolerada, entretanto, pode ocorrer rea\u00e7\u00e3o local discreta, que desaparece sem necessidade de tratamento.<\/span><br style=\"font-family: tahoma; font-size: 12px;\" \/><span style=\"font-family: tahoma; font-size: 12px;\">-O produto, com o tempo, pode apresentar colora\u00e7\u00e3o escura. Esta altera\u00e7\u00e3o, entretanto, n\u00e3o modifica sua qualidade.<\/span><br style=\"font-family: tahoma; font-size: 12px;\" \/><br style=\"font-family: tahoma; font-size: 12px;\" \/><span style=\"font-family: tahoma; font-size: 12px;\">Restri\u00e7\u00f5es de uso e periodo de car\u00eancia:<\/span><br style=\"font-family: tahoma; font-size: 12px;\" \/><span style=\"font-family: tahoma; font-size: 12px;\">-N\u00e3o diluir o medicamento\u00a0<\/span><br style=\"font-family: tahoma; font-size: 12px;\" \/><span style=\"font-family: tahoma; font-size: 12px;\">-N\u00e3o administrar em vacas leiteiras lactantes<\/span><br style=\"font-family: tahoma; font-size: 12px;\" \/><span style=\"font-family: tahoma; font-size: 12px;\">-Suspender a medica\u00e7\u00e3o 30 dias antes do abate dos anamais para consumo humano.<\/span><br style=\"font-family: tahoma; font-size: 12px;\" \/><br style=\"font-family: tahoma; font-size: 12px;\" \/><span style=\"font-family: tahoma; font-size: 12px;\">Apresenta\u00e7\u00e3o:<\/span><br style=\"font-family: tahoma; font-size: 12px;\" \/><span style=\"font-family: tahoma; font-size: 12px;\">Frasco-ampola de vidro \u00e2mbar de 10 mL, 20mL 50 mL, 100 mL, acondicionado em cartucho individual.<\/span><br style=\"font-family: tahoma; font-size: 12px;\" \/><br style=\"font-family: tahoma; font-size: 12px;\" \/><span style=\"font-family: tahoma; font-size: 12px;\">Classe Terap\u00eautica:<\/span><br style=\"font-family: tahoma; font-size: 12px;\" \/><span style=\"font-family: tahoma; font-size: 12px;\">ANTIMICROBIANOS GERAIS; ANTIF\u00daNGICOS E ANTIPROTOZO\u00c1RIOS (COCCIDIOS, FLAGELADOS)<\/span><br style=\"font-family: tahoma; font-size: 12px;\" \/><br style=\"font-family: tahoma; font-size: 12px;\" \/><span style=\"font-family: tahoma; font-size: 12px;\">Princ\u00edpio(s) Ativo(s):<\/span><br style=\"font-family: tahoma; font-size: 12px;\" \/><span style=\"font-family: tahoma; font-size: 12px;\">OXITETRACICLINA<\/span><br style=\"font-family: tahoma; font-size: 12px;\" \/><br style=\"font-family: tahoma; font-size: 12px;\" \/><span style=\"font-family: tahoma; font-size: 12px;\">Registro no Minist\u00e9rio da Agricultura, Pecu\u00e1ria e Abastecimento:<\/span><br style=\"font-family: tahoma; font-size: 12px;\" \/><span style=\"font-family: tahoma; font-size: 12px;\">7.377 em 04\/07\/2000<\/span><br style=\"font-family: tahoma; font-size: 12px;\" \/><br style=\"font-family: tahoma; font-size: 12px;\" \/><span style=\"font-family: tahoma; font-size: 12px;\">Respons\u00e1vel T\u00e9cnico:<\/span><br style=\"font-family: tahoma; font-size: 12px;\" \/><span style=\"font-family: tahoma; font-size: 12px;\">Ricardo Leandro Cazes &#8211; CRMV: SP\/5102<\/span><\/p>\n","protected":false},"excerpt":{"rendered":"<p>TORMICINA LA \u00e9 uma solu\u00e7\u00e3o injet\u00e1vel de longa a\u00e7\u00e3o \u00e0 base de Oxitetraciclina. &nbsp; A Oxitetraciclina \u00e9 um antibi\u00f3tico de amplo espectro,<\/p>\n","protected":false},"featured_media":16906,"template":"","meta":{"_acf_changed":false},"product_brand":[],"product_cat":[170,175,180],"product_tag":[],"class_list":{"0":"post-16905","1":"product","2":"type-product","3":"status-publish","4":"has-post-thumbnail","6":"product_cat-anti-microbianos","7":"product_cat-antimicrobianos-2","8":"product_cat-anti-microbiano","10":"first","11":"instock","12":"purchasable","13":"product-type-simple"},"acf":[],"_links":{"self":[{"href":"https:\/\/vetsul.com\/index.php\/wp-json\/wp\/v2\/product\/16905","targetHints":{"allow":["GET"]}}],"collection":[{"href":"https:\/\/vetsul.com\/index.php\/wp-json\/wp\/v2\/product"}],"about":[{"href":"https:\/\/vetsul.com\/index.php\/wp-json\/wp\/v2\/types\/product"}],"wp:featuredmedia":[{"embeddable":true,"href":"https:\/\/vetsul.com\/index.php\/wp-json\/wp\/v2\/media\/16906"}],"wp:attachment":[{"href":"https:\/\/vetsul.com\/index.php\/wp-json\/wp\/v2\/media?parent=16905"}],"wp:term":[{"taxonomy":"product_brand","embeddable":true,"href":"https:\/\/vetsul.com\/index.php\/wp-json\/wp\/v2\/product_brand?post=16905"},{"taxonomy":"product_cat","embeddable":true,"href":"https:\/\/vetsul.com\/index.php\/wp-json\/wp\/v2\/product_cat?post=16905"},{"taxonomy":"product_tag","embeddable":true,"href":"https:\/\/vetsul.com\/index.php\/wp-json\/wp\/v2\/product_tag?post=16905"}],"curies":[{"name":"wp","href":"https:\/\/api.w.org\/{rel}","templated":true}]}}