{"id":16897,"date":"2018-01-09T16:36:51","date_gmt":"2018-01-09T18:36:51","guid":{"rendered":"http:\/\/35.194.95.18\/wp-admin\/?post_type=product&#038;p=16897"},"modified":"2025-08-12T09:32:21","modified_gmt":"2025-08-12T12:32:21","slug":"terramicina-la-50-ml-oxitetraciclina","status":"publish","type":"product","link":"https:\/\/vetsul.com\/index.php\/product\/terramicina-la-50-ml-oxitetraciclina\/","title":{"rendered":"TERRAMICINA LA 50 ML OXITETRACICLINA"},"content":{"rendered":"<p>O Terramicina\u00ae\/LA \u00e9 um medicamento \u00e9 um poderoso antibi\u00f3tico, com ex\u00edmia efici\u00eancia no combate a uma enorme variedade de microrganismos<\/p>\n<p><\/p>\n<p>&nbsp;<\/p>\n<p><\/p>\n<p>O medicamento Terramicina \u00e9 uma solu\u00e7\u00e3o Injet\u00e1vel que, rapidamente, \u00e9 absorvida pelo organismo do animal, mantendo-se na corrente sangu\u00ednea em alto n\u00edvel na por um per\u00edodo de tempo m\u00e9dio entre tr\u00eas e cinco dias.<\/p>\n<p><\/p>\n<p>&nbsp;<\/p>\n<p><\/p>\n<p>Seu diferencial est\u00e1 no fato do medicamento ser absolutamente est\u00e9ril, e por n\u00e3o necessitar de refrigera\u00e7\u00e3o e estando sempre pronto para a aplica\u00e7\u00e3o.<\/p>\n<p><\/p>\n<p>&nbsp;<\/p>\n<p><\/p>\n<p>Como usar: O Terramicina deve ser aplicado de maneiras diferentes dependendo da esp\u00e9cie do animal a receber o tratamento.<\/p>\n<p><\/p>\n<p>&nbsp;<\/p>\n<p><\/p>\n<p>Em bovinos a aplica\u00e7\u00e3o \u00e9 por via intramuscular ou por via subcut\u00e2nea. Em su\u00ednos, somente por via subcut\u00e2nea. J\u00e1 em ovinos e caprinos, a aplica\u00e7\u00e3o deve ocorrer de maneira intramuscular.<\/p>\n<p><\/p>\n<p>&nbsp;<\/p>\n<p><\/p>\n<p>Leia sempre com aten\u00e7\u00e3o a bula Terramicina e, em caso de d\u00favidas, a equipe da Agroline est\u00e1 sempre \u00e0 disposi\u00e7\u00e3o.<\/p>\n<p>F\u00f3rmula:<\/p>\n<p>Cada 100 mL cont\u00e9m:<\/p>\n<p>Oxitetraciclina (dihidratada) &#8230;&#8230;&#8230;&#8230;&#8230;&#8230;&#8230;&#8230;&#8230;&#8230;&#8230;&#8230;&#8230;&#8230;&#8230;&#8230;&#8230;&#8230;&#8230; 20,0 g<\/p>\n<p>Ve\u00edculo &#8230; q.s.p. &#8230;&#8230;&#8230;&#8230;&#8230;&#8230;&#8230;&#8230;&#8230;&#8230;&#8230;&#8230;&#8230;&#8230;&#8230;&#8230;&#8230;&#8230;&#8230;&#8230;&#8230;&#8230;&#8230;&#8230;.. 100,0 g<\/p>\n<p>&nbsp;<\/p>\n<p><\/p>\n<p>Indica\u00e7\u00f5es:<\/p>\n<p>Terramicina\u00ae\/LA Solu\u00e7\u00e3o Injet\u00e1vel \u00e9 um antibi\u00f3tico de amplo espectro altamente ativo contra um grande n\u00famero de microrganismos Gram-positivos e Gram-negativos, certas esp\u00e9cies de micoplasmas, riqu\u00e9tsias e protozo\u00e1rios, em bovinos, su\u00ednos, ovinos, caprinos, aves e coelhos.<\/p>\n<p><\/p>\n<p>Dosagem:<\/p>\n<p>Normalmente, uma simples dose ser\u00e1 suficiente para um tratamento eficaz. Entretanto, em infec\u00e7\u00f5es severas, h\u00e1 necessidade de uma segunda dose, tr\u00eas a cinco dias ap\u00f3s a aplica\u00e7\u00e3o inicial.<\/p>\n<p>A subdosagem interfere na efic\u00e1cia do tratamento.&nbsp;<\/p>\n<p>A dosagem pode ser modificada a crit\u00e9rio do m\u00e9dico veterin\u00e1rio.<\/p>\n<p><\/p>\n<p>Bovinos: 1 mL para cada 10 kg de peso.<\/p>\n<p>N\u00e3o deve ser injetado mais de 10 mL em um mesmo local.<\/p>\n<p><\/p>\n<p>Su\u00ednos: em leit\u00f5es com at\u00e9 10 kg de peso, administrar 1 mL em apenas um local.&nbsp;<\/p>\n<p>Animais pesando mais de 10 kg, aplicar 1 mL para cada 10 kg de peso e, com mais de 100 kg recomenda-se dividir a dose em dois locais de aplica\u00e7\u00e3o.<\/p>\n<p><\/p>\n<p>Ovinos e Caprinos: administrar 1 mL para cada 10 kg de peso.<\/p>\n<p>Em animais com mais de 50 kg de peso, recomenda-se dividir a dose em dois locais de aplica\u00e7\u00e3o.<\/p>\n<p><\/p>\n<p>Aves e coelhos: administrar dose \u00fanica de 0,25 mL para cada kg de peso correspondente a 50 mg\/kg.<\/p>\n<p>&nbsp;<\/p>\n<p><\/p>\n<p>Administra\u00e7\u00e3o:<\/p>\n<p>Terramicina\u00ae\/LA Solu\u00e7\u00e3o Injet\u00e1vel em:<\/p>\n<p>&#8211; Bovinos: por via intramuscular, profundamente no m\u00fasculo (coxa) ou atrav\u00e9s da via subcut\u00e2nea (nas \u00e1reas de pele solta do pesco\u00e7o, na frente ou atr\u00e1s da paleta)<\/p>\n<p>&#8211; Su\u00ednos: por via subcut\u00e2nea.<\/p>\n<p>&#8211; Ovinos e Caprinos: por via intramuscular.<\/p>\n<p>&nbsp;<\/p>\n<p><\/p>\n<p>Precau\u00e7\u00f5es:<\/p>\n<p>&#8211; A Terramicina\u00ae\/LA Solu\u00e7\u00e3o Injet\u00e1vel pode se tornar escura com o tempo, por\u00e9m sua atividade permanece inalterada.<\/p>\n<p>&#8211; Suspender a medica\u00e7\u00e3o 28 dias antes do abate dos animais para consumo humano.<\/p>\n<p>&#8211; O leite de vacas em tratamento e nas 96 horas seguintes ao tratamento, n\u00e3o deve ser usado para consumo humano.<\/p>\n<p>&#8211; N\u00e3o administrar em aves produtoras de ovos para consumo humano.<\/p>\n<p>&nbsp;<\/p>\n<p><\/p>\n<p>Apresenta\u00e7\u00e3o:<\/p>\n<p>Frasco ampola de vidro contendo 10, 20, 40, 50, 100 ou 250 mL.<\/p>\n<p><\/p>\n<p>Classe Terap\u00eautica:<\/p>\n<p>ANTIMICROBIANOS GERAIS; ANTIF\u00daNGICOS E ANTIPROTOZO\u00c1RIOS (COCCIDIOS, FLAGELADOS)<\/p>\n<p><\/p>\n<p>Princ\u00edpio(s) Ativo(s):<\/p>\n<p>OXITETRACICLINA<\/p>\n<p><\/p>\n<p>Registro no Minist\u00e9rio da Agricultura, Pecu\u00e1ria e Abastecimento:<\/p>\n<p>0801 em 29\/11\/78<\/p>\n","protected":false},"excerpt":{"rendered":"<p>O Terramicina\u00ae\/LA \u00e9 um medicamento \u00e9 um poderoso antibi\u00f3tico, com ex\u00edmia efici\u00eancia no combate a uma enorme variedade de microrganismos &nbsp; O<\/p>\n","protected":false},"featured_media":16898,"template":"","meta":{"_acf_changed":false},"product_brand":[],"product_cat":[170,175],"product_tag":[],"class_list":{"0":"post-16897","1":"product","2":"type-product","3":"status-publish","4":"has-post-thumbnail","6":"product_cat-anti-microbianos","7":"product_cat-antimicrobianos-2","9":"first","10":"instock","11":"purchasable","12":"product-type-simple"},"acf":[],"_links":{"self":[{"href":"https:\/\/vetsul.com\/index.php\/wp-json\/wp\/v2\/product\/16897","targetHints":{"allow":["GET"]}}],"collection":[{"href":"https:\/\/vetsul.com\/index.php\/wp-json\/wp\/v2\/product"}],"about":[{"href":"https:\/\/vetsul.com\/index.php\/wp-json\/wp\/v2\/types\/product"}],"wp:featuredmedia":[{"embeddable":true,"href":"https:\/\/vetsul.com\/index.php\/wp-json\/wp\/v2\/media\/16898"}],"wp:attachment":[{"href":"https:\/\/vetsul.com\/index.php\/wp-json\/wp\/v2\/media?parent=16897"}],"wp:term":[{"taxonomy":"product_brand","embeddable":true,"href":"https:\/\/vetsul.com\/index.php\/wp-json\/wp\/v2\/product_brand?post=16897"},{"taxonomy":"product_cat","embeddable":true,"href":"https:\/\/vetsul.com\/index.php\/wp-json\/wp\/v2\/product_cat?post=16897"},{"taxonomy":"product_tag","embeddable":true,"href":"https:\/\/vetsul.com\/index.php\/wp-json\/wp\/v2\/product_tag?post=16897"}],"curies":[{"name":"wp","href":"https:\/\/api.w.org\/{rel}","templated":true}]}}