{"id":16895,"date":"2018-01-09T16:33:53","date_gmt":"2018-01-09T18:33:53","guid":{"rendered":"http:\/\/35.194.95.18\/wp-admin\/?post_type=product&#038;p=16895"},"modified":"2025-02-07T16:00:23","modified_gmt":"2025-02-07T19:00:23","slug":"tps-ag77-100-gr","status":"publish","type":"product","link":"https:\/\/vetsul.com\/index.php\/product\/tps-ag77-100-gr\/","title":{"rendered":"TPS &#8211; AG77 &#8211; 100 GR TERRAMICINA P\u00d3"},"content":{"rendered":"<p>F\u00f3rmula:<\/p>\n<p>Cada 100 g cont\u00e9m:<\/p>\n<p>Terramicina (cloridrato de oxitetraciclina)&#8230;&#8230;&#8230;&#8230;&#8230;&#8230;&#8230;&#8230;&#8230;&#8230;&#8230;&#8230;.. 5,5 g<\/p>\n<p>Antigerm 77 (cloreto de benzet\u00f4nio)&#8230;&#8230;&#8230;&#8230;&#8230;&#8230;&#8230;&#8230;&#8230;&#8230;&#8230;&#8230;&#8230;&#8230;&#8230;. 5,5 g<\/p>\n<p>Ve\u00edculo &#8230; q.s.p. &#8230;&#8230;&#8230;&#8230;&#8230;&#8230;&#8230;&#8230;&#8230;&#8230;&#8230;&#8230;&#8230;&#8230;&#8230;&#8230;&#8230;&#8230;&#8230;&#8230;&#8230;&#8230;&#8230;&#8230;.. 100,0 g<\/p>\n<p><\/p>\n<p>Indica\u00e7\u00f5es:<\/p>\n<p><\/p>\n<p>Terramicina\u00ae P\u00f3 Sol\u00favel com Antigerm 77 \u00e9 indicada para o tratamento de diarr\u00e9ias (cursos), enterites, c\u00f3lera avi\u00e1ria, tifo avi\u00e1rio, pulorose, doen\u00e7as respirat\u00f3rias (pneumonia, bronquite, coriza infecciosa) em bovinos, ovinos, caprinos, su\u00ednos, aves e coelhos.<\/p>\n<p><\/p>\n<p>Dosagem:<\/p>\n<p>As dosagens podem ser modificadas a crit\u00e9rio do m\u00e9dico veterin\u00e1rio.<\/p>\n<p>N\u00e3o interromper o tratamento antes de 5 dias, mesmo que antes disso haja desaparecimento dos sintomas. A \u00e1gua medicada deve ser fornecida em abund\u00e2ncia para todos os animais em tratamento, durante 24 horas por dia. Nenhuma outra fonte de \u00e1gua, que n\u00e3o a medicada deve ficar dispon\u00edvel durante todo o per\u00edodo de tratamento.<\/p>\n<p><\/p>\n<p>Bovinos: 2-3 medidas (10-15g) para cada 60 kg de peso vivo, durante 5 dias consecutivos.<\/p>\n<p><\/p>\n<p>Su\u00ednos e coelhos: 2-3 medidas (10-15g) dissolvidas em \u00e1gua, durante 5 dias consecutivos.<\/p>\n<p><\/p>\n<p>Ovinos e caprinos: 1-2 medidas (5-10g) para cada 20 kg de peso vivo, durante 5 dias consecutivos.<\/p>\n<p><\/p>\n<p>Pintos, peruzinhos, frangos, galinhas e perus: 1 medida (5g) para cada 5 litros de \u00e1gua durante 5 dias consecutivos.<\/p>\n<p><\/p>\n<p><\/p>\n<p>Administra\u00e7\u00e3o:<\/p>\n<p><\/p>\n<p>Terramicina\u00ae P\u00f3 Sol\u00favel com Antigerm 77 pode ser administrada, dissolvida na \u00e1gua de bebida, leite ou diretamente na boca do animal.<\/p>\n<p><\/p>\n<p>Precau\u00e7\u00f5es:<\/p>\n<p>&#8211; Conservar em local seco e fresco, ao abrigo da luz.<\/p>\n<p>&#8211; Preparar solu\u00e7\u00f5es novas de medica\u00e7\u00e3o diariamente, descartando as sobras anteriores.<\/p>\n<p>&#8211; Caso o conte\u00fado n\u00e3o seja utilizado de uma s\u00f3 vez, feche bem a embalagem, para evitar entrada de umidade.<\/p>\n<p>&#8211; Suspender o uso do medicamento, cinco dias antes do abate.<\/p>\n<p>&#8211; N\u00e3o consumir o leite ou ovos dos animais tratados, antes de decorridos cinco dias do fim da \u00faltima medica\u00e7\u00e3o.<\/p>\n<p><\/p>\n<p>Apresenta\u00e7\u00e3o:<\/p>\n<p><\/p>\n<p>Sach\u00ea aluminizado contendo 100 g ou fibrolatas contendo 1.000 g do produto.<\/p>\n<p><\/p>\n<p>Classe Terap\u00eautica:<\/p>\n<p>ANTIMICROBIANOS GERAIS; ANTIF\u00daNGICOS E ANTIPROTOZO\u00c1RIOS (COCCIDIOS, FLAGELADOS)<\/p>\n<p><\/p>\n<p>Princ\u00edpio(s) Ativo(s):<\/p>\n<p><\/p>\n<p>TERRAMICINA (VER OXITETRACICLINA)<\/p>\n<p><\/p>\n<p>&nbsp;<\/p>\n<p><\/p>\n<p>Registro no Minist\u00e9rio da Agricultura, Pecu\u00e1ria e Abastecimento:<\/p>\n<p>1.486 em 10\/07\/59<\/p>\n","protected":false},"excerpt":{"rendered":"<p>F\u00f3rmula: Cada 100 g cont\u00e9m: Terramicina (cloridrato de oxitetraciclina)&#8230;&#8230;&#8230;&#8230;&#8230;&#8230;&#8230;&#8230;&#8230;&#8230;&#8230;&#8230;.. 5,5 g Antigerm 77 (cloreto de benzet\u00f4nio)&#8230;&#8230;&#8230;&#8230;&#8230;&#8230;&#8230;&#8230;&#8230;&#8230;&#8230;&#8230;&#8230;&#8230;&#8230;. 5,5 g Ve\u00edculo &#8230; q.s.p. &#8230;&#8230;&#8230;&#8230;&#8230;&#8230;&#8230;&#8230;&#8230;&#8230;&#8230;&#8230;&#8230;&#8230;&#8230;&#8230;&#8230;&#8230;&#8230;&#8230;&#8230;&#8230;&#8230;&#8230;..<\/p>\n","protected":false},"featured_media":16896,"template":"","meta":{"_acf_changed":false},"product_brand":[970],"product_cat":[170,175],"product_tag":[1013,1014],"class_list":{"0":"post-16895","1":"product","2":"type-product","3":"status-publish","4":"has-post-thumbnail","6":"product_brand-zoetis","7":"product_cat-anti-microbianos","8":"product_cat-antimicrobianos-2","9":"product_tag-terramicina","10":"product_tag-tormicina","12":"first","13":"instock","14":"purchasable","15":"product-type-simple"},"acf":[],"_links":{"self":[{"href":"https:\/\/vetsul.com\/index.php\/wp-json\/wp\/v2\/product\/16895","targetHints":{"allow":["GET"]}}],"collection":[{"href":"https:\/\/vetsul.com\/index.php\/wp-json\/wp\/v2\/product"}],"about":[{"href":"https:\/\/vetsul.com\/index.php\/wp-json\/wp\/v2\/types\/product"}],"wp:featuredmedia":[{"embeddable":true,"href":"https:\/\/vetsul.com\/index.php\/wp-json\/wp\/v2\/media\/16896"}],"wp:attachment":[{"href":"https:\/\/vetsul.com\/index.php\/wp-json\/wp\/v2\/media?parent=16895"}],"wp:term":[{"taxonomy":"product_brand","embeddable":true,"href":"https:\/\/vetsul.com\/index.php\/wp-json\/wp\/v2\/product_brand?post=16895"},{"taxonomy":"product_cat","embeddable":true,"href":"https:\/\/vetsul.com\/index.php\/wp-json\/wp\/v2\/product_cat?post=16895"},{"taxonomy":"product_tag","embeddable":true,"href":"https:\/\/vetsul.com\/index.php\/wp-json\/wp\/v2\/product_tag?post=16895"}],"curies":[{"name":"wp","href":"https:\/\/api.w.org\/{rel}","templated":true}]}}