{"id":16891,"date":"2018-01-09T16:27:35","date_gmt":"2018-01-09T18:27:35","guid":{"rendered":"http:\/\/35.194.95.18\/wp-admin\/?post_type=product&#038;p=16891"},"modified":"2025-08-12T09:32:21","modified_gmt":"2025-08-12T12:32:21","slug":"terracam-spray-125-ml-agener","status":"publish","type":"product","link":"https:\/\/vetsul.com\/index.php\/product\/terracam-spray-125-ml-agener\/","title":{"rendered":"TERRACAM SPRAY -125 ML &#8211; AGENER"},"content":{"rendered":"<p class=\"MsoNormal\" style=\"margin-bottom: 15px; padding: 0px; border: 0px; outline: none; list-style: none; color: rgb(83, 83, 83); font-size: 12px; font-family: Roboto, sans-serif; text-align: justify;\"><span arial\",\"sans-serif\"\"=\"\" style=\"margin: 0px; padding: 0px; border: 0px; outline: none; list-style: none; font-size: 14px;\">Cicatrizante eficaz, cuida das inflama\u00e7\u00f5es e combate as infec\u00f5es.&nbsp;<o:p style=\"margin: 0px; padding: 0px; border: 0px; outline: none; list-style: none;\"><\/o:p><\/span><\/p>\n<p class=\"MsoNormal\" style=\"margin-bottom: 15px; padding: 0px; border: 0px; outline: none; list-style: none; color: rgb(83, 83, 83); font-size: 12px; font-family: Roboto, sans-serif; text-align: justify;\"><span arial\",\"sans-serif\"\"=\"\" style=\"margin: 0px; padding: 0px; border: 0px; outline: none; list-style: none; font-size: 14px;\">Cicatrizante, anti-inflamat\u00f3rio, antimicrobiano.<\/span><\/p>\n<p class=\"MsoNormal\" style=\"margin-bottom: 15px; padding: 0px; border: 0px; outline: none; list-style: none; text-align: justify;\"><font color=\"#535353\" face=\"Roboto, sans-serif\"><span style=\"font-size: 14px;\">Terracam Spray contem vitamina A.&nbsp;<\/span><\/font><\/p>\n<p class=\"MsoNormal\" style=\"margin-bottom: 15px; padding: 0px; border: 0px; outline: none; list-style: none; text-align: justify;\"><font color=\"#535353\" face=\"Roboto, sans-serif\"><span style=\"font-size: 14px;\"><br \/><\/span><\/font><\/p>\n<p class=\"MsoNormal\" style=\"margin-bottom: 15px; padding: 0px; border: 0px; outline: none; list-style: none; text-align: justify;\"><font color=\"#535353\" face=\"Roboto, sans-serif\"><span style=\"font-size: 14px;\">Solu\u00e7\u00e3o antimicrobiana e anti-inflamat\u00f3ria em aerossol. Cicatrizante eficaz, cuida das inflama\u00e7\u00f5es e combate as infec\u00e7\u00f5es.<\/span><\/font><\/p>\n<p class=\"MsoNormal\" style=\"margin-bottom: 15px; padding: 0px; border: 0px; outline: none; list-style: none; text-align: justify;\"><font color=\"#535353\" face=\"Roboto, sans-serif\"><span style=\"font-size: 14px;\"><br \/><\/span><\/font><\/p>\n<p class=\"MsoNormal\" style=\"margin-bottom: 15px; padding: 0px; border: 0px; outline: none; list-style: none; text-align: justify;\"><font color=\"#535353\" face=\"Roboto, sans-serif\"><span style=\"font-size: 14px;\">Car\u00eancia zero.<\/span><\/font><\/p>\n<p class=\"MsoNormal\" style=\"margin-bottom: 15px; padding: 0px; border: 0px; outline: none; list-style: none; text-align: justify;\"><font color=\"#535353\" face=\"Roboto, sans-serif\"><span style=\"font-size: 14px;\">&nbsp;<\/span><\/font><\/p>\n<p class=\"MsoNormal\" style=\"margin-bottom: 15px; padding: 0px; border: 0px; outline: none; list-style: none; text-align: justify;\"><font color=\"#535353\" face=\"Roboto, sans-serif\"><span style=\"font-size: 14px;\"><br \/><\/span><\/font><\/p>\n<p class=\"MsoNormal\" style=\"margin-bottom: 15px; padding: 0px; border: 0px; outline: none; list-style: none; text-align: justify;\"><font color=\"#535353\" face=\"Roboto, sans-serif\"><span style=\"font-size: 14px;\">Tratamento de ceratoconjuntivites.<\/span><\/font><\/p>\n<p class=\"MsoNormal\" style=\"margin-bottom: 15px; padding: 0px; border: 0px; outline: none; list-style: none; text-align: justify;\"><font color=\"#535353\" face=\"Roboto, sans-serif\"><span style=\"font-size: 14px;\">&nbsp;<\/span><\/font><\/p>\n<p class=\"MsoNormal\" style=\"margin-bottom: 15px; padding: 0px; border: 0px; outline: none; list-style: none; text-align: justify;\"><font color=\"#535353\" face=\"Roboto, sans-serif\"><span style=\"font-size: 14px;\"><br \/><\/span><\/font><\/p>\n<p class=\"MsoNormal\" style=\"margin-bottom: 15px; padding: 0px; border: 0px; outline: none; list-style: none; text-align: justify;\"><font color=\"#535353\" face=\"Roboto, sans-serif\"><span style=\"font-size: 14px;\">Preven\u00e7\u00e3o de infecl\u00e7oes bacterianas.<\/span><\/font><\/p>\n<p class=\"MsoNormal\" style=\"margin-bottom: 15px; padding: 0px; border: 0px; outline: none; list-style: none; text-align: justify;\"><font color=\"#535353\" face=\"Roboto, sans-serif\"><span style=\"font-size: 14px;\"><br \/><\/span><\/font><\/p>\n<p class=\"MsoNormal\" style=\"margin-bottom: 15px; padding: 0px; border: 0px; outline: none; list-style: none; text-align: justify;\"><font color=\"#535353\" face=\"Roboto, sans-serif\"><span style=\"font-size: 14px;\">&nbsp;<\/span><\/font><\/p>\n<p class=\"MsoNormal\" style=\"margin-bottom: 15px; padding: 0px; border: 0px; outline: none; list-style: none; text-align: justify;\"><font color=\"#535353\" face=\"Roboto, sans-serif\"><span style=\"font-size: 14px;\"><br \/><\/span><\/font><\/p>\n<p class=\"MsoNormal\" style=\"margin-bottom: 15px; padding: 0px; border: 0px; outline: none; list-style: none; text-align: justify;\"><font color=\"#535353\" face=\"Roboto, sans-serif\"><span style=\"font-size: 14px;\">Indicado para Dermatites.&nbsp;<\/span><\/font><\/p>\n<p class=\"MsoNormal\" style=\"margin-bottom: 15px; padding: 0px; border: 0px; outline: none; list-style: none; text-align: justify;\"><font color=\"#535353\" face=\"Roboto, sans-serif\"><span style=\"font-size: 14px;\">&nbsp;<\/span><\/font><\/p>\n<p class=\"MsoNormal\" style=\"margin-bottom: 15px; padding: 0px; border: 0px; outline: none; list-style: none; text-align: justify;\"><font color=\"#535353\" face=\"Roboto, sans-serif\"><span style=\"font-size: 14px;\"><br \/><\/span><\/font><\/p>\n<p class=\"MsoNormal\" style=\"margin-bottom: 15px; padding: 0px; border: 0px; outline: none; list-style: none; text-align: justify;\"><font color=\"#535353\" face=\"Roboto, sans-serif\"><span style=\"font-size: 14px;\">Para c\u00e3es \u00e9 indicado no tratamento da dermatite al\u00e9rgica de contato, prevenindo ainda mais as infec\u00e7\u00f5es bacterianas secund\u00e1rias e contribuindo no processo de regenera\u00e7\u00e3o da pele.<\/span><\/font><\/p>\n<p class=\"MsoNormal\" style=\"margin-bottom: 15px; padding: 0px; border: 0px; outline: none; list-style: none; text-align: justify;\"><font color=\"#535353\" face=\"Roboto, sans-serif\"><span style=\"font-size: 14px;\"><br \/><\/span><\/font><\/p>\n<p class=\"MsoNormal\" style=\"margin-bottom: 15px; padding: 0px; border: 0px; outline: none; list-style: none; text-align: justify;\"><font color=\"#535353\" face=\"Roboto, sans-serif\"><span style=\"font-size: 14px;\"><br \/><\/span><\/font><\/p>\n<p class=\"MsoNormal\" style=\"margin-bottom: 15px; padding: 0px; border: 0px; outline: none; list-style: none; text-align: justify;\"><font color=\"#535353\" face=\"Roboto, sans-serif\"><span style=\"font-size: 14px;\">Apresenta\u00e7\u00e3o:<\/span><\/font><\/p>\n<p class=\"MsoNormal\" style=\"margin-bottom: 15px; padding: 0px; border: 0px; outline: none; list-style: none; text-align: justify;\"><font color=\"#535353\" face=\"Roboto, sans-serif\"><span style=\"font-size: 14px;\"><br \/><\/span><\/font><\/p>\n<p class=\"MsoNormal\" style=\"margin-bottom: 15px; padding: 0px; border: 0px; outline: none; list-style: none; text-align: justify;\"><font color=\"#535353\" face=\"Roboto, sans-serif\"><span style=\"font-size: 14px;\">frasco-spray de 125mL.<\/span><\/font><\/p>\n<p class=\"MsoNormal\" style=\"margin-bottom: 15px; padding: 0px; border: 0px; outline: none; list-style: none; text-align: justify;\"><font color=\"#535353\" face=\"Roboto, sans-serif\"><span style=\"font-size: 14px;\"><br \/><\/span><\/font><\/p>\n<p class=\"MsoNormal\" style=\"margin-bottom: 15px; padding: 0px; border: 0px; outline: none; list-style: none; text-align: justify;\"><font color=\"#535353\" face=\"Roboto, sans-serif\"><span style=\"font-size: 14px;\"><br \/><\/span><\/font><\/p>\n<p class=\"MsoNormal\" style=\"margin-bottom: 15px; padding: 0px; border: 0px; outline: none; list-style: none; text-align: justify;\"><font color=\"#535353\" face=\"Roboto, sans-serif\"><span style=\"font-size: 14px;\">Princ\u00edpios ativos:<\/span><\/font><\/p>\n<p class=\"MsoNormal\" style=\"margin-bottom: 15px; padding: 0px; border: 0px; outline: none; list-style: none; text-align: justify;\"><font color=\"#535353\" face=\"Roboto, sans-serif\"><span style=\"font-size: 14px;\">&nbsp;<\/span><\/font><\/p>\n<p class=\"MsoNormal\" style=\"margin-bottom: 15px; padding: 0px; border: 0px; outline: none; list-style: none; text-align: justify;\"><font color=\"#535353\" face=\"Roboto, sans-serif\"><span style=\"font-size: 14px;\"><br \/><\/span><\/font><\/p>\n<p class=\"MsoNormal\" style=\"margin-bottom: 15px; padding: 0px; border: 0px; outline: none; list-style: none; text-align: justify;\"><font color=\"#535353\" face=\"Roboto, sans-serif\"><span style=\"font-size: 14px;\">Palmitato de vitamina A : 0,01g<\/span><\/font><\/p>\n<p class=\"MsoNormal\" style=\"margin-bottom: 15px; padding: 0px; border: 0px; outline: none; list-style: none; text-align: justify;\"><font color=\"#535353\" face=\"Roboto, sans-serif\"><span style=\"font-size: 14px;\"><br \/><\/span><\/font><\/p>\n<p class=\"MsoNormal\" style=\"margin-bottom: 15px; padding: 0px; border: 0px; outline: none; list-style: none; text-align: justify;\"><font color=\"#535353\" face=\"Roboto, sans-serif\"><span style=\"font-size: 14px;\">Hidrocortisona : 2,8g<\/span><\/font><\/p>\n<p class=\"MsoNormal\" style=\"margin-bottom: 15px; padding: 0px; border: 0px; outline: none; list-style: none; text-align: justify;\"><font color=\"#535353\" face=\"Roboto, sans-serif\"><span style=\"font-size: 14px;\"><br \/><\/span><\/font><\/p>\n<p class=\"MsoNormal\" style=\"margin-bottom: 15px; padding: 0px; border: 0px; outline: none; list-style: none; text-align: justify;\"><font color=\"#535353\" face=\"Roboto, sans-serif\"><span arial\",\"sans-serif\"\"=\"\" style=\"margin: 0px; padding: 0px; border: 0px; outline: none; list-style: none; font-size: 14px;\"><\/span><\/font><\/p>\n<p class=\"MsoNormal\" style=\"margin-bottom: 15px; padding: 0px; border: 0px; outline: none; list-style: none; text-align: justify;\"><font color=\"#535353\" face=\"Roboto, sans-serif\"><span style=\"font-size: 14px;\">Cloridrato de oxitetraciclina : 6,80g<\/span><\/font><\/p>\n<p class=\"MsoNormal\" style=\"margin-bottom: 15px; padding: 0px; border: 0px; outline: none; list-style: none; color: rgb(83, 83, 83); font-size: 12px; font-family: Roboto, sans-serif; text-align: justify;\"><span arial\",\"sans-serif\"\"=\"\" style=\"margin: 0px; padding: 0px; border: 0px; outline: none; list-style: none; font-size: 14px;\"><o:p style=\"margin: 0px; padding: 0px; border: 0px; outline: none; list-style: none;\"><\/o:p><\/span><\/p>\n<p class=\"MsoNormal\" style=\"margin-bottom: 15px; padding: 0px; border: 0px; outline: none; list-style: none; color: rgb(83, 83, 83); font-size: 12px; font-family: Roboto, sans-serif; text-align: justify;\">&nbsp;<\/p>\n","protected":false},"excerpt":{"rendered":"<p>Cicatrizante eficaz, cuida das inflama\u00e7\u00f5es e combate as infec\u00f5es.&nbsp; Cicatrizante, anti-inflamat\u00f3rio, antimicrobiano. Terracam Spray contem vitamina A.&nbsp; Solu\u00e7\u00e3o antimicrobiana e anti-inflamat\u00f3ria em<\/p>\n","protected":false},"featured_media":16892,"template":"","meta":{"_acf_changed":false},"product_brand":[],"product_cat":[185,187,188],"product_tag":[],"class_list":{"0":"post-16891","1":"product","2":"type-product","3":"status-publish","4":"has-post-thumbnail","6":"product_cat-cicatrizantes-e-mata-bicheiras","7":"product_cat-cicatrizantes-e-mata-bicheiras-2","8":"product_cat-cicatrizantes-e-mata-bicheiras-3","10":"first","11":"instock","12":"purchasable","13":"product-type-simple"},"acf":[],"_links":{"self":[{"href":"https:\/\/vetsul.com\/index.php\/wp-json\/wp\/v2\/product\/16891","targetHints":{"allow":["GET"]}}],"collection":[{"href":"https:\/\/vetsul.com\/index.php\/wp-json\/wp\/v2\/product"}],"about":[{"href":"https:\/\/vetsul.com\/index.php\/wp-json\/wp\/v2\/types\/product"}],"wp:featuredmedia":[{"embeddable":true,"href":"https:\/\/vetsul.com\/index.php\/wp-json\/wp\/v2\/media\/16892"}],"wp:attachment":[{"href":"https:\/\/vetsul.com\/index.php\/wp-json\/wp\/v2\/media?parent=16891"}],"wp:term":[{"taxonomy":"product_brand","embeddable":true,"href":"https:\/\/vetsul.com\/index.php\/wp-json\/wp\/v2\/product_brand?post=16891"},{"taxonomy":"product_cat","embeddable":true,"href":"https:\/\/vetsul.com\/index.php\/wp-json\/wp\/v2\/product_cat?post=16891"},{"taxonomy":"product_tag","embeddable":true,"href":"https:\/\/vetsul.com\/index.php\/wp-json\/wp\/v2\/product_tag?post=16891"}],"curies":[{"name":"wp","href":"https:\/\/api.w.org\/{rel}","templated":true}]}}