{"id":16887,"date":"2018-01-09T16:20:37","date_gmt":"2018-01-09T18:20:37","guid":{"rendered":"http:\/\/35.194.95.18\/wp-admin\/?post_type=product&#038;p=16887"},"modified":"2025-04-08T14:58:55","modified_gmt":"2025-04-08T17:58:55","slug":"talco-sanol-dog-antipulgas-100-g","status":"publish","type":"product","link":"https:\/\/vetsul.com\/index.php\/product\/talco-sanol-dog-antipulgas-100-g\/","title":{"rendered":"Talco Sanol Dog Antipulgas &#8211; 100 g"},"content":{"rendered":"<p>Talco Antipulgas 100g<\/p>\n<p>O Talco Antipulgas Sanol Dog 100g foi especialmente desenvolvido para o combate de pulgas, piolhos e carrapatos em c\u00e3es. Sua f\u00f3rmula cont\u00e9m Permetrina, Bot\u00f3xido de Piperonila e \u00c1cido B\u00f3rico, que eliminam esses parasitas, deixando um agrad\u00e1vel aroma no animal.<\/p>\n","protected":false},"excerpt":{"rendered":"<p>Talco Antipulgas 100g O Talco Antipulgas Sanol Dog 100g foi especialmente desenvolvido para o combate de pulgas, piolhos e carrapatos em c\u00e3es.<\/p>\n","protected":false},"featured_media":16888,"template":"","meta":{"_acf_changed":false},"product_brand":[],"product_cat":[193],"product_tag":[],"class_list":{"0":"post-16887","1":"product","2":"type-product","3":"status-publish","4":"has-post-thumbnail","6":"product_cat-higiene-e-cuidados-2","8":"first","9":"instock","10":"purchasable","11":"product-type-simple"},"acf":[],"_links":{"self":[{"href":"https:\/\/vetsul.com\/index.php\/wp-json\/wp\/v2\/product\/16887","targetHints":{"allow":["GET"]}}],"collection":[{"href":"https:\/\/vetsul.com\/index.php\/wp-json\/wp\/v2\/product"}],"about":[{"href":"https:\/\/vetsul.com\/index.php\/wp-json\/wp\/v2\/types\/product"}],"wp:featuredmedia":[{"embeddable":true,"href":"https:\/\/vetsul.com\/index.php\/wp-json\/wp\/v2\/media\/16888"}],"wp:attachment":[{"href":"https:\/\/vetsul.com\/index.php\/wp-json\/wp\/v2\/media?parent=16887"}],"wp:term":[{"taxonomy":"product_brand","embeddable":true,"href":"https:\/\/vetsul.com\/index.php\/wp-json\/wp\/v2\/product_brand?post=16887"},{"taxonomy":"product_cat","embeddable":true,"href":"https:\/\/vetsul.com\/index.php\/wp-json\/wp\/v2\/product_cat?post=16887"},{"taxonomy":"product_tag","embeddable":true,"href":"https:\/\/vetsul.com\/index.php\/wp-json\/wp\/v2\/product_tag?post=16887"}],"curies":[{"name":"wp","href":"https:\/\/api.w.org\/{rel}","templated":true}]}}