{"id":16885,"date":"2018-01-09T16:18:30","date_gmt":"2018-01-09T18:18:30","guid":{"rendered":"http:\/\/35.194.95.18\/wp-admin\/?post_type=product&#038;p=16885"},"modified":"2025-02-07T16:25:07","modified_gmt":"2025-02-07T19:25:07","slug":"taitec-oral-01lt","status":"publish","type":"product","link":"https:\/\/vetsul.com\/index.php\/product\/taitec-oral-01lt\/","title":{"rendered":"TAITEC ORAL 01lt"},"content":{"rendered":"<p>TAITEC ORAL<\/p>\n<p>PROPRIEDADES DO TAITEC ORAL<\/p>\n<p><\/p>\n<p>Eficaz no tratamento de bicho da Cabe\u00e7a em ovinos, contra Haemonchus, contra Fasciola hepatica, n\u00e3o possui resistencia e \u00e9 altamente seguro. Antiparasit\u00e1rio de a\u00e7\u00e3o prolongada pela sua liga\u00e7\u00e3o ao plasma sangu\u00edneo, de onde \u00e9 libera do lentamente. \u00c9 absorvido e distribu\u00eddo de forma sist\u00eamica, por todo organismo, atacando os parasitas que tem contato com os tecidos e flu\u00eddos org\u00e2nicos. Sua margem de seguran\u00e7a \u00e9 ampla, n\u00e3o sendo hepatot\u00f3xico. \u201cTaitec Oral\u201d, n\u00e3o tendo sabor pronunciado, n\u00e3o \u00e9 rejeitado pelos animais.<\/p>\n<p><\/p>\n<p>&nbsp;F\u00d3RMULA DO TAITEC<\/p>\n<p><\/p>\n<p>Cada 100 mL do produto cont\u00e9m:<\/p>\n<p><\/p>\n<p>Closantel \u2026\u2026\u2026\u2026..10,0 g<\/p>\n<p><\/p>\n<p>Ve\u00edculo q.s.p\u2026\u2026100 ml<\/p>\n<p><\/p>\n<p>INDICA\u00c7\u00d5ES DO PRODUTO:<\/p>\n<p><\/p>\n<p>Taitec&nbsp; \u00e9 um antiparasit\u00e1rio de largo espectro indicado para tratamento de endoparasitoses e ectoparasitoses dos bovinos e ovinos, apresentando a\u00e7\u00e3o contra: Nemat\u00f3deos gastrintestinais: Ostertargia spp, Haemonchus contortus, Strongyloides spp e Oesophagostomum spp. Tremat\u00f3deos: Fasciola hepatica. Artr\u00f3podes: Dermatobia hominis (bernes), Mi\u00edases (bicheiras), Oestrus ovis (bicho da cabe\u00e7a).<\/p>\n<p><\/p>\n<p>DOSAGEM E MODO DE USAR:<\/p>\n<p><\/p>\n<p>Administrado por via Oral.<\/p>\n<p><\/p>\n<p>Endoparasitas: Verminoses gastrointestinais (vermes) e Fasciolose: 1 mL\/ 10kg de peso vivo.<\/p>\n<p>Ectoparasitas: Dermatobiose (berne) e mi\u00edases (bicheiras): 3mL para 10kg de peso vivo.<\/p>\n<p>Oestrose ovina (bicho da cabe\u00e7a): 1 mL para 10 kg de peso vivo, em dose \u00fanica.<\/p>\n<p><\/p>\n<p>Obs: As posologias do produto podem ser alteradas conforme o crit\u00e9rio do M\u00e9dico Veterin\u00e1rio.<\/p>\n<p><\/p>\n<p>PRAZO DE CONSUMO:<\/p>\n<p><\/p>\n<p>N\u00e3o utilizar para consumo humano o leite e a carne dos animais tratados antes de decorridos 15 dias da \u00faltima aplica\u00e7\u00e3o do produto.<\/p>\n<p><\/p>\n<p>PRECAU\u00c7\u00d5ES DE USO:<\/p>\n<p><\/p>\n<p>N\u00e3o administrar o produto nas f\u00eameas, 28 dias antes do parto. N\u00e3o usar em animais que est\u00e3o muito debilitados ou doentes. Ocorrendo hipersensibilidade individual, suspender o tratamento imediatamente.<\/p>\n<p><\/p>\n<p>Conservar em local seco, fresco, ao abrigo da luz solar, longe do alcance de crian\u00e7as.<\/p>\n<p><\/p>\n<p>Venda sob prescri\u00e7\u00e3o e aplica\u00e7\u00e3o sob orienta\u00e7\u00e3o do M\u00e9dico Veterin\u00e1rio.<\/p>\n","protected":false},"excerpt":{"rendered":"<p>TAITEC ORAL PROPRIEDADES DO TAITEC ORAL Eficaz no tratamento de bicho da Cabe\u00e7a em ovinos, contra Haemonchus, contra Fasciola hepatica, n\u00e3o possui<\/p>\n","protected":false},"featured_media":16886,"template":"","meta":{"_acf_changed":false},"product_brand":[976],"product_cat":[167],"product_tag":[1020,267],"class_list":{"0":"post-16885","1":"product","2":"type-product","3":"status-publish","4":"has-post-thumbnail","6":"product_brand-calbos","7":"product_cat-vermifugos-e-carrapaticidas","8":"product_tag-calbos","9":"product_tag-vermifugo","11":"first","12":"outofstock","13":"purchasable","14":"product-type-simple"},"acf":[],"_links":{"self":[{"href":"https:\/\/vetsul.com\/index.php\/wp-json\/wp\/v2\/product\/16885","targetHints":{"allow":["GET"]}}],"collection":[{"href":"https:\/\/vetsul.com\/index.php\/wp-json\/wp\/v2\/product"}],"about":[{"href":"https:\/\/vetsul.com\/index.php\/wp-json\/wp\/v2\/types\/product"}],"wp:featuredmedia":[{"embeddable":true,"href":"https:\/\/vetsul.com\/index.php\/wp-json\/wp\/v2\/media\/16886"}],"wp:attachment":[{"href":"https:\/\/vetsul.com\/index.php\/wp-json\/wp\/v2\/media?parent=16885"}],"wp:term":[{"taxonomy":"product_brand","embeddable":true,"href":"https:\/\/vetsul.com\/index.php\/wp-json\/wp\/v2\/product_brand?post=16885"},{"taxonomy":"product_cat","embeddable":true,"href":"https:\/\/vetsul.com\/index.php\/wp-json\/wp\/v2\/product_cat?post=16885"},{"taxonomy":"product_tag","embeddable":true,"href":"https:\/\/vetsul.com\/index.php\/wp-json\/wp\/v2\/product_tag?post=16885"}],"curies":[{"name":"wp","href":"https:\/\/api.w.org\/{rel}","templated":true}]}}