{"id":16881,"date":"2018-01-09T16:09:31","date_gmt":"2018-01-09T18:09:31","guid":{"rendered":"http:\/\/35.194.95.18\/wp-admin\/?post_type=product&#038;p=16881"},"modified":"2025-02-07T16:00:23","modified_gmt":"2025-02-07T19:00:23","slug":"sorolina-2ml","status":"publish","type":"product","link":"https:\/\/vetsul.com\/index.php\/product\/sorolina-2ml\/","title":{"rendered":"Sorolina 2ml"},"content":{"rendered":"<p>Sorolina<\/p>\n<p>\u00c9 estimulante cardiovascular, aumenta a press\u00e3o sangu\u00ednea, frequ\u00eancia card\u00edaca e a resist\u00eancia dos vasos capilares, diminuindo a sua permeabilidade.<\/p>\n<p>F\u00d3RMULA:<\/p>\n<p>Cada 100 mL cont\u00e9m:<\/p>\n<p><\/p>\n<p>Cloridrato de adrenalina<span style=\"white-space:pre\">\t<\/span>0,1 g<\/p>\n<p>Ve\u00edculo conservante e estabilizante q.s.p<span style=\"white-space:pre\">\t<\/span>100 mL<\/p>\n<p>&nbsp;<\/p>\n<p><\/p>\n<p>PROPRIEDADES:<\/p>\n<p>Sorolina\u00ae tem em sua composi\u00e7\u00e3o a adrenalina que excita seletivamente as termina\u00e7\u00f5es simp\u00e1ticas, provocando uma vasoconstri\u00e7\u00e3o de arter\u00edolas, art\u00e9rias, veias e v\u00eanulas, o que o torna um agente hipertensor e hemost\u00e1tico. \u00c9 estimulante&nbsp; cardiovascular, aumenta a press\u00e3o sangu\u00ednea, acelera o cora\u00e7\u00e3o, aumenta a resist\u00eancia dos vasos capilares diminuindo a sua permeabilidade. Inibe a musculatura lisa do est\u00f4mago e intestino. Provoca um aumento da transpira\u00e7\u00e3o e das secre\u00e7\u00f5es,substituindo deste modo a sangria dos animais.<\/p>\n<p><\/p>\n<p>&nbsp;<\/p>\n<p>INDICA\u00c7\u00d5ES:<\/p>\n<p>Tratamento de Laminite (aguamento), inflama\u00e7\u00f5es na parte inferior das&nbsp; patas (arejamento), c\u00f3lica dos cavalos, burros, mulas e jumentos, substituindo com vantagens a sangria destes animais<\/p>\n<p><\/p>\n<p><\/p>\n<p>POSOLOGIA E MODO DE USAR:<\/p>\n<p>Deve ser aplicado&nbsp; exclusivamente por VIA INTRAMUSCULAR PROFUNDA.<\/p>\n<p><\/p>\n<p>Animais adultos: 1 ampola de 10 mL.<\/p>\n<p>Animais novos: a dose varia de acordo com a&nbsp; idade e peso do animal, n\u00e3o ultrapassando o volume de 10 mL.<\/p>\n<p>&nbsp;<\/p>\n<p><\/p>\n<p>APRESENTA\u00c7\u00c3O:<\/p>\n<p>Caixa contendo 06 displays com 2 ampolas de 10 mL.&nbsp;<\/p>\n<p><\/p>\n<p>Caixa contendo 12 displays com 2 ampolas de 10 mL.&nbsp; &nbsp; &nbsp;<\/p>\n<p><\/p>\n<p>OBSERVA\u00c7\u00c3O:<\/p>\n<p>Antes da aplica\u00e7\u00e3o deve-se proceder a assepsia do local com \u00e1lcool iodado, devendo-se usar seringa e agulha previamente.<\/p>\n<p><\/p>\n<p>&nbsp;<\/p>\n<p><\/p>\n<p><\/p>\n<p>Manter a embalagem fechada em local fresco e seco, ao abrigo da luz solar e fora do alcance de crian\u00e7as e de animais dom\u00e9sticos.<\/p>\n<p><\/p>\n<p>Licenciado no Minist\u00e9rio da Agricultura, Pecu\u00e1ria e Abastecimento:<\/p>\n<p><\/p>\n<p>&nbsp;208\/1970<\/p>\n<p><\/p>\n<p>Respons\u00e1vel T\u00e9cnica M\u00e9dica Veterin\u00e1ria: Dra. Tha\u00eds Marino Silva Girio<\/p>\n<p>CRMV\/SP 17.469<\/p>\n","protected":false},"excerpt":{"rendered":"<p>Sorolina \u00c9 estimulante cardiovascular, aumenta a press\u00e3o sangu\u00ednea, frequ\u00eancia card\u00edaca e a resist\u00eancia dos vasos capilares, diminuindo a sua permeabilidade. F\u00d3RMULA: Cada<\/p>\n","protected":false},"featured_media":16882,"template":"","meta":{"_acf_changed":false},"product_brand":[977],"product_cat":[174],"product_tag":[1001],"class_list":{"0":"post-16881","1":"product","2":"type-product","3":"status-publish","4":"has-post-thumbnail","6":"product_brand-ucb","7":"product_cat-anti-inflamatorios-3","8":"product_tag-ucb","10":"first","11":"instock","12":"purchasable","13":"product-type-simple"},"acf":[],"_links":{"self":[{"href":"https:\/\/vetsul.com\/index.php\/wp-json\/wp\/v2\/product\/16881","targetHints":{"allow":["GET"]}}],"collection":[{"href":"https:\/\/vetsul.com\/index.php\/wp-json\/wp\/v2\/product"}],"about":[{"href":"https:\/\/vetsul.com\/index.php\/wp-json\/wp\/v2\/types\/product"}],"wp:featuredmedia":[{"embeddable":true,"href":"https:\/\/vetsul.com\/index.php\/wp-json\/wp\/v2\/media\/16882"}],"wp:attachment":[{"href":"https:\/\/vetsul.com\/index.php\/wp-json\/wp\/v2\/media?parent=16881"}],"wp:term":[{"taxonomy":"product_brand","embeddable":true,"href":"https:\/\/vetsul.com\/index.php\/wp-json\/wp\/v2\/product_brand?post=16881"},{"taxonomy":"product_cat","embeddable":true,"href":"https:\/\/vetsul.com\/index.php\/wp-json\/wp\/v2\/product_cat?post=16881"},{"taxonomy":"product_tag","embeddable":true,"href":"https:\/\/vetsul.com\/index.php\/wp-json\/wp\/v2\/product_tag?post=16881"}],"curies":[{"name":"wp","href":"https:\/\/api.w.org\/{rel}","templated":true}]}}