{"id":16875,"date":"2018-01-09T15:48:18","date_gmt":"2018-01-09T17:48:18","guid":{"rendered":"http:\/\/35.194.95.18\/wp-admin\/?post_type=product&#038;p=16875"},"modified":"2025-04-08T11:09:40","modified_gmt":"2025-04-08T14:09:40","slug":"soro-antitet-nico-vencosat","status":"publish","type":"product","link":"https:\/\/vetsul.com\/index.php\/product\/soro-antitet-nico-vencosat\/","title":{"rendered":"SORO ANTITET\u00c2NICO VENCOSAT"},"content":{"rendered":"<h2 style=\"font-size: 12px; margin-right: 0px; margin-bottom: 0px; margin-left: 0px; padding: 0px; color: #6e6d6b; font-family: 'Open Sans', Arial, Helvetica, sans-serif;\">Vencosat &#8211; Soro Antitet\u00e2nico Liofilizado Vencofarma<\/h2>\n<p style=\"margin-bottom: 0px; padding: 0px; color: #6e6d6b; font-family: 'Open Sans', Arial, Helvetica, sans-serif; font-size: 12px;\">\n<span style=\"font-weight: 600;\">Indica\u00e7\u00f5es:<\/span><\/p>\n<p style=\"margin-bottom: 0px; padding: 0px; color: #6e6d6b; font-family: 'Open Sans', Arial, Helvetica, sans-serif; font-size: 12px;\"><span style=\"font-weight: 600;\">Vencosat<\/span>\u00a0\u00e9 indicado para profilaxia e tratamento do t\u00e9tano causado por Clostridium tetani.<\/p>\n<p style=\"margin-bottom: 0px; padding: 0px; color: #6e6d6b; font-family: 'Open Sans', Arial, Helvetica, sans-serif; font-size: 12px;\">\n<p style=\"margin-bottom: 0px; padding: 0px; color: #6e6d6b; font-family: 'Open Sans', Arial, Helvetica, sans-serif; font-size: 12px;\"><span style=\"font-weight: 600;\">F\u00f3rmula do produto Vencosat:<\/span><\/p>\n<p style=\"margin-bottom: 0px; padding: 0px; color: #6e6d6b; font-family: 'Open Sans', Arial, Helvetica, sans-serif; font-size: 12px;\"><span style=\"font-weight: 600;\">Composi\u00e7\u00e3o:<\/span><br \/>\nO Soro Antitet\u00e2nico \u00e9 um p\u00f3 li\u00f3filo composto de imunoglobulinas de origem equina purificadas e concentradas obtidas da hiperimuniza\u00e7\u00e3o de equinos normais com toxina e toxoide tet\u00e2nicos e adicionado de 0,35{bad89740ab836af8afd78adf22d5854117f226b234e4f8ee83a0ac8d28f68ffc} de fenol como preservativo.<\/p>\n<p style=\"margin-bottom: 0px; padding: 0px; color: #6e6d6b; font-family: 'Open Sans', Arial, Helvetica, sans-serif; font-size: 12px;\">\n<span style=\"font-weight: 600;\">Dosagem do produto Vencosat:<\/span><\/p>\n<p style=\"margin-bottom: 0px; padding: 0px; color: #6e6d6b; font-family: 'Open Sans', Arial, Helvetica, sans-serif; font-size: 12px;\"><span style=\"font-weight: 600;\">Via de administra\u00e7\u00e3o e doses:<\/span><br \/>\n<span style=\"font-weight: 600;\">Profilaxia:<\/span>\u00a0Em casos de ferimentos ou interven\u00e7\u00f5es cir\u00fargicas aplicar 5.000 UI (1 frasco ampola) por via subcut\u00e2nea ou intramuscular.<br \/>\n<span style=\"font-weight: 600;\">Tratamento:<\/span>\u00a0Nos animais com t\u00e9tano j\u00e1 declarado, aplicar de 100.000 a 200.000 UI, conforme indica\u00e7\u00e3o do M\u00e9dico Veterin\u00e1rio.<\/p>\n<p style=\"margin-bottom: 0px; padding: 0px; color: #6e6d6b; font-family: 'Open Sans', Arial, Helvetica, sans-serif; font-size: 12px;\">\n<p style=\"margin-bottom: 0px; padding: 0px; color: #6e6d6b; font-family: 'Open Sans', Arial, Helvetica, sans-serif; font-size: 12px;\"><span style=\"font-weight: 600;\">Observa\u00e7\u00e3o:<\/span><br \/>\nA prote\u00e7\u00e3o conferida pela inocula\u00e7\u00e3o do soro \u00e9 passageira, n\u00e3o se prolongando al\u00e9m de dez dias.<br \/>\nSe persistir o perigo da infec\u00e7\u00e3o tet\u00e2nica, torna-se necess\u00e1rio repetir a dose profil\u00e1tica.<br \/>\nNos casos de ferimentos ou interven\u00e7\u00f5es cir\u00fargicas (castra\u00e7\u00e3o e outras) \u00e9 de vital import\u00e2ncia tomar todos os cuidados com a assepsia do ferimento ou campo cir\u00fargico e tamb\u00e9m a utiliza\u00e7\u00e3o de antibioticoterapia para neutralizar o bacilo tet\u00e2nico.<br \/>\nO soro\u00a0<span style=\"font-weight: 600;\">Vencosat\u00a0<\/span>age apenas contra a toxina circulante e se o bacilo n\u00e3o for devidamente neutralizado, quando o t\u00edtulo do soro na corrente sangu\u00ednea baixar o t\u00e9tano aparecer\u00e1 de forma irrevers\u00edvel.<br \/>\nNos animais com t\u00e9tano declarado, levar em considera\u00e7\u00e3o que a produ\u00e7\u00e3o de toxinas varia de caso e o soro neutraliza apenas a toxina circulante sendo necess\u00e1rio, de acordo com a avalia\u00e7\u00e3o do M\u00e9dico Veterin\u00e1rio, a administra\u00e7\u00e3o de doses suplementares no decurso do tratamento.<br \/>\nTem fundamental import\u00e2ncia no sucesso do tratamento a administra\u00e7\u00e3o de medicamentos que controlem a sintomatologia nervosa (barbit\u00faricos) e cessem a produ\u00e7\u00e3o de toxina debelando a infec\u00e7\u00e3o (antibi\u00f3ticos, antiss\u00e9pticos locais).<br \/>\nNa soroterapia de fel\u00eddeos considerar a alta sensibilidade dos mesmos a presen\u00e7a de fenol, utilizado neste produto como preventivo.\n<\/p>\n<p style=\"margin-bottom: 0px; padding: 0px; color: #6e6d6b; font-family: 'Open Sans', Arial, Helvetica, sans-serif; font-size: 12px;\"><span style=\"font-weight: 600;\">Contraindica\u00e7\u00f5es:<\/span><br \/>\nN\u00e3o h\u00e1 contraindica\u00e7\u00f5es.<\/p>\n<p style=\"margin-bottom: 0px; padding: 0px; color: #6e6d6b; font-family: 'Open Sans', Arial, Helvetica, sans-serif; font-size: 12px;\">\n<span style=\"font-weight: 600;\">Precau\u00e7\u00f5es de uso e cuidados:<\/span><br \/>\nO produto\u00a0<span style=\"font-weight: 600;\">Vencosat<\/span>\u00a0deve ser conservado \u00e0 temperatura de 2 \u00baC a 30 \u00baC. Evitar exposi\u00e7\u00e3o ao calor excessivo e exposi\u00e7\u00e3o a luz solar.<br \/>\nUtilizar agulhas e seringas est\u00e9reis, tendo os cuidados normais de assepsia nos locais de aplica\u00e7\u00e3o.<br \/>\nA dilui\u00e7\u00e3o do liofilizado com o diluente deve ser feita com agulhas e seringas est\u00e9reis.<br \/>\nO produto\u00a0<span style=\"font-weight: 600;\">Vencosat\u00a0<\/span>deve ser utilizado logo ap\u00f3s a reconstitui\u00e7\u00e3o.<br \/>\nO uso de qualquer produto biol\u00f3gico pode produzir rea\u00e7\u00f5es anafil\u00e1ticas. Neste caso administrar o sulfato de epinefrina ou adrenalina.<br \/>\nN\u00e3o utilizar o produto\u00a0<span style=\"font-weight: 600;\">Vencosat\u00a0<\/span>que tenha a data de validade vencida. Descartar quaisquer sobras, equipamentos utilizados e os frascos vazios.<br \/>\nO produto\u00a0<span style=\"font-weight: 600;\">Vencosat\u00a0<\/span>\u00e9 de uso exclusivo Veterin\u00e1rio.<br \/>\nManter longe de crian\u00e7as e animais dom\u00e9sticos.\n<\/p>\n<p style=\"margin-bottom: 0px; padding: 0px; color: #6e6d6b; font-family: 'Open Sans', Arial, Helvetica, sans-serif; font-size: 12px;\"><span style=\"font-weight: 600;\"><br \/>\nPrazo de validade do produto Vencosat:<\/span><\/p>\n<p><span style=\"color: #6e6d6b; font-family: 'Open Sans', Arial, Helvetica, sans-serif; font-size: 12px;\">O prazo de validade indicado no r\u00f3tulo \u00e9 de 2 anos ap\u00f3s a data da fabrica\u00e7\u00e3o.<\/span><\/p>\n","protected":false},"excerpt":{"rendered":"<p>Vencosat &#8211; Soro Antitet\u00e2nico Liofilizado Vencofarma Indica\u00e7\u00f5es: Vencosat\u00a0\u00e9 indicado para profilaxia e tratamento do t\u00e9tano causado por Clostridium tetani. F\u00f3rmula do produto<\/p>\n","protected":false},"featured_media":16876,"template":"","meta":{"_acf_changed":false},"product_brand":[],"product_cat":[164,163],"product_tag":[1025,1026,1024],"class_list":{"0":"post-16875","1":"product","2":"type-product","3":"status-publish","4":"has-post-thumbnail","6":"product_cat-bovinos-e-ovinos","7":"product_cat-equinos","8":"product_tag-dechra","9":"product_tag-tetano","10":"product_tag-vencofarma","12":"first","13":"outofstock","14":"purchasable","15":"product-type-simple"},"acf":[],"_links":{"self":[{"href":"https:\/\/vetsul.com\/index.php\/wp-json\/wp\/v2\/product\/16875","targetHints":{"allow":["GET"]}}],"collection":[{"href":"https:\/\/vetsul.com\/index.php\/wp-json\/wp\/v2\/product"}],"about":[{"href":"https:\/\/vetsul.com\/index.php\/wp-json\/wp\/v2\/types\/product"}],"wp:featuredmedia":[{"embeddable":true,"href":"https:\/\/vetsul.com\/index.php\/wp-json\/wp\/v2\/media\/16876"}],"wp:attachment":[{"href":"https:\/\/vetsul.com\/index.php\/wp-json\/wp\/v2\/media?parent=16875"}],"wp:term":[{"taxonomy":"product_brand","embeddable":true,"href":"https:\/\/vetsul.com\/index.php\/wp-json\/wp\/v2\/product_brand?post=16875"},{"taxonomy":"product_cat","embeddable":true,"href":"https:\/\/vetsul.com\/index.php\/wp-json\/wp\/v2\/product_cat?post=16875"},{"taxonomy":"product_tag","embeddable":true,"href":"https:\/\/vetsul.com\/index.php\/wp-json\/wp\/v2\/product_tag?post=16875"}],"curies":[{"name":"wp","href":"https:\/\/api.w.org\/{rel}","templated":true}]}}