{"id":16871,"date":"2018-01-09T15:40:14","date_gmt":"2018-01-09T17:40:14","guid":{"rendered":"http:\/\/35.194.95.18\/wp-admin\/?post_type=product&#038;p=16871"},"modified":"2025-04-04T11:23:48","modified_gmt":"2025-04-04T14:23:48","slug":"fortemil-soro-500-ml-ouro-fino","status":"publish","type":"product","link":"https:\/\/vetsul.com\/index.php\/product\/fortemil-soro-500-ml-ouro-fino\/","title":{"rendered":"FORTEMIL SORO 500 ML &#8211; OURO FINO"},"content":{"rendered":"<p>F\u00f3rmula:<\/p>\n<p><\/p>\n<p>Cada 500 mL cont\u00e9m:<\/p>\n<p>Riboflavina (B2 ) &#8230;&#8230;&#8230;&#8230;&#8230;&#8230;&#8230;&#8230;&#8230;&#8230;&#8230;&#8230;&#8230;&#8230;&#8230;&#8230;&#8230;&#8230;&#8230;&#8230;&#8230;&#8230;&#8230;&#8230;&#8230;&#8230;. 20,0 mg<\/p>\n<p>Cloridrato de piridoxina (B6 ) &#8230;&#8230;&#8230;&#8230;&#8230;&#8230;&#8230;&#8230;&#8230;&#8230;&#8230;&#8230;&#8230;&#8230;&#8230;&#8230;&#8230;&#8230;&#8230; 15,0 mg<\/p>\n<p>Nicotinamida &#8230;&#8230;&#8230;&#8230;&#8230;&#8230;&#8230;&#8230;&#8230;&#8230;&#8230;&#8230;&#8230;&#8230;&#8230;&#8230;&#8230;&#8230;&#8230;&#8230;&#8230;&#8230;&#8230;&#8230;&#8230;&#8230;&#8230;&#8230;. 1.000,0 mg<\/p>\n<p>Acetil d-l-metionina &#8230;&#8230;&#8230;&#8230;&#8230;&#8230;&#8230;&#8230;&#8230;&#8230;&#8230;&#8230;&#8230;&#8230;&#8230;&#8230;&#8230;&#8230;&#8230;&#8230;&#8230;&#8230;&#8230;&#8230;.. 660,0 mg<\/p>\n<p>Cloreto de s\u00f3dio &#8230;&#8230;&#8230;&#8230;&#8230;&#8230;&#8230;&#8230;&#8230;&#8230;&#8230;&#8230;&#8230;&#8230;&#8230;&#8230;&#8230;&#8230;&#8230;&#8230;&#8230;&#8230;&#8230;&#8230;&#8230;&#8230;. 3.500,0 mg<\/p>\n<p>Cloreto de pot\u00e1ssio &#8230;&#8230;&#8230;&#8230;&#8230;&#8230;&#8230;&#8230;&#8230;&#8230;&#8230;&#8230;&#8230;&#8230;&#8230;&#8230;&#8230;&#8230;&#8230;&#8230;&#8230;&#8230;&#8230;&#8230;.. 250,0 mg<\/p>\n<p>Cloreto de c\u00e1lcio &#8230;&#8230;&#8230;&#8230;&#8230;&#8230;&#8230;&#8230;&#8230;&#8230;&#8230;&#8230;&#8230;&#8230;&#8230;&#8230;&#8230;&#8230;&#8230;&#8230;&#8230;&#8230;&#8230;&#8230;&#8230;&#8230;. 150,0 mg<\/p>\n<p>Cloreto de magn\u00e9sio &#8230;&#8230;&#8230;&#8230;&#8230;&#8230;&#8230;&#8230;&#8230;&#8230;&#8230;&#8230;&#8230;&#8230;&#8230;&#8230;&#8230;&#8230;&#8230;&#8230;&#8230;&#8230;&#8230;.. 90,0 mg<\/p>\n<p>Dextrose &#8230;&#8230;&#8230;&#8230;&#8230;&#8230;&#8230;&#8230;&#8230;&#8230;&#8230;&#8230;&#8230;&#8230;&#8230;&#8230;&#8230;&#8230;&#8230;&#8230;&#8230;&#8230;&#8230;&#8230;&#8230;&#8230;&#8230;&#8230;&#8230;&#8230;&#8230; 25.000,0 mg<\/p>\n<p>Ve\u00edculo q.s.p. &#8230;&#8230;&#8230;&#8230;&#8230;&#8230;&#8230;&#8230;&#8230;&#8230;&#8230;&#8230;&#8230;&#8230;&#8230;&#8230;&#8230;&#8230;&#8230;&#8230;&#8230;&#8230;&#8230;&#8230;&#8230;&#8230;&#8230;&#8230;. 500,0 mL<\/p>\n<p><\/p>\n<p>Cada ampola de 3 mL cont\u00e9m:<\/p>\n<p>Vitamina B12 &#8230;&#8230;&#8230;&#8230;&#8230;&#8230;&#8230;&#8230;&#8230;&#8230;&#8230;&#8230;&#8230;&#8230;&#8230;&#8230;&#8230;&#8230;&#8230;&#8230;&#8230;&#8230;&#8230;&#8230;&#8230;&#8230;.. 10.000,0 mcg<\/p>\n<p>Ve\u00edculo q.s.p. &#8230;&#8230;&#8230;&#8230;&#8230;&#8230;&#8230;&#8230;&#8230;&#8230;&#8230;&#8230;&#8230;&#8230;&#8230;&#8230;&#8230;&#8230;&#8230;&#8230;&#8230;&#8230;&#8230;&#8230;&#8230;&#8230;.. 3,0 mL<\/p>\n<p><\/p>\n<p>Indica\u00e7\u00f5es:<\/p>\n<p>Fortemil \u00e9 indicado para bovinos, ovinos, equinos e su\u00ednos, no tratamento de esgotamento f\u00edsico por excesso de trabalho ou de produ\u00e7\u00e3o.<\/p>\n<p>Intoxica\u00e7\u00f5es, anorexias, caquexias e desidrata\u00e7\u00f5es. Indicado ainda como adjuvante no tratamento das verminoses e das doen\u00e7as infecciosas,<\/p>\n<p>como anaplasmose e piroplasmose. Ap\u00f3s interven\u00e7\u00f5es cir\u00fargicas, hemorragias prolongadas, neuropatias e acetonemias.<\/p>\n<p><\/p>\n<p>Dosagens:<\/p>\n<p>Animais de grande porte:<\/p>\n<p>Bovinos e equinos adultos: 1L a 2L<\/p>\n<p>Animais de m\u00e9dio porte:<\/p>\n<p>Bovinos e equinos jovens, ovinos e su\u00ednos adultos: 500 mL<\/p>\n<p>Animais de pequeno porte:<\/p>\n<p>Ovinos e su\u00ednos jovens: 20 a 100 mL<\/p>\n<p>As dosagens poder\u00e3o ser alteradas, a crit\u00e9rio do m\u00e9dico veterin\u00e1rio.<\/p>\n<p>Aplicar por via intravenosa atrav\u00e9s de equipo apropriado, esterilizado.<\/p>\n<p>Antes da aplica\u00e7\u00e3o, adicionar ao frasco a ampola de vitamina B12 que acompanha o produto.<\/p>\n<p><\/p>\n<p>Administra\u00e7\u00e3o:<\/p>\n<p>Fortemil deve ser administrado pela via intravenosa utilizando-se equipo apropriado para a aplica\u00e7\u00e3o de soro. Tamb\u00e9m poder\u00e1 ser aplicado pelas vias subcut\u00e2nea ou intraperitoneal. A ampola de vitamina B12 deve ser adicionada ao frasco de soro, imediatamente antes da sua<\/p>\n<p>aplica\u00e7\u00e3o.<\/p>\n<p><\/p>\n<p>Per\u00edodo de car\u00eancia: n\u00e3o h\u00e1.<\/p>\n<p><\/p>\n<p>\u00b7&nbsp; &nbsp; &nbsp; &nbsp; &nbsp;Doen\u00e7as Relacionadas<\/p>\n<p><\/p>\n<p>\u00b7&nbsp; &nbsp; &nbsp; &nbsp; &nbsp;Diarreias<\/p>\n<p><\/p>\n<p>\u00b7&nbsp; &nbsp; &nbsp; &nbsp; &nbsp;Hipocalcemia<\/p>\n<p><\/p>\n<p>\u00b7&nbsp; &nbsp; &nbsp; &nbsp; &nbsp;Infec\u00e7\u00f5es uterinas<\/p>\n<p><\/p>\n<p>\u00b7&nbsp; &nbsp; &nbsp; &nbsp; &nbsp;Intoxica\u00e7\u00f5es<\/p>\n<p><\/p>\n<p>\u00b7&nbsp; &nbsp; &nbsp; &nbsp; &nbsp;Pneumonias<\/p>\n<p><\/p>\n<p>\u00b7&nbsp; &nbsp; &nbsp; &nbsp; &nbsp;Reten\u00e7\u00e3o de placenta<\/p>\n<p><\/p>\n","protected":false},"excerpt":{"rendered":"<p>F\u00f3rmula: Cada 500 mL cont\u00e9m: Riboflavina (B2 ) &#8230;&#8230;&#8230;&#8230;&#8230;&#8230;&#8230;&#8230;&#8230;&#8230;&#8230;&#8230;&#8230;&#8230;&#8230;&#8230;&#8230;&#8230;&#8230;&#8230;&#8230;&#8230;&#8230;&#8230;&#8230;&#8230;. 20,0 mg Cloridrato de piridoxina (B6 ) &#8230;&#8230;&#8230;&#8230;&#8230;&#8230;&#8230;&#8230;&#8230;&#8230;&#8230;&#8230;&#8230;&#8230;&#8230;&#8230;&#8230;&#8230;&#8230; 15,0 mg Nicotinamida &#8230;&#8230;&#8230;&#8230;&#8230;&#8230;&#8230;&#8230;&#8230;&#8230;&#8230;&#8230;&#8230;&#8230;&#8230;&#8230;&#8230;&#8230;&#8230;&#8230;&#8230;&#8230;&#8230;&#8230;&#8230;&#8230;&#8230;&#8230;. 1.000,0<\/p>\n","protected":false},"featured_media":16872,"template":"","meta":{"_acf_changed":false},"product_brand":[955],"product_cat":[173,178,182],"product_tag":[1030,793],"class_list":{"0":"post-16871","1":"product","2":"type-product","3":"status-publish","4":"has-post-thumbnail","6":"product_brand-ouro-fino","7":"product_cat-suplementos-e-vitaminas","8":"product_cat-suplementos-e-vitaminas-2","9":"product_cat-suplementos-e-vitaminas-3","10":"product_tag-ouro-fino","11":"product_tag-soro-vitaminado","13":"first","14":"instock","15":"purchasable","16":"product-type-simple"},"acf":[],"_links":{"self":[{"href":"https:\/\/vetsul.com\/index.php\/wp-json\/wp\/v2\/product\/16871","targetHints":{"allow":["GET"]}}],"collection":[{"href":"https:\/\/vetsul.com\/index.php\/wp-json\/wp\/v2\/product"}],"about":[{"href":"https:\/\/vetsul.com\/index.php\/wp-json\/wp\/v2\/types\/product"}],"wp:featuredmedia":[{"embeddable":true,"href":"https:\/\/vetsul.com\/index.php\/wp-json\/wp\/v2\/media\/16872"}],"wp:attachment":[{"href":"https:\/\/vetsul.com\/index.php\/wp-json\/wp\/v2\/media?parent=16871"}],"wp:term":[{"taxonomy":"product_brand","embeddable":true,"href":"https:\/\/vetsul.com\/index.php\/wp-json\/wp\/v2\/product_brand?post=16871"},{"taxonomy":"product_cat","embeddable":true,"href":"https:\/\/vetsul.com\/index.php\/wp-json\/wp\/v2\/product_cat?post=16871"},{"taxonomy":"product_tag","embeddable":true,"href":"https:\/\/vetsul.com\/index.php\/wp-json\/wp\/v2\/product_tag?post=16871"}],"curies":[{"name":"wp","href":"https:\/\/api.w.org\/{rel}","templated":true}]}}