{"id":16867,"date":"2018-01-09T15:34:13","date_gmt":"2018-01-09T17:34:13","guid":{"rendered":"http:\/\/35.194.95.18\/wp-admin\/?post_type=product&#038;p=16867"},"modified":"2025-08-08T17:41:07","modified_gmt":"2025-08-08T20:41:07","slug":"bioxan-soro-500-ml","status":"publish","type":"product","link":"https:\/\/vetsul.com\/index.php\/product\/bioxan-soro-500-ml\/","title":{"rendered":"BIOXAN &#8211; SORO 500 ML &#8211;"},"content":{"rendered":"<p>O Bioxan \u00e9 um soro composto uma mistura muito bem elaborada entre complexos vitam\u00ednicos e sais minerais que auxilia no tratamento e preven\u00e7\u00e3o de exaust\u00e3o f\u00edsica causada por esfor\u00e7o, desidrata\u00e7\u00e3o, anemia, al\u00e9m de outras diversas causas. Seu diferencial est\u00e1 no fato do Bioxan ser eficaz para animais de todas as esp\u00e9cies e seu resultado vem com rapidez.<\/p>\n<p>Como usar: O complexo vitam\u00ednico Bioxan deve ser aplicado de maneira intravenosa. Vale ressaltar que, por se tratar de um medicamento a base de vitaminas e sais minerais, raramente, existe a possibilidade de acontecer uma rea\u00e7\u00e3o al\u00e9rgica. Quanto \u00e0 dosagem adequada, consulte a bula.<\/p>\n<p>F\u00f3rmula:<\/p>\n<p>&nbsp;<\/p>\n<p>Cada 100 ml cont\u00e9m:<\/p>\n<p>Vitamina B1 &#8230;&#8230;&#8230;&#8230;&#8230;&#8230;&#8230;&#8230;&#8230;&#8230;&#8230;&#8230;&#8230;&#8230; 3 mg<\/p>\n<p>Vitamina B2 fosfato &#8230;&#8230;&#8230;&#8230;&#8230;&#8230;&#8230;&#8230;&#8230;&#8230;. 20 mg<\/p>\n<p>Vitamina B6 &#8230;&#8230;&#8230;&#8230;&#8230;&#8230;&#8230;&#8230;&#8230;&#8230;&#8230;&#8230;&#8230;&#8230; 3 mg<\/p>\n<p>Vitamina Bl2 &#8230;&#8230;&#8230;&#8230;&#8230;&#8230;&#8230;&#8230;&#8230;&#8230;&#8230;&#8230;&#8230;.. 2 mg<\/p>\n<p>Nicotimida &#8230;&#8230;&#8230;&#8230;&#8230;&#8230;&#8230;&#8230;&#8230;&#8230;&#8230;&#8230;&#8230;&#8230;.. 240 mg<\/p>\n<p>Dextrose Anidra &#8230;&#8230;&#8230;&#8230;&#8230;&#8230;&#8230;&#8230;&#8230;&#8230;&#8230;&#8230;. 6000 mg<\/p>\n<p>Cloreto de S\u00f3dio &#8230;&#8230;&#8230;&#8230;&#8230;&#8230;&#8230;&#8230;&#8230;&#8230;&#8230;.. 400 mg<\/p>\n<p>Cloreto de Pot\u00e1ssio &#8230;&#8230;&#8230;&#8230;&#8230;&#8230;&#8230;&#8230;&#8230;&#8230;. 50 mg<\/p>\n<p>Cloreto de C\u00e1lcio 2 H20 &#8230;&#8230;&#8230;&#8230;&#8230;&#8230;&#8230;&#8230; 39,8 mg<\/p>\n<p>Cloreto de Magn\u00e9sio 6 H20 &#8230;&#8230;&#8230;&#8230;&#8230;&#8230; 34,2 mg<\/p>\n<p>DL Metionina &#8230;&#8230;&#8230;&#8230;&#8230;&#8230;&#8230;&#8230;&#8230;&#8230;&#8230;&#8230;&#8230;. 600 mg<\/p>\n<p>Cloreto de Colina &#8230;&#8230;&#8230;&#8230;&#8230;&#8230;&#8230;&#8230;&#8230;&#8230;&#8230;. 300 mg<\/p>\n<p>\u00c1gua para injet\u00e1veis q.s.p &#8230;&#8230;&#8230;&#8230;&#8230;&#8230;&#8230; 100 mL<\/p>\n<p>&nbsp;<\/p>\n<p>Dosagem do produto Bioxan:<\/p>\n<p>&nbsp;<\/p>\n<p>Bovinos e eq\u00fcinos adultos &#8230;&#8230;&#8230;&#8230;&#8230;&#8230;&#8230;&#8230;&#8230;&#8230;&#8230;&#8230;&#8230;&#8230;..1000 a 2000 ml por via intravenosa<\/p>\n<p>&nbsp;<\/p>\n<p>Bezerros, potros, ovinos, caprinos e su\u00ednos&#8230;&#8230;&#8230;&#8230;&#8230;&#8230;&#8230;500 ml por via intravenosa<\/p>\n<p>&nbsp;<\/p>\n<p>Pequenos animais &#8230;&#8230;&#8230;&#8230;&#8230;&#8230;&#8230;&#8230;&#8230;&#8230;&#8230;&#8230;&#8230;&#8230;&#8230;&#8230;&#8230;&#8230;.. 20 a 50 ml por via intravenosa ou 100 a 300 ml por via subcut\u00e2nea ou intraperitoneal<\/p>\n<p>&nbsp;<\/p>\n<p>Administra\u00e7\u00e3o do produto Bioxan:<\/p>\n<p>Para melhor aproveitamento do produto Bioxan, administrar lentamente quando utilizar a via intravenosa.<\/p>\n<p>Outras posologias poder\u00e3o ser adotadas a crit\u00e9rio do M\u00e9dico Veterin\u00e1rio.<\/p>\n<p>Precau\u00e7\u00f5es com o produto Bioxan:<\/p>\n<p>Bioxan, por se tratar de um produto injet\u00e1vel \u00e0 base de vitamina e mineral, poder\u00e3o ocorrer casos raros de rea\u00e7\u00f5es de hipersenibilidade (hipersaliva\u00e7\u00e3o, incoordena\u00e7\u00e3o motora, edema das mucosas ocular e vaginal), que desaparecem espontaneamente dentro de poucos minutos. Em se tratando de animais hipersensiveis (al\u00e9rgicos) recomenda-se a aplica\u00e7\u00e3o previa, por via intravenosa ou intramuscular, de produtos anti-histam\u00ednicos ou corticoster\u00f3ides nas dosagens recomendadas pelo fabricante.<\/p>\n<p>Limpar e desinfetar a seringa, a agulha e o local de aplica\u00e7\u00e3o para evitar inflama\u00e7\u00f5es locais e suas complica\u00e7\u00f5es por contamina\u00e7\u00e3o por microrganismos.<\/p>\n<p>Recomenda\u00e7\u00e3o: Ap\u00f3s a abertura do frasco do produto Bioxan, o restante do produtos que n\u00e3o for utilizado, dever\u00e1 ser descartado.<\/p>\n<p>Apresenta\u00e7\u00e3o do produto Bioxan:<\/p>\n<p>Caixa contendo 01 frasco de 500ml e 01 equipo.<\/p>\n<p>Classe Terap\u00eautica:<\/p>\n<p>COMPLEXOS<\/p>\n<p>Princ\u00edpio(s) Ativo(s):<\/p>\n<p>COMPLEXOS VITAM\u00cdNICOS, MINERAIS E AMINO\u00c1CIDOS<\/p>\n<p>&nbsp;<\/p>\n<p>&nbsp;<\/p>\n<p>&nbsp;<\/p>\n","protected":false},"excerpt":{"rendered":"<p>O Bioxan \u00e9 um soro composto uma mistura muito bem elaborada entre complexos vitam\u00ednicos e sais minerais que auxilia no tratamento e<\/p>\n","protected":false},"featured_media":16868,"template":"","meta":{"_acf_changed":false},"product_brand":[1002],"product_cat":[164,163,165,182,173,178,194],"product_tag":[1003],"class_list":{"0":"post-16867","1":"product","2":"type-product","3":"status-publish","4":"has-post-thumbnail","6":"product_brand-vallee","7":"product_cat-bovinos-e-ovinos","8":"product_cat-equinos","9":"product_cat-pet","10":"product_cat-suplementos-e-vitaminas-3","11":"product_cat-suplementos-e-vitaminas","12":"product_cat-suplementos-e-vitaminas-2","13":"product_cat-todos-os-produtos","14":"product_tag-vallee","16":"first","17":"instock","18":"purchasable","19":"product-type-simple"},"acf":[],"_links":{"self":[{"href":"https:\/\/vetsul.com\/index.php\/wp-json\/wp\/v2\/product\/16867","targetHints":{"allow":["GET"]}}],"collection":[{"href":"https:\/\/vetsul.com\/index.php\/wp-json\/wp\/v2\/product"}],"about":[{"href":"https:\/\/vetsul.com\/index.php\/wp-json\/wp\/v2\/types\/product"}],"wp:featuredmedia":[{"embeddable":true,"href":"https:\/\/vetsul.com\/index.php\/wp-json\/wp\/v2\/media\/16868"}],"wp:attachment":[{"href":"https:\/\/vetsul.com\/index.php\/wp-json\/wp\/v2\/media?parent=16867"}],"wp:term":[{"taxonomy":"product_brand","embeddable":true,"href":"https:\/\/vetsul.com\/index.php\/wp-json\/wp\/v2\/product_brand?post=16867"},{"taxonomy":"product_cat","embeddable":true,"href":"https:\/\/vetsul.com\/index.php\/wp-json\/wp\/v2\/product_cat?post=16867"},{"taxonomy":"product_tag","embeddable":true,"href":"https:\/\/vetsul.com\/index.php\/wp-json\/wp\/v2\/product_tag?post=16867"}],"curies":[{"name":"wp","href":"https:\/\/api.w.org\/{rel}","templated":true}]}}