{"id":16863,"date":"2018-01-09T15:21:27","date_gmt":"2018-01-09T17:21:27","guid":{"rendered":"http:\/\/35.194.95.18\/wp-admin\/?post_type=product&#038;p=16863"},"modified":"2025-04-08T11:13:46","modified_gmt":"2025-04-08T14:13:46","slug":"sondas-nasogastrica-equinos-15-x-20-mm-com-3-00-m-de-comprimento","status":"publish","type":"product","link":"https:\/\/vetsul.com\/index.php\/product\/sondas-nasogastrica-equinos-15-x-20-mm-com-3-00-m-de-comprimento\/","title":{"rendered":"Sondas Nasog\u00e1strica Equinos &#8211; 15 X 20 mm com 3,00 m de comprimento."},"content":{"rendered":"<h3 style=\"font-family: Calibri, Verdana, Geneva, sans-serif;color: #012c70;font-size: 26px;margin: 15px 0px 18px;padding: 8px 0px;border: none\">Sondas Nasog\u00e1stricas para Equinos<\/h3>\n<ul style=\"font-family: Calibri, Verdana, Geneva, sans-serif;color: #666666;font-size: 14px;padding-left: 40px\">\n<li style=\"font-size: 16px\">Constitu\u00eddas em PVC at\u00f3xico flex\u00edvel e transparentes.<\/li>\n<li style=\"font-size: 16px\">Bocal anat\u00f4mico que permite encaixes.<\/li>\n<li style=\"font-size: 16px\">Extemidade aberta e lapidada n\u00e3o lesiva das mucosas.<\/li>\n<li style=\"font-size: 16px\">Janela lateral na extremidade que impede o entupimento.<\/li>\n<\/ul>\n<h5 style=\"font-family: Calibri, Verdana, Geneva, sans-serif;color: #012c70;font-size: 18px;margin: 15px 0px 12px;padding: 8px 0px;border: none\">Material flex\u00edvel e transparente<\/h5>\n","protected":false},"excerpt":{"rendered":"<p>Sondas Nasog\u00e1stricas para Equinos Constitu\u00eddas em PVC at\u00f3xico flex\u00edvel e transparentes. Bocal anat\u00f4mico que permite encaixes. Extemidade aberta e lapidada n\u00e3o lesiva<\/p>\n","protected":false},"featured_media":16862,"template":"","meta":{"_acf_changed":false},"product_brand":[],"product_cat":[166],"product_tag":[],"class_list":{"0":"post-16863","1":"product","2":"type-product","3":"status-publish","4":"has-post-thumbnail","6":"product_cat-equipamentos-utensilios-e-materiais-hospitalares","8":"first","9":"outofstock","10":"purchasable","11":"product-type-simple"},"acf":[],"_links":{"self":[{"href":"https:\/\/vetsul.com\/index.php\/wp-json\/wp\/v2\/product\/16863","targetHints":{"allow":["GET"]}}],"collection":[{"href":"https:\/\/vetsul.com\/index.php\/wp-json\/wp\/v2\/product"}],"about":[{"href":"https:\/\/vetsul.com\/index.php\/wp-json\/wp\/v2\/types\/product"}],"wp:featuredmedia":[{"embeddable":true,"href":"https:\/\/vetsul.com\/index.php\/wp-json\/wp\/v2\/media\/16862"}],"wp:attachment":[{"href":"https:\/\/vetsul.com\/index.php\/wp-json\/wp\/v2\/media?parent=16863"}],"wp:term":[{"taxonomy":"product_brand","embeddable":true,"href":"https:\/\/vetsul.com\/index.php\/wp-json\/wp\/v2\/product_brand?post=16863"},{"taxonomy":"product_cat","embeddable":true,"href":"https:\/\/vetsul.com\/index.php\/wp-json\/wp\/v2\/product_cat?post=16863"},{"taxonomy":"product_tag","embeddable":true,"href":"https:\/\/vetsul.com\/index.php\/wp-json\/wp\/v2\/product_tag?post=16863"}],"curies":[{"name":"wp","href":"https:\/\/api.w.org\/{rel}","templated":true}]}}