{"id":16861,"date":"2018-01-09T15:19:45","date_gmt":"2018-01-09T17:19:45","guid":{"rendered":"http:\/\/35.194.95.18\/wp-admin\/?post_type=product&#038;p=16861"},"modified":"2025-04-08T11:13:39","modified_gmt":"2025-04-08T14:13:39","slug":"sondas-nasogastrica-equinos-11-x-16-mm-com-2-80-m-de-comprimento","status":"publish","type":"product","link":"https:\/\/vetsul.com\/index.php\/product\/sondas-nasogastrica-equinos-11-x-16-mm-com-2-80-m-de-comprimento\/","title":{"rendered":"Sondas Nasog\u00e1strica Equinos &#8211; 11 X 16 mm com 2,80 m de comprimento."},"content":{"rendered":"<p>Sondas Nasog\u00e1stricas para Equinos<\/p>\n<p>&nbsp;<\/p>\n<p>Constitu\u00eddas em PVC at\u00f3xico flex\u00edvel e transparentes.<\/p>\n<p>Bocal anat\u00f4mico que permite encaixes.<\/p>\n<p>Extemidade aberta e lapidada n\u00e3o lesiva das mucosas.<\/p>\n<p>Janela lateral na extremidade que impede o entupimento.<\/p>\n<p>Material flex\u00edvel e transparente.<\/p>\n","protected":false},"excerpt":{"rendered":"<p>Sondas Nasog\u00e1stricas para Equinos &nbsp; Constitu\u00eddas em PVC at\u00f3xico flex\u00edvel e transparentes. Bocal anat\u00f4mico que permite encaixes. Extemidade aberta e lapidada n\u00e3o<\/p>\n","protected":false},"featured_media":16862,"template":"","meta":{"_acf_changed":false},"product_brand":[],"product_cat":[163,166],"product_tag":[1027],"class_list":{"0":"post-16861","1":"product","2":"type-product","3":"status-publish","4":"has-post-thumbnail","6":"product_cat-equinos","7":"product_cat-equipamentos-utensilios-e-materiais-hospitalares","8":"product_tag-provar","10":"first","11":"outofstock","12":"purchasable","13":"product-type-simple"},"acf":[],"_links":{"self":[{"href":"https:\/\/vetsul.com\/index.php\/wp-json\/wp\/v2\/product\/16861","targetHints":{"allow":["GET"]}}],"collection":[{"href":"https:\/\/vetsul.com\/index.php\/wp-json\/wp\/v2\/product"}],"about":[{"href":"https:\/\/vetsul.com\/index.php\/wp-json\/wp\/v2\/types\/product"}],"wp:featuredmedia":[{"embeddable":true,"href":"https:\/\/vetsul.com\/index.php\/wp-json\/wp\/v2\/media\/16862"}],"wp:attachment":[{"href":"https:\/\/vetsul.com\/index.php\/wp-json\/wp\/v2\/media?parent=16861"}],"wp:term":[{"taxonomy":"product_brand","embeddable":true,"href":"https:\/\/vetsul.com\/index.php\/wp-json\/wp\/v2\/product_brand?post=16861"},{"taxonomy":"product_cat","embeddable":true,"href":"https:\/\/vetsul.com\/index.php\/wp-json\/wp\/v2\/product_cat?post=16861"},{"taxonomy":"product_tag","embeddable":true,"href":"https:\/\/vetsul.com\/index.php\/wp-json\/wp\/v2\/product_tag?post=16861"}],"curies":[{"name":"wp","href":"https:\/\/api.w.org\/{rel}","templated":true}]}}