{"id":16851,"date":"2018-01-09T14:16:51","date_gmt":"2018-01-09T16:16:51","guid":{"rendered":"http:\/\/35.194.95.18\/wp-admin\/?post_type=product&#038;p=16851"},"modified":"2025-02-07T16:00:22","modified_gmt":"2025-02-07T19:00:22","slug":"solucoo-fisiologica-01-lt","status":"publish","type":"product","link":"https:\/\/vetsul.com\/index.php\/product\/solucoo-fisiologica-01-lt\/","title":{"rendered":"Solu\u00e7\u00e3o Fisiol\u00f3gica 01 lt"},"content":{"rendered":"<h3 style=\"margin-top: 0cm; line-height: 22.5pt; vertical-align: baseline;\"><span style=\"font-size: 17.5pt; font-family: 'Arial',sans-serif; color: #bf8f00; mso-themecolor: accent4; mso-themeshade: 191; letter-spacing: -.75pt;\">Solu\u00e7\u00e3o<br \/>\nFisiol\u00f3gica<\/span><\/h3>\n<p style=\"margin: 0cm; margin-bottom: .0001pt; line-height: 18.75pt; vertical-align: baseline;\"><strong><span style=\"font-size: 10.5pt; color: #515151; border: 1pt none windowtext; padding: 0cm;\">Solu\u00e7\u00e3o Fisiol\u00f3gica a 0,9{bad89740ab836af8afd78adf22d5854117f226b234e4f8ee83a0ac8d28f68ffc} em Sistema Fechado em Bolsas de PVC<\/span><\/strong><\/p>\n<p style=\"margin: 0cm; margin-bottom: .0001pt; line-height: 18.75pt; vertical-align: baseline;\"><span style=\"font-size: 10.5pt; color: #515151;\">Solu\u00e7\u00e3o injet\u00e1vel de cloreto de s\u00f3dio 0,9{bad89740ab836af8afd78adf22d5854117f226b234e4f8ee83a0ac8d28f68ffc}<\/span><\/p>\n<p style=\"margin: 0cm; margin-bottom: .0001pt; line-height: 18.75pt; vertical-align: baseline;\"><span style=\"font-size: 10.5pt; color: #515151;\">\u00a0<\/span><\/p>\n<p style=\"margin: 0cm; margin-bottom: .0001pt; line-height: 18.75pt; vertical-align: baseline;\"><strong><span style=\"font-size: 10.5pt; color: #515151; border: 1pt none windowtext; padding: 0cm;\">Apresenta\u00e7\u00f5es:<\/span><\/strong><span style=\"font-size: 10.5pt; color: #515151;\">\u00a0 500 mL e 1 L<\/span><\/p>\n<p style=\"margin: 0cm; margin-bottom: .0001pt; line-height: 18.75pt; vertical-align: baseline;\"><span style=\"font-size: 10.5pt; color: #515151;\">\u00a0<\/span><\/p>\n<p style=\"margin: 0cm; margin-bottom: .0001pt; line-height: 18.75pt; vertical-align: baseline;\"><strong><span style=\"font-size: 10.5pt; color: #515151; border: 1pt none windowtext; padding: 0cm;\">Registro MS:<\/span><\/strong><span style=\"font-size: 10.5pt; color: #515151;\">\u00a01.0491.0018.<\/span><\/p>\n<p style=\"margin: 0cm; margin-bottom: .0001pt; line-height: 18.75pt; vertical-align: baseline;\"><span style=\"font-size: 10.5pt; color: #515151;\">\u00a0<\/span><\/p>\n<p style=\"margin: 0cm; margin-bottom: .0001pt; line-height: 18.75pt; vertical-align: baseline;\"><strong><span style=\"font-size: 10.5pt; color: #515151; border: 1pt none windowtext; padding: 0cm;\">Indica\u00e7\u00f5es:<\/span><\/strong><span style=\"font-size: 10.5pt; color: #515151;\"><br \/>\nA solu\u00e7\u00e3o injet\u00e1vel de cloreto de s\u00f3dio 0,9{bad89740ab836af8afd78adf22d5854117f226b234e4f8ee83a0ac8d28f68ffc} \u00e9 utilizada para o<br \/>\nrestabelecimento de fluido e eletr\u00f3litos. Esta solu\u00e7\u00e3o tamb\u00e9m \u00e9 utilizada como<br \/>\nrepositora de \u00e1gua e eletr\u00f3litos em caso de alcalose metab\u00f3lica de grau<br \/>\nmoderado, em car\u00eancia de s\u00f3dio e como diluente para medicamentos. Nos estados<br \/>\nde desidrata\u00e7\u00e3o, espolia\u00e7\u00e3o hidrosalina e em situa\u00e7\u00f5es que requeiram reposi\u00e7\u00e3o<br \/>\neletrol\u00edtica de s\u00f3dio e cloreto, tais como diarreia, choques, traumatismo,<br \/>\nqueimaduras, p\u00f3s-operat\u00f3rio, entre outras. Sais de s\u00f3dio s\u00e3o usados no<br \/>\ntratamento da deple\u00e7\u00e3o do volume extracelular, desidrata\u00e7\u00e3o e deple\u00e7\u00e3o de<br \/>\ns\u00f3dio, a qual pode ocorrer logo ap\u00f3s diurese excessiva, gastroenterites e<br \/>\nrestri\u00e7\u00e3o a sal.<\/span><\/p>\n<p style=\"margin: 0cm; margin-bottom: .0001pt; line-height: 18.75pt; vertical-align: baseline;\"><span style=\"font-size: 10.5pt; color: #515151;\">\u00a0<\/span><\/p>\n<p style=\"margin: 0cm; margin-bottom: .0001pt; line-height: 18.75pt; vertical-align: baseline;\"><strong><span style=\"font-size: 10.5pt; color: #515151; border: 1pt none windowtext; padding: 0cm;\">Contra-indica\u00e7\u00f5es:<\/span><\/strong><span style=\"font-size: 10.5pt; color: #515151;\"><br \/>\nA solu\u00e7\u00e3o de cloreto de s\u00f3dio 0,9{bad89740ab836af8afd78adf22d5854117f226b234e4f8ee83a0ac8d28f68ffc} \u00e9 contra-indicada em casos de hipernatremia,<br \/>\nreten\u00e7\u00e3o h\u00eddrica e hipercloremia; em pacientes com insufici\u00eancia renal grave e<br \/>\ncasos de acidose metab\u00f3lica. O uso em pacientes com conhecido hist\u00f3rico de<br \/>\nhipersensibilidade ao produto deve ser evitado.<\/span><\/p>\n<p class=\"MsoNormal\"><span style=\"font-family: 'Arial',sans-serif;\">\u00a0<\/span><\/p>\n","protected":false},"excerpt":{"rendered":"<p>Solu\u00e7\u00e3o Fisiol\u00f3gica Solu\u00e7\u00e3o Fisiol\u00f3gica a 0,9{bad89740ab836af8afd78adf22d5854117f226b234e4f8ee83a0ac8d28f68ffc} em Sistema Fechado em Bolsas de PVC Solu\u00e7\u00e3o injet\u00e1vel de cloreto de s\u00f3dio 0,9{bad89740ab836af8afd78adf22d5854117f226b234e4f8ee83a0ac8d28f68ffc} \u00a0 Apresenta\u00e7\u00f5es:\u00a0<\/p>\n","protected":false},"featured_media":17784,"template":"","meta":{"_acf_changed":false},"product_brand":[],"product_cat":[173,178,182],"product_tag":[],"class_list":{"0":"post-16851","1":"product","2":"type-product","3":"status-publish","4":"has-post-thumbnail","6":"product_cat-suplementos-e-vitaminas","7":"product_cat-suplementos-e-vitaminas-2","8":"product_cat-suplementos-e-vitaminas-3","10":"first","11":"instock","12":"purchasable","13":"product-type-simple"},"acf":[],"_links":{"self":[{"href":"https:\/\/vetsul.com\/index.php\/wp-json\/wp\/v2\/product\/16851","targetHints":{"allow":["GET"]}}],"collection":[{"href":"https:\/\/vetsul.com\/index.php\/wp-json\/wp\/v2\/product"}],"about":[{"href":"https:\/\/vetsul.com\/index.php\/wp-json\/wp\/v2\/types\/product"}],"wp:featuredmedia":[{"embeddable":true,"href":"https:\/\/vetsul.com\/index.php\/wp-json\/wp\/v2\/media\/17784"}],"wp:attachment":[{"href":"https:\/\/vetsul.com\/index.php\/wp-json\/wp\/v2\/media?parent=16851"}],"wp:term":[{"taxonomy":"product_brand","embeddable":true,"href":"https:\/\/vetsul.com\/index.php\/wp-json\/wp\/v2\/product_brand?post=16851"},{"taxonomy":"product_cat","embeddable":true,"href":"https:\/\/vetsul.com\/index.php\/wp-json\/wp\/v2\/product_cat?post=16851"},{"taxonomy":"product_tag","embeddable":true,"href":"https:\/\/vetsul.com\/index.php\/wp-json\/wp\/v2\/product_tag?post=16851"}],"curies":[{"name":"wp","href":"https:\/\/api.w.org\/{rel}","templated":true}]}}