{"id":16847,"date":"2018-01-09T14:06:00","date_gmt":"2018-01-09T16:06:00","guid":{"rendered":"http:\/\/35.194.95.18\/wp-admin\/?post_type=product&#038;p=16847"},"modified":"2025-04-08T11:13:54","modified_gmt":"2025-04-08T14:13:54","slug":"solu-ao-de-bicarbonato-de-s-dio-6","status":"publish","type":"product","link":"https:\/\/vetsul.com\/index.php\/product\/solu-ao-de-bicarbonato-de-s-dio-6\/","title":{"rendered":"SOLU\u00c7\u00c3O DE BICARBONATO DE S\u00d3DIO 6%"},"content":{"rendered":"<p>SOLU\u00c7\u00c3O DE BICARBONATO DE S\u00d3DIO 6{bad89740ab836af8afd78adf22d5854117f226b234e4f8ee83a0ac8d28f68ffc}<\/p>\n<p><\/p>\n<p>F\u00f3rmula:<\/p>\n<p>Cada 100 mL cont\u00e9m:<\/p>\n<p>Bicarbonato de s\u00f3dio 6 g<\/p>\n<p>Ve\u00edculo q.s.p. 100 mL<\/p>\n<p>Indica\u00e7\u00f5es:<\/p>\n<p>Acidose metab\u00f3lica de equinos, ap\u00f3s treinamento intensivo.<\/p>\n<p>Acidose dos ruminantes, ap\u00f3s a ingest\u00e3o excessiva de<\/p>\n<p>carboidratos. Acidose proveniente dos diabetes e diarr\u00e9ias profusa dos animais dom\u00e9sticos.<\/p>\n<p>Dosagem:<\/p>\n<p>Equinos 250 mL a 1L<\/p>\n<p>Bovinos 250 mL a 2L<\/p>\n<p>Ovinos, caprinos e su\u00ednos 50 mL a 500 mL<\/p>\n<p>C\u00e3es e gatos 15 mL a 100 mL<\/p>\n<p>Modo de Usar:<\/p>\n<p>Uso injet\u00e1vel, via endovenosa lenta.<\/p>\n<p>Car\u00eancia:<\/p>\n<p>ABATE: car\u00eancia zero.<\/p>\n<p>LEITE: car\u00eancia zero.<\/p>\n","protected":false},"excerpt":{"rendered":"<p>SOLU\u00c7\u00c3O DE BICARBONATO DE S\u00d3DIO 6{bad89740ab836af8afd78adf22d5854117f226b234e4f8ee83a0ac8d28f68ffc} F\u00f3rmula: Cada 100 mL cont\u00e9m: Bicarbonato de s\u00f3dio 6 g Ve\u00edculo q.s.p. 100 mL Indica\u00e7\u00f5es: Acidose<\/p>\n","protected":false},"featured_media":16848,"template":"","meta":{"_acf_changed":false},"product_brand":[],"product_cat":[164,163,165],"product_tag":[1029,1028],"class_list":{"0":"post-16847","1":"product","2":"type-product","3":"status-publish","4":"has-post-thumbnail","6":"product_cat-bovinos-e-ovinos","7":"product_cat-equinos","8":"product_cat-pet","9":"product_tag-bicarbonato","10":"product_tag-prado","12":"first","13":"outofstock","14":"purchasable","15":"product-type-simple"},"acf":[],"_links":{"self":[{"href":"https:\/\/vetsul.com\/index.php\/wp-json\/wp\/v2\/product\/16847","targetHints":{"allow":["GET"]}}],"collection":[{"href":"https:\/\/vetsul.com\/index.php\/wp-json\/wp\/v2\/product"}],"about":[{"href":"https:\/\/vetsul.com\/index.php\/wp-json\/wp\/v2\/types\/product"}],"wp:featuredmedia":[{"embeddable":true,"href":"https:\/\/vetsul.com\/index.php\/wp-json\/wp\/v2\/media\/16848"}],"wp:attachment":[{"href":"https:\/\/vetsul.com\/index.php\/wp-json\/wp\/v2\/media?parent=16847"}],"wp:term":[{"taxonomy":"product_brand","embeddable":true,"href":"https:\/\/vetsul.com\/index.php\/wp-json\/wp\/v2\/product_brand?post=16847"},{"taxonomy":"product_cat","embeddable":true,"href":"https:\/\/vetsul.com\/index.php\/wp-json\/wp\/v2\/product_cat?post=16847"},{"taxonomy":"product_tag","embeddable":true,"href":"https:\/\/vetsul.com\/index.php\/wp-json\/wp\/v2\/product_tag?post=16847"}],"curies":[{"name":"wp","href":"https:\/\/api.w.org\/{rel}","templated":true}]}}