{"id":16843,"date":"2018-01-09T13:50:31","date_gmt":"2018-01-09T15:50:31","guid":{"rendered":"http:\/\/35.194.95.18\/wp-admin\/?post_type=product&#038;p=16843"},"modified":"2025-02-24T16:45:11","modified_gmt":"2025-02-24T19:45:11","slug":"sincrogest-pacote-10-unidades-ourofino","status":"publish","type":"product","link":"https:\/\/vetsul.com\/index.php\/product\/sincrogest-pacote-10-unidades-ourofino\/","title":{"rendered":"SINCROGEST PACOTE 10 UNIDADES &#8211; OUROFINO"},"content":{"rendered":"<p>Sincrogest \u00e9 ideal para programas reprodutivos com IATF e TETF, devido \u00e0 tecnologia e seguran\u00e7a na libera\u00e7\u00e3o de progesterona.<\/p>\n<p>Excelente custo x beneficio. Envio para todo Brasil.<\/p>\n<p>Produto vendido somente com 10 unidades.<\/p>\n<p>F\u00f3rmula:<\/p>\n<p>&nbsp;Cada Dispositivo cont\u00e9m<\/p>\n<p>&nbsp;Progesterona&#8230;&#8230;&#8230;&#8230;&#8230;&#8230;&#8230;&#8230;&#8230;&#8230;&#8230;&#8230;&#8230;&#8230;&#8230;&#8230;&#8230;&#8230;&#8230;&#8230;&#8230;&#8230;&#8230;&#8230;&#8230;&#8230;&#8230;&#8230;&#8230;&#8230;&#8230;&#8230;&#8230;&#8230;&#8230;&#8230;&#8230;&#8230;1g<\/p>\n<p>&nbsp;Excipiente&#8230;&#8230;&#8230;&#8230;&#8230;&#8230;&#8230;&#8230;&#8230;&#8230;&#8230;&#8230;&#8230;&#8230;&#8230;&#8230;&#8230;&#8230;&#8230;&#8230;&#8230;&#8230;&#8230;&#8230;&#8230;&#8230;&#8230;&#8230;&#8230;&#8230;&#8230;&#8230;&#8230;&#8230;&#8230;&#8230;&#8230;&#8230;&#8230;&#8230;&#8230;.19g<\/p>\n<p>&nbsp;<\/p>\n<p>&nbsp;Descri\u00e7\u00e3o:<\/p>\n<p>&nbsp;Sincrogest\u00ae \u00e9 um dispositivo intravaginal impregnado com progesterona utilizado para a regula\u00e7\u00e3o do ciclo estral em bovinos, programas de insemina\u00e7\u00e3o artificial, programas de superovula\u00e7\u00e3o de doadoras e sincroniza\u00e7\u00e3o de receptoras.<\/p>\n<p>&nbsp;<\/p>\n<p>&nbsp;Indica\u00e7\u00f5es:<\/p>\n<p>&nbsp;A\u00c7\u00c3O:<\/p>\n<p>&nbsp;A progesterona liberada pelo dispositivo atinge n\u00edveis supraluteais (superiores a 1ng\/ml) poucos horas ap\u00f3s sua coloca\u00e7\u00e3o, exercendo um importante efeito sobre a din\u00e2mica folicular e sobre o ciclo estral. Em associa\u00e7\u00e3o com estr\u00f3genos, a progesterona provoca regress\u00e3o do fol\u00edculo dominante e inicio de uma nova onda folicular. Ap\u00f3s a retirada do dispositivo e a consequente queda dos n\u00edveis de progesterona, o bloqueio do eixo hipot\u00e1lamo-hipofis\u00e1rio \u00e9 liberado, permitindo o desenvolvimento final do fol\u00edculo e a ovula\u00e7\u00e3o. V\u00e1rios protocolos,<\/p>\n<p>&nbsp;associando a progesterona a outros horm\u00f4nios, foram desenvolvidos com diversas finalidades, tais como: sincroniza\u00e7\u00e3o de cios e ovula\u00e7\u00f5es para insemina\u00e7\u00e3o em tempo fixo, sincroniza\u00e7\u00e3o de receptoras, superovula\u00e7\u00e3o programada de doadoras, entre outros.<\/p>\n<p>&nbsp;<\/p>\n<p>&nbsp;INDICA\u00c7\u00d5ES:<\/p>\n<p>&nbsp;Controle do ciclo estral em vacas e novilhas.<\/p>\n<p>&nbsp;<\/p>\n<p>&nbsp;Dosagem:<\/p>\n<p>&nbsp;MODO DE USO:<\/p>\n<p>&nbsp;Com o uso do aplicador espec\u00edfico, inserir o dispositivo na vagina do animal, deixando a cauda pl\u00e1stica do produto para fora do vest\u00edbulo vulvar, para sua posterior remo\u00e7\u00e3o.<\/p>\n<p>&nbsp;Administra\u00e7\u00e3o:<\/p>\n<p>&nbsp;Com o uso do aplicador espec\u00edfico, inserir o dispositivo na vagina do animal, deixando a cauda pl\u00e1stica do produto para fora do vest\u00edbulo vulvar, para sua posterior remo\u00e7\u00e3o.<\/p>\n<p>&nbsp;<\/p>\n<p>&nbsp;Per\u00edodo de Car\u00eancia:&nbsp;<\/p>\n<p>&nbsp;N\u00e3o h\u00e1 restri\u00e7\u00e3o para o consumo humano de leite de animais tratados com Sincrogest\u00ae. Os dispositivos devem ser retirados 21 dias antes do abate de animais destinados ao consumo humano.<\/p>\n<p>&nbsp;Venda sob prescri\u00e7\u00e3o e aplica\u00e7\u00e3o sob orienta\u00e7\u00e3o do M\u00e9dico Veterin\u00e1rio.<\/p>\n","protected":false},"excerpt":{"rendered":"<p>Sincrogest \u00e9 ideal para programas reprodutivos com IATF e TETF, devido \u00e0 tecnologia e seguran\u00e7a na libera\u00e7\u00e3o de progesterona. Excelente custo x<\/p>\n","protected":false},"featured_media":16844,"template":"","meta":{"_acf_changed":false},"product_brand":[955],"product_cat":[164,163,172,177],"product_tag":[1031,1030],"class_list":{"0":"post-16843","1":"product","2":"type-product","3":"status-publish","4":"has-post-thumbnail","6":"product_brand-ouro-fino","7":"product_cat-bovinos-e-ovinos","8":"product_cat-equinos","9":"product_cat-reproducao","10":"product_cat-reproducao-2","11":"product_tag-iatf","12":"product_tag-ouro-fino","14":"first","15":"instock","16":"purchasable","17":"product-type-simple"},"acf":[],"_links":{"self":[{"href":"https:\/\/vetsul.com\/index.php\/wp-json\/wp\/v2\/product\/16843","targetHints":{"allow":["GET"]}}],"collection":[{"href":"https:\/\/vetsul.com\/index.php\/wp-json\/wp\/v2\/product"}],"about":[{"href":"https:\/\/vetsul.com\/index.php\/wp-json\/wp\/v2\/types\/product"}],"wp:featuredmedia":[{"embeddable":true,"href":"https:\/\/vetsul.com\/index.php\/wp-json\/wp\/v2\/media\/16844"}],"wp:attachment":[{"href":"https:\/\/vetsul.com\/index.php\/wp-json\/wp\/v2\/media?parent=16843"}],"wp:term":[{"taxonomy":"product_brand","embeddable":true,"href":"https:\/\/vetsul.com\/index.php\/wp-json\/wp\/v2\/product_brand?post=16843"},{"taxonomy":"product_cat","embeddable":true,"href":"https:\/\/vetsul.com\/index.php\/wp-json\/wp\/v2\/product_cat?post=16843"},{"taxonomy":"product_tag","embeddable":true,"href":"https:\/\/vetsul.com\/index.php\/wp-json\/wp\/v2\/product_tag?post=16843"}],"curies":[{"name":"wp","href":"https:\/\/api.w.org\/{rel}","templated":true}]}}