{"id":16839,"date":"2018-01-09T11:54:58","date_gmt":"2018-01-09T13:54:58","guid":{"rendered":"http:\/\/35.194.95.18\/wp-admin\/?post_type=product&#038;p=16839"},"modified":"2025-04-08T11:09:33","modified_gmt":"2025-04-08T14:09:33","slug":"sincroforte-20-ml-gnrh-ouro-fino","status":"publish","type":"product","link":"https:\/\/vetsul.com\/index.php\/product\/sincroforte-20-ml-gnrh-ouro-fino\/","title":{"rendered":"SINCROFORTE 20 ML &#8211; GNRH OURO FINO"},"content":{"rendered":"<p>F\u00f3rmula:<\/p>\n<p>Cada 10 mL de solu\u00e7\u00e3o injet\u00e1vel cont\u00e9m:<\/p>\n<p>Acetato de buserelina&#8230;&#8230;&#8230;&#8230;&#8230;&#8230;&#8230;&#8230;&#8230;&#8230;&#8230;&#8230;&#8230;&#8230;..0,042 mg(*)<\/p>\n<p>Ve\u00edculo aquoso q.s.p&#8230;&#8230;&#8230;&#8230;&#8230;&#8230;&#8230;&#8230;&#8230;&#8230;&#8230;&#8230;&#8230;&#8230;&#8230;10,00 mL<\/p>\n<p>(*) equivalente a 0,04 mg de buserelina<\/p>\n<p><\/p>\n<p>Indica\u00e7\u00f5es:<\/p>\n<p>SINCROFORTE (acetato de buserelina) \u00e9 um horm\u00f4nio sint\u00e9tico an\u00e1logo ao GnRH. O GnRH \u00e9 um horm\u00f4nio produzido pelo hipot\u00e1lamo que estimula a hip\u00f3fise anterior a secretar de LH (horm\u00f4nio luteinizante) e FSH (horm\u00f4nio fol\u00edculo estimulante). A buserelina \u00e9 indicada para:<\/p>\n<p><\/p>\n<p>BOVINOS E BUBALINOS<\/p>\n<p>&#8211; Protocolos reprodutivos na indu\u00e7\u00e3o da ovula\u00e7\u00e3o e luteiniza\u00e7\u00e3o de fol\u00edculos (atrav\u00e9s da a\u00e7\u00e3o do LH).<\/p>\n<p>&#8211; Incremento da fertilidade (aumento dos \u00edndices de concep\u00e7\u00e3o) na insemina\u00e7\u00e3o artificial.<\/p>\n<p>&#8211; Tratamento de transtornos de fertilidade de origem ovariana: cistos foliculares, atraso na ovula\u00e7\u00e3o e anestro.<\/p>\n<p><\/p>\n<p>EQ\u00dcINOS<\/p>\n<p>&#8211; Indu\u00e7\u00e3o da ovula\u00e7\u00e3o e sincroniza\u00e7\u00e3o do tempo da ovula\u00e7\u00e3o e da monta.<\/p>\n<p>&#8211; Transtornos c\u00edsticos dos ov\u00e1rios.<\/p>\n<p>&#8211; Incremento da fertilidade (aumento dos \u00edndices de concep\u00e7\u00e3o).<\/p>\n<p>&nbsp;<\/p>\n<p><\/p>\n<p>Dosagem:<\/p>\n<p>Vacas: 0,01 a 0,02 mg\/ 2,5 a 5,0 mL<\/p>\n<p>B\u00fafalas: 0,01 a 0,02 mg\/ 2,5 a 5,0 mL<\/p>\n<p>\u00c9guas: 0,04 mg\/ 10 mL<\/p>\n<p><\/p>\n<p><\/p>\n<p>Vacas e B\u00fafalas<\/p>\n<p>Protocolos reprodutivos de insemina\u00e7\u00e3o artificial e sincroniza\u00e7\u00e3o de cio na indu\u00e7\u00e3o da ovula\u00e7\u00e3o e luteiniza\u00e7\u00e3o de fol\u00edculos: aplicar 2,5 mL de SINCROFORTE.<\/p>\n<p>Para tratamento de cistos foliculares: aplicar 5 mL de SINCROFORTE, geralmente 8 dias ap\u00f3s a aplica\u00e7\u00e3o j\u00e1 se pode comprovar a presen\u00e7a de um corpo l\u00fateo. Se ap\u00f3s 14 dias n\u00e3o se verificar a presen\u00e7a do corpo l\u00fateo ou se aparecerem novos cistos, \u00e9 necess\u00e1rio repetir o tratamento. Ap\u00f3s a detec\u00e7\u00e3o do corpo l\u00fateo, ou ap\u00f3s 8 dias do tratamento pode-se proceder a aplica\u00e7\u00e3o de uma prostaglandina, ou agente luteol\u00edtico para retorno a ciclicidade. O esquema \u201cOvsynch\u201d tamb\u00e9m \u00e9 indicado para tratamento de cistos foliculares.<\/p>\n<p><\/p>\n<p>\u00c9guas<\/p>\n<p>Para indu\u00e7\u00e3o da ovula\u00e7\u00e3o, e sincroniza\u00e7\u00e3o de cio aplicar 10 mL quando, ap\u00f3s a palpa\u00e7\u00e3o for detectado fol\u00edculo com tamanho maior que 35 mm.<\/p>\n<p>Para incremento da fertilidade: 10 mL em dose \u00fanica 12 dias ap\u00f3s a insemina\u00e7\u00e3o ou a crit\u00e9rio do m\u00e9dico veterin\u00e1rio.<\/p>\n<p>Para tratamento de cistos foliculares: aplicar 10 mL. Geralmente 14 dias ap\u00f3s a aplica\u00e7\u00e3o j\u00e1 se pode comprovar a presen\u00e7a de um corpo l\u00fateo. Caso isso n\u00e3o ocorra, \u00e9 necess\u00e1rio repetir o tratamento. Ap\u00f3s a detec\u00e7\u00e3o do corpo l\u00fateo, ou ap\u00f3s 14 dias do tratamento pode-se proceder a aplica\u00e7\u00e3o de uma prostaglandina, ou agente luteol\u00edtico para retorno a ciclicidade.<\/p>\n<p><\/p>\n<p>Administra\u00e7\u00e3o:<\/p>\n<p>Aplicar SINCROFORTE preferencialmente pela via intramuscular. Tamb\u00e9m podem ser utilizadas as vias subcut\u00e2nea e intravenosa.<\/p>\n<p><\/p>\n<p>Precau\u00e7\u00f5es:<\/p>\n<p>Uso exclusivo em animais.<\/p>\n<p>Utilizar agulhas e seringas esterilizadas, observando as boas pr\u00e1ticas de assepsia.<\/p>\n<p>Aplicar a dose recomendada. Somente o m\u00e9dico veterin\u00e1rio est\u00e1 apto a fazer altera\u00e7\u00f5es nas dosagens.<\/p>\n<p>A resposta da utiliza\u00e7\u00e3o de horm\u00f4nios, com finalidade de sincroniza\u00e7\u00e3o do cio, depende do bom estado corporal em que o animal se encontra e da aus\u00eancia de causas de baixa fertilidade como doen\u00e7as reprodutivas e end\u00f3crinas.<\/p>\n<p>Para tratamento de cistos foliculares n\u00e3o \u00e9 necess\u00e1rio comprimi-los antes da aplica\u00e7\u00e3o do produto.<\/p>\n<p><\/p>\n<p>Contra-indica\u00e7\u00f5es e limita\u00e7\u00f5es de uso<\/p>\n<p>N\u00e3o utilizar medicamentos com o prazo de validade vencido.<\/p>\n<p>N\u00e3o utilizar em animais que apresentem hipersensibilidade a qualquer um dos componentes do produto.<\/p>\n<p><\/p>\n<p>Rea\u00e7\u00f5es Adversas<\/p>\n<p>O produto n\u00e3o apresenta rea\u00e7\u00f5es adversas quando administrado dentro das recomenda\u00e7\u00f5es indicadas.<\/p>\n<p><\/p>\n<p>Per\u00edodo de Car\u00eancia<\/p>\n<p>N\u00e3o h\u00e1 per\u00edodo de car\u00eancia para carne e leite de animais tratados.<\/p>\n<p><\/p>\n<p><\/p>\n<p><\/p>\n<p>Conservar o produto na embalagem original, em local seco e fresco, entre 5oC e 30oC, ao abrigo da luz solar direta e fora do alcance de crian\u00e7as e animais dom\u00e9sticos.<\/p>\n<p><\/p>\n<p>Venda sob prescri\u00e7\u00e3o e aplica\u00e7\u00e3o sob orienta\u00e7\u00e3o do m\u00e9dico veterin\u00e1rio.<\/p>\n<p>&nbsp;<\/p>\n<p><\/p>\n<p>Apresenta\u00e7\u00e3o:<\/p>\n<p>frasco de vidro contendo 10 mL e 20 mL<\/p>\n<p><\/p>\n<p>Classe Terap\u00eautica:<\/p>\n<p>HORM\u00d4NIOS\/SIMILARES<\/p>\n<p><\/p>\n<p>Princ\u00edpio(s) Ativo(s):<\/p>\n<p>ACETATO DE BUSERELINA<\/p>\n","protected":false},"excerpt":{"rendered":"<p>F\u00f3rmula: Cada 10 mL de solu\u00e7\u00e3o injet\u00e1vel cont\u00e9m: Acetato de buserelina&#8230;&#8230;&#8230;&#8230;&#8230;&#8230;&#8230;&#8230;&#8230;&#8230;&#8230;&#8230;&#8230;&#8230;..0,042 mg(*) Ve\u00edculo aquoso q.s.p&#8230;&#8230;&#8230;&#8230;&#8230;&#8230;&#8230;&#8230;&#8230;&#8230;&#8230;&#8230;&#8230;&#8230;&#8230;10,00 mL (*) equivalente a 0,04 mg de<\/p>\n","protected":false},"featured_media":16840,"template":"","meta":{"_acf_changed":false},"product_brand":[955],"product_cat":[164,163,172,177],"product_tag":[1031,1030],"class_list":{"0":"post-16839","1":"product","2":"type-product","3":"status-publish","4":"has-post-thumbnail","6":"product_brand-ouro-fino","7":"product_cat-bovinos-e-ovinos","8":"product_cat-equinos","9":"product_cat-reproducao","10":"product_cat-reproducao-2","11":"product_tag-iatf","12":"product_tag-ouro-fino","14":"first","15":"instock","16":"purchasable","17":"product-type-simple"},"acf":[],"_links":{"self":[{"href":"https:\/\/vetsul.com\/index.php\/wp-json\/wp\/v2\/product\/16839","targetHints":{"allow":["GET"]}}],"collection":[{"href":"https:\/\/vetsul.com\/index.php\/wp-json\/wp\/v2\/product"}],"about":[{"href":"https:\/\/vetsul.com\/index.php\/wp-json\/wp\/v2\/types\/product"}],"wp:featuredmedia":[{"embeddable":true,"href":"https:\/\/vetsul.com\/index.php\/wp-json\/wp\/v2\/media\/16840"}],"wp:attachment":[{"href":"https:\/\/vetsul.com\/index.php\/wp-json\/wp\/v2\/media?parent=16839"}],"wp:term":[{"taxonomy":"product_brand","embeddable":true,"href":"https:\/\/vetsul.com\/index.php\/wp-json\/wp\/v2\/product_brand?post=16839"},{"taxonomy":"product_cat","embeddable":true,"href":"https:\/\/vetsul.com\/index.php\/wp-json\/wp\/v2\/product_cat?post=16839"},{"taxonomy":"product_tag","embeddable":true,"href":"https:\/\/vetsul.com\/index.php\/wp-json\/wp\/v2\/product_tag?post=16839"}],"curies":[{"name":"wp","href":"https:\/\/api.w.org\/{rel}","templated":true}]}}