{"id":16833,"date":"2018-01-09T11:35:11","date_gmt":"2018-01-09T13:35:11","guid":{"rendered":"http:\/\/35.194.95.18\/wp-admin\/?post_type=product&#038;p=16833"},"modified":"2025-04-08T11:09:33","modified_gmt":"2025-04-08T14:09:33","slug":"sincrocio-20ml-10-doses-prostaglandina-ouro-fino","status":"publish","type":"product","link":"https:\/\/vetsul.com\/index.php\/product\/sincrocio-20ml-10-doses-prostaglandina-ouro-fino\/","title":{"rendered":"SINCROCIO 20ml 10 DOSES &#8211; PROSTAGLANDINA OURO FINO"},"content":{"rendered":"<p>F\u00f3rmula:<\/p>\n<p>Cada 100 mL cont\u00e9m:<\/p>\n<p>Cloprostenol s\u00f3dico (equivalente a 25 mg de cloprostenol base)&#8230;&#8230; 26,30 mg<\/p>\n<p>Ve\u00edculo. q.s.p. &#8230;&#8230;&#8230;&#8230;&#8230;&#8230;.. &#8230;&#8230;&#8230;&#8230;&#8230;&#8230;&#8230;&#8230;&#8230;&#8230;&#8230;&#8230;&#8230;&#8230;&#8230;&#8230;&#8230;&#8230;&#8230;&#8230;.100,00 mL<\/p>\n<p>&nbsp;<\/p>\n<p>&nbsp;<\/p>\n<p>&nbsp;<\/p>\n<p>Indica\u00e7\u00f5es:<\/p>\n<p>Agente Luteol\u00edtico e Sincronizador de Cio.<\/p>\n<p>&nbsp;<\/p>\n<p>Indica\u00e7\u00f5es principais:<\/p>\n<p>SINCROCIO\u00ae (Cloprostenol s\u00f3dico) \u00e9 um potente agente luteol\u00edtico. A sua a\u00e7\u00e3o d\u00e1 origem \u00e0 regress\u00e3o funcional e morfol\u00f3gica do corpo l\u00fateo (lute\u00f3lise) seguida por retorno ao cio e ovula\u00e7\u00e3o normal. Por isso \u00e9 indicado para sincroniza\u00e7\u00e3o de cio e tratamento de dist\u00farbios reprodutivos das f\u00eameas bovinas, su\u00ednas e eq\u00fcinas.<\/p>\n<p>&nbsp;<\/p>\n<p>Indica\u00e7\u00f5es para bovinos:<\/p>\n<p>Sincroniza\u00e7\u00e3o do cio em rebanhos:<\/p>\n<p>A atividade luteol\u00edtica do SINCROCIO\u00ae pode ser usada para controlar o padr\u00e3o de cria\u00e7\u00e3o dos bovinos. Existe uma grande variedade de regimes de tratamento dos quais se pode escolher os mais apropriados para as caracter\u00edsticas e objetivos de cada rebanho em particular. Antes de adotar qualquer um deles, um t\u00e9cnico deve proceder o devido levantamento do estado geral dos animais.<\/p>\n<p>&nbsp;<\/p>\n<p>Obs.: SINCROCIO\u00ae somente ser\u00e1 eficaz em f\u00eameas ciclando, e em presen\u00e7a de corpo l\u00fateo funcional. N\u00e3o deve portanto, ser aplicado antes do quinto dia p\u00f3s-estro e nem ap\u00f3s o 16o dia.<\/p>\n<p>Exemplos de programas utilizados:<\/p>\n<p>A) Um s\u00f3 tratamento com SINCROCIO\u00ae, com evid\u00eancia palp\u00e1vel de corpo l\u00fateo, seguido de insemina\u00e7\u00e3o ou cobertura na detec\u00e7\u00e3o do cio seguinte;<\/p>\n<p>B) Observa\u00e7\u00e3o de cio por 6 dias, inseminando aquelas f\u00eameas que apresentarem cio. Um s\u00f3 tratamento com SINCROCIO\u00ae ser\u00e1 aplicado no sexto dia a todas as demais n\u00e3o inseminadas, ocorrendo a insemina\u00e7\u00e3o artificial ou a cobertura no cio subsequente;<\/p>\n<p>C) Duas inje\u00e7\u00f5es de SINCROCIO\u00ae com intervalo de 11 dias, inseminando ou cobrindo no cio ou em tempo determinado, todas as f\u00eameas tratadas. Neste caso, a segunda aplica\u00e7\u00e3o ser\u00e1 feita apenas nas f\u00eameas que n\u00e3o manifestarem cio ap\u00f3s a primeira inje\u00e7\u00e3o.<\/p>\n<p>Obs.: as f\u00eameas que respondem a uma \u00fanica inje\u00e7\u00e3o poder\u00e3o ser inseminadas ou cobertas ap\u00f3s a detec\u00e7\u00e3o do cio em qualquer dos programas, mas o tempo fixo de insemina\u00e7\u00e3o somente dever\u00e1 ser usado no esquema de duas inje\u00e7\u00f5es. Recomenda-se insemina\u00e7\u00e3o \u00fanica 72 a 84 horas ap\u00f3s a \u00faltima aplica\u00e7\u00e3o ou duas insemina\u00e7\u00f5es, sendo uma 72 horas ap\u00f3s e a seguinte com intervalo de 24 horas. Este \u00faltimo procedimento d\u00e1 resultados superiores, principalmente em casos de superovula\u00e7\u00e3o.<\/p>\n<p>&nbsp;<\/p>\n<p>Tratamento de dist\u00farbios reprodutivos:<\/p>\n<p>a) Estro n\u00e3o detect\u00e1vel (Cio silencioso)<\/p>\n<p>Esta condi\u00e7\u00e3o pode ocorrer em vacas na \u00e9poca do pico de lacta\u00e7\u00e3o e, apesar da atividade ovariana normal estar presente, h\u00e1 uma manifesta\u00e7\u00e3o pobre de cio. As f\u00eameas que se encontram nestas condi\u00e7\u00f5es devem ser examinadas por palpa\u00e7\u00e3o retal para confirmar a presen\u00e7a de corpo l\u00fateo. Em caso positivo, devem ser tratadas com 2 mL de SINCROCIO\u00ae e observadas para identifica\u00e7\u00e3o de cio, antes de se proceder a insemina\u00e7\u00e3o.<\/p>\n<p>Aquelas f\u00eameas que n\u00e3o apresentarem cio dever\u00e3o ser novamente tratadas 11 dias depois da primeira inje\u00e7\u00e3o e inseminadas 72 e 96 horas ap\u00f3s a aplica\u00e7\u00e3o.<\/p>\n<p>&nbsp;<\/p>\n<p>b) Endometrite e metrite cr\u00f4nica ou piometra<\/p>\n<p>Estes dist\u00farbios podem ser tratados com sucesso, usando uma dose simples de SINCROCIO\u00ae. Em casos de longa dura\u00e7\u00e3o, recomenda-se repetir o tratamento 10 a 14 dias ap\u00f3s, garantindo-se melhor resposta \u00e0 insemina\u00e7\u00e3o ou \u00e0 cobertura natural. A cura completa pode ser abreviada com o uso de produtos espec\u00edficos para infus\u00e3o uterina e\/ou antibioticoterapia por via parenteral, \u00e0 crit\u00e9rio do m\u00e9dico veterin\u00e1rio.<\/p>\n<p>&nbsp;<\/p>\n<p>c) Fetos mumificados<\/p>\n<p>A indu\u00e7\u00e3o da lute\u00f3lise resulta na expuls\u00e3o de fetos mumificados para a vagina, podendo, em seguida, ser feita a remo\u00e7\u00e3o manual, se necess\u00e1ria. N\u00e3o h\u00e1 contra-indica\u00e7\u00e3o para se proceder a IA ou monta no 1\u00ba cio observado.<\/p>\n<p>Contudo, melhores resultados ser\u00e3o obtidos com indu\u00e7\u00e3o de um 2\u00ba estro 8 a 11 dias ap\u00f3s.<\/p>\n<p>&nbsp;<\/p>\n<p>d) Cistos luteinizados<\/p>\n<p>Quando os cistos ov\u00e1ricos est\u00e3o associados com tecido luteal persistente e aus\u00eancia de cio \u00e9 diagnosticada, SINCROCIO\u00ae demonstrou ser efetivo na corre\u00e7\u00e3o desta condi\u00e7\u00e3o, trazendo de volta a ciclicidade.<\/p>\n<p>&nbsp;<\/p>\n<p>e) Elimina\u00e7\u00e3o de gesta\u00e7\u00e3o indesej\u00e1vel:<\/p>\n<p>SINCROCIO\u00ae pode ser usado para terminar gesta\u00e7\u00e3o em bovinos desde o 7o ao 150o dias de gesta\u00e7\u00e3o. Antes do 100o dia de gesta\u00e7\u00e3o o aborto pode ser induzido r\u00e1pido e eficientemente; enquanto que entre o 100o e o 150o dias de gesta\u00e7\u00e3o os resultados s\u00e3o menos confi\u00e1veis, pela menor depend\u00eancia do corpo l\u00fateo como mantenedor da gesta\u00e7\u00e3o.<\/p>\n<p>&nbsp;<\/p>\n<p>f) Indu\u00e7\u00e3o do parto:<\/p>\n<p>SINCROCIO\u00ae induz o parto na fase final da gesta\u00e7\u00e3o. A indu\u00e7\u00e3o dever\u00e1 ser feita o mais pr\u00f3ximo poss\u00edvel da data prevista para a pari\u00e7\u00e3o, n\u00e3o excedendo 10 dias de antecipa\u00e7\u00e3o. \u00c0 semelhan\u00e7a com outros m\u00e9todos de encurtamento do per\u00edodo de gesta\u00e7\u00e3o, uma incid\u00eancia maior do que a normal de reten\u00e7\u00e3o de placenta deve ser esperada.<\/p>\n<p>&nbsp;<\/p>\n<p>Indica\u00e7\u00f5es para su\u00ednos:<\/p>\n<p>a) Indu\u00e7\u00e3o e Sincroniza\u00e7\u00e3o de Partos:<\/p>\n<p>SINCROCIO\u00ae induz o parto em porcas, propiciando, assim um manejo mais eficiente e conveniente. Dever\u00e1 ser usado em su\u00ednos, quando se mant\u00e9m um regime de registros adequados, uma vez que \u00e9 essencial que a m\u00e9dia dos per\u00edodos de gesta\u00e7\u00e3o seja calculada em cada fazenda pelos registros anteriores. Dessa forma, as porcas poder\u00e3o ser induzidas ao parto no tempo previsto.<\/p>\n<p>Obs.: O uso em f\u00eameas com idade gestacional n\u00e3o adequada, ou demasiadamente cedo poder\u00e1 ocasionar o nascimento de leit\u00f5es n\u00e3o vi\u00e1veis, aumentando assim as perdas no processo reprodutivo.<\/p>\n<p>&nbsp;<\/p>\n<p>Indica\u00e7\u00f5es em eq\u00fcinos:<\/p>\n<p>a) Indu\u00e7\u00e3o da lute\u00f3lise ap\u00f3s morte prematura e absor\u00e7\u00e3o fetal<\/p>\n<p>Cerca de 8 a 10 {bad89740ab836af8afd78adf22d5854117f226b234e4f8ee83a0ac8d28f68ffc} das \u00e9guas perdem o feto durante os primeiros 100 dias de gesta\u00e7\u00e3o. A persist\u00eancia do corpo l\u00fateo no ov\u00e1rio impede o retorno ao cio, o que \u00e9 revertido pela aplica\u00e7\u00e3o de SINCROCIO\u00ae.<\/p>\n<p>&nbsp;<\/p>\n<p>b) Elimina\u00e7\u00e3o de diestro persistente ou do anestro lactacional<\/p>\n<p>O uso de SINCROCIO\u00ae em \u00e9guas que apresentam per\u00edodos prolongados de diestro ou anestro de lacta\u00e7\u00e3o interrompe tais fases, promovendo o retorno \u00e0 ciclicidade.<\/p>\n<p>&nbsp;<\/p>\n<p>c) Elimina\u00e7\u00e3o de pseudo gesta\u00e7\u00e3o<\/p>\n<p>Algumas \u00e9guas cobertas durante o cio normal e que apresentam sinais de gesta\u00e7\u00e3o embora estando vazias, t\u00eam normalmente um corpo l\u00fateo, o qual \u00e9 facilmente eliminado atrav\u00e9s do uso de SINCROCIO\u00ae.<\/p>\n<p>&nbsp;<\/p>\n<p>d) Estabelecimento de ciclo estral<\/p>\n<p>Algumas \u00e9guas inf\u00e9rteis ou virgens, podem estar sob influ\u00eancia de fun\u00e7\u00f5es l\u00fateas anormais ou n\u00e3o manifestarem cio enquanto a ciclicidade ovariana continua. O uso de SINCROCIO\u00ae estabelece a ciclicidade normal.<\/p>\n<p>&nbsp;<\/p>\n<p>e) Melhoramento de manejo<\/p>\n<p>Com uso de Sincrocio\u00ae pode-se estabelecer um programa planejado de indu\u00e7\u00e3o de cio para facilitar e tornar mais eficiente o manejo dos garanh\u00f5es.<\/p>\n<p>&nbsp;<\/p>\n<p>&nbsp;<\/p>\n<p>&nbsp;<\/p>\n<p>Dosagem:<\/p>\n<p>Dosagens:<\/p>\n<p>Uso de SINCROCIO\u00ae em bovinos:<\/p>\n<p>A dosagem para todos os usos em bovinos \u00e9 de 2 mL por via intramuscular.<\/p>\n<p>&nbsp;<\/p>\n<p>Uso de SINCROCIO\u00ae em su\u00ednos:<\/p>\n<p>A dosagem para todos os usos em su\u00ednos \u00e9 de 0,7 mL por via intramuscular.<\/p>\n<p>&nbsp;<\/p>\n<p>Uso de SINCROCIO\u00ae em eq\u00fcinos:<\/p>\n<p>A dosagem para todos os usos em eq\u00fcinos \u00e9 de 1 mL por via intramuscular.<\/p>\n<p>&nbsp;<\/p>\n<p>&nbsp;<\/p>\n<p>Administra\u00e7\u00e3o:<\/p>\n<p>Intramuscular.<\/p>\n<p>&nbsp;<\/p>\n<p>Precau\u00e7\u00f5es:<\/p>\n<p>Poss\u00edveis efeitos colaterais:<\/p>\n<p>Podem ocorrer diarr\u00e9ia e saliva\u00e7\u00e3o.<\/p>\n<p>&nbsp;<\/p>\n<p>Restri\u00e7\u00f5es de uso:<\/p>\n<p>O produto n\u00e3o deve ser administrado a animais prenhes a n\u00e3o ser que o objetivo seja o de terminar a gesta\u00e7\u00e3o ou induzir o parto, o que \u00e9 contra-indicado em eq\u00fcinos.<\/p>\n<p>O manejo deficiente e a m\u00e1 nutri\u00e7\u00e3o conduzem a resultados insatisfat\u00f3rios.<\/p>\n<p>&nbsp;<\/p>\n<p>Intoxica\u00e7\u00e3o e superdosagem nos animais:<\/p>\n<p>Medidas de emerg\u00eancia:<\/p>\n<p>Interrup\u00e7\u00e3o imediata do esquema de administra\u00e7\u00e3o prolongada da prostaglandina em quest\u00e3o e pronto atendimento sintom\u00e1tico.<\/p>\n<p>Deve-se tratar a agita\u00e7\u00e3o e as convuls\u00f5es com benzodiazep\u00ednicos, em especial com Diazepam. Atropina e outros anticolin\u00e9rgicos assim como Papaverina, podem ser \u00fateis na diminui\u00e7\u00e3o dos espasmos e de c\u00f3licas abdominais.<\/p>\n<p>Se necess\u00e1rio empregar bronco dilatadores, devendo a escolha recair sobre os agonistas de receptores b-adren\u00e9rgicos como o Salbutamol ou Clembuterol.<\/p>\n<p>Nestas condi\u00e7\u00f5es, o uso de antiinflamat\u00f3rios ester\u00f3ides ou n\u00e3o ester\u00f3ides n\u00e3o tem validade, pois n\u00e3o se trata de inibir a s\u00edntese das prostaglandinas, mas sim de antagonizar fisiologicamente as manifesta\u00e7\u00f5es de doses excessivas de agonistas de seus receptores.<\/p>\n<p>&nbsp;<\/p>\n<p>Per\u00edodo de car\u00eancia:<\/p>\n<p>N\u00e3o destinar ao consumo humano, a carne de animais tratados antes de transcorridas 24 horas ap\u00f3s a \u00faltima aplica\u00e7\u00e3o.<\/p>\n<p>N\u00e3o \u00e9 necess\u00e1rio descartar o leite de animais tratados.<\/p>\n<p>&nbsp;<\/p>\n<p>Precau\u00e7\u00f5es:<\/p>\n<p>Mulheres gr\u00e1vidas e asm\u00e1ticos n\u00e3o devem manusear este produto;<\/p>\n<p>Recomenda-se o uso de luvas de borracha para o manuseio e aplica\u00e7\u00e3o do produto;<\/p>\n<p>Evitar contato direto com a pele e retirar com \u00e1gua qualquer derramamento acidental;<\/p>\n<p>Conservar em local seco e fresco, abaixo de 25o C, ao abrigo da luz solar, fora do alcance de crian\u00e7as e animais dom\u00e9sticos.<\/p>\n<p>A exposi\u00e7\u00e3o direta \u00e0 luz solar ou a altas temperaturas poder\u00e1 degradar o produto.<\/p>\n<p>&nbsp;<\/p>\n<p>Venda sob prescri\u00e7\u00e3o e aplica\u00e7\u00e3o sob orienta\u00e7\u00e3o do m\u00e9dico veterin\u00e1rio.<\/p>\n<p>&nbsp;<\/p>\n<p>&nbsp;<\/p>\n<p>Apresenta\u00e7\u00e3o:<\/p>\n<p>Apresenta\u00e7\u00e3o:<\/p>\n<p>Frasco-ampola de vidro \u00e2mbar contendo 20 mL ou 50 mL, acondicionado em cartucho individual; ou ampola de vidro \u00e2mbar contendo 2 mL, acondicionada em cartucho com duas unidades.<\/p>\n<p>&nbsp;<\/p>\n<p>&nbsp;<\/p>\n<p>Classe Terap\u00eautica:<\/p>\n<p>HORM\u00d4NIOS\/SIMILARES<\/p>\n<p>&nbsp;<\/p>\n<p>Princ\u00edpio(s) Ativo(s):<\/p>\n<p>CLOPROSTENOL<\/p>\n","protected":false},"excerpt":{"rendered":"<p>F\u00f3rmula: Cada 100 mL cont\u00e9m: Cloprostenol s\u00f3dico (equivalente a 25 mg de cloprostenol base)&#8230;&#8230; 26,30 mg Ve\u00edculo. q.s.p. &#8230;&#8230;&#8230;&#8230;&#8230;&#8230;.. &#8230;&#8230;&#8230;&#8230;&#8230;&#8230;&#8230;&#8230;&#8230;&#8230;&#8230;&#8230;&#8230;&#8230;&#8230;&#8230;&#8230;&#8230;&#8230;&#8230;.100,00 mL &nbsp;<\/p>\n","protected":false},"featured_media":16834,"template":"","meta":{"_acf_changed":false},"product_brand":[955],"product_cat":[164,163,172,177],"product_tag":[1031,1030],"class_list":{"0":"post-16833","1":"product","2":"type-product","3":"status-publish","4":"has-post-thumbnail","6":"product_brand-ouro-fino","7":"product_cat-bovinos-e-ovinos","8":"product_cat-equinos","9":"product_cat-reproducao","10":"product_cat-reproducao-2","11":"product_tag-iatf","12":"product_tag-ouro-fino","14":"first","15":"instock","16":"purchasable","17":"product-type-simple"},"acf":[],"_links":{"self":[{"href":"https:\/\/vetsul.com\/index.php\/wp-json\/wp\/v2\/product\/16833","targetHints":{"allow":["GET"]}}],"collection":[{"href":"https:\/\/vetsul.com\/index.php\/wp-json\/wp\/v2\/product"}],"about":[{"href":"https:\/\/vetsul.com\/index.php\/wp-json\/wp\/v2\/types\/product"}],"wp:featuredmedia":[{"embeddable":true,"href":"https:\/\/vetsul.com\/index.php\/wp-json\/wp\/v2\/media\/16834"}],"wp:attachment":[{"href":"https:\/\/vetsul.com\/index.php\/wp-json\/wp\/v2\/media?parent=16833"}],"wp:term":[{"taxonomy":"product_brand","embeddable":true,"href":"https:\/\/vetsul.com\/index.php\/wp-json\/wp\/v2\/product_brand?post=16833"},{"taxonomy":"product_cat","embeddable":true,"href":"https:\/\/vetsul.com\/index.php\/wp-json\/wp\/v2\/product_cat?post=16833"},{"taxonomy":"product_tag","embeddable":true,"href":"https:\/\/vetsul.com\/index.php\/wp-json\/wp\/v2\/product_tag?post=16833"}],"curies":[{"name":"wp","href":"https:\/\/api.w.org\/{rel}","templated":true}]}}