{"id":16831,"date":"2018-01-09T11:26:19","date_gmt":"2018-01-09T13:26:19","guid":{"rendered":"http:\/\/35.194.95.18\/wp-admin\/?post_type=product&#038;p=16831"},"modified":"2025-02-07T16:00:21","modified_gmt":"2025-02-07T19:00:21","slug":"sincro-ecg-20-doses-ouro-fino","status":"publish","type":"product","link":"https:\/\/vetsul.com\/index.php\/product\/sincro-ecg-20-doses-ouro-fino\/","title":{"rendered":"SINCRO ECG &#8211; 20 DOSES &#8211; OURO FINO"},"content":{"rendered":"<p>F\u00f3mula:<\/p>\n<p><\/p>\n<p>Frasco-ampola ECG (PMSG) liofilizado &#8230;&#8230;&#8230;&#8230;&#8230;. 6.000 UI<\/p>\n<p><\/p>\n<p>Excipiente &#8230;&#8230;&#8230;&#8230;&#8230;&#8230;&#8230;&#8230;&#8230;&#8230;&#8230;&#8230;&#8230;&#8230;&#8230;&#8230;&#8230;&#8230;&#8230;&#8230;&#8230;&#8230;.. 0,052 g<\/p>\n<p><\/p>\n<p>Duas campolas com diluente: \u00c1gua para inje\u00e7\u00e3o 15,00 ml<\/p>\n<p><\/p>\n<p>Indica\u00e7\u00f5es:<\/p>\n<p><\/p>\n<p>Sincro ECG \u00e9 recomendado para a estimula\u00e7\u00e3o do crescimento folicular levando assim uma maior capacidade ovulat\u00f3ria das f\u00eameas bovinas em protocolos de insemina\u00e7\u00e3o artificial em tempo fixo (IATF) e transfer\u00eancia de embri\u00e3o em tempo fixo (TETF). Pode ainda ser utilizado para superovula\u00e7\u00e3o de f\u00eameas bovinas.]\n<p><\/p>\n<p>Modo de uso e dosagens:<\/p>\n<p><\/p>\n<p>Adicionar o conte\u00fado de duas ampolas do diluente est\u00e9ril, total de 30 ml, em 1 frasco-ampola&nbsp; contendo o liofitizado de 6.000 de eCG.<\/p>\n<p><\/p>\n<p>Usos:<\/p>\n<p><\/p>\n<p>-Estimulante de desenvolvimento folicular (protocolos de IATF): Administrar uma dose de 300 UI, ou seja, 1,5 ml de SINCRO ECG por via intramuscular profunda, por animal.&nbsp;<\/p>\n<p><\/p>\n<p>-Indutor de m\u00faltiplas ovula\u00e7\u00f5es (protocolos de TETF em receptoras):<\/p>\n<p><\/p>\n<p>Administrar uma dose de 500 UI, ou seja 2,5 ml de SINCRO ECG por via intramuscular profunda, por animal, no dia 5 do protocolo.<\/p>\n<p><\/p>\n<p>-Protocolo proposto para uso do Sincro eCG:<\/p>\n<p><\/p>\n<p>Adminsitrar em dia aleat\u00f3rio do ciclo astral (dia 0) benzoato de estradiol associado a dispositivo intravaginal de progesterona. Cinco dias depois (D5) fazer a aplica\u00e7\u00e3o do SINCRO ECG de acardo com o objetivo proposto (estimulante de desenvolvimento folicular ou superovula\u00e7\u00e3o) garantindo seu efeito sobre o crescimento folicular. No dia 8 (D8) fazer a remo\u00e7\u00e3o do dispositivo intravaginal de progesterona e administrar um an\u00e1lago da prostanglandina (cloprostenol s\u00f3dico). A indu\u00e7\u00e3o da ovula\u00e7\u00e3o pode ser feita com o uso do cipionato de estradiol no momento da retirada do dispositivo ou com o benzoato de estradiol 24 horas ap\u00f3s a retirada dos dispositivos. A insemina\u00e7\u00e3o deve ser feita ap\u00f3s 48 a 72 horas da retirada do dispositivo e a TETF deve ser realizada ap\u00f3s 9 dias da retirada dos dispositivos, conforme diagramas abaixo:&nbsp;<\/p>\n<p><\/p>\n<p>Protocolo de IATF<\/p>\n<p><\/p>\n<p>Dia 0 Benzoato de Estradiol<\/p>\n<p><\/p>\n<p>Dia 5 Sincro ECG<\/p>\n<p><\/p>\n<p>Dia 8 Prostaglandina &#8211; Cipionato de estradiol&nbsp;<\/p>\n<p><\/p>\n<p>Dia 10 IATF<\/p>\n<p><\/p>\n<p>Protocolo TETF<\/p>\n<p><\/p>\n<p>Dia 0 Benzoato de estradiol<\/p>\n<p><\/p>\n<p>Dia 5 Sincro ECG&nbsp;<\/p>\n<p><\/p>\n<p>Dia 8 Prostaglandina &#8211; Cipionato de estradiol<\/p>\n<p><\/p>\n<p>Dia 17 TETF<\/p>\n<p><\/p>\n<p>Uma vez que a resposta aos tratamentos hormonais \u00e9 individualizada os protocolos e dosagens utilizadas podem ser alteradas a crit\u00e9rio do m\u00e9dico veterin\u00e1rio. Ap\u00f3s a reconstitui\u00e7\u00e3o o produto poder\u00e1 ser mantido por at\u00e9 7 dias sob refrigera\u00e7\u00e3o em temperatura de 2\u00ba a 8\u00baC.<\/p>\n<p>&nbsp;<\/p>\n<p><\/p>\n<p>Contraindica\u00e7\u00f5es e limita\u00e7\u00e3o de uso:<\/p>\n<p>&nbsp;<\/p>\n<p><\/p>\n<p>O uso de Sincro ECG \u00e9 contraindicado para animais com hipersensibilidade a qualquer um dos componentes da f\u00f3rmula. Doses elevadas produzem superovula\u00e7\u00e3o n\u00e3o sendo aconselh\u00e1vel para animais a serem inseminados ou cobertos (monta natural) em virtude da possibilidade de gesta\u00e7\u00f5es m\u00faltiplas, exceto para fins de transfer\u00eancia de embri\u00f5es. N\u00e3o utilizar o produto em animais que n\u00e3o estejam em idade reprodutiva.&nbsp;<\/p>\n<p><\/p>\n<p>O sucesso da utiliza\u00e7\u00e3o de SincroECG \u00e9 dependente de protocolos hormonais reprodutivos adequados e de fatores adequados no manejo do rebanho que reduzem o anestro e aumentam as taxas de prenhez como nutri\u00e7\u00e3o e sanidade.<\/p>\n<p><\/p>\n<p><\/p>\n<p>Precau\u00e7\u00f5es:<\/p>\n<p>&nbsp;<\/p>\n<p><\/p>\n<p>Uso exclusivo em F\u00eameas bovinas. Utilizar seringas e agulhas est\u00e9reis, observando as boas pr\u00e1ticas de assepsia adotando devidos cuidados na manipula\u00e7\u00e3o. Obedecer \u00e1s dosagens recomendadas para uso do produto. Somento o m\u00e9dico veterin\u00e1rio est\u00e1 apto a fazer altera\u00e7\u00f5es nas dosagens do produto. N\u00e3o utilizar o produto fora do prazo de validade.<\/p>\n<p>&nbsp;<\/p>\n<p><\/p>\n<p>Rea\u00e7\u00f5es adversas:<\/p>\n<p>&nbsp;<\/p>\n<p><\/p>\n<p>N\u00e3o s\u00e3o esperadas rea\u00e7\u00f5es adversas quando o produto \u00e9 utilizado dentro das recomenda\u00e7\u00f5es indicadas. Rea\u00e7\u00f5es de hipersensibilidade e anafilaxia podem ocorrer em animais suscept\u00edveis.<\/p>\n","protected":false},"excerpt":{"rendered":"<p>F\u00f3mula: Frasco-ampola ECG (PMSG) liofilizado &#8230;&#8230;&#8230;&#8230;&#8230;. 6.000 UI Excipiente &#8230;&#8230;&#8230;&#8230;&#8230;&#8230;&#8230;&#8230;&#8230;&#8230;&#8230;&#8230;&#8230;&#8230;&#8230;&#8230;&#8230;&#8230;&#8230;&#8230;&#8230;&#8230;.. 0,052 g Duas campolas com diluente: \u00c1gua para inje\u00e7\u00e3o 15,00 ml Indica\u00e7\u00f5es:<\/p>\n","protected":false},"featured_media":16832,"template":"","meta":{"_acf_changed":false},"product_brand":[955],"product_cat":[164,163,172],"product_tag":[1031,1030],"class_list":{"0":"post-16831","1":"product","2":"type-product","3":"status-publish","4":"has-post-thumbnail","6":"product_brand-ouro-fino","7":"product_cat-bovinos-e-ovinos","8":"product_cat-equinos","9":"product_cat-reproducao","10":"product_tag-iatf","11":"product_tag-ouro-fino","13":"first","14":"outofstock","15":"purchasable","16":"product-type-simple"},"acf":[],"_links":{"self":[{"href":"https:\/\/vetsul.com\/index.php\/wp-json\/wp\/v2\/product\/16831","targetHints":{"allow":["GET"]}}],"collection":[{"href":"https:\/\/vetsul.com\/index.php\/wp-json\/wp\/v2\/product"}],"about":[{"href":"https:\/\/vetsul.com\/index.php\/wp-json\/wp\/v2\/types\/product"}],"wp:featuredmedia":[{"embeddable":true,"href":"https:\/\/vetsul.com\/index.php\/wp-json\/wp\/v2\/media\/16832"}],"wp:attachment":[{"href":"https:\/\/vetsul.com\/index.php\/wp-json\/wp\/v2\/media?parent=16831"}],"wp:term":[{"taxonomy":"product_brand","embeddable":true,"href":"https:\/\/vetsul.com\/index.php\/wp-json\/wp\/v2\/product_brand?post=16831"},{"taxonomy":"product_cat","embeddable":true,"href":"https:\/\/vetsul.com\/index.php\/wp-json\/wp\/v2\/product_cat?post=16831"},{"taxonomy":"product_tag","embeddable":true,"href":"https:\/\/vetsul.com\/index.php\/wp-json\/wp\/v2\/product_tag?post=16831"}],"curies":[{"name":"wp","href":"https:\/\/api.w.org\/{rel}","templated":true}]}}